{"id":66347,"date":"2025-08-21T09:53:00","date_gmt":"2025-08-21T07:53:00","guid":{"rendered":"https:\/\/www.diamantrad.com\/?page_id=66347"},"modified":"2026-04-02T09:09:06","modified_gmt":"2026-04-02T07:09:06","slug":"startseite","status":"publish","type":"page","link":"https:\/\/www.diamantrad.com\/da-DK\/","title":{"rendered":"Startseite"},"content":{"rendered":"\n\n\n<div class=\"wp-block-cover is-light\"><img data-dominant-color=\"918983\" data-has-transparency=\"true\" decoding=\"async\" sizes=\"(max-width: 2560px) 100vw, 2560px\" class=\"wp-block-cover__image-background wp-image-74390 size-full has-transparency\" alt=\"Nhoma Plus Hero New\" src=\"https:\/\/www.diamantrad.com\/wp-content\/uploads\/2026\/03\/Nhoma-Plus-Hero-New-png.avif\" style=\"--dominant-color: #918983; object-position:50% 42%\" data-object-fit=\"cover\" data-object-position=\"50% 42%\"\/><span aria-hidden=\"true\" class=\"wp-block-cover__background has-color-primary-hover-background-color has-background-dim-20 has-background-dim\"><\/span><div class=\"wp-block-cover__inner-container is-layout-constrained wp-block-cover-is-layout-constrained\"><div class=\"lazyblock-cover-text-Z2mibGN wp-block-lazyblock-cover-text\"><div class=\"covertext container py-5 d-flex flex-column colorscheme-light justify-content-center\" id=\"covertext-Z2mibGN\">\r\n  <div class=\"lazyblock-inner-blocks\">\n\n<h2 class=\"wp-block-heading\">Gravel = Nhoma<\/h2>\n\n\n\n<h4 class=\"wp-block-heading\">Nu tilg\u00e6ngelig som Plus og Pro<\/h4>\n\n\n\n<div class=\"wp-block-buttons is-layout-flex wp-block-buttons-is-layout-flex\">\n<div class=\"wp-block-button\"><a role=\"button\" class=\"wp-block-button__link wp-element-button\" href=\"https:\/\/www.diamantrad.com\/da-DK\/bikes\/nhoma-equipped-gravel-bike\/\">Opdag cyklerne<\/a><\/div>\n<\/div>\n\n<\/div>\r\n<\/div><\/div><\/div><\/div>\n\n\n<div class=\"lazyblock-nncontainer-ZtAog9 wp-block-lazyblock-nncontainer\"><div class=\"section-standard\">\r\n  <div class=\"container\" id=\"container-ZtAog9\">\r\n    <div class=\"row\">\r\n      <div class=\"col py-5 py-lg-6\">\r\n        <div class=\"lazyblock-inner-blocks\">\n<div class=\"wp-bootstrap-blocks-row row gx-5\">\n\t\n\n<div class=\"col-12 col-md-6\">\n\t\t\t\n\n<h2 class=\"wp-block-heading has-text-align-right\"><strong><strong>Vores bev\u00e6gelse er fritid<\/strong><\/strong><\/h2>\n\n\t<\/div>\n\n\n\n<div class=\"col-12 col-md-6\">\n\t\t\t\n\n<p class=\"wp-block-paragraph\">Vi er Tysklands \u00e6ldste cykelproducent og er stolte af at alle vores Diamant-cykler samles p\u00e5 vores hjemmebane i Hartmannsdorf. Vores forpligtelse er at bygge exceptionelle cykler, som forbrugerne ved er pengene v\u00e6rd. Vi er specialister i traditionelle cykler og elcykler, der giver en elektrificerende oplevelse uden at overv\u00e6lde dig. Kort sagt fokuserer vi p\u00e5 cykler, der giver dig frihed til at nyde din tid. Flyt din verden \u2013 p\u00e5 cykel.<\/p>\n\n\t<\/div>\n\n<\/div>\n\n\n\n<!-- TrustBox widget - Micro Combo --> <div class=\"trustpilot-widget\" data-locale=\"da-DK\" data-template-id=\"5419b6ffb0d04a076446a9af\" data-businessunit-id=\"5fbbd12169124d000198e8fa\" data-style-height=\"20px\" data-style-width=\"100%\">   <a href=\"https:\/\/uk.trustpilot.com\/review\/diamantrad.com\" target=\"_blank\" rel=\"noopener\" aria-label=\"Opens external link in a new tab\">Trustpilot<\/a> <\/div> <!-- End TrustBox widget -->\n\n<\/div>\r\n      <\/div>\r\n    <\/div>\r\n  <\/div>\r\n<\/div><\/div>\n\n<div class=\"lazyblock-nncontainer-1db9NA wp-block-lazyblock-nncontainer\"><div class=\"section-light\">\r\n  <div class=\"container\" id=\"container-1db9NA\">\r\n    <div class=\"row\">\r\n      <div class=\"col py-4 py-lg-5\">\r\n        <div class=\"lazyblock-inner-blocks\">\n<div class=\"wp-bootstrap-blocks-row row\">\n\t\n\n<div class=\"col-12 col-md-6\">\n\t\t\t\n\n<figure class=\"wp-block-image size-full\"><img loading=\"lazy\" decoding=\"async\" width=\"1440\" height=\"1080\" sizes=\"auto, (max-width: 1440px) 100vw, 1440px\" src=\"https:\/\/www.diamantrad.com\/wp-content\/uploads\/2025\/07\/Suvea-Bikeansicht-3.gif\" alt=\"Suvea Red Dot Award\" class=\"wp-image-64721\"\/><\/figure>\n\n\t<\/div>\n\n\n\n<div class=\"col-12 col-md-6\">\n\t\t\t\n\n<h2 class=\"wp-block-heading\"><strong><strong>Bedre at k\u00f8re p\u00e5 den smarte cykel<\/strong><\/strong><\/h2>\n\n\n\n<p class=\"wp-block-paragraph\">Den helt nye Suvea er en slags E-SUV med masser af smart teknologi. Valgfrit med tilbeh\u00f8rsstyr.<\/p>\n\n\n\n<div class=\"wp-block-buttons mb-0 is-vertical is-content-justification-left is-layout-flex wp-container-core-buttons-is-layout-df7bfe9b wp-block-buttons-is-layout-flex\">\n<div class=\"wp-block-button\"><a role=\"button\" class=\"wp-block-button__link wp-element-button\" href=\"https:\/\/www.diamantrad.com\/da-DK\/bikes\/suvea-e-suv-hardtail\/\" target=\"_blank\" rel=\"noreferrer noopener\" aria-label=\"Opens external link in a new tab\">G\u00e5 til Suvea<\/a><\/div>\n\n\n\n<div class=\"wp-block-button\"><a role=\"button\" class=\"wp-block-button__link wp-element-button\" href=\"https:\/\/www.diamantrad.com\/da-DK\/bike\/suvea-trip-pro-800-wh\/\" target=\"_blank\" rel=\"noreferrer noopener\" aria-label=\"Opens external link in a new tab\">Se dem her<\/a><\/div>\n<\/div>\n\n\t<\/div>\n\n<\/div>\n\n<\/div>\r\n      <\/div>\r\n    <\/div>\r\n  <\/div>\r\n<\/div><\/div>\n\n<div class=\"lazyblock-nncontainer-241VHr wp-block-lazyblock-nncontainer\"><div class=\"section-standard\">\r\n  <div class=\"container\" id=\"container-241VHr\">\r\n    <div class=\"row\">\r\n      <div class=\"col py-5 py-lg-6 spaltentausch\">\r\n        <div class=\"lazyblock-inner-blocks\">\n<div class=\"wp-bootstrap-blocks-row row gx-5\">\n\t\n\n<div class=\"col-12 col-md-6\">\n\t\t\t\n\n<h2 class=\"wp-block-heading has-text-align-right\"><strong>K\u00f8r med stil.<\/strong><br><strong>Tag p\u00e5 en tur.<\/strong><br><strong><strong>Udforsk verden.<\/strong><\/strong><\/h2>\n\n\n\n<p class=\"has-text-align-right wp-block-paragraph\">Mahon er platformen for alle, der ikke \u00f8nsker motor.<\/p>\n\n\n\n<div class=\"wp-block-buttons mb-0 is-vertical is-content-justification-right is-layout-flex wp-container-core-buttons-is-layout-2b4002ad wp-block-buttons-is-layout-flex\">\n<div class=\"wp-block-button\"><a role=\"button\" class=\"wp-block-button__link wp-element-button\" href=\"https:\/\/www.diamantrad.com\/da-DK\/bikes\/mahon-acoustic-suv\/\" target=\"_blank\" rel=\"noreferrer noopener\" aria-label=\"Opens external link in a new tab\">G\u00e5 til Mahon<\/a><\/div>\n\n\n\n<div class=\"wp-block-button\"><a role=\"button\" class=\"wp-block-button__link wp-element-button\" href=\"https:\/\/www.diamantrad.com\/da-DK\/bike\/mahon-style-plus-midstep\/\" target=\"_blank\" rel=\"noreferrer noopener\" aria-label=\"Opens external link in a new tab\">Se den her<\/a><\/div>\n<\/div>\n\n\t<\/div>\n\n\n\n<div class=\"col-12 col-md-6\">\n\t\t\t\n\n<figure class=\"wp-block-image size-large\"><img decoding=\"async\" src=\"https:\/\/media.trekbikes.com\/image\/upload\/MahonStylePlusMS-25-49637-B-Primary\" alt=\"\"\/><\/figure>\n\n\t<\/div>\n\n<\/div>\n\n<\/div>\r\n      <\/div>\r\n    <\/div>\r\n  <\/div>\r\n<\/div><\/div>\n\n\n\n\n<div class=\"wp-block-cover is-light\"><video class=\"wp-block-cover__video-background intrinsic-ignore\" autoplay muted loop playsinline src=\"https:\/\/www.diamantrad.com\/wp-content\/uploads\/2025\/05\/20250520_140_Diamant_Launch_Startseite.mp4\" data-object-fit=\"cover\"><\/video><span aria-hidden=\"true\" class=\"wp-block-cover__background has-color-gray-light-background-color has-background-dim-20 has-background-dim\"><\/span><div class=\"wp-block-cover__inner-container is-layout-constrained wp-block-cover-is-layout-constrained\"><div class=\"lazyblock-cover-text-Qrpor wp-block-lazyblock-cover-text\"><div class=\"covertext container py-5 d-flex flex-column colorscheme-light justify-content-center\" id=\"covertext-Qrpor\">\r\n  <div class=\"lazyblock-inner-blocks\">\n\n<h1 class=\"wp-block-heading\">Diamant 140<\/h1>\n\n\n\n<div class=\"wp-block-buttons is-layout-flex wp-block-buttons-is-layout-flex\">\n<div class=\"wp-block-button\"><a role=\"button\" class=\"wp-block-button__link wp-element-button\" href=\"https:\/\/www.diamantrad.com\/da-DK\/140-our-movement-is-free-time\/\">Oplev nu<\/a><\/div>\n<\/div>\n\n<\/div>\r\n<\/div><\/div><\/div><\/div>\n\n\n<div class=\"lazyblock-nncontainer-Z1OHLyn wp-block-lazyblock-nncontainer\"><div class=\"section-light\">\r\n  <div class=\"container\" id=\"container-Z1OHLyn\">\r\n    <div class=\"row\">\r\n      <div class=\"col py-4 py-lg-5\">\r\n        <div class=\"lazyblock-inner-blocks\">\n<div class=\"wp-bootstrap-blocks-row row\">\n\t\n\n<div class=\"col-12 col-md-6\">\n\t\t\t\n\n<figure class=\"wp-block-image size-large\"><img decoding=\"async\" src=\"https:\/\/media.trekbikes.com\/image\/upload\/ZingTripPlusMS800wh-25-48277-A-Primary\" alt=\"\"\/><\/figure>\n\n\t<\/div>\n\n\n\n<div class=\"col-12 col-md-6\">\n\t\t\t\n\n<h2 class=\"wp-block-heading\"><strong><strong>Det bedste forhold mellem effekt, v\u00e6gt og pris<\/strong><\/strong><\/h2>\n\n\n\n<p class=\"wp-block-paragraph\">Ingen anden trekking-elcykel med CX-motor er s\u00e5 let og prisvenlig som 3. generation af Zing..<\/p>\n\n\n\n<div class=\"wp-block-buttons mb-0 is-vertical is-content-justification-left is-layout-flex wp-container-core-buttons-is-layout-df7bfe9b wp-block-buttons-is-layout-flex\">\n<div class=\"wp-block-button\"><a role=\"button\" class=\"wp-block-button__link wp-element-button\" href=\"https:\/\/www.diamantrad.com\/da-DK\/bikes\/zing-full-power-light-e-bike\/\" target=\"_blank\" rel=\"noreferrer noopener\" aria-label=\"Opens external link in a new tab\">G\u00e5 til Zing<\/a><\/div>\n\n\n\n<div class=\"wp-block-button\"><a role=\"button\" class=\"wp-block-button__link wp-element-button\" href=\"https:\/\/www.diamantrad.com\/da-DK\/bike\/zing-trip-plus-midstep\/\" target=\"_blank\" rel=\"noreferrer noopener\" aria-label=\"Opens external link in a new tab\">Se den her<\/a><\/div>\n<\/div>\n\n\t<\/div>\n\n<\/div>\n\n<\/div>\r\n      <\/div>\r\n    <\/div>\r\n  <\/div>\r\n<\/div><\/div>\n\n<div class=\"lazyblock-nncontainer-1aDRBb wp-block-lazyblock-nncontainer\"><div class=\"section-standard\">\r\n  <div class=\"container\" id=\"container-1aDRBb\">\r\n    <div class=\"row\">\r\n      <div class=\"col py-4 py-lg-5 spaltentausch\">\r\n        <div class=\"lazyblock-inner-blocks\">\n<div class=\"wp-bootstrap-blocks-row row\">\n\t\n\n<div class=\"col-12 col-md-6\">\n\t\t\t\n\n<h2 class=\"wp-block-heading has-text-align-right\"><strong><strong>Jeg vil opleve friheden<\/strong><\/strong><\/h2>\n\n\n\n<p class=\"has-text-align-right wp-block-paragraph\">Nhoma-modellerne er fuldt udstyrede gravelcykler.<\/p>\n\n\n\n<div class=\"wp-block-buttons mb-0 is-vertical is-content-justification-right is-layout-flex wp-container-core-buttons-is-layout-2b4002ad wp-block-buttons-is-layout-flex\">\n<div class=\"wp-block-button\"><a role=\"button\" class=\"wp-block-button__link wp-element-button\" href=\"https:\/\/www.diamantrad.com\/da-DK\/bikes\/nhoma-equipped-gravel-bike\/\" target=\"_blank\" rel=\"noreferrer noopener\" aria-label=\"Opens external link in a new tab\">G\u00e5 til Nhoma<\/a><\/div>\n\n\n\n<div class=\"wp-block-button\"><a role=\"button\" class=\"wp-block-button__link wp-element-button\" href=\"https:\/\/www.diamantrad.com\/da-DK\/bike\/nhoma-stepover\/\" target=\"_blank\" rel=\"noreferrer noopener\" aria-label=\"Opens external link in a new tab\">Se den her<\/a><\/div>\n<\/div>\n\n\t<\/div>\n\n\n\n<div class=\"col-12 col-md-6\">\n\t\t\t\n\n<figure class=\"wp-block-image size-large\"><img decoding=\"async\" src=\"https:\/\/media.trekbikes.com\/image\/upload\/NhomaSO-25-49648-A-Primary\" alt=\"\"\/><\/figure>\n\n\t<\/div>\n\n<\/div>\n\n<\/div>\r\n      <\/div>\r\n    <\/div>\r\n  <\/div>\r\n<\/div><\/div>\n\n<div class=\"lazyblock-nncontainer-Z206L26 wp-block-lazyblock-nncontainer\"><div class=\"section-light\">\r\n  <div class=\"container\" id=\"container-Z206L26\">\r\n    <div class=\"row\">\r\n      <div class=\"col py-5 py-lg-6\">\r\n        <div class=\"lazyblock-inner-blocks\">\n<div class=\"wp-bootstrap-blocks-row row mb-0 gx-5\">\n\t\n\n<div class=\"col-12 col-md-3\">\n\t\t\t\n<div class=\"wp-block-image mb-3\">\n<figure class=\"aligncenter size-full is-resized\"><img loading=\"lazy\" decoding=\"async\" width=\"117\" height=\"117\" sizes=\"auto, (max-width: 117px) 100vw, 117px\" src=\"https:\/\/www.diamantrad.com\/wp-content\/uploads\/2025\/02\/icon-handgefertigt.svg\" alt=\"Icon Handgefertigt\" class=\"wp-image-36204\" style=\"object-fit:cover;width:100px;height:100px\"\/><\/figure>\n<\/div>\n\n\n<h3 class=\"wp-block-heading has-text-align-center\"><strong><strong>H\u00e5ndlavet i Tyskland<\/strong><\/strong><\/h3>\n\n\n\n<p class=\"has-text-align-center wp-block-paragraph\">Du k\u00f8ber en cykel, der er samlet p\u00e5 vores hovedfabrik i Hartmannsdorf.<\/p>\n\n\t<\/div>\n\n\n\n<div class=\"col-12 col-md-3\">\n\t\t\t\n<div class=\"wp-block-image mb-3\">\n<figure class=\"aligncenter size-full is-resized\"><img loading=\"lazy\" decoding=\"async\" width=\"117\" height=\"117\" sizes=\"auto, (max-width: 117px) 100vw, 117px\" src=\"https:\/\/www.diamantrad.com\/wp-content\/uploads\/2025\/02\/icon-design.svg\" alt=\"Icon Design\" class=\"wp-image-36214\" style=\"object-fit:cover;width:100px;height:100px\"\/><\/figure>\n<\/div>\n\n\n<h3 class=\"wp-block-heading has-text-align-center\"><strong><strong>Fremragende design<\/strong><\/strong><\/h3>\n\n\n\n<p class=\"has-text-align-center wp-block-paragraph\">Vi designer vores cykler med sans for detaljer. Din cykel har vundet designpriser.<\/p>\n\n\t<\/div>\n\n\n\n<div class=\"col-12 col-md-3\">\n\t\t\t\n<div class=\"wp-block-image mb-3\">\n<figure class=\"aligncenter size-full is-resized\"><img loading=\"lazy\" decoding=\"async\" width=\"117\" height=\"117\" sizes=\"auto, (max-width: 117px) 100vw, 117px\" src=\"https:\/\/www.diamantrad.com\/wp-content\/uploads\/2025\/02\/icon-haendler.svg\" alt=\"Icon Haendler\" class=\"wp-image-36224\" style=\"object-fit:cover;width:100px;height:100px\"\/><\/figure>\n<\/div>\n\n\n<h3 class=\"wp-block-heading has-text-align-center\"><strong><strong>Erfarne forhandlere<\/strong><\/strong><\/h3>\n\n\n\n<p class=\"has-text-align-center wp-block-paragraph\">N\u00e5r du k\u00f8ber, f\u00e5r du personlig r\u00e5dgivning. Hvis noget g\u00e5r galt, vil erfarne mekanikere reparere din cykel.<\/p>\n\n\t<\/div>\n\n\n\n<div class=\"col-12 col-md-3\">\n\t\t\t\n<div class=\"wp-block-image mb-3\">\n<figure class=\"aligncenter size-full is-resized\"><img loading=\"lazy\" decoding=\"async\" width=\"117\" height=\"133\" sizes=\"auto, (max-width: 117px) 100vw, 117px\" src=\"https:\/\/www.diamantrad.com\/wp-content\/uploads\/2025\/02\/icon-garantie.svg\" alt=\"Icon Garantie\" class=\"wp-image-36234\" style=\"object-fit:cover;width:100px;height:100px\"\/><\/figure>\n<\/div>\n\n\n<h3 class=\"wp-block-heading has-text-align-center\"><strong><strong>Mere end 40 \u00e5rs garanti<\/strong><\/strong><\/h3>\n\n\n\n<p class=\"has-text-align-center wp-block-paragraph\">Dit stel skal holde hele livet \u2013 ligesom en diamant. Vi \u00f8nsker dig et langt liv.<\/p>\n\n\t<\/div>\n\n<\/div>\n\n<\/div>\r\n      <\/div>\r\n    <\/div>\r\n  <\/div>\r\n<\/div><\/div>\n\n\n<div class=\"wp-block-cover\"><img data-dominant-color=\"6b7a82\" data-has-transparency=\"false\" loading=\"lazy\" decoding=\"async\" width=\"1920\" height=\"1280\" sizes=\"auto, (max-width: 1920px) 100vw, 1920px\" class=\"wp-block-cover__image-background wp-image-55769 size-full not-transparent\" alt=\"Di 25 suvea lifestyle detail img 6520new\" src=\"https:\/\/www.diamantrad.com\/wp-content\/uploads\/2025\/03\/DI_25_Suvea_Lifestyle_Detail_IMG_6520new-png.avif\" style=\"--dominant-color: #6b7a82; object-position:69% 61%\" data-object-fit=\"cover\" data-object-position=\"69% 61%\" srcset=\"https:\/\/www.diamantrad.com\/wp-content\/uploads\/2025\/03\/DI_25_Suvea_Lifestyle_Detail_IMG_6520new-png.avif 1920w, https:\/\/www.diamantrad.com\/wp-content\/uploads\/2025\/03\/DI_25_Suvea_Lifestyle_Detail_IMG_6520new-300x200.avif 300w, https:\/\/www.diamantrad.com\/wp-content\/uploads\/2025\/03\/DI_25_Suvea_Lifestyle_Detail_IMG_6520new-1024x683.avif 1024w, https:\/\/www.diamantrad.com\/wp-content\/uploads\/2025\/03\/DI_25_Suvea_Lifestyle_Detail_IMG_6520new-768x512.avif 768w, https:\/\/www.diamantrad.com\/wp-content\/uploads\/2025\/03\/DI_25_Suvea_Lifestyle_Detail_IMG_6520new-1536x1024.avif 1536w\" \/><span aria-hidden=\"true\" class=\"wp-block-cover__background has-background-dim-0 has-background-dim\"><\/span><div class=\"wp-block-cover__inner-container is-layout-constrained wp-block-cover-is-layout-constrained\"><div class=\"lazyblock-cover-text-ZtuexN wp-block-lazyblock-cover-text\"><div class=\"covertext container py-5 d-flex flex-column colorscheme-light justify-content-center\" id=\"covertext-ZtuexN\">\r\n  <div class=\"lazyblock-inner-blocks\">\n\n<h3 class=\"wp-block-heading has-text-align-left\"><strong><strong>Mere kraft, st\u00f8rre r\u00e6kkevidde!<\/strong><\/strong><\/h3>\n\n\n\n<h5 class=\"wp-block-heading has-text-align-left\"><strong>Mere kraft, st\u00f8rre r\u00e6kkevidde!<\/strong><\/h5>\n\n\n\n<div class=\"wp-block-buttons is-content-justification-left is-layout-flex wp-container-core-buttons-is-layout-63375db1 wp-block-buttons-is-layout-flex\">\n<div class=\"wp-block-button\"><a role=\"button\" class=\"wp-block-button__link wp-element-button\" href=\"https:\/\/www.diamantrad.com\/da-DK\/blog\/e-bike-battery-faq\/\" target=\"_blank\" rel=\"noreferrer noopener\" aria-label=\"Opens external link in a new tab\">F\u00e5 mere at vide<\/a><\/div>\n<\/div>\n\n<\/div>\r\n<\/div><\/div><\/div><\/div>\n\n\n\n<div class=\"wp-block-cover is-light\"><video class=\"wp-block-cover__video-background intrinsic-ignore\" autoplay muted loop playsinline src=\"https:\/\/www.diamantrad.com\/wp-content\/uploads\/2026\/02\/diamant-historic-trailer-1020px-compressed.mp4\" data-object-fit=\"cover\"><\/video><span aria-hidden=\"true\" class=\"wp-block-cover__background has-background-dim-0 has-background-dim\"><\/span><div class=\"wp-block-cover__inner-container is-layout-constrained wp-block-cover-is-layout-constrained\"><div class=\"lazyblock-cover-text-t0wqw wp-block-lazyblock-cover-text\"><div class=\"covertext container py-5 d-flex flex-column colorscheme-light justify-content-center\" id=\"covertext-t0wqw\">\r\n  <div class=\"lazyblock-inner-blocks\">\n\n<h3 class=\"wp-block-heading has-text-align-left\">Tysklands \u00e6ldste cykelproducent<\/h3>\n\n\n\n<p class=\"has-text-align-left h5 wp-block-paragraph\">Den legendariske favoritcykel<br>i generationer<\/p>\n\n\n\n<div class=\"wp-block-buttons is-content-justification-left is-layout-flex wp-container-core-buttons-is-layout-63375db1 wp-block-buttons-is-layout-flex\">\n<div class=\"wp-block-button\"><a role=\"button\" class=\"wp-block-button__link wp-element-button\" href=\"https:\/\/www.diamantrad.com\/da-DK\/history\/\" target=\"_blank\" rel=\"noreferrer noopener\" aria-label=\"Opens external link in a new tab\">F\u00e5 mere at vide<\/a><\/div>\n<\/div>\n\n<\/div>\r\n<\/div><\/div><\/div><\/div>\n\n\n","protected":false},"excerpt":{"rendered":"","protected":false},"author":3,"featured_media":66390,"parent":0,"menu_order":0,"comment_status":"closed","ping_status":"closed","template":"","meta":{"_acf_changed":false,"_crdt_document":"","slim_seo":{"title":"Diamantrad - Premium elcykler og cykler","description":"F\u00e5 en virkelig god cykel til by, ture eller eventyr! \u2713 Livstidsgaranti \u2713 Designkvalitet \u2713 H\u00e5ndlavet i Hartmannsdorf."},"footnotes":""},"class_list":["post-66347","page","type-page","status-publish","has-post-thumbnail","hentry"],"acf":[],"_links":{"self":[{"href":"https:\/\/www.diamantrad.com\/da-DK\/wp-json\/wp\/v2\/pages\/66347","targetHints":{"allow":["GET"]}}],"collection":[{"href":"https:\/\/www.diamantrad.com\/da-DK\/wp-json\/wp\/v2\/pages"}],"about":[{"href":"https:\/\/www.diamantrad.com\/da-DK\/wp-json\/wp\/v2\/types\/page"}],"author":[{"embeddable":true,"href":"https:\/\/www.diamantrad.com\/da-DK\/wp-json\/wp\/v2\/users\/3"}],"replies":[{"embeddable":true,"href":"https:\/\/www.diamantrad.com\/da-DK\/wp-json\/wp\/v2\/comments?post=66347"}],"version-history":[{"count":37,"href":"https:\/\/www.diamantrad.com\/da-DK\/wp-json\/wp\/v2\/pages\/66347\/revisions"}],"predecessor-version":[{"id":75121,"href":"https:\/\/www.diamantrad.com\/da-DK\/wp-json\/wp\/v2\/pages\/66347\/revisions\/75121"}],"wp:featuredmedia":[{"embeddable":true,"href":"https:\/\/www.diamantrad.com\/da-DK\/wp-json\/wp\/v2\/media\/66390"}],"wp:attachment":[{"href":"https:\/\/www.diamantrad.com\/da-DK\/wp-json\/wp\/v2\/media?parent=66347"}],"curies":[{"name":"wp","href":"https:\/\/api.w.org\/{rel}","templated":true}]}}