{"id":66453,"date":"2025-08-21T10:19:50","date_gmt":"2025-08-21T08:19:50","guid":{"rendered":"https:\/\/www.diamantrad.com\/?page_id=66453"},"modified":"2025-10-29T16:29:31","modified_gmt":"2025-10-29T15:29:31","slug":"imprint","status":"publish","type":"page","link":"https:\/\/www.diamantrad.com\/da-DK\/imprint\/","title":{"rendered":"Avtryck"},"content":{"rendered":"<div class=\"lazyblock-nncontainer-Z2g4qQs wp-block-lazyblock-nncontainer\"><div class=\"section-secondary\">\r\n  <div class=\"container\" id=\"container-Z2g4qQs\">\r\n    <div class=\"row\">\r\n      <div class=\"col py-4 py-lg-5\">\r\n        <div class=\"lazyblock-inner-blocks\">\n<div class=\"lazyblock-cover-text-Z1rH0gv wp-block-lazyblock-cover-text\"><div class=\"covertext container py-5 d-flex flex-column colorscheme-light justify-content-center\" id=\"covertext-Z1rH0gv\">\r\n  <div class=\"lazyblock-inner-blocks\">\n\n<h2 class=\"wp-block-heading\">Avtryck<\/h2>\n\n<\/div>\r\n<\/div><\/div>\n<\/div>\r\n      <\/div>\r\n    <\/div>\r\n  <\/div>\r\n<\/div><\/div>\n\n<div class=\"lazyblock-nncontainer-Z2c1cdc wp-block-lazyblock-nncontainer\"><div class=\"section-standard\">\r\n  <div class=\"container\" id=\"container-Z2c1cdc\">\r\n    <div class=\"row\">\r\n      <div class=\"col py-4 py-lg-5\">\r\n        <div class=\"lazyblock-inner-blocks\">\n\n<p><strong>Diamant Fahrradwerke GmbH<\/strong><br>Sch\u00f6naicher Stra\u00dfe 1<br>09232 Hartmannsdorf<br>Tyskland<\/p>\n\n\n\n<p>Kontakt for leverand\u00f8rer: 0049 3722 405 621<br>Kontakt for forhandlere: <a href=\"mailto:nordic@trekbikes.com\">nordic@trekbikes.com<\/a><br>Kontakt for kunder: Brug vores&nbsp;<a href=\"https:\/\/www.diamantrad.com\/da-DK\/contact\/\" title=\"Contact\">kontaktformular<\/a><br>E-post:&nbsp;<a href=\"mailto:info@diamantrad.com\">info@diamantrad.com<\/a><\/p>\n\n\n\n<p>Administrerende direkt\u00f8r: John Schuster<br>Handelsregister: Handelsgerichter des Amtsgerichts Chemnitz, HRB 6093<br>Momsnummer: DE111665530<\/p>\n\n\n\n<p>Skatteregistreringsnummer: 222\/107\/00432<\/p>\n\n\n\n<p>Databeskyttelsesansvarlig: Phillip Herold<br>Kontaktperson for databeskyttelse:&nbsp;<a href=\"mailto:GDPR@trekbikes.com\">GDPR@trekbikes.com<\/a><\/p>\n\n\n\n<p>Tilsynsmyndighed: Der S\u00e4chsische Datenschutzbeauftragte, Kontor am Landtag, Devrientstra\u00dfe 1, 01067 Dresden, Germany<\/p>\n\n\n\n<p>Form\u00e5let med den kommercielle aktivitet: Handel med samt fremstilling og distribution af cykler, cykler med elektrisk motorassistance, cykeldele og cykeltilbeh\u00f8r.<\/p>\n\n\n\n<p>Grundl\u00e6ggelsesdato for \u00bbGebr\u00fcder Nevoigt, Reichenbrand \/ Chemnitz\u00ab: 1. Januar 1885<br>Diamant Fahrradwerke GmbH blev grundlagt som den endelige juridiske efterf\u00f8lger: 31.10.1991<\/p>\n\n\n\n<h3 class=\"wp-block-heading\">Brugsbetingelser\/Ansvarsfraskrivelse<\/h3>\n\n\n\n<p>1. Anvendelsen af Diamant Fahrradwerke GmbH&#8217;s website er underlagt f\u00f8lgende vilk\u00e5r og betingelser, som er bindende for brugeren og Diamant Fahrradwerke GmbH som tjenesteudbyder ved tilgang til websitet eller dele heraf. Websitet indeholder data og oplysninger af enhver art, som er beskyttet af varem\u00e6rke og\/eller ophavsret til fordel for Diamant Fahrradwerke GmbH eller i enkelte tilf\u00e6lde til fordel for tredjepart. Det er derfor ikke tilladt at downloade, reproducere og\/eller distribuere websitet helt eller delvist. Teknisk n\u00f8dvendig reproduktion med henblik p\u00e5 gennemsyn er tilladt, s\u00e5 l\u00e6nge disse handlinger ikke har \u00f8konomisk form\u00e5l, samt permanent reproduktion til personlig brug.<\/p>\n\n\n\n<p>2. Det er tilladt at oprette et link til dette website, s\u00e5 l\u00e6nge det udelukkende er til referenceform\u00e5l. Diamant Fahrradwerke GmbH forbeholder sig ret til at tilbagekalde denne tilladelse. Det er ikke tilladt at frame dette website.<\/p>\n\n\n\n<p>3. Der gives ingen garanti for n\u00f8jagtigheden og fuldst\u00e6ndigheden af oplysningerne p\u00e5 websitet. Is\u00e6r \u00e6ndringer i specifikationerne for vores cykler samt farver og priser kan til enhver tid foretages uden varsel. Henvisninger og links til tredjepartswebsites betyder ikke, at Diamant Fahrradwerke GmbH godkender indholdet bag henvisningen eller linket. Indholdet p\u00e5 tredjepartswebsites medf\u00f8rer ikke noget ansvar for Diamant Fahrradwerke GmbH for de data og oplysninger, der findes der. Diamant Fahrradwerke GmbH har ingen indflydelse p\u00e5 indholdet bag linket. Diamant Fahrradwerke GmbH er derfor ikke ansvarlig for ulovligt, forkert eller ufuldst\u00e6ndigt indhold eller for skader for\u00e5rsaget af brugen af indholdet bag linket.<\/p>\n\n<\/div>\r\n      <\/div>\r\n    <\/div>\r\n  <\/div>\r\n<\/div><\/div>","protected":false},"excerpt":{"rendered":"","protected":false},"author":3,"featured_media":0,"parent":0,"menu_order":0,"comment_status":"closed","ping_status":"closed","template":"","meta":{"_acf_changed":false,"slim_seo":{"title":"Imprint - diamantrad.com","description":"Imprint af diamanthjulets hjemmeside. Alle juridiske oplysninger, controller og kontakt ved et hurtigt overblik."},"footnotes":""},"class_list":["post-66453","page","type-page","status-publish","hentry"],"acf":[],"_links":{"self":[{"href":"https:\/\/www.diamantrad.com\/en-GB\/wp-json\/wp\/v2\/pages\/66453","targetHints":{"allow":["GET"]}}],"collection":[{"href":"https:\/\/www.diamantrad.com\/en-GB\/wp-json\/wp\/v2\/pages"}],"about":[{"href":"https:\/\/www.diamantrad.com\/en-GB\/wp-json\/wp\/v2\/types\/page"}],"author":[{"embeddable":true,"href":"https:\/\/www.diamantrad.com\/en-GB\/wp-json\/wp\/v2\/users\/3"}],"replies":[{"embeddable":true,"href":"https:\/\/www.diamantrad.com\/en-GB\/wp-json\/wp\/v2\/comments?post=66453"}],"version-history":[{"count":5,"href":"https:\/\/www.diamantrad.com\/en-GB\/wp-json\/wp\/v2\/pages\/66453\/revisions"}],"predecessor-version":[{"id":69749,"href":"https:\/\/www.diamantrad.com\/en-GB\/wp-json\/wp\/v2\/pages\/66453\/revisions\/69749"}],"wp:attachment":[{"href":"https:\/\/www.diamantrad.com\/en-GB\/wp-json\/wp\/v2\/media?parent=66453"}],"curies":[{"name":"wp","href":"https:\/\/api.w.org\/{rel}","templated":true}]}}