{"id":66484,"date":"2025-08-21T15:29:08","date_gmt":"2025-08-21T13:29:08","guid":{"rendered":"https:\/\/www.diamantrad.com\/?page_id=66484"},"modified":"2025-09-09T15:03:56","modified_gmt":"2025-09-09T13:03:56","slug":"register-your-bike","status":"publish","type":"page","link":"https:\/\/www.diamantrad.com\/da-DK\/register-your-bike\/","title":{"rendered":"Registrer din cykel"},"content":{"rendered":"<div class=\"lazyblock-nncontainer-xSdON wp-block-lazyblock-nncontainer\"><div class=\"section-secondary\">\r\n  <div class=\"container\" id=\"container-xSdON\">\r\n    <div class=\"row\">\r\n      <div class=\"col py-4 py-lg-5\">\r\n        <div class=\"lazyblock-inner-blocks\">\n<div class=\"lazyblock-cover-text-OHNpf wp-block-lazyblock-cover-text\"><div class=\"covertext container py-5 d-flex flex-column colorscheme-light justify-content-center\" id=\"covertext-OHNpf\">\r\n  <div class=\"lazyblock-inner-blocks\">\n\n<h2 class=\"wp-block-heading\">Registrer din cykel<\/h2>\n\n<\/div>\r\n<\/div><\/div>\n<\/div>\r\n      <\/div>\r\n    <\/div>\r\n  <\/div>\r\n<\/div><\/div>\n\n<div class=\"lazyblock-nncontainer-Z1SJvY3 mb-1 wp-block-lazyblock-nncontainer\"><div class=\"section-standard\">\r\n  <div class=\"container\" id=\"container-Z1SJvY3\">\r\n    <div class=\"row\">\r\n      <div class=\"col py-4 py-lg-5\">\r\n        <div class=\"lazyblock-inner-blocks\">\n\n<p>Med formularen p\u00e5 denne hjemmeside kan du hurtigt og nemt registrere din Diamant-cykel. Dine data bliver automatisk og sikkert indtastet i vores system. Du vil modtage en bekr\u00e6ftelse pr. e-mail p\u00e5 den adresse, du har angivet. Husk at tjekke din mappe med u\u00f8nsket post (spam), hvis du ikke modtager den. Hvis du ikke modtager en bekr\u00e6ftelses-e-mail, kan du bruge kontaktformularen til at sp\u00f8rge os, om din cykel er blevet registreret korrekt.<\/p>\n\n\n\n<h2 class=\"wp-block-heading\">Dine fordele ved at registrere din cykel:<\/h2>\n\n\n\n<p>1. Ved at registrere din cykel eller elcykel kan vi kontakte dig direkte i det sj\u00e6ldne tilf\u00e6lde, at der sker en <a href=\"https:\/\/www.diamantrad.com\/da-DK\/recalls\/\" title=\"Recalls\">tilbagekaldelse<\/a>. Hvis du ogs\u00e5 giver os dit samtykke til at sende nyhedsbreve, kan vi holde dig opdateret om nye funktioner, der er specifikt relevante for din cykel.<\/p>\n\n\n\n<p>2. N\u00e5r politiet finder stj\u00e5lne cykler, vil de muligvis kontakte os for at finde de registrerede ejere af de fundne cykler. Hvis du har registreret din cykel, kan vi give din adresse til politiet, s\u00e5 de kan hj\u00e6lpe med at returnere din cykel til dig.<\/p>\n\n\n\n<p>3. Derudover bruger vi dine registrerede data som en hurtig m\u00e5de at verificere dine garantikrav, n\u00e5r den lovbestemte garantiperiode er udl\u00f8bet. Garantikravet er dog ikke betinget af registrering af din cykel; bevis for k\u00f8b er tilstr\u00e6kkeligt.<\/p>\n\n\n\n<p>Udfyld formularen fuldst\u00e6ndigt og klik p\u00e5 \u201cIndsend\u201d. Felter markeret med * er obligatoriske.<\/p>\n\n\n\n<p>Hvis det ikke er angivet p\u00e5 din kvittering: Du finder dit stelnummer p\u00e5 klisterm\u00e6rket p\u00e5 skr\u00e5r\u00f8ret. Dette nummer starter med WTU.<\/p>\n\n<\/div>\r\n      <\/div>\r\n    <\/div>\r\n  <\/div>\r\n<\/div><\/div>\n\n<div class=\"lazyblock-nncontainer-1HMRfS wp-block-lazyblock-nncontainer\"><div class=\"section-light\">\r\n  <div class=\"container\" id=\"container-1HMRfS\">\r\n    <div class=\"row\">\r\n      <div class=\"col py-4 py-lg-5\">\r\n        <div class=\"lazyblock-inner-blocks\">\n\n<div class=\"wp-block-contact-form-7-contact-form-selector\">\n<div class=\"wpcf7 no-js\" id=\"wpcf7-f66488-o1\" lang=\"de-DE\" dir=\"ltr\" data-wpcf7-id=\"66488\">\n<div class=\"screen-reader-response\"><p role=\"status\" aria-live=\"polite\" aria-atomic=\"true\"><\/p> <ul><\/ul><\/div>\n<form action=\"\/da-DK\/wp-json\/wp\/v2\/pages\/66484#wpcf7-f66488-o1\" method=\"post\" class=\"wpcf7-form init\" aria-label=\"Kontaktformular\" novalidate=\"novalidate\" data-status=\"init\">\n<fieldset class=\"hidden-fields-container\"><input type=\"hidden\" name=\"_wpcf7\" value=\"66488\" \/><input type=\"hidden\" name=\"_wpcf7_version\" value=\"6.1.5\" \/><input type=\"hidden\" name=\"_wpcf7_locale\" value=\"de_DE\" \/><input type=\"hidden\" name=\"_wpcf7_unit_tag\" value=\"wpcf7-f66488-o1\" \/><input type=\"hidden\" name=\"_wpcf7_container_post\" value=\"0\" \/><input type=\"hidden\" name=\"_wpcf7_posted_data_hash\" value=\"\" \/>\n<\/fieldset>\n<div class=\"row\">\n\t<div class=\"col\">\n\t\t<h3>Fort\u00e6l os om dig selv\n\t\t<\/h3>\n\t\t<div class=\"row mb-5\">\n\t\t\t<div class=\"col-md-6\">\n\t\t\t\t<p><label for=\"firstname\" class=\"screen-reader-text\">First name*<\/label><span class=\"wpcf7-form-control-wrap\" data-name=\"firstname\"><input size=\"40\" maxlength=\"400\" class=\"wpcf7-form-control wpcf7-text wpcf7-validates-as-required form-control\" aria-required=\"true\" aria-invalid=\"false\" placeholder=\"Fornavn*\" value=\"\" type=\"text\" name=\"firstname\" \/><\/span>\n\t\t\t\t<\/p>\n\t\t\t<\/div>\n\t\t\t<div class=\"col-md-6\">\n\t\t\t\t<p><label for=\"lastname\" class=\"screen-reader-text\">Last name*<\/label><span class=\"wpcf7-form-control-wrap\" data-name=\"lastname\"><input size=\"40\" maxlength=\"400\" class=\"wpcf7-form-control wpcf7-text wpcf7-validates-as-required form-control\" aria-required=\"true\" aria-invalid=\"false\" placeholder=\"Efternavn*\" value=\"\" type=\"text\" name=\"lastname\" \/><\/span>\n\t\t\t\t<\/p>\n\t\t\t<\/div>\n\t\t\t<div class=\"col-md-6\">\n\t\t\t\t<p><label for=\"street\" class=\"screen-reader-text\">Street & Nr.<\/label><span class=\"wpcf7-form-control-wrap\" data-name=\"street\"><input size=\"40\" maxlength=\"400\" class=\"wpcf7-form-control wpcf7-text form-control\" aria-invalid=\"false\" placeholder=\"Gade og nr.\" value=\"\" type=\"text\" name=\"street\" \/><\/span>\n\t\t\t\t<\/p>\n\t\t\t<\/div>\n\t\t\t<div class=\"col-md-6\">\n\t\t\t\t<p><label for=\"location\" class=\"screen-reader-text\">Postcode & Place<\/label><span class=\"wpcf7-form-control-wrap\" data-name=\"location\"><input size=\"40\" maxlength=\"400\" class=\"wpcf7-form-control wpcf7-text form-control\" aria-invalid=\"false\" placeholder=\"Postnummer og sted\" value=\"\" type=\"text\" name=\"location\" \/><\/span>\n\t\t\t\t<\/p>\n\t\t\t<\/div>\n\t\t\t<div class=\"col-md-6\">\n\t\t\t\t<p><label for=\"your-email\" class=\"screen-reader-text\">E-mail*<\/label><span class=\"wpcf7-form-control-wrap\" data-name=\"your-email\"><input size=\"40\" maxlength=\"400\" class=\"wpcf7-form-control wpcf7-email wpcf7-validates-as-required wpcf7-text wpcf7-validates-as-email form-control\" aria-required=\"true\" aria-invalid=\"false\" placeholder=\"Postnummer og sted\" value=\"\" type=\"email\" name=\"your-email\" \/><\/span>\n\t\t\t\t<\/p>\n\t\t\t<\/div>\n\t\t\t<div class=\"col-md-6\">\n\t\t\t\t<p><label for=\"phone\" class=\"screen-reader-text\">Phone number*<\/label><span class=\"wpcf7-form-control-wrap\" data-name=\"phone\"><input size=\"40\" maxlength=\"400\" class=\"wpcf7-form-control wpcf7-text wpcf7-validates-as-required form-control\" aria-required=\"true\" aria-invalid=\"false\" placeholder=\"Telefonnummer\" value=\"\" type=\"text\" name=\"phone\" \/><\/span>\n\t\t\t\t<\/p>\n\t\t\t<\/div>\n\t\t<\/div>\n\t\t<h3>Fort\u00e6l os om din cykel\n\t\t<\/h3>\n\t\t<div class=\"row mb-5\">\n\t\t\t<div class=\"col-md-6\">\n\t\t\t\t<p><label for=\"bike\" class=\"screen-reader-text\">Model*<\/label><span class=\"wpcf7-form-control-wrap\" data-name=\"bike\"><input size=\"40\" maxlength=\"400\" class=\"wpcf7-form-control wpcf7-text wpcf7-validates-as-required form-control\" aria-required=\"true\" aria-invalid=\"false\" placeholder=\"Model*\" value=\"\" type=\"text\" name=\"bike\" \/><\/span>\n\t\t\t\t<\/p>\n\t\t\t<\/div>\n\t\t\t<div class=\"col-md-6\">\n\t\t\t\t<p><label for=\"serialnumber\" class=\"screen-reader-text\">Frame number (WTU sticker)*<\/label><span class=\"wpcf7-form-control-wrap\" data-name=\"serialnumber\"><input size=\"40\" maxlength=\"400\" class=\"wpcf7-form-control wpcf7-text wpcf7-validates-as-required form-control\" aria-required=\"true\" aria-invalid=\"false\" placeholder=\"Stelnummer (WTU)*\" value=\"\" type=\"text\" name=\"serialnumber\" \/><\/span>\n\t\t\t\t<\/p>\n\t\t\t<\/div>\n\t\t\t<div class=\"col-md-6\">\n\t\t\t\t<p><label for=\"store\" class=\"screen-reader-text\">Store*<\/label><span class=\"wpcf7-form-control-wrap\" data-name=\"store\"><input size=\"40\" maxlength=\"400\" class=\"wpcf7-form-control wpcf7-text wpcf7-validates-as-required form-control\" aria-required=\"true\" aria-invalid=\"false\" placeholder=\"Forhandler*\" value=\"\" type=\"text\" name=\"store\" \/><\/span>\n\t\t\t\t<\/p>\n\t\t\t<\/div>\n\t\t\t<div class=\"col-md-6\">\n\t\t\t\t<p><label for=\"purchasedate\" class=\"screen-reader-text\">Purchase date*<\/label><span class=\"wpcf7-form-control-wrap\" data-name=\"purchasedate\"><input class=\"wpcf7-form-control wpcf7-date wpcf7-validates-as-required wpcf7-validates-as-date form-control\" aria-required=\"true\" aria-invalid=\"false\" placeholder=\"K\u00f8bsdato\" value=\"\" type=\"date\" name=\"purchasedate\" \/><\/span>\n\t\t\t\t<\/p>\n\t\t\t<\/div>\n\t\t<\/div>\n\t\t<h3>Databeskyttelse og nyhedsbrev\n\t\t<\/h3>\n\t\t<div class=\"row\">\n\t\t\t<div class=\"col\">\n\t\t\t\t<p><span class=\"wpcf7-form-control-wrap\" data-name=\"newsletter\"><span class=\"wpcf7-form-control wpcf7-checkbox wpcf7-exclusive-checkbox form-check\"><span class=\"wpcf7-list-item first last\"><label><input type=\"checkbox\" name=\"newsletter\" value=\"Jeg \u00f8nsker at blive holdt opdateret om nyheder og nye produkter fra Diamant, og jeg giver derfor mit samtykke til, at I sender mig e-mails.\" \/><span class=\"wpcf7-list-item-label\">Jeg \u00f8nsker at blive holdt opdateret om nyheder og nye produkter fra Diamant, og jeg giver derfor mit samtykke til, at I sender mig e-mails.<\/span><\/label><\/span><\/span><\/span><br \/>\n<span class=\"wpcf7-form-control-wrap\" data-name=\"dsgvo\"><span class=\"wpcf7-form-control wpcf7-acceptance\"><span class=\"wpcf7-list-item\"><label><input type=\"checkbox\" name=\"dsgvo\" value=\"1\" id=\"dsgvo-accept\" aria-invalid=\"false\" \/><span class=\"wpcf7-list-item-label\"><label for=\"dsgvo-accept\">Ved at indsende denne formular accepterer jeg s retningslinjer for databeskyttelse.<\/label><\/span><\/label><\/span><\/span><\/span>\n\t\t\t\t<\/p>\n\t\t\t\t<p><input class=\"wpcf7-form-control wpcf7-submit has-spinner btn-block btn btn-primary data-trustpilot\" type=\"submit\" value=\"Indsend\" \/>\n\t\t\t\t<\/p>\n\t\t\t<\/div>\n\t\t<\/div>\n\t<\/div>\n<\/div><div class=\"wpcf7-response-output\" aria-hidden=\"true\"><\/div>\n<\/form>\n<\/div>\n<\/div>\n\n<\/div>\r\n      <\/div>\r\n    <\/div>\r\n  <\/div>\r\n<\/div><\/div>","protected":false},"excerpt":{"rendered":"","protected":false},"author":3,"featured_media":0,"parent":0,"menu_order":0,"comment_status":"closed","ping_status":"closed","template":"","meta":{"_acf_changed":false,"slim_seo":{"title":"Registrer din Diamant-cykel","description":"Registrer dit diamanthjul nu. Beskytt, find og sikre garanti. Hurtig registrering."},"footnotes":""},"class_list":["post-66484","page","type-page","status-publish","hentry"],"acf":[],"_links":{"self":[{"href":"https:\/\/www.diamantrad.com\/da-DK\/wp-json\/wp\/v2\/pages\/66484","targetHints":{"allow":["GET"]}}],"collection":[{"href":"https:\/\/www.diamantrad.com\/da-DK\/wp-json\/wp\/v2\/pages"}],"about":[{"href":"https:\/\/www.diamantrad.com\/da-DK\/wp-json\/wp\/v2\/types\/page"}],"author":[{"embeddable":true,"href":"https:\/\/www.diamantrad.com\/da-DK\/wp-json\/wp\/v2\/users\/3"}],"replies":[{"embeddable":true,"href":"https:\/\/www.diamantrad.com\/da-DK\/wp-json\/wp\/v2\/comments?post=66484"}],"version-history":[{"count":4,"href":"https:\/\/www.diamantrad.com\/da-DK\/wp-json\/wp\/v2\/pages\/66484\/revisions"}],"predecessor-version":[{"id":68126,"href":"https:\/\/www.diamantrad.com\/da-DK\/wp-json\/wp\/v2\/pages\/66484\/revisions\/68126"}],"wp:attachment":[{"href":"https:\/\/www.diamantrad.com\/da-DK\/wp-json\/wp\/v2\/media?parent=66484"}],"curies":[{"name":"wp","href":"https:\/\/api.w.org\/{rel}","templated":true}]}}