{"id":66498,"date":"2025-08-21T16:05:31","date_gmt":"2025-08-21T14:05:31","guid":{"rendered":"https:\/\/www.diamantrad.com\/?page_id=66498"},"modified":"2025-09-01T13:59:03","modified_gmt":"2025-09-01T11:59:03","slug":"contact","status":"publish","type":"page","link":"https:\/\/www.diamantrad.com\/da-DK\/contact\/","title":{"rendered":"Contact"},"content":{"rendered":"<div class=\"lazyblock-nncontainer-1gwyBM wp-block-lazyblock-nncontainer\"><div class=\"section-secondary\">\r\n  <div class=\"container\" id=\"container-1gwyBM\">\r\n    <div class=\"row\">\r\n      <div class=\"col py-4 py-lg-5\">\r\n        <div class=\"lazyblock-inner-blocks\">\n<div class=\"lazyblock-cover-text-Z18ok0o wp-block-lazyblock-cover-text\"><div class=\"covertext container py-5 d-flex flex-column colorscheme-light justify-content-center\" id=\"covertext-Z18ok0o\">\r\n  <div class=\"lazyblock-inner-blocks\">\n\n<h2 class=\"wp-block-heading\">Brug for hj\u00e6lp? Kontakt os!<\/h2>\n\n<\/div>\r\n<\/div><\/div>\n<\/div>\r\n      <\/div>\r\n    <\/div>\r\n  <\/div>\r\n<\/div><\/div>\n\n<div class=\"lazyblock-nncontainer-Z11Ymq5 wp-block-lazyblock-nncontainer\"><div class=\"section-standard\">\r\n  <div class=\"container\" id=\"container-Z11Ymq5\">\r\n    <div class=\"row\">\r\n      <div class=\"col py-4 py-lg-5\">\r\n        <div class=\"lazyblock-inner-blocks\">\n\n<p class=\"wp-block-paragraph\">Vi er her for dig, hvis du har brug for vores support. Du kan m\u00e5ske finde dit svar i vores <a href=\"https:\/\/www.diamantrad.com\/da-DK\/faq\/\" title=\"\">FAQ<\/a>. Hvis ikke: Normalt svarer vi inden for 48 timer. I ferieperioder og h\u00f8js\u00e6son kan det tage en dag eller to l\u00e6ngere. Tjek ogs\u00e5 din spam-mappe \u2013 nogle gange havner vores beskeder der.<\/p>\n\n\n\n<p class=\"wp-block-paragraph\">Bem\u00e6rk: Vi viser tilg\u00e6ngeligheden af vores cykler direkte p\u00e5 produktsiderne \u2013 forudsat at vi har adgang til de p\u00e5g\u00e6ldende data for en bestemt placering. Vores kundeservice har ingen andre oplysninger end dem, vi viser offentligt.<\/p>\n\n<\/div>\r\n      <\/div>\r\n    <\/div>\r\n  <\/div>\r\n<\/div><\/div>\n\n<div class=\"lazyblock-nncontainer-Z6cFBi wp-block-lazyblock-nncontainer\"><div class=\"section-light\">\r\n  <div class=\"container\" id=\"container-Z6cFBi\">\r\n    <div class=\"row\">\r\n      <div class=\"col py-5 py-lg-6\">\r\n        <div class=\"lazyblock-inner-blocks\">\n\n<div class=\"wp-block-contact-form-7-contact-form-selector\">\n<div class=\"wpcf7 no-js\" id=\"wpcf7-f66497-o1\" lang=\"de-DE\" dir=\"ltr\" data-wpcf7-id=\"66497\">\n<div class=\"screen-reader-response\"><p role=\"status\" aria-live=\"polite\" aria-atomic=\"true\"><\/p> <ul><\/ul><\/div>\n<form action=\"\/da-DK\/wp-json\/wp\/v2\/pages\/66498#wpcf7-f66497-o1\" method=\"post\" class=\"wpcf7-form init\" aria-label=\"Kontaktformular\" novalidate=\"novalidate\" data-status=\"init\">\n<fieldset class=\"hidden-fields-container\"><input type=\"hidden\" name=\"_wpcf7\" value=\"66497\" \/><input type=\"hidden\" name=\"_wpcf7_version\" value=\"6.1.5\" \/><input type=\"hidden\" name=\"_wpcf7_locale\" value=\"de_DE\" \/><input type=\"hidden\" name=\"_wpcf7_unit_tag\" value=\"wpcf7-f66497-o1\" \/><input type=\"hidden\" name=\"_wpcf7_container_post\" value=\"0\" \/><input type=\"hidden\" name=\"_wpcf7_posted_data_hash\" value=\"\" \/>\n<\/fieldset>\n<div class=\"row\">\n\t<div class=\"col-md-6\">\n\t\t<p><label for=\"your-name\" class=\"screen-reader-text\">Navn*<\/label><span class=\"wpcf7-form-control-wrap\" data-name=\"your-name\"><input size=\"40\" maxlength=\"400\" class=\"wpcf7-form-control wpcf7-text wpcf7-validates-as-required form-control\" id=\"your-name\" aria-required=\"true\" aria-invalid=\"false\" placeholder=\"Dit navn\n*\" value=\"\" type=\"text\" name=\"your-name\" \/><\/span>\n\t\t<\/p>\n\t<\/div>\n\t<div class=\"col-md-6\">\n\t\t<p><label for=\"your-email\" class=\"screen-reader-text\">E-mail*<\/label><span class=\"wpcf7-form-control-wrap\" data-name=\"your-email\"><input size=\"40\" maxlength=\"400\" class=\"wpcf7-form-control wpcf7-email wpcf7-validates-as-required wpcf7-text wpcf7-validates-as-email form-control\" id=\"your-email\" autocomplete=\"email\" aria-required=\"true\" aria-invalid=\"false\" placeholder=\"E-mail*\" value=\"\" type=\"email\" name=\"your-email\" \/><\/span>\n\t\t<\/p>\n\t<\/div>\n<\/div>\n<p><label for=\"your-subject\" class=\"screen-reader-text\">Emne<\/label><span class=\"wpcf7-form-control-wrap\" data-name=\"your-subject\"><input size=\"40\" maxlength=\"400\" class=\"wpcf7-form-control wpcf7-text form-control\" id=\"your-subject\" aria-invalid=\"false\" placeholder=\"Emne\" value=\"\" type=\"text\" name=\"your-subject\" \/><\/span>\n<\/p>\n<p><label for=\"your-message\" class=\"screen-reader-text\">Din besked*<\/label><span class=\"wpcf7-form-control-wrap\" data-name=\"your-message\"><textarea cols=\"40\" rows=\"10\" maxlength=\"2000\" class=\"wpcf7-form-control wpcf7-textarea wpcf7-validates-as-required form-control\" id=\"your-message\" aria-required=\"true\" aria-invalid=\"false\" placeholder=\"Din besked*\" name=\"your-message\"><\/textarea><\/span>\n<\/p>\n<p class=\"text-end small mb-4\">Felter markeret med * er obligatoriske.\n<\/p>\n<p><span class=\"wpcf7-form-control-wrap\" data-name=\"dsgvo\"><span class=\"wpcf7-form-control wpcf7-acceptance\"><span class=\"wpcf7-list-item\"><label><input type=\"checkbox\" name=\"dsgvo\" value=\"1\" id=\"dsgvo-accept\" aria-invalid=\"false\" \/><span class=\"wpcf7-list-item-label\"><label for=\"dsgvo-accept\">Ved at indsende min besked accepterer jeg retningslinjerne for databeskyttelse.<\/label><\/span><\/label><\/span><\/span><\/span>\n<\/p>\n<p><input class=\"wpcf7-form-control wpcf7-submit has-spinner btn btn-primary\" type=\"submit\" value=\"Indsend\" \/>\n<\/p><div class=\"wpcf7-response-output\" aria-hidden=\"true\"><\/div>\n<\/form>\n<\/div>\n<\/div>\n\n<\/div>\r\n      <\/div>\r\n    <\/div>\r\n  <\/div>\r\n<\/div><\/div>","protected":false},"excerpt":{"rendered":"","protected":false},"author":3,"featured_media":0,"parent":0,"menu_order":0,"comment_status":"closed","ping_status":"closed","template":"","meta":{"_acf_changed":false,"_crdt_document":"","slim_seo":{"title":"Kontakt - Sp\u00f8rgsm\u00e5l om Diamant Bikes & Service?","description":"Kontakt Diamant Customer Care-teamet for r\u00e5dgivning, st\u00f8tte eller feedback. Vi hj\u00e6lper dig gerne. Kontakt os nu."},"footnotes":""},"class_list":["post-66498","page","type-page","status-publish","hentry"],"acf":[],"_links":{"self":[{"href":"https:\/\/www.diamantrad.com\/da-DK\/wp-json\/wp\/v2\/pages\/66498","targetHints":{"allow":["GET"]}}],"collection":[{"href":"https:\/\/www.diamantrad.com\/da-DK\/wp-json\/wp\/v2\/pages"}],"about":[{"href":"https:\/\/www.diamantrad.com\/da-DK\/wp-json\/wp\/v2\/types\/page"}],"author":[{"embeddable":true,"href":"https:\/\/www.diamantrad.com\/da-DK\/wp-json\/wp\/v2\/users\/3"}],"replies":[{"embeddable":true,"href":"https:\/\/www.diamantrad.com\/da-DK\/wp-json\/wp\/v2\/comments?post=66498"}],"version-history":[{"count":1,"href":"https:\/\/www.diamantrad.com\/da-DK\/wp-json\/wp\/v2\/pages\/66498\/revisions"}],"predecessor-version":[{"id":66499,"href":"https:\/\/www.diamantrad.com\/da-DK\/wp-json\/wp\/v2\/pages\/66498\/revisions\/66499"}],"wp:attachment":[{"href":"https:\/\/www.diamantrad.com\/da-DK\/wp-json\/wp\/v2\/media?parent=66498"}],"curies":[{"name":"wp","href":"https:\/\/api.w.org\/{rel}","templated":true}]}}