{"id":66500,"date":"2025-08-21T16:08:41","date_gmt":"2025-08-21T14:08:41","guid":{"rendered":"https:\/\/www.diamantrad.com\/?page_id=66500"},"modified":"2025-08-21T16:09:42","modified_gmt":"2025-08-21T14:09:42","slug":"ethics-reporting","status":"publish","type":"page","link":"https:\/\/www.diamantrad.com\/da-DK\/ethics-reporting\/","title":{"rendered":"Ethics Reporting"},"content":{"rendered":"<div class=\"lazyblock-nncontainer-J9YJH wp-block-lazyblock-nncontainer\"><div class=\"section-secondary\">\r\n  <div class=\"container\" id=\"container-J9YJH\">\r\n    <div class=\"row\">\r\n      <div class=\"col py-4 py-lg-5\">\r\n        <div class=\"lazyblock-inner-blocks\">\n<div class=\"lazyblock-cover-text-Z1TLuAQ wp-block-lazyblock-cover-text\"><div class=\"covertext container py-5 d-flex flex-column colorscheme-light justify-content-center\" id=\"covertext-Z1TLuAQ\">\r\n  <div class=\"lazyblock-inner-blocks\">\n\n<h2 class=\"wp-block-heading\">Indberet et brud p\u00e5 etikken!<\/h2>\n\n<\/div>\r\n<\/div><\/div>\n<\/div>\r\n      <\/div>\r\n    <\/div>\r\n  <\/div>\r\n<\/div><\/div>\n\n<div class=\"lazyblock-nncontainer-18alCl wp-block-lazyblock-nncontainer\"><div class=\"section-standard\">\r\n  <div class=\"container\" id=\"container-18alCl\">\r\n    <div class=\"row\">\r\n      <div class=\"col py-4 py-lg-5\">\r\n        <div class=\"lazyblock-inner-blocks\">\n\n<p>Diamant-whistleblower-systemet\/klageproceduren er designet til at anmelde overtr\u00e6delser af vores virksomhedsprincipper og g\u00e6ldende love (f.eks. whistleblowerbeskyttelsesloven, loven om due diligence i forsyningsk\u00e6den osv.) for alle dele af Diamant, som vi hos Diamant har forpligtet os til at overholde gennem Diamants adf\u00e6rdskodeks og erkl\u00e6ring om menneskerettigheder.<\/p>\n\n\n\n<p>For at kunne reagere hensigtsm\u00e6ssigt p\u00e5 overtr\u00e6delser skal vi opdage dem s\u00e5 tidligt som muligt. Oplysninger om (forest\u00e5ende) overtr\u00e6delser kan anmeldes til os via e-mail: <a href=\"mailto:ethics@diamantrad.com\">ethics@diamantrad.com<\/a><\/p>\n\n\n\n<p>Dine oplysninger er en hj\u00e6lp for os \u2013 det er den eneste m\u00e5de, vi kan respondere tidligt p\u00e5 overtr\u00e6delser. Det er vigtigt, s\u00e5 vi kan minimere skaderne p\u00e5 vores virksomhed samt p\u00e5 medarbejdere og forretningspartnere.<\/p>\n\n\n\n<p>Indsendte indberetninger behandles strengt fortroligt af et udpeget medlem af Legal &amp; Compliance-afdelingen.<\/p>\n\n\n\n<p>Ud over Diamants interne whistleblower-system er det ogs\u00e5 muligt at indsende indberetninger til eksterne indberetningskontorer, herunder eksterne indberetningskontorer under dine national eller regionale regering eller dine lokale myndigheder.<\/p>\n\n\n\n<p>Tak for din hj\u00e6lp.<\/p>\n\n<\/div>\r\n      <\/div>\r\n    <\/div>\r\n  <\/div>\r\n<\/div><\/div>","protected":false},"excerpt":{"rendered":"","protected":false},"author":3,"featured_media":0,"parent":0,"menu_order":0,"comment_status":"closed","ping_status":"closed","template":"","meta":{"_acf_changed":false,"slim_seo":{"title":"Etisk rapport - Whistleblowere rapporterer til Diamant","description":"L\u00e6r mere om Diamants whistleblower-system. L\u00e6r, hvordan du rapporterer overtr\u00e6delser af virksomhedens politikker og love."},"footnotes":""},"class_list":["post-66500","page","type-page","status-publish","hentry"],"acf":[],"_links":{"self":[{"href":"https:\/\/www.diamantrad.com\/da-DK\/wp-json\/wp\/v2\/pages\/66500","targetHints":{"allow":["GET"]}}],"collection":[{"href":"https:\/\/www.diamantrad.com\/da-DK\/wp-json\/wp\/v2\/pages"}],"about":[{"href":"https:\/\/www.diamantrad.com\/da-DK\/wp-json\/wp\/v2\/types\/page"}],"author":[{"embeddable":true,"href":"https:\/\/www.diamantrad.com\/da-DK\/wp-json\/wp\/v2\/users\/3"}],"replies":[{"embeddable":true,"href":"https:\/\/www.diamantrad.com\/da-DK\/wp-json\/wp\/v2\/comments?post=66500"}],"version-history":[{"count":2,"href":"https:\/\/www.diamantrad.com\/da-DK\/wp-json\/wp\/v2\/pages\/66500\/revisions"}],"predecessor-version":[{"id":66502,"href":"https:\/\/www.diamantrad.com\/da-DK\/wp-json\/wp\/v2\/pages\/66500\/revisions\/66502"}],"wp:attachment":[{"href":"https:\/\/www.diamantrad.com\/da-DK\/wp-json\/wp\/v2\/media?parent=66500"}],"curies":[{"name":"wp","href":"https:\/\/api.w.org\/{rel}","templated":true}]}}