{"id":66503,"date":"2025-08-21T16:38:17","date_gmt":"2025-08-21T14:38:17","guid":{"rendered":"https:\/\/www.diamantrad.com\/?page_id=66503"},"modified":"2025-08-21T16:38:18","modified_gmt":"2025-08-21T14:38:18","slug":"store-finder","status":"publish","type":"page","link":"https:\/\/www.diamantrad.com\/da-DK\/store-finder\/","title":{"rendered":"Store Finder"},"content":{"rendered":"\n<!-- LOCALLY.COM WIDGET EMBED CODE -->\n<div id=\"lcly-button-0\"\n   >\n  <a id=\"lcly-link-0\" href=\"https:\/\/brands.locally.com\" target=\"_blank\">\n    Gesch\u00e4ftsuche by Locally\n  <\/a>\n<\/div>\n<script id=\"lcly-script-0\" async><\/script>\n<script id=\"lcly-config-0\">\n  var lcly_config_0 = {\n    \"company_name\": \"Diamant\",\n    \"company_id\": \"164925\",\n    \"inline\": \"1\",\n    \"lang\": \"da-dk\",\n    \"no_link\": \"1\"\n  };\n  var lcly_query_0 = Object.keys(lcly_config_0)\n  .reduce(function(a,k){a.push(encodeURIComponent(k) + '=' \n  + encodeURIComponent(lcly_config_0[k]));return a},[]).join('&');\n  var lcly_endpoint_0 = 'https:\/\/diamant.locally.com\/stores\/map.js?' + lcly_query_0;\n  document.getElementById('lcly-script-0').src = lcly_endpoint_0;\n<\/script>\n\n\n\n\n<div class=\"lazyblock-nncontainer-Z1dYpTQ wp-block-lazyblock-nncontainer\"><div class=\"section-standard\">\r\n  <div class=\"container\" id=\"container-Z1dYpTQ\">\r\n    <div class=\"row\">\r\n      <div class=\"col py-4 py-lg-5\">\r\n        <div class=\"lazyblock-inner-blocks\">\n\n<p>Hvilken cykelforretning i n\u00e6rheden af dig samarbejder med Diamant? Hvor finder du din Diamant-dr\u00f8mmecykel, der er klar til at k\u00f8re ud af forretningen og ud p\u00e5 vejen? Deltagende forhandlere viser deres lager direkte i vores butiksfinder \u2013 du kan endda reservere din cykel eller k\u00f8be online direkte i dette v\u00e6rkt\u00f8j.<\/p>\n\n\n\n<p>Diamant samarbejder med mere end 500 erfarne partnere i mange europ\u00e6iske lande. Du finder Diamant opsl\u00e5et hos de st\u00f8rste cykelk\u00e6der, men ogs\u00e5 i mange uafh\u00e6ngige lokale cykelbutikker i dit kvarter. Uanset hvilken service du foretr\u00e6kker, f\u00e5r du den. Vi uddanner vores partnere, s\u00e5 du f\u00e5r den bedste og mest tilpassede r\u00e5dgivning om din n\u00e6ste cykel.<\/p>\n\n<\/div>\r\n      <\/div>\r\n    <\/div>\r\n  <\/div>\r\n<\/div><\/div>","protected":false},"excerpt":{"rendered":"<p>Gesch\u00e4ftsuche by Locally<\/p>\n","protected":false},"author":3,"featured_media":0,"parent":0,"menu_order":0,"comment_status":"closed","ping_status":"closed","template":"","meta":{"_acf_changed":false,"slim_seo":{"title":"Find en forhandler \u2013 cykelbutikker med Diamant n\u00e6r dig","description":"Find diamantforhandlere i n\u00e6rheden af dig. Tag en pr\u00f8vetur. Pr\u00f8v cykler, informer dem, k\u00f8b dem. Find en forhandler nu."},"footnotes":""},"class_list":["post-66503","page","type-page","status-publish","hentry"],"acf":[],"_links":{"self":[{"href":"https:\/\/www.diamantrad.com\/da-DK\/wp-json\/wp\/v2\/pages\/66503","targetHints":{"allow":["GET"]}}],"collection":[{"href":"https:\/\/www.diamantrad.com\/da-DK\/wp-json\/wp\/v2\/pages"}],"about":[{"href":"https:\/\/www.diamantrad.com\/da-DK\/wp-json\/wp\/v2\/types\/page"}],"author":[{"embeddable":true,"href":"https:\/\/www.diamantrad.com\/da-DK\/wp-json\/wp\/v2\/users\/3"}],"replies":[{"embeddable":true,"href":"https:\/\/www.diamantrad.com\/da-DK\/wp-json\/wp\/v2\/comments?post=66503"}],"version-history":[{"count":1,"href":"https:\/\/www.diamantrad.com\/da-DK\/wp-json\/wp\/v2\/pages\/66503\/revisions"}],"predecessor-version":[{"id":66504,"href":"https:\/\/www.diamantrad.com\/da-DK\/wp-json\/wp\/v2\/pages\/66503\/revisions\/66504"}],"wp:attachment":[{"href":"https:\/\/www.diamantrad.com\/da-DK\/wp-json\/wp\/v2\/media?parent=66503"}],"curies":[{"name":"wp","href":"https:\/\/api.w.org\/{rel}","templated":true}]}}