{"id":66585,"date":"2025-08-22T11:23:55","date_gmt":"2025-08-22T09:23:55","guid":{"rendered":"https:\/\/www.diamantrad.com\/?page_id=66585"},"modified":"2025-08-22T11:23:55","modified_gmt":"2025-08-22T09:23:55","slug":"about-us","status":"publish","type":"page","link":"https:\/\/www.diamantrad.com\/da-DK\/about-us\/","title":{"rendered":"About us"},"content":{"rendered":"\n<div class=\"wp-block-cover is-light\"><img data-dominant-color=\"75807f\" data-has-transparency=\"false\" style=\"--dominant-color: #75807f;\" loading=\"lazy\" decoding=\"async\" width=\"1661\" height=\"932\" sizes=\"auto, (max-width: 1661px) 100vw, 1661px\" class=\"wp-block-cover__image-background wp-image-57524 size-full not-transparent\" alt=\"About us hero house of diamant\" src=\"https:\/\/www.diamantrad.com\/wp-content\/uploads\/2025\/03\/about-us-hero-house-of-diamant-png.avif\" data-object-fit=\"cover\" srcset=\"https:\/\/www.diamantrad.com\/wp-content\/uploads\/2025\/03\/about-us-hero-house-of-diamant-png.avif 1661w, https:\/\/www.diamantrad.com\/wp-content\/uploads\/2025\/03\/about-us-hero-house-of-diamant-300x168.avif 300w, https:\/\/www.diamantrad.com\/wp-content\/uploads\/2025\/03\/about-us-hero-house-of-diamant-1024x575.avif 1024w, https:\/\/www.diamantrad.com\/wp-content\/uploads\/2025\/03\/about-us-hero-house-of-diamant-768x431.avif 768w, https:\/\/www.diamantrad.com\/wp-content\/uploads\/2025\/03\/about-us-hero-house-of-diamant-1536x862.avif 1536w\" \/><span aria-hidden=\"true\" class=\"wp-block-cover__background has-background-dim\" style=\"background-color:#848687\"><\/span><div class=\"wp-block-cover__inner-container is-layout-constrained wp-block-cover-is-layout-constrained\"><div class=\"lazyblock-cover-text-2nxoOO wp-block-lazyblock-cover-text\"><div class=\"covertext container py-5 d-flex flex-column colorscheme-light justify-content-center\" id=\"covertext-2nxoOO\">\r\n  <div class=\"lazyblock-inner-blocks\">\n\n<h2 class=\"wp-block-heading\">Diamant<\/h2>\n\n\n\n<h3 class=\"wp-block-heading\">Bev\u00e6gelse er vores faste holdepunkt.<\/h3>\n\n<\/div>\r\n<\/div><\/div><\/div><\/div>\n\n\n<div class=\"lazyblock-nncontainer-11zmep wp-block-lazyblock-nncontainer\"><div class=\"section-standard\">\r\n  <div class=\"container\" id=\"container-11zmep\">\r\n    <div class=\"row\">\r\n      <div class=\"col py-4 py-lg-5\">\r\n        <div class=\"lazyblock-inner-blocks\">\n<div class=\"wp-bootstrap-blocks-row row\">\n\t\n\n<div class=\"col-12 col-md-6\">\n\t\t\t\n\n<h2 class=\"wp-block-heading has-text-align-right\">Bewegt seit 1885<\/h2>\n\n\t<\/div>\n\n\n\n<div class=\"col-12 col-md-6\">\n\t\t\t\n\n<p>Vores virksomhed blev grundlagt i 1885. Vi er Tysklands \u00e6ldste cykelproducent og det eneste st\u00f8rre cykelm\u00e6rke fra det tidligere \u00d8sttyskland. Diamant giver folk mulighed for at n\u00e5 l\u00e6ngere. Mere mobilitet. Flere steder. Mere aktivitet. Flere oplevelser. Mere kvalitet. Mere frihed.<\/p>\n\n\n\n<p>Bev\u00e6gelse er vores faste holdepunkt. Tiden f\u00f8rer os fremad, men vi bev\u00e6ger ogs\u00e5 tiden og mennesker fremad. At flytte mennesker skaber begejstring. At flytte ting skaber forandring. Bev\u00e6gede tanker skaber retning.<\/p>\n\n\n\n<p>Og dig? Kom afsted. Kom i gang. Bliv ansigtet for menneskelig forandring. V\u00e6r en perle for nogen. Det er d\u00e9t, vores cykler er skabt til. Enkle, gennemf\u00f8rte cykler med vores unikke blanding af funktion, finesse, arv og fremskridt. Og lad os sige det klart: Det er vi ret gode til. Ikke overbevist? Pr\u00f8v selv!<\/p>\n\n\n\n<div class=\"wp-block-buttons is-content-justification-left is-layout-flex wp-container-core-buttons-is-layout-fdcfc74e wp-block-buttons-is-layout-flex\">\n<div class=\"wp-block-button mb-1\"><a role=\"button\" class=\"wp-block-button__link wp-element-button\" href=\"https:\/\/www.diamantrad.com\/da-DK\/why-diamant\/\">Hvorfor ride Diamant<\/a><\/div>\n<\/div>\n\n\t<\/div>\n\n<\/div>\n\n<\/div>\r\n      <\/div>\r\n    <\/div>\r\n  <\/div>\r\n<\/div><\/div>\n\n\n<div class=\"wp-block-cover is-light\"><img data-dominant-color=\"b97f80\" data-has-transparency=\"false\" style=\"--dominant-color: #b97f80;\" loading=\"lazy\" decoding=\"async\" width=\"1620\" height=\"1080\" sizes=\"auto, (max-width: 1620px) 100vw, 1620px\" class=\"wp-block-cover__image-background wp-image-36273 size-full not-transparent\" alt=\"\" src=\"https:\/\/www.diamantrad.com\/wp-content\/uploads\/2025\/02\/aa41f2bf84a7f0e232bd45f9b6a7da38.avif\" data-object-fit=\"cover\" srcset=\"https:\/\/www.diamantrad.com\/wp-content\/uploads\/2025\/02\/aa41f2bf84a7f0e232bd45f9b6a7da38.avif 1620w, https:\/\/www.diamantrad.com\/wp-content\/uploads\/2025\/02\/aa41f2bf84a7f0e232bd45f9b6a7da38-300x200.avif 300w, https:\/\/www.diamantrad.com\/wp-content\/uploads\/2025\/02\/aa41f2bf84a7f0e232bd45f9b6a7da38-1024x683.avif 1024w, https:\/\/www.diamantrad.com\/wp-content\/uploads\/2025\/02\/aa41f2bf84a7f0e232bd45f9b6a7da38-768x512.avif 768w, https:\/\/www.diamantrad.com\/wp-content\/uploads\/2025\/02\/aa41f2bf84a7f0e232bd45f9b6a7da38-1536x1024.avif 1536w\" \/><span aria-hidden=\"true\" class=\"wp-block-cover__background has-background-dim-0 has-background-dim\" style=\"background-color:#c2c1c2\"><\/span><div class=\"wp-block-cover__inner-container is-layout-constrained wp-block-cover-is-layout-constrained\">\n<p class=\"has-text-align-center has-large-font-size\"><\/p>\n<\/div><\/div>\n\n\n<div class=\"lazyblock-nncontainer-GWka wp-block-lazyblock-nncontainer\"><div class=\"section-standard\">\r\n  <div class=\"container\" id=\"container-GWka\">\r\n    <div class=\"row\">\r\n      <div class=\"col py-4 py-lg-5\">\r\n        <div class=\"lazyblock-inner-blocks\">\n\n<h2 class=\"wp-block-heading\">Heartmade in Hartmannsdorf<\/h2>\n\n\n\n<p>Vi er over 400 helt normale, jordn\u00e6re mennesker. Men vi br\u00e6nder alle for, at din Diamant f\u00e5r dig til at skinne, mens du k\u00f8rer.<\/p>\n\n\n\n<p>Det er os. Mere end 400 helt almindelige, \u00e6rlige mennesker, der arbejder i en lille landsby t\u00e6t p\u00e5 Chemnitz. Nogle har v\u00e6ret her i over 40 \u00e5r. Nogle kun i kort tid. Sandheden er, at vi ikke alle er passionerede cyklister. Men vi br\u00e6nder alle for, at du bliver forelsket i din Diamant. Det giver os gl\u00e6de, stolthed og tilfredshed. Vidste du, at Chemnitz var centrum for den tyske cykelindustri i begyndelsen af 1900-tallet? Af alt det er kun Diamant tilbage. Vi repr\u00e6senterer og videreudvikler arven fra vores elskede hjem. S\u00e5 selv om det nogle dage bare er et job: Vi identificerer os med det, vi g\u00f8r, og vores cykler er ambassad\u00f8rer for, hvem vi er. At tage dette subtile, men betydningsfulde skridt fra \u201ch\u00e5ndlavet\u201d til \u201chjertelavet\u201d.<\/p>\n\n<\/div>\r\n      <\/div>\r\n    <\/div>\r\n  <\/div>\r\n<\/div><\/div>\n\n\n<div class=\"wp-block-cover is-light\"><img data-dominant-color=\"797c88\" data-has-transparency=\"false\" loading=\"lazy\" decoding=\"async\" width=\"2560\" height=\"1707\" sizes=\"auto, (max-width: 2560px) 100vw, 2560px\" class=\"wp-block-cover__image-background wp-image-55530 size-full not-transparent\" alt=\"\" src=\"https:\/\/www.diamantrad.com\/wp-content\/uploads\/2025\/03\/diamant-about-us-heartmade-in-hartmansdorf-scaled.avif\" style=\"--dominant-color: #797c88; object-position:52% 0%\" data-object-fit=\"cover\" data-object-position=\"52% 0%\" srcset=\"https:\/\/www.diamantrad.com\/wp-content\/uploads\/2025\/03\/diamant-about-us-heartmade-in-hartmansdorf-scaled.avif 2560w, https:\/\/www.diamantrad.com\/wp-content\/uploads\/2025\/03\/diamant-about-us-heartmade-in-hartmansdorf-300x200.avif 300w, https:\/\/www.diamantrad.com\/wp-content\/uploads\/2025\/03\/diamant-about-us-heartmade-in-hartmansdorf-1024x683.avif 1024w, https:\/\/www.diamantrad.com\/wp-content\/uploads\/2025\/03\/diamant-about-us-heartmade-in-hartmansdorf-768x512.avif 768w, https:\/\/www.diamantrad.com\/wp-content\/uploads\/2025\/03\/diamant-about-us-heartmade-in-hartmansdorf-1536x1024.avif 1536w, https:\/\/www.diamantrad.com\/wp-content\/uploads\/2025\/03\/diamant-about-us-heartmade-in-hartmansdorf-2048x1365.avif 2048w\" \/><span aria-hidden=\"true\" class=\"wp-block-cover__background has-background-dim-0 has-background-dim\"><\/span><div class=\"wp-block-cover__inner-container is-layout-constrained wp-block-cover-is-layout-constrained\">\n<p class=\"has-text-align-center has-large-font-size\"><\/p>\n<\/div><\/div>\n\n\n<div class=\"lazyblock-nncontainer-20KPQK wp-block-lazyblock-nncontainer\"><div class=\"section-standard\">\r\n  <div class=\"container\" id=\"container-20KPQK\">\r\n    <div class=\"row\">\r\n      <div class=\"col py-4 py-lg-5\">\r\n        <div class=\"lazyblock-inner-blocks\">\n\n<h2 class=\"wp-block-heading\">Tysk kvalitet. Menneskelig varme.<\/h2>\n\n\n\n<p>Kvalitet, teknologi, ingeni\u00f8rkunst \u2013 vi er indbegrebet af tyske v\u00e6rdier. Men vi tilf\u00f8jer menneskelig varme og empati, s\u00e5 de kan opfylde deres form\u00e5l: at bev\u00e6ge mennesker, der bev\u00e6ger ting.<\/p>\n\n\n\n<p>\u201cMade in Germany\u201d st\u00e5r for kvalitet, ekspertise og fremragende ingeni\u00f8rarbejde. Diamant \u00f8nsker naturligvis at leve op til disse v\u00e6rdier. Men for os er bev\u00e6gelse langt mere end et koldt teknisk konstrukt. Cykler er til mennesker \u2013 og mennesker har dr\u00f8mme. De vil overvinde svagheder, sygdom eller manglende selvtillid. De vil opleve frihed og n\u00e5 deres m\u00e5l. Specifikationer og funktioner er derfor mere end et m\u00e5l i sig selv. De har en grund: at flytte mennesker, der flytter ting.<\/p>\n\n<\/div>\r\n      <\/div>\r\n    <\/div>\r\n  <\/div>\r\n<\/div><\/div>\n\n\n<div class=\"wp-block-cover is-light\"><img data-dominant-color=\"95807d\" data-has-transparency=\"false\" loading=\"lazy\" decoding=\"async\" width=\"1620\" height=\"1080\" sizes=\"auto, (max-width: 1620px) 100vw, 1620px\" class=\"wp-block-cover__image-background wp-image-55680 size-full not-transparent\" alt=\"\" src=\"https:\/\/www.diamantrad.com\/wp-content\/uploads\/2025\/03\/diamant-about-us-felix.avif\" style=\"--dominant-color: #95807d; object-position:50% 86%\" data-object-fit=\"cover\" data-object-position=\"50% 86%\" srcset=\"https:\/\/www.diamantrad.com\/wp-content\/uploads\/2025\/03\/diamant-about-us-felix.avif 1620w, https:\/\/www.diamantrad.com\/wp-content\/uploads\/2025\/03\/diamant-about-us-felix-300x200.avif 300w, https:\/\/www.diamantrad.com\/wp-content\/uploads\/2025\/03\/diamant-about-us-felix-1024x683.avif 1024w, https:\/\/www.diamantrad.com\/wp-content\/uploads\/2025\/03\/diamant-about-us-felix-768x512.avif 768w, https:\/\/www.diamantrad.com\/wp-content\/uploads\/2025\/03\/diamant-about-us-felix-1536x1024.avif 1536w\" \/><span aria-hidden=\"true\" class=\"wp-block-cover__background has-background-dim-0 has-background-dim\" style=\"background-color:#a3a5a4\"><\/span><div class=\"wp-block-cover__inner-container is-layout-constrained wp-block-cover-is-layout-constrained\">\n<p class=\"has-text-align-center has-large-font-size\"><\/p>\n<\/div><\/div>\n\n\n<div class=\"lazyblock-nncontainer-E8J4g wp-block-lazyblock-nncontainer\"><div class=\"section-standard\">\r\n  <div class=\"container\" id=\"container-E8J4g\">\r\n    <div class=\"row\">\r\n      <div class=\"col py-4 py-lg-5\">\r\n        <div class=\"lazyblock-inner-blocks\">\n\n<h2 class=\"wp-block-heading\">Et fedt ansigt af det andet Tyskland<\/h2>\n\n\n\n<p>Vi er \u00f8sttyskere. Vores historie handler om en lang s\u00f8gen efter frihed. Vi \u00e6ndrer ikke verden. Men vi kan g\u00f8re den mere komfortabel. Og det beh\u00f8ver ikke at v\u00e6re kedeligt.<\/p>\n\n\n\n<p>Vores historie g\u00e5r ud over alder og pr\u00e6stationer. Vi er \u00f8sttyskere. Derfor afspejler vores DNA den evige menneskelige s\u00f8gen efter frihed og et bedre liv i en verden med begr\u00e6nsninger. Vi byggede cykler for at udvide vores frirum, selv bag muren.<\/p>\n\n\n\n<p>Vores mure er ikke l\u00e6ngere fysiske, men vi arbejder stadig for at nedbryde begr\u00e6nsninger og gr\u00e6nser. At se ting fra en anden vinkel. Bryde fordomme. F\u00e5 os til at bev\u00e6ge os igen. Og dig. Nej, vi \u00e6ndrer ikke verden. Men vi kan g\u00f8re den mere komfortabel. Og sjovere.<\/p>\n\n<\/div>\r\n      <\/div>\r\n    <\/div>\r\n  <\/div>\r\n<\/div><\/div>\n\n\n<div class=\"wp-block-cover is-light\"><img data-dominant-color=\"8b7986\" data-has-transparency=\"false\" loading=\"lazy\" decoding=\"async\" width=\"1024\" height=\"683\" sizes=\"auto, (max-width: 1024px) 100vw, 1024px\" class=\"wp-block-cover__image-background wp-image-55546 size-large not-transparent\" alt=\"\" src=\"https:\/\/www.diamantrad.com\/wp-content\/uploads\/2025\/03\/DI_25_Mahon_Lifestyle_67I0858_72dpi-1024x683.avif\" style=\"--dominant-color: #8b7986; object-position:81% 62%\" data-object-fit=\"cover\" data-object-position=\"81% 62%\" srcset=\"https:\/\/www.diamantrad.com\/wp-content\/uploads\/2025\/03\/DI_25_Mahon_Lifestyle_67I0858_72dpi-1024x683.avif 1024w, https:\/\/www.diamantrad.com\/wp-content\/uploads\/2025\/03\/DI_25_Mahon_Lifestyle_67I0858_72dpi-300x200.avif 300w, https:\/\/www.diamantrad.com\/wp-content\/uploads\/2025\/03\/DI_25_Mahon_Lifestyle_67I0858_72dpi-768x512.avif 768w, https:\/\/www.diamantrad.com\/wp-content\/uploads\/2025\/03\/DI_25_Mahon_Lifestyle_67I0858_72dpi-1536x1024.avif 1536w, https:\/\/www.diamantrad.com\/wp-content\/uploads\/2025\/03\/DI_25_Mahon_Lifestyle_67I0858_72dpi.avif 1587w\" \/><span aria-hidden=\"true\" class=\"wp-block-cover__background has-background-dim-0 has-background-dim\" style=\"background-color:#978e83\"><\/span><div class=\"wp-block-cover__inner-container is-layout-constrained wp-block-cover-is-layout-constrained\">\n<p class=\"has-text-align-center has-large-font-size\"><\/p>\n<\/div><\/div>\n\n\n<div class=\"lazyblock-nncontainer-1VeDjm wp-block-lazyblock-nncontainer\"><div class=\"section-standard\">\r\n  <div class=\"container\" id=\"container-1VeDjm\">\r\n    <div class=\"row\">\r\n      <div class=\"col py-4 py-lg-5\">\r\n        <div class=\"lazyblock-inner-blocks\">\n\n<h2 class=\"wp-block-heading\">Et brand med arv, ikke en arv fra et brand<\/h2>\n\n\n\n<p>Vi g\u00e5r langt tilbage. Vi opfandt den moderne cykelk\u00e6de med dobbelte rulleled. Men der er ingen v\u00e6rdi i at v\u00e6re gammel, hvis man ikke er andet. Vi har historik i dag, fordi vi altid har v\u00e6ret moderne.<\/p>\n\n\n\n<p>Vi er et gammelt tysk m\u00e6rke. De f\u00f8rste tyske cyklister, der bar den gule cykeltr\u00f8je og blev verdensmestre, k\u00f8rte p\u00e5 Diamant. Og i begyndelsen af 1990\u2019erne introducerede vi ogs\u00e5 den anden moderne elcykel i serieproduktion. Men arv er statisk. Nutiden kr\u00e6ver bev\u00e6gelse. Vi er meget mere end endnu et gammelt m\u00e6rke med en kuffert fuld af historiske anekdoter. Vi har historik, fordi vi altid har v\u00e6ret moderne. Vores fortid var nutid, og vi m\u00f8der stadig udfordringer. Vi er lige s\u00e5 unge, som vi er gamle. Udvikling er vores arv, og vi t\u00f8r stadig bryde vores egne konventioner.<\/p>\n\n\n\n<p>Vi er mere end blot et brand. Vi er et brand med traditioner.<\/p>\n\n\n\n<div class=\"wp-block-buttons is-content-justification-left is-layout-flex wp-container-core-buttons-is-layout-fdcfc74e wp-block-buttons-is-layout-flex\">\n<div class=\"wp-block-button\"><a role=\"button\" class=\"wp-block-button__link wp-element-button\" href=\"https:\/\/www.diamantrad.com\/da-DK\/history\/\">Vores historie i detaljer<\/a><\/div>\n<\/div>\n\n<\/div>\r\n      <\/div>\r\n    <\/div>\r\n  <\/div>\r\n<\/div><\/div>\n\n\n<p><\/p>\n","protected":false},"excerpt":{"rendered":"","protected":false},"author":3,"featured_media":0,"parent":0,"menu_order":0,"comment_status":"closed","ping_status":"closed","template":"","meta":{"_acf_changed":false,"slim_seo":{"title":"Diamant - Heartmade in Hartmannsdorf - det tyske kultm\u00e6rke","description":"Oplev den moderne, jordn\u00e6re side af Tysklands \u00e6ldste cykelm\u00e6rke. Bev\u00e6gelse er vores fokus. Frihed er vores m\u00e5l."},"footnotes":""},"class_list":["post-66585","page","type-page","status-publish","hentry"],"acf":[],"_links":{"self":[{"href":"https:\/\/www.diamantrad.com\/da-DK\/wp-json\/wp\/v2\/pages\/66585","targetHints":{"allow":["GET"]}}],"collection":[{"href":"https:\/\/www.diamantrad.com\/da-DK\/wp-json\/wp\/v2\/pages"}],"about":[{"href":"https:\/\/www.diamantrad.com\/da-DK\/wp-json\/wp\/v2\/types\/page"}],"author":[{"embeddable":true,"href":"https:\/\/www.diamantrad.com\/da-DK\/wp-json\/wp\/v2\/users\/3"}],"replies":[{"embeddable":true,"href":"https:\/\/www.diamantrad.com\/da-DK\/wp-json\/wp\/v2\/comments?post=66585"}],"version-history":[{"count":1,"href":"https:\/\/www.diamantrad.com\/da-DK\/wp-json\/wp\/v2\/pages\/66585\/revisions"}],"predecessor-version":[{"id":66601,"href":"https:\/\/www.diamantrad.com\/da-DK\/wp-json\/wp\/v2\/pages\/66585\/revisions\/66601"}],"wp:attachment":[{"href":"https:\/\/www.diamantrad.com\/da-DK\/wp-json\/wp\/v2\/media?parent=66585"}],"curies":[{"name":"wp","href":"https:\/\/api.w.org\/{rel}","templated":true}]}}