{"id":67907,"date":"2025-09-04T14:55:21","date_gmt":"2025-09-04T12:55:21","guid":{"rendered":"https:\/\/www.diamantrad.com\/?page_id=67907"},"modified":"2025-09-04T14:55:22","modified_gmt":"2025-09-04T12:55:22","slug":"e-cykelguide","status":"publish","type":"page","link":"https:\/\/www.diamantrad.com\/da-DK\/blog\/e-cykelguide\/","title":{"rendered":"E-cykelguide"},"content":{"rendered":"<div class=\"lazyblock-nncontainer-Z2bJS7k wp-block-lazyblock-nncontainer\"><div class=\"section-standard\">\r\n  <div class=\"container\" id=\"container-Z2bJS7k\">\r\n    <div class=\"row\">\r\n      <div class=\"col py-4 py-lg-5\">\r\n        <div class=\"lazyblock-inner-blocks\">\n                \r\n                <div class=\"blog-highlighted\">\r\n                    <div class=\"row g-5\">\r\n                        <div class=\"col-lg-6 mt-5\">\r\n                            <div class=\"entry-meta mb-4\">\r\n                                <div class=\"posted-on mb-2\">\r\n                                    <time datetime=\"2025-08-28T12:14:45+02:00\">28. august 2025<\/time>\r\n                                <\/div>\r\n                                <div class=\"post-categories\">\r\n                                    <a role=\"button\" href=\"\/da-DK\/blog\/e-cykelguide\/\">E-cykelguide<\/a>                                <\/div>\r\n                            <\/div>\r\n                            <h2><a href=\"https:\/\/www.diamantrad.com\/da-DK\/blog\/e-bike-battery-care\/\">Korrekt opbevaring og vedligeholdelse af elcykelbatteriet<\/a><\/h2>\r\n                            <p class=\"mb-0\">Oplysninger om opbevaring og pleje af elcykelbatterier \u25ba S\u00e5dan holder du dit cykelbatteri i god stand s\u00e5 l\u00e6nge som muligt!<\/p>\r\n                        <\/div>\r\n                        <div class=\"col-lg-6 mt-4 mt-lg-5\">\r\n                            <a class=\"post-thumbnail\" href=\"https:\/\/www.diamantrad.com\/da-DK\/blog\/e-bike-battery-care\/\" tabindex=\"-1\">\r\n                                <figure class=\"mb-0\"><img loading=\"lazy\" decoding=\"async\" width=\"992\" height=\"662\" src=\"https:\/\/www.diamantrad.com\/wp-content\/uploads\/2025\/08\/DI_24_Zing_Trip_Lifestyle_67I0184_300dpi-scaled-1-1024x683.jpg\" class=\"img-fluid wp-post-image\" alt=\"Korrekt opbevaring og vedligeholdelse af elcykelbatteriet\" srcset=\"https:\/\/www.diamantrad.com\/wp-content\/uploads\/2025\/08\/DI_24_Zing_Trip_Lifestyle_67I0184_300dpi-scaled-1-1024x683.jpg 1024w, https:\/\/www.diamantrad.com\/wp-content\/uploads\/2025\/08\/DI_24_Zing_Trip_Lifestyle_67I0184_300dpi-scaled-1-300x200.jpg 300w, https:\/\/www.diamantrad.com\/wp-content\/uploads\/2025\/08\/DI_24_Zing_Trip_Lifestyle_67I0184_300dpi-scaled-1-768x512.jpg 768w, https:\/\/www.diamantrad.com\/wp-content\/uploads\/2025\/08\/DI_24_Zing_Trip_Lifestyle_67I0184_300dpi-scaled-1-1536x1024.jpg 1536w, https:\/\/www.diamantrad.com\/wp-content\/uploads\/2025\/08\/DI_24_Zing_Trip_Lifestyle_67I0184_300dpi-scaled-1-2048x1366.jpg 2048w\" sizes=\"auto, (max-width: 992px) 100vw, 992px\" \/><\/figure>\r\n                            <\/a>\r\n                        <\/div>\r\n                    <\/div>\r\n                <\/div>\r\n\r\n                <hr \/>\r\n                <h3>Flere indl\u00e6g:<\/h3>\r\n                \r\n                <ul class=\"blog-filter mb-5\">\r\n                    <span>Filter<\/span>\r\n                    <li class=\"blog-filter-item blog-cat-all\">\r\n                        <a href=\"\/da-DK\/blog\/\">Alle<\/a>\r\n                    <\/li>\r\n                    <li class=\"blog-filter-item blog-cat-cykelguide\"><a href=\"\/da-DK\/blog\/cykelguide\/\">Cykelguide<\/a><\/li><li class=\"blog-filter-item blog-cat-e-cykelguide active\"><a href=\"\/da-DK\/blog\/e-cykelguide\/\">E-cykelguide<\/a><\/li><li class=\"blog-filter-item blog-cat-historie\"><a href=\"\/da-DK\/blog\/historie\/\">Historie<\/a><\/li><li class=\"blog-filter-item blog-cat-news\"><a href=\"\/da-DK\/blog\/news\/\">News<\/a><\/li><li class=\"blog-filter-item blog-cat-s-pedelec\"><a href=\"\/da-DK\/blog\/s-pedelec\/\">S-Pedelec<\/a><\/li><li class=\"blog-filter-item blog-cat-stories\"><a href=\"\/da-DK\/blog\/stories\/\">Stories<\/a><\/li><li class=\"blog-filter-item blog-cat-tech\"><a href=\"\/da-DK\/blog\/tech\/\">Tech<\/a><\/li>                <\/ul>\r\n\r\n                    <ul class=\"blog-loop\">\r\n                            <li class=\"blog-loop-item mb-0\">\r\n                    <a class=\"post-thumbnail\" href=\"https:\/\/www.diamantrad.com\/da-DK\/blog\/e-bike-battery-manufacturing-and-sustainability\/\" tabindex=\"-1\">\r\n                        <figure class=\"mb-3\"><img loading=\"lazy\" decoding=\"async\" width=\"992\" height=\"661\" src=\"https:\/\/www.diamantrad.com\/wp-content\/uploads\/2025\/08\/22DIA_Life_OpalTRA_300dpi_67I9619-scaled-1-1024x682.jpg\" class=\"img-fluid wp-post-image\" alt=\"Fremstilling af batterier til elcykler Hvor b\u00e6redygtigt er et cykelbatteri?\" srcset=\"https:\/\/www.diamantrad.com\/wp-content\/uploads\/2025\/08\/22DIA_Life_OpalTRA_300dpi_67I9619-scaled-1-1024x682.jpg 1024w, https:\/\/www.diamantrad.com\/wp-content\/uploads\/2025\/08\/22DIA_Life_OpalTRA_300dpi_67I9619-scaled-1-300x200.jpg 300w, https:\/\/www.diamantrad.com\/wp-content\/uploads\/2025\/08\/22DIA_Life_OpalTRA_300dpi_67I9619-scaled-1-768x512.jpg 768w, https:\/\/www.diamantrad.com\/wp-content\/uploads\/2025\/08\/22DIA_Life_OpalTRA_300dpi_67I9619-scaled-1-1536x1024.jpg 1536w, https:\/\/www.diamantrad.com\/wp-content\/uploads\/2025\/08\/22DIA_Life_OpalTRA_300dpi_67I9619-scaled-1-2048x1365.jpg 2048w\" sizes=\"auto, (max-width: 992px) 100vw, 992px\" \/><\/figure>\r\n                    <\/a>\r\n                    <div class=\"blog-loop-content\">\r\n                        <div class=\"entry-meta mb-3\">\r\n                            <div class=\"posted-on mb-2\">\r\n                                <time datetime=\"2025-08-28T12:05:23+02:00\">28. august 2025<\/time>\r\n                            <\/div>\r\n                            <div class=\"post-categories\">\r\n                                <a role=\"button\" href=\"\/da-DK\/blog\/e-cykelguide\/\">E-cykelguide<\/a>                            <\/div>\r\n                        <\/div>\r\n                        <h4><a href=\"https:\/\/www.diamantrad.com\/da-DK\/blog\/e-bike-battery-manufacturing-and-sustainability\/\">Fremstilling af batterier til elcykler Hvor b\u00e6redygtigt er et cykelbatteri?<\/a><\/h4>\r\n                    <\/div>\r\n                <\/li>\r\n                            <li class=\"blog-loop-item mb-0\">\r\n                    <a class=\"post-thumbnail\" href=\"https:\/\/www.diamantrad.com\/da-DK\/blog\/e-bike-battery-service-life\/\" tabindex=\"-1\">\r\n                        <figure class=\"mb-3\"><img loading=\"lazy\" decoding=\"async\" width=\"992\" height=\"662\" src=\"https:\/\/www.diamantrad.com\/wp-content\/uploads\/2025\/02\/DIA-Zing-Battery-1200x800-1-1024x683.avif\" class=\"img-fluid wp-post-image\" alt=\"Batteriets levetid p\u00e5 elcykler: Hvor l\u00e6nge holder et cykelbatteri?\u00a0\" srcset=\"https:\/\/www.diamantrad.com\/wp-content\/uploads\/2025\/02\/DIA-Zing-Battery-1200x800-1-1024x683.avif 1024w, https:\/\/www.diamantrad.com\/wp-content\/uploads\/2025\/02\/DIA-Zing-Battery-1200x800-1-300x200.avif 300w, https:\/\/www.diamantrad.com\/wp-content\/uploads\/2025\/02\/DIA-Zing-Battery-1200x800-1-768x512.avif 768w, https:\/\/www.diamantrad.com\/wp-content\/uploads\/2025\/02\/DIA-Zing-Battery-1200x800-1.avif 1200w\" sizes=\"auto, (max-width: 992px) 100vw, 992px\" \/><\/figure>\r\n                    <\/a>\r\n                    <div class=\"blog-loop-content\">\r\n                        <div class=\"entry-meta mb-3\">\r\n                            <div class=\"posted-on mb-2\">\r\n                                <time datetime=\"2025-08-28T11:51:15+02:00\">28. august 2025<\/time>\r\n                            <\/div>\r\n                            <div class=\"post-categories\">\r\n                                <a role=\"button\" href=\"\/da-DK\/blog\/e-cykelguide\/\">E-cykelguide<\/a>                            <\/div>\r\n                        <\/div>\r\n                        <h4><a href=\"https:\/\/www.diamantrad.com\/da-DK\/blog\/e-bike-battery-service-life\/\">Batteriets levetid p\u00e5 elcykler: Hvor l\u00e6nge holder et cykelbatteri?\u00a0<\/a><\/h4>\r\n                    <\/div>\r\n                <\/li>\r\n                            <li class=\"blog-loop-item mb-0\">\r\n                    <a class=\"post-thumbnail\" href=\"https:\/\/www.diamantrad.com\/da-DK\/blog\/e-bike-battery-charge\/\" tabindex=\"-1\">\r\n                        <figure class=\"mb-3\"><img loading=\"lazy\" decoding=\"async\" width=\"992\" height=\"662\" src=\"https:\/\/www.diamantrad.com\/wp-content\/uploads\/2025\/08\/23DIA_Life_365_300dpi_Z2A1648-scaled-1-1024x683.jpg\" class=\"img-fluid wp-post-image\" alt=\"Opladning af elcykelbatteriet: Tip til en korrekt opladningsproces\u00a0\" srcset=\"https:\/\/www.diamantrad.com\/wp-content\/uploads\/2025\/08\/23DIA_Life_365_300dpi_Z2A1648-scaled-1-1024x683.jpg 1024w, https:\/\/www.diamantrad.com\/wp-content\/uploads\/2025\/08\/23DIA_Life_365_300dpi_Z2A1648-scaled-1-300x200.jpg 300w, https:\/\/www.diamantrad.com\/wp-content\/uploads\/2025\/08\/23DIA_Life_365_300dpi_Z2A1648-scaled-1-768x512.jpg 768w, https:\/\/www.diamantrad.com\/wp-content\/uploads\/2025\/08\/23DIA_Life_365_300dpi_Z2A1648-scaled-1-1536x1024.jpg 1536w, https:\/\/www.diamantrad.com\/wp-content\/uploads\/2025\/08\/23DIA_Life_365_300dpi_Z2A1648-scaled-1-2048x1366.jpg 2048w\" sizes=\"auto, (max-width: 992px) 100vw, 992px\" \/><\/figure>\r\n                    <\/a>\r\n                    <div class=\"blog-loop-content\">\r\n                        <div class=\"entry-meta mb-3\">\r\n                            <div class=\"posted-on mb-2\">\r\n                                <time datetime=\"2025-08-28T11:21:24+02:00\">28. august 2025<\/time>\r\n                            <\/div>\r\n                            <div class=\"post-categories\">\r\n                                <a role=\"button\" href=\"\/da-DK\/blog\/e-cykelguide\/\">E-cykelguide<\/a>                            <\/div>\r\n                        <\/div>\r\n                        <h4><a href=\"https:\/\/www.diamantrad.com\/da-DK\/blog\/e-bike-battery-charge\/\">Opladning af elcykelbatteriet: Tip til en korrekt opladningsproces\u00a0<\/a><\/h4>\r\n                    <\/div>\r\n                <\/li>\r\n                            <li class=\"blog-loop-item mb-0\">\r\n                    <a class=\"post-thumbnail\" href=\"https:\/\/www.diamantrad.com\/da-DK\/blog\/e-bike-battery-safety\/\" tabindex=\"-1\">\r\n                        <figure class=\"mb-3\"><img loading=\"lazy\" decoding=\"async\" width=\"992\" height=\"662\" src=\"https:\/\/www.diamantrad.com\/wp-content\/uploads\/2022\/10\/DI_25_Suvea_Lifestyle_67I2961_300dpi-1024x683.avif\" class=\"img-fluid not-transparent wp-post-image\" alt=\"Hvor sikre er elcykelbatterier?\" srcset=\"https:\/\/www.diamantrad.com\/wp-content\/uploads\/2022\/10\/DI_25_Suvea_Lifestyle_67I2961_300dpi-1024x683.avif 1024w, https:\/\/www.diamantrad.com\/wp-content\/uploads\/2022\/10\/DI_25_Suvea_Lifestyle_67I2961_300dpi-300x200.avif 300w, https:\/\/www.diamantrad.com\/wp-content\/uploads\/2022\/10\/DI_25_Suvea_Lifestyle_67I2961_300dpi-768x512.avif 768w, https:\/\/www.diamantrad.com\/wp-content\/uploads\/2022\/10\/DI_25_Suvea_Lifestyle_67I2961_300dpi-1536x1024.avif 1536w, https:\/\/www.diamantrad.com\/wp-content\/uploads\/2022\/10\/DI_25_Suvea_Lifestyle_67I2961_300dpi-2048x1365.avif 2048w\" sizes=\"auto, (max-width: 992px) 100vw, 992px\" data-has-transparency=\"false\" data-dominant-color=\"987984\" style=\"--dominant-color: #987984;\" \/><\/figure>\r\n                    <\/a>\r\n                    <div class=\"blog-loop-content\">\r\n                        <div class=\"entry-meta mb-3\">\r\n                            <div class=\"posted-on mb-2\">\r\n                                <time datetime=\"2025-08-28T10:22:44+02:00\">28. august 2025<\/time>\r\n                            <\/div>\r\n                            <div class=\"post-categories\">\r\n                                <a role=\"button\" href=\"\/da-DK\/blog\/e-cykelguide\/\">E-cykelguide<\/a>                            <\/div>\r\n                        <\/div>\r\n                        <h4><a href=\"https:\/\/www.diamantrad.com\/da-DK\/blog\/e-bike-battery-safety\/\">Hvor sikre er elcykelbatterier?<\/a><\/h4>\r\n                    <\/div>\r\n                <\/li>\r\n                            <li class=\"blog-loop-item mb-0\">\r\n                    <a class=\"post-thumbnail\" href=\"https:\/\/www.diamantrad.com\/da-DK\/blog\/e-bike-battery-winter-care\/\" tabindex=\"-1\">\r\n                        <figure class=\"mb-3\"><img loading=\"lazy\" decoding=\"async\" width=\"992\" height=\"662\" src=\"https:\/\/www.diamantrad.com\/wp-content\/uploads\/2025\/03\/DI_25_Suvea_Lifestyle_67I6917_300dpi-2-1024x683.avif\" class=\"img-fluid wp-post-image\" alt=\"Vinterpleje til elcykelbatterier S\u00e5dan opretholder du optimal ydeevne trods kulden\" srcset=\"https:\/\/www.diamantrad.com\/wp-content\/uploads\/2025\/03\/DI_25_Suvea_Lifestyle_67I6917_300dpi-2-1024x683.avif 1024w, https:\/\/www.diamantrad.com\/wp-content\/uploads\/2025\/03\/DI_25_Suvea_Lifestyle_67I6917_300dpi-2-300x200.avif 300w, https:\/\/www.diamantrad.com\/wp-content\/uploads\/2025\/03\/DI_25_Suvea_Lifestyle_67I6917_300dpi-2-768x512.avif 768w, https:\/\/www.diamantrad.com\/wp-content\/uploads\/2025\/03\/DI_25_Suvea_Lifestyle_67I6917_300dpi-2-1536x1024.avif 1536w, https:\/\/www.diamantrad.com\/wp-content\/uploads\/2025\/03\/DI_25_Suvea_Lifestyle_67I6917_300dpi-2-2048x1365.avif 2048w\" sizes=\"auto, (max-width: 992px) 100vw, 992px\" \/><\/figure>\r\n                    <\/a>\r\n                    <div class=\"blog-loop-content\">\r\n                        <div class=\"entry-meta mb-3\">\r\n                            <div class=\"posted-on mb-2\">\r\n                                <time datetime=\"2025-08-28T09:54:11+02:00\">28. august 2025<\/time>\r\n                            <\/div>\r\n                            <div class=\"post-categories\">\r\n                                <a role=\"button\" href=\"\/da-DK\/blog\/e-cykelguide\/\">E-cykelguide<\/a>                            <\/div>\r\n                        <\/div>\r\n                        <h4><a href=\"https:\/\/www.diamantrad.com\/da-DK\/blog\/e-bike-battery-winter-care\/\">Vinterpleje til elcykelbatterier S\u00e5dan opretholder du optimal ydeevne trods kulden<\/a><\/h4>\r\n                    <\/div>\r\n                <\/li>\r\n                    <\/ul>\r\n\r\n                    <div class=\"pagination justify-content-center mt-5\">\r\n                            <\/div>\r\n        \n\n<\/div>\r\n      <\/div>\r\n    <\/div>\r\n  <\/div>\r\n<\/div><\/div>","protected":false},"excerpt":{"rendered":"","protected":false},"author":10,"featured_media":0,"parent":67218,"menu_order":0,"comment_status":"closed","ping_status":"closed","template":"","meta":{"_acf_changed":false,"slim_seo":{"title":"Vinterpleje til elcykelbatterier S\u00e5dan opretholder du optimal ydeevne trods kulden","description":"I denne guide viser vi dig, hvad du skal v\u00e6re opm\u00e6rksom p\u00e5 om vinteren for at holde din e-cykel og batteri i optimal stand."},"footnotes":""},"class_list":["post-67907","page","type-page","status-publish","hentry"],"acf":[],"_links":{"self":[{"href":"https:\/\/www.diamantrad.com\/da-DK\/wp-json\/wp\/v2\/pages\/67907","targetHints":{"allow":["GET"]}}],"collection":[{"href":"https:\/\/www.diamantrad.com\/da-DK\/wp-json\/wp\/v2\/pages"}],"about":[{"href":"https:\/\/www.diamantrad.com\/da-DK\/wp-json\/wp\/v2\/types\/page"}],"author":[{"embeddable":true,"href":"https:\/\/www.diamantrad.com\/da-DK\/wp-json\/wp\/v2\/users\/10"}],"replies":[{"embeddable":true,"href":"https:\/\/www.diamantrad.com\/da-DK\/wp-json\/wp\/v2\/comments?post=67907"}],"version-history":[{"count":1,"href":"https:\/\/www.diamantrad.com\/da-DK\/wp-json\/wp\/v2\/pages\/67907\/revisions"}],"predecessor-version":[{"id":67910,"href":"https:\/\/www.diamantrad.com\/da-DK\/wp-json\/wp\/v2\/pages\/67907\/revisions\/67910"}],"up":[{"embeddable":true,"href":"https:\/\/www.diamantrad.com\/da-DK\/wp-json\/wp\/v2\/pages\/67218"}],"wp:attachment":[{"href":"https:\/\/www.diamantrad.com\/da-DK\/wp-json\/wp\/v2\/media?parent=67907"}],"curies":[{"name":"wp","href":"https:\/\/api.w.org\/{rel}","templated":true}]}}