{"id":31135,"date":"2024-01-08T11:48:29","date_gmt":"2024-01-08T10:48:29","guid":{"rendered":"https:\/\/www.diamantrad.com\/?page_id=31135"},"modified":"2025-10-16T14:54:14","modified_gmt":"2025-10-16T12:54:14","slug":"ethics-reporting","status":"publish","type":"page","link":"https:\/\/www.diamantrad.com\/de-AT\/ethics-reporting\/","title":{"rendered":"Ethics Reporting"},"content":{"rendered":"<div class=\"lazyblock-nncontainer-Z1YDRUo wp-block-lazyblock-nncontainer\"><div class=\"section-secondary\">\r\n  <div class=\"container\" id=\"container-Z1YDRUo\">\r\n    <div class=\"row\">\r\n      <div class=\"col py-4 py-lg-5\">\r\n        <div class=\"lazyblock-inner-blocks\">\n<div class=\"lazyblock-cover-text-ZCrmIz wp-block-lazyblock-cover-text\"><div class=\"covertext container py-5 d-flex flex-column colorscheme-light justify-content-center\" id=\"covertext-ZCrmIz\">\r\n  <div class=\"lazyblock-inner-blocks\">\n\n<h2 class=\"wp-block-heading\">Ethische Verst\u00f6\u00dfe melden<\/h2>\n\n<\/div>\r\n<\/div><\/div>\n<\/div>\r\n      <\/div>\r\n    <\/div>\r\n  <\/div>\r\n<\/div><\/div>\n\n<div class=\"lazyblock-nncontainer-Z15rYiC wp-block-lazyblock-nncontainer\"><div class=\"section-standard\">\r\n  <div class=\"container\" id=\"container-Z15rYiC\">\r\n    <div class=\"row\">\r\n      <div class=\"col py-4 py-lg-5\">\r\n        <div class=\"lazyblock-inner-blocks\">\n\n<p class=\"wp-block-paragraph\">Das Diamant Hinweisgeber-System \/ Beschwerdeverfahren dient der Meldung von Verst\u00f6\u00dfen gegen unsere Unternehmensgrunds\u00e4tze und gegen geltende Gesetze (u.a. Hinweisgeberschutzgesetz, Lieferkettensorgfaltspflichtengesetz, u.\u00e4.), zu deren Einhaltung wir uns durch den Diamant-Verhaltenskodex und die Grundsatzerkl\u00e4rung zur Einhaltung der Menschenrechte verpflichtet haben.<\/p>\n\n\n\n<p class=\"wp-block-paragraph\">Um angemessen auf Verst\u00f6\u00dfe reagieren zu k\u00f6nnen, m\u00fcssen wir diese m\u00f6glichst fr\u00fchzeitig erkennen. Hinweise \u00fcber (drohende) Verst\u00f6\u00dfe k\u00f6nnen per E-Mail an uns gemeldet werden: <a href=\"mailto:ethics@diamantrad.com\">ethics@diamantrad.com<\/a><\/p>\n\n\n\n<p class=\"wp-block-paragraph\">Ihr Hinweis hilft uns &#8211; nur so k\u00f6nnen wir fr\u00fchzeitig auf Verst\u00f6\u00dfe reagieren. Das ist wichtig, damit wir Sch\u00e4den sowohl f\u00fcr unser Unternehmen als auch f\u00fcr Mitarbeitende und Gesch\u00e4ftspartner so gering wie m\u00f6glich halten k\u00f6nnen.<\/p>\n\n\n\n<p class=\"wp-block-paragraph\">Eingehende Hinweise werden durch ein definiertes Mitglied der Abteilung Legal &amp; Compliance strikt vertraulich bearbeitet.<\/p>\n\n\n\n<p class=\"wp-block-paragraph\">Neben dem Diamant-internen Hinweisgebersystem besteht die M\u00f6glichkeit, Hinweise an externe Meldestellen abzugeben, u.a. an die externe Meldestelle des Bundes, der L\u00e4nder und Kommunen.<\/p>\n\n\n\n<p class=\"wp-block-paragraph\">Danke f\u00fcr Ihre Unterst\u00fctzung.<\/p>\n\n<\/div>\r\n      <\/div>\r\n    <\/div>\r\n  <\/div>\r\n<\/div><\/div>","protected":false},"excerpt":{"rendered":"","protected":false},"author":10,"featured_media":0,"parent":0,"menu_order":0,"comment_status":"closed","ping_status":"closed","template":"","meta":{"_acf_changed":false,"_crdt_document":"","slim_seo":{"title":"Ethik\u2011Report - Whistleblower melden bei Diamant","description":"Erfahre mehr \u00fcber das Whistleblower-System von Diamant. Informiere dich, wie du Verst\u00f6\u00dfe gegen Unternehmensleitlinien und Gesetze melden kannst."},"footnotes":""},"class_list":["post-31135","page","type-page","status-publish","hentry"],"acf":[],"_links":{"self":[{"href":"https:\/\/www.diamantrad.com\/en-GB\/wp-json\/wp\/v2\/pages\/31135","targetHints":{"allow":["GET"]}}],"collection":[{"href":"https:\/\/www.diamantrad.com\/en-GB\/wp-json\/wp\/v2\/pages"}],"about":[{"href":"https:\/\/www.diamantrad.com\/en-GB\/wp-json\/wp\/v2\/types\/page"}],"author":[{"embeddable":true,"href":"https:\/\/www.diamantrad.com\/en-GB\/wp-json\/wp\/v2\/users\/10"}],"replies":[{"embeddable":true,"href":"https:\/\/www.diamantrad.com\/en-GB\/wp-json\/wp\/v2\/comments?post=31135"}],"version-history":[{"count":2,"href":"https:\/\/www.diamantrad.com\/en-GB\/wp-json\/wp\/v2\/pages\/31135\/revisions"}],"predecessor-version":[{"id":59465,"href":"https:\/\/www.diamantrad.com\/en-GB\/wp-json\/wp\/v2\/pages\/31135\/revisions\/59465"}],"wp:attachment":[{"href":"https:\/\/www.diamantrad.com\/en-GB\/wp-json\/wp\/v2\/media?parent=31135"}],"curies":[{"name":"wp","href":"https:\/\/api.w.org\/{rel}","templated":true}]}}