{"id":57603,"date":"2025-03-24T10:57:59","date_gmt":"2025-03-24T09:57:59","guid":{"rendered":"https:\/\/dev.diamantrad.com\/?page_id=57603"},"modified":"2025-03-24T17:06:37","modified_gmt":"2025-03-24T16:06:37","slug":"blog","status":"publish","type":"page","link":"https:\/\/www.diamantrad.com\/de-AT\/blog\/","title":{"rendered":"Blog"},"content":{"rendered":"<div class=\"lazyblock-nncontainer-Z2bJS7k wp-block-lazyblock-nncontainer\"><div class=\"section-standard\">\r\n  <div class=\"container\" id=\"container-Z2bJS7k\">\r\n    <div class=\"row\">\r\n      <div class=\"col py-4 py-lg-5\">\r\n        <div class=\"lazyblock-inner-blocks\">\n                \r\n                <div class=\"blog-highlighted\">\r\n                    <div class=\"row g-5\">\r\n                        <div class=\"col-lg-6 mt-5\">\r\n                            <div class=\"entry-meta mb-4\">\r\n                                <div class=\"posted-on mb-2\">\r\n                                    <time datetime=\"2026-04-01T21:51:03+02:00\">1. April 2026<\/time>\r\n                                <\/div>\r\n                                <div class=\"post-categories\">\r\n                                    <a role=\"button\" href=\"\/de-AT\/blog\/e-bike-ratgeber\/\">E-Bike Ratgeber<\/a>                                <\/div>\r\n                            <\/div>\r\n                            <h2><a href=\"https:\/\/www.diamantrad.com\/de-AT\/blog\/usb-c-charging-for-ebikes\/\">Warum vielleicht einmal alle E-Bikes mit USB-C laden, aber spezielle Ladeger\u00e4te heute die bessere Wahl sind<\/a><\/h2>\r\n                            <p class=\"mb-0\">Kannst du ein E-Bike mit USB-C aufladen? Verstehe die aktuellen technischen Herausforderungen & Grenzen gegen\u00fcber speziellen Ladeger\u00e4ten.<\/p>\r\n                        <\/div>\r\n                        <div class=\"col-lg-6 mt-4 mt-lg-5\">\r\n                            <a class=\"post-thumbnail\" href=\"https:\/\/www.diamantrad.com\/de-AT\/blog\/usb-c-charging-for-ebikes\/\" tabindex=\"-1\">\r\n                                <figure class=\"mb-0\"><img loading=\"lazy\" decoding=\"async\" width=\"992\" height=\"338\" src=\"https:\/\/www.diamantrad.com\/wp-content\/uploads\/2026\/04\/diamant-blog-usb-c-charging-hero-2-2-1024x349.avif\" class=\"img-fluid wp-post-image\" alt=\"Warum vielleicht einmal alle E-Bikes mit USB-C laden, aber spezielle Ladeger\u00e4te heute die bessere Wahl sind\" srcset=\"https:\/\/www.diamantrad.com\/wp-content\/uploads\/2026\/04\/diamant-blog-usb-c-charging-hero-2-2-1024x349.avif 1024w, https:\/\/www.diamantrad.com\/wp-content\/uploads\/2026\/04\/diamant-blog-usb-c-charging-hero-2-2-300x102.avif 300w, https:\/\/www.diamantrad.com\/wp-content\/uploads\/2026\/04\/diamant-blog-usb-c-charging-hero-2-2-768x262.avif 768w, https:\/\/www.diamantrad.com\/wp-content\/uploads\/2026\/04\/diamant-blog-usb-c-charging-hero-2-2-1536x524.avif 1536w, https:\/\/www.diamantrad.com\/wp-content\/uploads\/2026\/04\/diamant-blog-usb-c-charging-hero-2-2.avif 1920w\" sizes=\"auto, (max-width: 992px) 100vw, 992px\" \/><\/figure>\r\n                            <\/a>\r\n                        <\/div>\r\n                    <\/div>\r\n                <\/div>\r\n\r\n                <hr \/>\r\n                <h3>Weitere Beitr\u00e4ge:<\/h3>\r\n                \r\n                <ul class=\"blog-filter mb-5\">\r\n                    <span>Filter<\/span>\r\n                    <li class=\"blog-filter-item blog-cat-all\">\r\n                        <a href=\"\/de-AT\/blog\/\">Alle<\/a>\r\n                    <\/li>\r\n                    <li class=\"blog-filter-item blog-cat-bike-ratgeber\"><a href=\"\/de-AT\/blog\/bike-ratgeber\/\">Bike Ratgeber<\/a><\/li><li class=\"blog-filter-item blog-cat-e-bike-ratgeber\"><a href=\"\/de-AT\/blog\/e-bike-ratgeber\/\">E-Bike Ratgeber<\/a><\/li><li class=\"blog-filter-item blog-cat-geschichte\"><a href=\"\/de-AT\/blog\/geschichte\/\">Geschichte<\/a><\/li><li class=\"blog-filter-item blog-cat-koepfchen-spricht\"><a href=\"\/de-AT\/blog\/koepfchen-spricht\/\">K\u00f6pfchen spricht<\/a><\/li><li class=\"blog-filter-item blog-cat-news\"><a href=\"\/de-AT\/blog\/news\/\">News<\/a><\/li><li class=\"blog-filter-item blog-cat-s-pedelec\"><a href=\"\/de-AT\/blog\/s-pedelec\/\">S-Pedelec<\/a><\/li><li class=\"blog-filter-item blog-cat-stories\"><a href=\"\/de-AT\/blog\/stories\/\">Stories<\/a><\/li><li class=\"blog-filter-item blog-cat-tech\"><a href=\"\/de-AT\/blog\/tech\/\">Tech<\/a><\/li>                <\/ul>\r\n\r\n                    <ul class=\"blog-loop\">\r\n                            <li class=\"blog-loop-item mb-0\">\r\n                    <a class=\"post-thumbnail\" href=\"https:\/\/www.diamantrad.com\/de-AT\/blog\/richtig-schalten-treten\/\" tabindex=\"-1\">\r\n                        <figure class=\"mb-3\"><img loading=\"lazy\" decoding=\"async\" width=\"992\" height=\"662\" src=\"https:\/\/www.diamantrad.com\/wp-content\/uploads\/2019\/11\/DI_25_Nhoma_Lifestyle_67I7860_300dpi-1024x683.avif\" class=\"img-fluid wp-post-image\" alt=\"Ratgeber: Richtig schalten und treten beim Fahrrad\" srcset=\"https:\/\/www.diamantrad.com\/wp-content\/uploads\/2019\/11\/DI_25_Nhoma_Lifestyle_67I7860_300dpi-1024x683.avif 1024w, https:\/\/www.diamantrad.com\/wp-content\/uploads\/2019\/11\/DI_25_Nhoma_Lifestyle_67I7860_300dpi-300x200.avif 300w, https:\/\/www.diamantrad.com\/wp-content\/uploads\/2019\/11\/DI_25_Nhoma_Lifestyle_67I7860_300dpi-768x512.avif 768w, https:\/\/www.diamantrad.com\/wp-content\/uploads\/2019\/11\/DI_25_Nhoma_Lifestyle_67I7860_300dpi-1536x1024.avif 1536w, https:\/\/www.diamantrad.com\/wp-content\/uploads\/2019\/11\/DI_25_Nhoma_Lifestyle_67I7860_300dpi-2048x1365.avif 2048w\" sizes=\"auto, (max-width: 992px) 100vw, 992px\" \/><\/figure>\r\n                    <\/a>\r\n                    <div class=\"blog-loop-content\">\r\n                        <div class=\"entry-meta mb-3\">\r\n                            <div class=\"posted-on mb-2\">\r\n                                <time datetime=\"2026-01-30T10:18:12+01:00\">30. J\u00e4nner 2026<\/time>\r\n                            <\/div>\r\n                            <div class=\"post-categories\">\r\n                                <a role=\"button\" href=\"\/de-AT\/blog\/bike-ratgeber\/\">Bike Ratgeber<\/a><a role=\"button\" href=\"\/de-AT\/blog\/e-bike-ratgeber\/\">E-Bike Ratgeber<\/a>                            <\/div>\r\n                        <\/div>\r\n                        <h4><a href=\"https:\/\/www.diamantrad.com\/de-AT\/blog\/richtig-schalten-treten\/\">Ratgeber: Richtig schalten und treten beim Fahrrad<\/a><\/h4>\r\n                    <\/div>\r\n                <\/li>\r\n                            <li class=\"blog-loop-item mb-0\">\r\n                    <a class=\"post-thumbnail\" href=\"https:\/\/www.diamantrad.com\/de-AT\/blog\/fahrradsattel-richtig-einstellen\/\" tabindex=\"-1\">\r\n                        <figure class=\"mb-3\"><img loading=\"lazy\" decoding=\"async\" width=\"992\" height=\"661\" src=\"https:\/\/www.diamantrad.com\/wp-content\/uploads\/2018\/06\/Diamant_Videos_2025_Fabio_Andoni-101-1024x682.avif\" class=\"img-fluid wp-post-image\" alt=\"Ratgeber: Fahrradsattel richtig einstellen\" srcset=\"https:\/\/www.diamantrad.com\/wp-content\/uploads\/2018\/06\/Diamant_Videos_2025_Fabio_Andoni-101-1024x682.avif 1024w, https:\/\/www.diamantrad.com\/wp-content\/uploads\/2018\/06\/Diamant_Videos_2025_Fabio_Andoni-101-300x200.avif 300w, https:\/\/www.diamantrad.com\/wp-content\/uploads\/2018\/06\/Diamant_Videos_2025_Fabio_Andoni-101-768x512.avif 768w, https:\/\/www.diamantrad.com\/wp-content\/uploads\/2018\/06\/Diamant_Videos_2025_Fabio_Andoni-101-1536x1023.avif 1536w, https:\/\/www.diamantrad.com\/wp-content\/uploads\/2018\/06\/Diamant_Videos_2025_Fabio_Andoni-101-2048x1364.avif 2048w\" sizes=\"auto, (max-width: 992px) 100vw, 992px\" \/><\/figure>\r\n                    <\/a>\r\n                    <div class=\"blog-loop-content\">\r\n                        <div class=\"entry-meta mb-3\">\r\n                            <div class=\"posted-on mb-2\">\r\n                                <time datetime=\"2026-01-30T09:56:17+01:00\">30. J\u00e4nner 2026<\/time>\r\n                            <\/div>\r\n                            <div class=\"post-categories\">\r\n                                <a role=\"button\" href=\"\/de-AT\/blog\/bike-ratgeber\/\">Bike Ratgeber<\/a><a role=\"button\" href=\"\/de-AT\/blog\/e-bike-ratgeber\/\">E-Bike Ratgeber<\/a>                            <\/div>\r\n                        <\/div>\r\n                        <h4><a href=\"https:\/\/www.diamantrad.com\/de-AT\/blog\/fahrradsattel-richtig-einstellen\/\">Ratgeber: Fahrradsattel richtig einstellen<\/a><\/h4>\r\n                    <\/div>\r\n                <\/li>\r\n                            <li class=\"blog-loop-item mb-0\">\r\n                    <a class=\"post-thumbnail\" href=\"https:\/\/www.diamantrad.com\/de-AT\/blog\/bike-leasing-oesterreich-so-kannst-du-dein-bike-von-diamant-guenstig-finanzieren\/\" tabindex=\"-1\">\r\n                        <figure class=\"mb-3\"><img loading=\"lazy\" decoding=\"async\" width=\"992\" height=\"662\" src=\"https:\/\/www.diamantrad.com\/wp-content\/uploads\/2024\/02\/DI_25_Suvea_Lifestyle_67I9321_72dpi-1024x683.avif\" class=\"img-fluid wp-post-image\" alt=\"Bike-Leasing in \u00d6sterreich 2026: So sicherst du dir dein Diamant-Rad (Vorteile &amp; Kosten)\" srcset=\"https:\/\/www.diamantrad.com\/wp-content\/uploads\/2024\/02\/DI_25_Suvea_Lifestyle_67I9321_72dpi-1024x683.avif 1024w, https:\/\/www.diamantrad.com\/wp-content\/uploads\/2024\/02\/DI_25_Suvea_Lifestyle_67I9321_72dpi-300x200.avif 300w, https:\/\/www.diamantrad.com\/wp-content\/uploads\/2024\/02\/DI_25_Suvea_Lifestyle_67I9321_72dpi-768x512.avif 768w, https:\/\/www.diamantrad.com\/wp-content\/uploads\/2024\/02\/DI_25_Suvea_Lifestyle_67I9321_72dpi-1536x1024.avif 1536w, https:\/\/www.diamantrad.com\/wp-content\/uploads\/2024\/02\/DI_25_Suvea_Lifestyle_67I9321_72dpi.avif 1620w\" sizes=\"auto, (max-width: 992px) 100vw, 992px\" \/><\/figure>\r\n                    <\/a>\r\n                    <div class=\"blog-loop-content\">\r\n                        <div class=\"entry-meta mb-3\">\r\n                            <div class=\"posted-on mb-2\">\r\n                                <time datetime=\"2026-01-29T14:30:31+01:00\">29. J\u00e4nner 2026<\/time>\r\n                            <\/div>\r\n                            <div class=\"post-categories\">\r\n                                <a role=\"button\" href=\"\/de-AT\/blog\/bike-ratgeber\/\">Bike Ratgeber<\/a><a role=\"button\" href=\"\/de-AT\/blog\/e-bike-ratgeber\/\">E-Bike Ratgeber<\/a>                            <\/div>\r\n                        <\/div>\r\n                        <h4><a href=\"https:\/\/www.diamantrad.com\/de-AT\/blog\/bike-leasing-oesterreich-so-kannst-du-dein-bike-von-diamant-guenstig-finanzieren\/\">Bike-Leasing in \u00d6sterreich 2026: So sicherst du dir dein Diamant-Rad (Vorteile &amp; Kosten)<\/a><\/h4>\r\n                    <\/div>\r\n                <\/li>\r\n                            <li class=\"blog-loop-item mb-0\">\r\n                    <a class=\"post-thumbnail\" href=\"https:\/\/www.diamantrad.com\/de-AT\/blog\/s-pedelec-registration-guide\/\" tabindex=\"-1\">\r\n                        <figure class=\"mb-3\"><img loading=\"lazy\" decoding=\"async\" width=\"992\" height=\"662\" src=\"https:\/\/www.diamantrad.com\/wp-content\/uploads\/2026\/01\/DI_26_Suvea_Speed_Lifestyle_67I3803_72dpi-1024x683.avif\" class=\"img-fluid wp-post-image\" alt=\"Abk\u00fcrzung f\u00fcr den Arbeitsweg: Der ultimative Guide zur S-Pedelec-Zulassung in \u00d6sterreich\" srcset=\"https:\/\/www.diamantrad.com\/wp-content\/uploads\/2026\/01\/DI_26_Suvea_Speed_Lifestyle_67I3803_72dpi-1024x683.avif 1024w, https:\/\/www.diamantrad.com\/wp-content\/uploads\/2026\/01\/DI_26_Suvea_Speed_Lifestyle_67I3803_72dpi-300x200.avif 300w, https:\/\/www.diamantrad.com\/wp-content\/uploads\/2026\/01\/DI_26_Suvea_Speed_Lifestyle_67I3803_72dpi-768x512.avif 768w, https:\/\/www.diamantrad.com\/wp-content\/uploads\/2026\/01\/DI_26_Suvea_Speed_Lifestyle_67I3803_72dpi-1536x1024.avif 1536w, https:\/\/www.diamantrad.com\/wp-content\/uploads\/2026\/01\/DI_26_Suvea_Speed_Lifestyle_67I3803_72dpi.avif 1701w\" sizes=\"auto, (max-width: 992px) 100vw, 992px\" \/><\/figure>\r\n                    <\/a>\r\n                    <div class=\"blog-loop-content\">\r\n                        <div class=\"entry-meta mb-3\">\r\n                            <div class=\"posted-on mb-2\">\r\n                                <time datetime=\"2026-01-08T15:56:00+01:00\">8. J\u00e4nner 2026<\/time>\r\n                            <\/div>\r\n                            <div class=\"post-categories\">\r\n                                <a role=\"button\" href=\"\/de-AT\/blog\/e-bike-ratgeber\/\">E-Bike Ratgeber<\/a>                            <\/div>\r\n                        <\/div>\r\n                        <h4><a href=\"https:\/\/www.diamantrad.com\/de-AT\/blog\/s-pedelec-registration-guide\/\">Abk\u00fcrzung f\u00fcr den Arbeitsweg: Der ultimative Guide zur S-Pedelec-Zulassung in \u00d6sterreich<\/a><\/h4>\r\n                    <\/div>\r\n                <\/li>\r\n                            <li class=\"blog-loop-item mb-0\">\r\n                    <a class=\"post-thumbnail\" href=\"https:\/\/www.diamantrad.com\/de-AT\/blog\/bosch-speed-pedelec\/\" tabindex=\"-1\">\r\n                        <figure class=\"mb-3\"><img loading=\"lazy\" decoding=\"async\" width=\"992\" height=\"662\" src=\"https:\/\/www.diamantrad.com\/wp-content\/uploads\/2026\/01\/DI_26_Suvea_Speed_Lifestyle_67I9620_72dpi-1024x683.avif\" class=\"img-fluid wp-post-image\" alt=\"Mittelmotor statt Heckmotor: Was macht S-Pedelecs mit Bosch Performance Line Speed (2025) so gut?\" srcset=\"https:\/\/www.diamantrad.com\/wp-content\/uploads\/2026\/01\/DI_26_Suvea_Speed_Lifestyle_67I9620_72dpi-1024x683.avif 1024w, https:\/\/www.diamantrad.com\/wp-content\/uploads\/2026\/01\/DI_26_Suvea_Speed_Lifestyle_67I9620_72dpi-300x200.avif 300w, https:\/\/www.diamantrad.com\/wp-content\/uploads\/2026\/01\/DI_26_Suvea_Speed_Lifestyle_67I9620_72dpi-768x512.avif 768w, https:\/\/www.diamantrad.com\/wp-content\/uploads\/2026\/01\/DI_26_Suvea_Speed_Lifestyle_67I9620_72dpi-1536x1024.avif 1536w, https:\/\/www.diamantrad.com\/wp-content\/uploads\/2026\/01\/DI_26_Suvea_Speed_Lifestyle_67I9620_72dpi.avif 1701w\" sizes=\"auto, (max-width: 992px) 100vw, 992px\" \/><\/figure>\r\n                    <\/a>\r\n                    <div class=\"blog-loop-content\">\r\n                        <div class=\"entry-meta mb-3\">\r\n                            <div class=\"posted-on mb-2\">\r\n                                <time datetime=\"2026-01-08T15:56:00+01:00\">8. J\u00e4nner 2026<\/time>\r\n                            <\/div>\r\n                            <div class=\"post-categories\">\r\n                                <a role=\"button\" href=\"\/de-AT\/blog\/e-bike-ratgeber\/\">E-Bike Ratgeber<\/a>                            <\/div>\r\n                        <\/div>\r\n                        <h4><a href=\"https:\/\/www.diamantrad.com\/de-AT\/blog\/bosch-speed-pedelec\/\">Mittelmotor statt Heckmotor: Was macht S-Pedelecs mit Bosch Performance Line Speed (2025) so gut?<\/a><\/h4>\r\n                    <\/div>\r\n                <\/li>\r\n                            <li class=\"blog-loop-item mb-0\">\r\n                    <a class=\"post-thumbnail\" href=\"https:\/\/www.diamantrad.com\/de-AT\/blog\/speed-pedelec-rules\/\" tabindex=\"-1\">\r\n                        <figure class=\"mb-3\"><img loading=\"lazy\" decoding=\"async\" width=\"992\" height=\"605\" src=\"https:\/\/www.diamantrad.com\/wp-content\/uploads\/2026\/01\/DI_26_Suvea_Speed_Lifestyle_67I4959_72dpi-1024x625.avif\" class=\"img-fluid wp-post-image\" alt=\"Sicher und legal: Dein Guide f\u00fcr den S-Pedelec-Alltag in \u00d6sterreich\" srcset=\"https:\/\/www.diamantrad.com\/wp-content\/uploads\/2026\/01\/DI_26_Suvea_Speed_Lifestyle_67I4959_72dpi-1024x625.avif 1024w, https:\/\/www.diamantrad.com\/wp-content\/uploads\/2026\/01\/DI_26_Suvea_Speed_Lifestyle_67I4959_72dpi-300x183.avif 300w, https:\/\/www.diamantrad.com\/wp-content\/uploads\/2026\/01\/DI_26_Suvea_Speed_Lifestyle_67I4959_72dpi-768x469.avif 768w, https:\/\/www.diamantrad.com\/wp-content\/uploads\/2026\/01\/DI_26_Suvea_Speed_Lifestyle_67I4959_72dpi-1536x937.avif 1536w, https:\/\/www.diamantrad.com\/wp-content\/uploads\/2026\/01\/DI_26_Suvea_Speed_Lifestyle_67I4959_72dpi.avif 1701w\" sizes=\"auto, (max-width: 992px) 100vw, 992px\" \/><\/figure>\r\n                    <\/a>\r\n                    <div class=\"blog-loop-content\">\r\n                        <div class=\"entry-meta mb-3\">\r\n                            <div class=\"posted-on mb-2\">\r\n                                <time datetime=\"2026-01-08T13:53:53+01:00\">8. J\u00e4nner 2026<\/time>\r\n                            <\/div>\r\n                            <div class=\"post-categories\">\r\n                                <a role=\"button\" href=\"\/de-AT\/blog\/e-bike-ratgeber\/\">E-Bike Ratgeber<\/a>                            <\/div>\r\n                        <\/div>\r\n                        <h4><a href=\"https:\/\/www.diamantrad.com\/de-AT\/blog\/speed-pedelec-rules\/\">Sicher und legal: Dein Guide f\u00fcr den S-Pedelec-Alltag in \u00d6sterreich<\/a><\/h4>\r\n                    <\/div>\r\n                <\/li>\r\n                            <li class=\"blog-loop-item mb-0\">\r\n                    <a class=\"post-thumbnail\" href=\"https:\/\/www.diamantrad.com\/de-AT\/blog\/diamant-sammler-im-portrait-norman-wolf\/\" tabindex=\"-1\">\r\n                        <figure class=\"mb-3\"><img loading=\"lazy\" decoding=\"async\" width=\"992\" height=\"660\" src=\"https:\/\/www.diamantrad.com\/wp-content\/uploads\/2025\/07\/23-diamant-023-1024x681.avif\" class=\"img-fluid wp-post-image\" alt=\"Diamant-Sammler im Portrait: Norman Wolf\" srcset=\"https:\/\/www.diamantrad.com\/wp-content\/uploads\/2025\/07\/23-diamant-023-1024x681.avif 1024w, https:\/\/www.diamantrad.com\/wp-content\/uploads\/2025\/07\/23-diamant-023-300x200.avif 300w, https:\/\/www.diamantrad.com\/wp-content\/uploads\/2025\/07\/23-diamant-023-768x511.avif 768w, https:\/\/www.diamantrad.com\/wp-content\/uploads\/2025\/07\/23-diamant-023-1536x1022.avif 1536w, https:\/\/www.diamantrad.com\/wp-content\/uploads\/2025\/07\/23-diamant-023-2048x1363.avif 2048w\" sizes=\"auto, (max-width: 992px) 100vw, 992px\" \/><\/figure>\r\n                    <\/a>\r\n                    <div class=\"blog-loop-content\">\r\n                        <div class=\"entry-meta mb-3\">\r\n                            <div class=\"posted-on mb-2\">\r\n                                <time datetime=\"2025-07-23T16:09:09+02:00\">23. Juli 2025<\/time>\r\n                            <\/div>\r\n                            <div class=\"post-categories\">\r\n                                <a role=\"button\" href=\"\/de-AT\/blog\/geschichte\/\">Geschichte<\/a>                            <\/div>\r\n                        <\/div>\r\n                        <h4><a href=\"https:\/\/www.diamantrad.com\/de-AT\/blog\/diamant-sammler-im-portrait-norman-wolf\/\">Diamant-Sammler im Portrait: Norman Wolf<\/a><\/h4>\r\n                    <\/div>\r\n                <\/li>\r\n                            <li class=\"blog-loop-item mb-0\">\r\n                    <a class=\"post-thumbnail\" href=\"https:\/\/www.diamantrad.com\/de-AT\/blog\/fahrrad-checkliste-fruehling\/\" tabindex=\"-1\">\r\n                        <figure class=\"mb-3\"><img loading=\"lazy\" decoding=\"async\" width=\"992\" height=\"662\" src=\"https:\/\/www.diamantrad.com\/wp-content\/uploads\/2019\/05\/Diamant_Videos_2025_Fabio_Andoni-93-1024x683.avif\" class=\"img-fluid wp-post-image\" alt=\"Fahrrad fr\u00fchlingsfit machen\" srcset=\"https:\/\/www.diamantrad.com\/wp-content\/uploads\/2019\/05\/Diamant_Videos_2025_Fabio_Andoni-93-1024x683.avif 1024w, https:\/\/www.diamantrad.com\/wp-content\/uploads\/2019\/05\/Diamant_Videos_2025_Fabio_Andoni-93-300x200.avif 300w, https:\/\/www.diamantrad.com\/wp-content\/uploads\/2019\/05\/Diamant_Videos_2025_Fabio_Andoni-93-768x512.avif 768w, https:\/\/www.diamantrad.com\/wp-content\/uploads\/2019\/05\/Diamant_Videos_2025_Fabio_Andoni-93-1536x1024.avif 1536w, https:\/\/www.diamantrad.com\/wp-content\/uploads\/2019\/05\/Diamant_Videos_2025_Fabio_Andoni-93-2048x1365.avif 2048w\" sizes=\"auto, (max-width: 992px) 100vw, 992px\" \/><\/figure>\r\n                    <\/a>\r\n                    <div class=\"blog-loop-content\">\r\n                        <div class=\"entry-meta mb-3\">\r\n                            <div class=\"posted-on mb-2\">\r\n                                <time datetime=\"2025-06-03T16:42:35+02:00\">3. Juni 2025<\/time>\r\n                            <\/div>\r\n                            <div class=\"post-categories\">\r\n                                <a role=\"button\" href=\"\/de-AT\/blog\/bike-ratgeber\/\">Bike Ratgeber<\/a><a role=\"button\" href=\"\/de-AT\/blog\/e-bike-ratgeber\/\">E-Bike Ratgeber<\/a>                            <\/div>\r\n                        <\/div>\r\n                        <h4><a href=\"https:\/\/www.diamantrad.com\/de-AT\/blog\/fahrrad-checkliste-fruehling\/\">Fahrrad fr\u00fchlingsfit machen<\/a><\/h4>\r\n                    <\/div>\r\n                <\/li>\r\n                            <li class=\"blog-loop-item mb-0\">\r\n                    <a class=\"post-thumbnail\" href=\"https:\/\/www.diamantrad.com\/de-AT\/blog\/bosch-smart-system\/\" tabindex=\"-1\">\r\n                        <figure class=\"mb-3\"><img loading=\"lazy\" decoding=\"async\" width=\"992\" height=\"662\" src=\"https:\/\/www.diamantrad.com\/wp-content\/uploads\/2025\/02\/DIA-Zing-Teil1-App-1200x800-1-1024x683.avif\" class=\"img-fluid wp-post-image\" alt=\"Das Bosch Smart System und die Flow App einfach erkl\u00e4rt: Funktionen, Vorteile und Updates\" srcset=\"https:\/\/www.diamantrad.com\/wp-content\/uploads\/2025\/02\/DIA-Zing-Teil1-App-1200x800-1-1024x683.avif 1024w, https:\/\/www.diamantrad.com\/wp-content\/uploads\/2025\/02\/DIA-Zing-Teil1-App-1200x800-1-300x200.avif 300w, https:\/\/www.diamantrad.com\/wp-content\/uploads\/2025\/02\/DIA-Zing-Teil1-App-1200x800-1-768x512.avif 768w, https:\/\/www.diamantrad.com\/wp-content\/uploads\/2025\/02\/DIA-Zing-Teil1-App-1200x800-1.avif 1200w\" sizes=\"auto, (max-width: 992px) 100vw, 992px\" \/><\/figure>\r\n                    <\/a>\r\n                    <div class=\"blog-loop-content\">\r\n                        <div class=\"entry-meta mb-3\">\r\n                            <div class=\"posted-on mb-2\">\r\n                                <time datetime=\"2025-04-14T14:00:08+02:00\">14. April 2025<\/time>\r\n                            <\/div>\r\n                            <div class=\"post-categories\">\r\n                                <a role=\"button\" href=\"\/de-AT\/blog\/guide-du-velo-electrique\/\">Guide du v\u00e9lo \u00e9lectrique<\/a><a role=\"button\" href=\"\/de-AT\/blog\/tech\/\">Tech<\/a>                            <\/div>\r\n                        <\/div>\r\n                        <h4><a href=\"https:\/\/www.diamantrad.com\/de-AT\/blog\/bosch-smart-system\/\">Das Bosch Smart System und die Flow App einfach erkl\u00e4rt: Funktionen, Vorteile und Updates<\/a><\/h4>\r\n                    <\/div>\r\n                <\/li>\r\n                    <\/ul>\r\n\r\n                    <div class=\"pagination justify-content-center mt-5\">\r\n                <span aria-current=\"page\" class=\"page-numbers current\">1<\/span>\n<a class=\"page-numbers\" href=\"https:\/\/www.diamantrad.com\/de-AT\/wp-json\/wp\/v2\/pages\/57603\/page\/2\/\">2<\/a>\n<a class=\"page-numbers\" href=\"https:\/\/www.diamantrad.com\/de-AT\/wp-json\/wp\/v2\/pages\/57603\/page\/3\/\">3<\/a>\n<a class=\"next page-numbers\" href=\"https:\/\/www.diamantrad.com\/de-AT\/wp-json\/wp\/v2\/pages\/57603\/page\/2\/\"><svg width=\"20\" height=\"32\" viewBox=\"0 0 20 32\" fill=\"none\" class=\"pagination-next\" xmlns=\"http:\/\/www.w3.org\/2000\/svg\"><path d=\"M2.81787 3L15.833 16.0151L3.01507 28.8331\" stroke=\"#362F2D\" stroke-width=\"5\" stroke-linecap=\"round\"\/><\/svg><\/a>            <\/div>\r\n        \n\n<\/div>\r\n      <\/div>\r\n    <\/div>\r\n  <\/div>\r\n<\/div><\/div>","protected":false},"excerpt":{"rendered":"<p>Fahrradwissen kompakt: Entdecke Ratgeber, Reparaturtipps, Radreisen &#038; Historisches im Diamantrad-Blog. Mehr erfahren!<\/p>\n","protected":false},"author":8,"featured_media":57594,"parent":0,"menu_order":0,"comment_status":"closed","ping_status":"closed","template":"","meta":{"_acf_changed":false,"slim_seo":{"title":"Bosch Smart System und die eBike Flow App: Funktionen, Vorteile und Updates","description":"Wir erkl\u00e4ren dir, wie das Bosch Smart System funktioniert und was die dazugeh\u00f6rige Flow App alles zu bieten hat."},"footnotes":""},"class_list":["post-57603","page","type-page","status-publish","has-post-thumbnail","hentry"],"acf":[],"_links":{"self":[{"href":"https:\/\/www.diamantrad.com\/de-AT\/wp-json\/wp\/v2\/pages\/57603","targetHints":{"allow":["GET"]}}],"collection":[{"href":"https:\/\/www.diamantrad.com\/de-AT\/wp-json\/wp\/v2\/pages"}],"about":[{"href":"https:\/\/www.diamantrad.com\/de-AT\/wp-json\/wp\/v2\/types\/page"}],"author":[{"embeddable":true,"href":"https:\/\/www.diamantrad.com\/de-AT\/wp-json\/wp\/v2\/users\/8"}],"replies":[{"embeddable":true,"href":"https:\/\/www.diamantrad.com\/de-AT\/wp-json\/wp\/v2\/comments?post=57603"}],"version-history":[{"count":0,"href":"https:\/\/www.diamantrad.com\/de-AT\/wp-json\/wp\/v2\/pages\/57603\/revisions"}],"wp:featuredmedia":[{"embeddable":true,"href":"https:\/\/www.diamantrad.com\/de-AT\/wp-json\/wp\/v2\/media\/57594"}],"wp:attachment":[{"href":"https:\/\/www.diamantrad.com\/de-AT\/wp-json\/wp\/v2\/media?parent=57603"}],"curies":[{"name":"wp","href":"https:\/\/api.w.org\/{rel}","templated":true}]}}