{"id":58016,"date":"2025-03-24T17:02:38","date_gmt":"2025-03-24T16:02:38","guid":{"rendered":"https:\/\/dev.diamantrad.com\/?page_id=58016"},"modified":"2025-10-15T10:59:31","modified_gmt":"2025-10-15T08:59:31","slug":"why-diamant","status":"publish","type":"page","link":"https:\/\/www.diamantrad.com\/de-AT\/why-diamant\/","title":{"rendered":"Why Diamant"},"content":{"rendered":"\n<div class=\"wp-block-cover is-light\"><video class=\"wp-block-cover__video-background intrinsic-ignore\" autoplay muted loop playsinline src=\"https:\/\/www.diamantrad.com\/wp-content\/uploads\/2025\/03\/diamant-mahon-loop-1.mp4\" data-object-fit=\"cover\"><\/video><span aria-hidden=\"true\" class=\"wp-block-cover__background has-background-dim\" style=\"background-color:#FFF\"><\/span><div class=\"wp-block-cover__inner-container is-layout-constrained wp-block-cover-is-layout-constrained\">\n<p class=\"has-text-align-center has-large-font-size\"><\/p>\n\n\n<div class=\"lazyblock-cover-text-Z1KcJ7o wp-block-lazyblock-cover-text\"><div class=\"covertext container py-5 d-flex flex-column colorscheme-dark justify-content-center\" id=\"covertext-Z1KcJ7o\">\r\n  <div class=\"lazyblock-inner-blocks\">\n\n<h2 class=\"wp-block-heading\">Warum Diamant?<\/h2>\n\n<\/div>\r\n<\/div><\/div><\/div><\/div>\n\n\n<div class=\"lazyblock-nncontainer-2clmBO wp-block-lazyblock-nncontainer\"><div class=\"section-standard\">\r\n  <div class=\"container\" id=\"container-2clmBO\">\r\n    <div class=\"row\">\r\n      <div class=\"col py-4 py-lg-5\">\r\n        <div class=\"lazyblock-inner-blocks\">\n\n<h2 class=\"wp-block-heading\">Fahr besser mit K\u00f6pfchen!<\/h2>\n\n\n\n<p>Wir streben nach innovativen Produkten, nach Patenten und danach, der Pionier f\u00fcr die n\u00e4chste gro\u00dfe Entwicklung zu sein. Aber echte Innovation ist, wenn Produkte zu einer besseren Version ihrer selbst werden. Wir folgen nicht zwanghaft jedem Trend und wir setzen nicht unbedingt jede neue smarte Komponente ein. Wir entwickeln Bikes, die dauerhaft sinnvoll funktionieren.<\/p>\n\n\n\n<p>Erfahre hier mehr \u00fcber unseren Entwicklungsansatz.<\/p>\n\n<\/div>\r\n      <\/div>\r\n    <\/div>\r\n  <\/div>\r\n<\/div><\/div>\n\n<div class=\"lazyblock-nncontainer-ZLKGXX wp-block-lazyblock-nncontainer\"><div class=\"section-standard\">\r\n  <div class=\"container\" id=\"container-ZLKGXX\">\r\n    <div class=\"row\">\r\n      <div class=\"col py-4 py-lg-5\">\r\n        <div class=\"lazyblock-inner-blocks\">\n\n<h2 class=\"wp-block-heading\">Clever Tech: Erst clever, dann smart.<\/h2>\n\n\n\n<p>Wir entwickeln unsere Rahmentechnologie selbst. Dabei entscheiden wir sehr bewusst, was dein n\u00e4chstes Rad von Diamant k\u00f6nnen soll \u2013 nicht nur heute, sondern auch n\u00e4chste Woche, n\u00e4chstes Jahr und viele Jahre sp\u00e4ter. N\u00e4chste Woche gehst du in den Radurlaub. N\u00e4chstes Jahr m\u00f6chtest du einen anderen Lenker. Und viele Jahre sp\u00e4ter suchst du nach passenden Ersatzteilen, wenn die originalen Komponenten l\u00e4ngst nicht mehr verf\u00fcgbar sind.<\/p>\n\n\n\n<p>Eine Zeit lang haben wir den gleichen Fehler wie viele Hersteller gemacht. Heute entwickeln wir unsere Rahmen mit einem klaren Fokus auf Dauerhaftigkeit und Flexibilit\u00e4t.<\/p>\n\n\n\n<ul class=\"wp-block-list\">\n<li>Weniger herstellerspezifische Teile. Mehr offene Schnittstellen und Standards.<\/li>\n\n\n\n<li>Weniger Komplexit\u00e4t. Mehr Funktionalit\u00e4t.<\/li>\n\n\n\n<li>Dein vertrauter Mechaniker soll dein n\u00e4chstes Rad einfacher und intuitiver warten k\u00f6nnen als das letzte.<\/li>\n\n\n\n<li>Du sollst \u00fcberall Ersatz f\u00fcr Standardteile finden.<\/li>\n\n\n\n<li>Die wichtigste Ausr\u00fcstung der \u00fcblichen Zubeh\u00f6r-Anbieter soll optimal kompatibel sein.<\/li>\n<\/ul>\n\n\n\n<p>Manchmal wartest du bei Diamant ein, zwei, drei Jahre l\u00e4nger auf die neuesten E-Bike-Bremsen oder das aktuelle hippe Feature. Manche Technik werden wir aus \u00dcberzeugung nie anbieten. Wir springen nicht auf jeden Trend auf. Es gibt ohnehin zu viele. Stattdessen m\u00f6chten wir, dass du dir sicher bist: Da hat jemand wirklich dar\u00fcber nachgedacht, wenn was Neues kommt. Das ist f\u00fcr uns ein Clever Bike: Einfach ein richtig gutes Rad.<\/p>\n\n\n\n<div class=\"wp-block-buttons is-layout-flex wp-block-buttons-is-layout-flex\">\n<div class=\"wp-block-button\"><a role=\"button\" class=\"wp-block-button__link wp-element-button\" href=\"https:\/\/www.diamantrad.com\/de-AT\/bikes\/\">Finde dein richtig gutes Rad<\/a><\/div>\n<\/div>\n\n<\/div>\r\n      <\/div>\r\n    <\/div>\r\n  <\/div>\r\n<\/div><\/div>\n\n<div class=\"lazyblock-nncontainer-Z1COluA wp-block-lazyblock-nncontainer\"><div class=\"section-standard\">\r\n  <div class=\"container\" id=\"container-Z1COluA\">\r\n    <div class=\"row\">\r\n      <div class=\"col py-4 py-lg-5\">\r\n        <div class=\"lazyblock-inner-blocks\">\n\n<h2 class=\"wp-block-heading\">Seit 1885 eine Marke, der du vertrauen kannst<\/h2>\n\n\n\n<p>Im Fahrradgesch\u00e4ft oder anderswo existieren nur wenige Marken schon so lange wie wir &#8211; 140 Jahre! Wir sind vielleicht nicht die hippste Marke, aber<\/p>\n\n\n\n<ul class=\"wp-block-list\">\n<li>wir rangieren immer und immer wieder unter den Top 3 oder Top 5, wenn Menschen gefragt werden, welche Marke sie besonders sch\u00e4tzen f\u00fcr Qualit\u00e4t, Fairness und Preis-Leistung, und<\/li>\n\n\n\n<li>wir sind bekannt f\u00fcr Zuverl\u00e4ssigkeit, Streben nach mehr Umweltschutz und Kundenzufriedenheit.<\/li>\n<\/ul>\n\n\n\n<p>Nach 140 Jahren ist Vertrauen kein blo\u00dfes Geschenk mehr. \u00dcber ein Jahrhundert lang haben wir uns der Herausforderung gestellt, unseren Namen zu verteidigen. Manchmal geht auch bei uns was schief. Das ist ja nur menschlich und ehrlich. Aber wenn das passiert, dann setzen wir uns mit Leidenschaft daf\u00fcr ein, unsere Fehler zu auszub\u00fcgeln.<\/p>\n\n\n\n<div class=\"wp-block-buttons is-layout-flex wp-block-buttons-is-layout-flex\">\n<div class=\"wp-block-button\"><a role=\"button\" class=\"wp-block-button__link wp-element-button\" href=\"https:\/\/www.diamantrad.com\/de-AT\/tests-awards\/\">Schau dir an, was andere sagen<\/a><\/div>\n<\/div>\n\n<\/div>\r\n      <\/div>\r\n    <\/div>\r\n  <\/div>\r\n<\/div><\/div>\n\n<div class=\"wp-bootstrap-blocks-row row\">\n\t\n\n<div class=\"col-12 col-md-12\">\n\t\t\t\n<div class=\"wp-bootstrap-blocks-row row\">\n\t\n\n<div class=\"col-12 col-md-12\">\n\t\t\t\n<div class=\"lazyblock-nncontainer-Z206L26 wp-block-lazyblock-nncontainer\"><div class=\"section-light\">\r\n  <div class=\"container\" id=\"container-Z206L26\">\r\n    <div class=\"row\">\r\n      <div class=\"col py-5 py-lg-6\">\r\n        <div class=\"lazyblock-inner-blocks\">\n<div class=\"wp-bootstrap-blocks-row row mb-0 gx-5\">\n\t\n\n<div class=\"col-12 col-md-3\">\n\t\t\t\n<div class=\"wp-block-image mb-3\">\n<figure class=\"aligncenter size-full is-resized\"><img loading=\"lazy\" decoding=\"async\" width=\"117\" height=\"117\" sizes=\"auto, (max-width: 117px) 100vw, 117px\" src=\"https:\/\/www.diamantrad.com\/wp-content\/uploads\/2025\/02\/icon-handgefertigt.svg\" alt=\"Icon Handgefertigt\" class=\"wp-image-36204\" style=\"object-fit:cover;width:100px;height:100px\"\/><\/figure>\n<\/div>\n\n\n<h3 class=\"wp-block-heading has-text-align-center\">Handgefertigt in Deutschland<\/h3>\n\n\n\n<p class=\"has-text-align-center\">Du kaufst ein Fahrrad,\u2028das in unserem Stammwerk in Hartmannsdorf montiert wurde.<\/p>\n\n\t<\/div>\n\n\n\n<div class=\"col-12 col-md-3\">\n\t\t\t\n<div class=\"wp-block-image mb-3\">\n<figure class=\"aligncenter size-full is-resized\"><img loading=\"lazy\" decoding=\"async\" width=\"117\" height=\"117\" sizes=\"auto, (max-width: 117px) 100vw, 117px\" src=\"https:\/\/www.diamantrad.com\/wp-content\/uploads\/2025\/02\/icon-design.svg\" alt=\"Icon Design\" class=\"wp-image-36214\" style=\"object-fit:cover;width:100px;height:100px\"\/><\/figure>\n<\/div>\n\n\n<h3 class=\"wp-block-heading has-text-align-center\">Design-<br>Exzellenz<\/h3>\n\n\n\n<p class=\"has-text-align-center\">Unsere R\u00e4der gestalten wir mit Liebe zum Detail. Dein Rad hat Design-Preise gewonnen.<\/p>\n\n\t<\/div>\n\n\n\n<div class=\"col-12 col-md-3\">\n\t\t\t\n<div class=\"wp-block-image mb-3\">\n<figure class=\"aligncenter size-full is-resized\"><img loading=\"lazy\" decoding=\"async\" width=\"117\" height=\"117\" sizes=\"auto, (max-width: 117px) 100vw, 117px\" src=\"https:\/\/www.diamantrad.com\/wp-content\/uploads\/2025\/02\/icon-haendler.svg\" alt=\"Icon Haendler\" class=\"wp-image-36224\" style=\"object-fit:cover;width:100px;height:100px\"\/><\/figure>\n<\/div>\n\n\n<h3 class=\"wp-block-heading has-text-align-center\">Erfahrene Fachh\u00e4ndler<\/h3>\n\n\n\n<p class=\"has-text-align-center\">Beim Kauf bekommst du<br>pers\u00f6nliche Beratung. Wenn was ist, reparieren erfahrene Mechaniker dein Rad.<\/p>\n\n\t<\/div>\n\n\n\n<div class=\"col-12 col-md-3\">\n\t\t\t\n<div class=\"wp-block-image mb-3\">\n<figure class=\"aligncenter size-full is-resized\"><img loading=\"lazy\" decoding=\"async\" width=\"117\" height=\"133\" sizes=\"auto, (max-width: 117px) 100vw, 117px\" src=\"https:\/\/www.diamantrad.com\/wp-content\/uploads\/2025\/02\/icon-garantie.svg\" alt=\"Icon Garantie\" class=\"wp-image-36234\" style=\"object-fit:cover;width:100px;height:100px\"\/><\/figure>\n<\/div>\n\n\n<h3 class=\"wp-block-heading has-text-align-center\">Mehr als 40 Jahre Garantie<\/h3>\n\n\n\n<p class=\"has-text-align-center\">Dein Rahmen soll dein Leben lang halten \u2013 ganz wie ein Diamant. Wir w\u00fcnschen dir \u2028ein langes Leben.<\/p>\n\n\t<\/div>\n\n<\/div>\n\n<\/div>\r\n      <\/div>\r\n    <\/div>\r\n  <\/div>\r\n<\/div><\/div>\n\t<\/div>\n\n<\/div>\n\n\t<\/div>\n\n<\/div>\n","protected":false},"excerpt":{"rendered":"","protected":false},"author":3,"featured_media":0,"parent":0,"menu_order":0,"comment_status":"closed","ping_status":"closed","template":"","meta":{"_acf_changed":false,"slim_seo":{"title":"Diamant - Fahr besser mit K\u00f6pfchen. Einfach gute Fahrr\u00e4der.","description":"Erfahre, warum Diamant seit 1885 f\u00fcr Qualit\u00e4t & Leidenschaft steht: Innovation, Tradition & Design vereint in jedem Rad. Ohne Risiko. Jetzt Diamant entdecken."},"footnotes":""},"class_list":["post-58016","page","type-page","status-publish","hentry"],"acf":[],"_links":{"self":[{"href":"https:\/\/www.diamantrad.com\/de-AT\/wp-json\/wp\/v2\/pages\/58016","targetHints":{"allow":["GET"]}}],"collection":[{"href":"https:\/\/www.diamantrad.com\/de-AT\/wp-json\/wp\/v2\/pages"}],"about":[{"href":"https:\/\/www.diamantrad.com\/de-AT\/wp-json\/wp\/v2\/types\/page"}],"author":[{"embeddable":true,"href":"https:\/\/www.diamantrad.com\/de-AT\/wp-json\/wp\/v2\/users\/3"}],"replies":[{"embeddable":true,"href":"https:\/\/www.diamantrad.com\/de-AT\/wp-json\/wp\/v2\/comments?post=58016"}],"version-history":[{"count":1,"href":"https:\/\/www.diamantrad.com\/de-AT\/wp-json\/wp\/v2\/pages\/58016\/revisions"}],"predecessor-version":[{"id":69687,"href":"https:\/\/www.diamantrad.com\/de-AT\/wp-json\/wp\/v2\/pages\/58016\/revisions\/69687"}],"wp:attachment":[{"href":"https:\/\/www.diamantrad.com\/de-AT\/wp-json\/wp\/v2\/media?parent=58016"}],"curies":[{"name":"wp","href":"https:\/\/api.w.org\/{rel}","templated":true}]}}