{"id":58735,"date":"2025-03-25T14:53:22","date_gmt":"2025-03-25T13:53:22","guid":{"rendered":"https:\/\/dev.diamantrad.com\/?page_id=58735"},"modified":"2025-11-03T15:47:11","modified_gmt":"2025-11-03T14:47:11","slug":"tests-awards","status":"publish","type":"page","link":"https:\/\/www.diamantrad.com\/de-AT\/tests-awards\/","title":{"rendered":"Tests &amp; Awards"},"content":{"rendered":"\n<div class=\"wp-block-cover is-light\"><video class=\"wp-block-cover__video-background intrinsic-ignore\" autoplay muted loop playsinline src=\"https:\/\/www.diamantrad.com\/wp-content\/uploads\/2025\/03\/diamant-testsawards.mp4\" data-object-fit=\"cover\"><\/video><span aria-hidden=\"true\" class=\"wp-block-cover__background has-background-dim\" style=\"background-color:#FFF\"><\/span><div class=\"wp-block-cover__inner-container is-layout-constrained wp-block-cover-is-layout-constrained\">\n<p class=\"has-text-align-center has-large-font-size\"><\/p>\n\n\n<div class=\"lazyblock-cover-text-19iqvX wp-block-lazyblock-cover-text\"><div class=\"covertext container py-5 d-flex flex-column colorscheme-light justify-content-center\" id=\"covertext-19iqvX\">\r\n  <div class=\"lazyblock-inner-blocks\">\n\n<h2 class=\"wp-block-heading\">Tests &amp; Awards<\/h2>\n\n\n\n<h3 class=\"wp-block-heading\">Wie gut sind Diamant-R\u00e4der<\/h3>\n\n<\/div>\r\n<\/div><\/div><\/div><\/div>\n\n\n<div class=\"lazyblock-nncontainer-1plOtb wp-block-lazyblock-nncontainer\"><div class=\"section-standard\">\r\n  <div class=\"container\" id=\"container-1plOtb\">\r\n    <div class=\"row\">\r\n      <div class=\"col py-4 py-lg-5\">\r\n        <div class=\"lazyblock-inner-blocks\">\n\n<p>Nachfolgend sammeln wir Einzeltests und Vergleichstests von Diamant-R\u00e4dern ab Baujahr 2023, die wir aktuell noch im Programm haben &#8211; unver\u00e4ndert oder nur so angepasst, dass die Tests noch aussagekr\u00e4ftig sind. Wir f\u00fchren auch Auszeichnungen auf, die Diamant-Modelle erhalten haben oder die Diamant als Marke erhalten hat. Weiter unten findest eine Transparenzerkl\u00e4rung von uns dazu, wie wir an Tests teilnehmen, wie wir zu bezahlten Tests stehen und wie wir uns entscheiden, welche R\u00e4der wir schicken.<\/p>\n\n<\/div>\r\n      <\/div>\r\n    <\/div>\r\n  <\/div>\r\n<\/div><\/div>\n\n<div class=\"lazyblock-nncontainer-5Gqp6 wp-block-lazyblock-nncontainer\"><div class=\"section-standard\">\r\n  <div class=\"container\" id=\"container-5Gqp6\">\r\n    <div class=\"row\">\r\n      <div class=\"col py-4 py-lg-5\">\r\n        <div class=\"lazyblock-inner-blocks\">\n\n<!-- TrustBox widget - Slider -->\n<div class=\"trustpilot-widget\" data-locale=\"de-DE\" data-template-id=\"54ad5defc6454f065c28af8b\" data-businessunit-id=\"5fbbd12169124d000198e8fa\" data-style-height=\"240px\" data-style-width=\"100%\" data-font-family=\"Raleway\" data-stars=\"1,2,3,4,5\" data-review-languages=\"de\">\n  <a href=\"https:\/\/de.trustpilot.com\/review\/diamantrad.com\" target=\"_blank\" rel=\"noopener\" aria-label=\"Opens external link in a new tab\">Trustpilot<\/a>\n<\/div>\n<!-- End TrustBox widget -->\n\n<\/div>\r\n      <\/div>\r\n    <\/div>\r\n  <\/div>\r\n<\/div><\/div>\n\n<div class=\"lazyblock-nncontainer-1xBmWs wp-block-lazyblock-nncontainer\"><div class=\"section-standard\">\r\n  <div class=\"container\" id=\"container-1xBmWs\">\r\n    <div class=\"row\">\r\n      <div class=\"col py-4 py-lg-5\">\r\n        <div class=\"lazyblock-inner-blocks\">\n\n<h2 class=\"wp-block-heading\">Testergebnisse von Diamant-R\u00e4dern<\/h2>\n\n\n\n<p><em>Falls die Tabelle nicht angezeigt wird, musst du das Laden der Inhalte noch einmal aktiv best\u00e4tigen.<\/em><\/p>\n\n\n\n <div class=\"brlbs-cmpnt-container brlbs-cmpnt-content-blocker brlbs-cmpnt-with-individual-styles\" data-borlabs-cookie-content-blocker-id=\"default\" data-borlabs-cookie-content=\"PGlmcmFtZSBpZD0iZGF0YXdyYXBwZXItY2hhcnQtMFRvdXoiIHN0eWxlPSJ3aWR0aDogMDsgbWluLXdpZHRoOiAxMDAlICFpbXBvcnRhbnQ7IGJvcmRlcjogbm9uZTsiIHRpdGxlPSJUZXN0ZXJnZWJuaXNzZSBmw7xyIERpYW1hbnQiIHNyYz0iaHR0cHM6Ly9kYXRhd3JhcHBlci5kd2Nkbi5uZXQvMFRvdXovMi8gIiBoZWlnaHQ9Ijc4OSIgZnJhbWVib3JkZXI9IjAiIHNjcm9sbGluZz0ibm8iIGFyaWEtbGFiZWw9IlRhYmVsbGUiIGRhdGEtZXh0ZXJuYWw9IjEiIGRhdGEtbWNlLWZyYWdtZW50PSIxIj48L2lmcmFtZT4=\"><div class=\"brlbs-cmpnt-cb-preset-a\"> <p class=\"brlbs-cmpnt-cb-description\">You are currently viewing a placeholder content from <strong>Default<\/strong>. To access the actual content, click the button below. Please note that doing so will share data with third-party providers.<\/p> <div class=\"brlbs-cmpnt-cb-buttons\"> <a class=\"brlbs-cmpnt-cb-btn\" href=\"#\" data-borlabs-cookie-unblock role=\"button\">Unblock content<\/a> <a class=\"brlbs-cmpnt-cb-btn\" href=\"#\" data-borlabs-cookie-accept-service role=\"button\" style=\"display: none\">Accept required service and unblock content<\/a> <\/div> <a class=\"brlbs-cmpnt-cb-provider-toggle\" href=\"#\" data-borlabs-cookie-show-provider-information role=\"button\">More Information<\/a> <\/div><\/div><script type=\"text\/javascript\">!function(){\"use strict\";window.addEventListener(\"message\",(function(a){if(void 0!==a.data[\"datawrapper-height\"]){var e=document.querySelectorAll(\"iframe\");for(var t in a.data[\"datawrapper-height\"])for(var r=0;r<e.length;r++)if(e[r].contentWindow===a.source){var i=a.data[\"datawrapper-height\"][t]+\"px\";e[r].style.height=i}}}))}();\n<\/script>\n\n<\/div>\r\n      <\/div>\r\n    <\/div>\r\n  <\/div>\r\n<\/div><\/div>\n\n<div class=\"lazyblock-nncontainer-Z1xrgtx wp-block-lazyblock-nncontainer\"><div class=\"section-standard\">\r\n  <div class=\"container\" id=\"container-Z1xrgtx\">\r\n    <div class=\"row\">\r\n      <div class=\"col py-4 py-lg-5\">\r\n        <div class=\"lazyblock-inner-blocks\">\n\n<h2 class=\"wp-block-heading\">Auszeichnungen f\u00fcr Diamant<\/h2>\n\n\n\n<p><em>Falls die Tabelle nicht angezeigt wird, musst du das Laden der Inhalte noch einmal aktiv best\u00e4tigen.<\/em><\/p>\n\n\n\n <div class=\"brlbs-cmpnt-container brlbs-cmpnt-content-blocker brlbs-cmpnt-with-individual-styles\" data-borlabs-cookie-content-blocker-id=\"default\" data-borlabs-cookie-content=\"PGlmcmFtZSBpZD0iZGF0YXdyYXBwZXItY2hhcnQtQjloeTUiIHN0eWxlPSJ3aWR0aDogMDsgbWluLXdpZHRoOiAxMDAlICFpbXBvcnRhbnQ7IGJvcmRlcjogbm9uZTsiIHRpdGxlPSJBdXN6ZWljaG51bmdlbiBmw7xyIERpYW1hbnQiIHNyYz0iaHR0cHM6Ly9kYXRhd3JhcHBlci5kd2Nkbi5uZXQvQjloeTUvMS8gIiBoZWlnaHQ9IjE1MTYiIGZyYW1lYm9yZGVyPSIwIiBzY3JvbGxpbmc9Im5vIiBhcmlhLWxhYmVsPSJUYWJlbGxlIiBkYXRhLWV4dGVybmFsPSIxIiBkYXRhLW1jZS1mcmFnbWVudD0iMSI+PC9pZnJhbWU+\"><div class=\"brlbs-cmpnt-cb-preset-a\"> <p class=\"brlbs-cmpnt-cb-description\">You are currently viewing a placeholder content from <strong>Default<\/strong>. To access the actual content, click the button below. Please note that doing so will share data with third-party providers.<\/p> <div class=\"brlbs-cmpnt-cb-buttons\"> <a class=\"brlbs-cmpnt-cb-btn\" href=\"#\" data-borlabs-cookie-unblock role=\"button\">Unblock content<\/a> <a class=\"brlbs-cmpnt-cb-btn\" href=\"#\" data-borlabs-cookie-accept-service role=\"button\" style=\"display: none\">Accept required service and unblock content<\/a> <\/div> <a class=\"brlbs-cmpnt-cb-provider-toggle\" href=\"#\" data-borlabs-cookie-show-provider-information role=\"button\">More Information<\/a> <\/div><\/div>\n\n<\/div>\r\n      <\/div>\r\n    <\/div>\r\n  <\/div>\r\n<\/div><\/div>\n\n<div class=\"lazyblock-nncontainer-Z1KjLJq wp-block-lazyblock-nncontainer\"><div class=\"section-standard\">\r\n  <div class=\"container\" id=\"container-Z1KjLJq\">\r\n    <div class=\"row\">\r\n      <div class=\"col py-4 py-lg-5\">\r\n        <div class=\"lazyblock-inner-blocks\">\n\n<h2 class=\"wp-block-heading\">Transparenzerkl\u00e4rung<\/h2>\n\n\n\n<p>Die beste Erfahrung ist deine eigene. Dir muss dein neues Rad Spa\u00df machen. Deshalb ist kein Test so gut wie deine eigene Testfahrt. Professionelle Tests k\u00f6nnen dir aber bei der Vorauswahl helfen und dir eine Orientierung geben.<\/p>\n\n\n\n<p>Diamant nimmt regelm\u00e4\u00dfig an Tests von Fachzeitschriften teil. Dabei haben wir f\u00fcr uns einige Regeln entwickelt, damit die Tests m\u00f6glichst reibungslos ablaufen. Wir finden Transparenz wichtig, deshalb teilen wir diese Regeln hier mit dir.<\/p>\n\n\n\n<h3 class=\"wp-block-heading\">Vorrang f\u00fcr Neuheiten und Pro-Versionen<\/h3>\n\n\n\n<p>Unser Ziel ist, dass jede neue Modellreihe im ersten Jahr an mindestens einem Vergleichstest teilnimmt. Im zweiten Jahr fokussieren wir uns auf Einzeltests. Im dritten Jahr schicken wir eine Modellreihe nur noch in Einzelf\u00e4llen in den Test. Wir wissen im Vorhinein nicht, welche Wettbewerber ebenfalls R\u00e4der f\u00fcr Vergleichstests einreichen. Soweit verf\u00fcgbar, reichen wir das Testbike in der besten Ausstattungsstufe ein.<\/p>\n\n\n\n<h3 class=\"wp-block-heading\">Wir zahlen Laborgeb\u00fchren<\/h3>\n\n\n\n<p>Einige Fachzeitschriften testen Fahrr\u00e4der auch mit aufwendigen Labortests. Daf\u00fcr setzen sie auf externe Institute wie die DEKRA in Stuttgart oder Velotech in Schweinfurt. Die Laborkosten daf\u00fcr tragen bei manchen Magazinen wir als Hersteller. Wir zahlen gelegentlich auch Publikationsgeb\u00fchren f\u00fcr weitere Tests in Form von Lizenzgeb\u00fchren f\u00fcr das Verwenden von Testsiegeln. Wir sehen das \u00e4u\u00dferst kritisch, weil es die wahrgenommene Unabh\u00e4ngigkeit der Testergebnisse kompromittiert. Deshalb achten wir darauf, dass wir nur an methodisch erstklassigen Tests teilnehmen, die von Menschen mit Kompetenz im Testen durchgef\u00fchrt werden, und verzichten lieber einmal auf Reichweite, als unsere eigene Integrit\u00e4t zu riskieren. Tests, in deren Zusammenhang Geld geflossen ist, markieren wir in unserer Test\u00fcbersicht.<\/p>\n\n\n\n<h3 class=\"wp-block-heading\">Wir schicken Fahrr\u00e4der in Serienausstattung<\/h3>\n\n\n\n<p>Die Stiftung Warentest kauft ihr Testfeld auf dem freien Markt, damit Hersteller keine speziell f\u00fcr Tests aufbereiteten Modelle schicken. Diamant schickt an andere Magazine immer Modelle in Serienausstattung und l\u00e4sst sie vor der Lieferung wie jedes frei verk\u00e4ufliche Rad von einem H\u00e4ndler auf Funktion pr\u00fcfen. Fotobikes werden auf dem gleichen Laufwand gebaut wie unsere Bikes, die in den freien Verkauf kommen.<\/p>\n\n\n\n<h3 class=\"wp-block-heading\">Wir setzen Testr\u00e4der mehrfach ein<\/h3>\n\n\n\n<p>Viele R\u00e4der werden wiederholt f\u00fcr Tests eingesetzt, aber kein Rad nimmt an zwei Labortests teil, wenn beide Labortests auch die Dauerbelastung pr\u00fcfen. Falls vorherige Tests Spuren hinterlassen haben, weisen wir nachfolgende Tester auf solche Kratzer hin.<\/p>\n\n\n\n<h3 class=\"wp-block-heading\">Testr\u00e4der sind immer Leihr\u00e4der<\/h3>\n\n\n\n<p>Tests, f\u00fcr die wir aktiv ein Rad bereit stellen, werden immer mit Leihr\u00e4dern durchgef\u00fchrt. Die R\u00e4der bleiben in unserem Besitz und wir nehmen sie nach dem Test zur\u00fcck.<\/p>\n\n<\/div>\r\n      <\/div>\r\n    <\/div>\r\n  <\/div>\r\n<\/div><\/div>","protected":false},"excerpt":{"rendered":"","protected":false},"author":3,"featured_media":0,"parent":0,"menu_order":0,"comment_status":"closed","ping_status":"closed","template":"","meta":{"_acf_changed":false,"slim_seo":{"title":"Tests & Awards - Diamant-R\u00e4der im Vergleich & Ausgezeichnet","description":"Finde aktuelle Tests & Awards von Diamant-R\u00e4dern. Erfahre alles \u00fcber Testergebnisse, Auszeichnungen und transparent wof\u00fcr und wann wir bei Tests bezahlen."},"footnotes":""},"class_list":["post-58735","page","type-page","status-publish","hentry"],"acf":[],"_links":{"self":[{"href":"https:\/\/www.diamantrad.com\/en-GB\/wp-json\/wp\/v2\/pages\/58735","targetHints":{"allow":["GET"]}}],"collection":[{"href":"https:\/\/www.diamantrad.com\/en-GB\/wp-json\/wp\/v2\/pages"}],"about":[{"href":"https:\/\/www.diamantrad.com\/en-GB\/wp-json\/wp\/v2\/types\/page"}],"author":[{"embeddable":true,"href":"https:\/\/www.diamantrad.com\/en-GB\/wp-json\/wp\/v2\/users\/3"}],"replies":[{"embeddable":true,"href":"https:\/\/www.diamantrad.com\/en-GB\/wp-json\/wp\/v2\/comments?post=58735"}],"version-history":[{"count":3,"href":"https:\/\/www.diamantrad.com\/en-GB\/wp-json\/wp\/v2\/pages\/58735\/revisions"}],"predecessor-version":[{"id":69920,"href":"https:\/\/www.diamantrad.com\/en-GB\/wp-json\/wp\/v2\/pages\/58735\/revisions\/69920"}],"wp:attachment":[{"href":"https:\/\/www.diamantrad.com\/en-GB\/wp-json\/wp\/v2\/media?parent=58735"}],"curies":[{"name":"wp","href":"https:\/\/api.w.org\/{rel}","templated":true}]}}