{"id":61329,"date":"2025-04-02T17:02:16","date_gmt":"2025-04-02T15:02:16","guid":{"rendered":"https:\/\/www.diamantrad.com\/?page_id=61329"},"modified":"2025-10-15T11:51:01","modified_gmt":"2025-10-15T09:51:01","slug":"catalogues-and-posters","status":"publish","type":"page","link":"https:\/\/www.diamantrad.com\/de-AT\/catalogues-and-posters\/","title":{"rendered":"Catalogues and posters"},"content":{"rendered":"\n<div class=\"wp-block-cover\"><img data-dominant-color=\"6b8582\" data-has-transparency=\"false\" loading=\"lazy\" decoding=\"async\" width=\"761\" height=\"1024\" sizes=\"auto, (max-width: 761px) 100vw, 761px\" class=\"wp-block-cover__image-background wp-image-55380 size-large not-transparent\" alt=\"Plakat 01334 04 1906 1912\" src=\"https:\/\/www.diamantrad.com\/wp-content\/uploads\/2025\/03\/Plakat_01334-04_1906_1912-761x1024.avif\" style=\"--dominant-color: #6b8582; object-position:50% 54%\" data-object-fit=\"cover\" data-object-position=\"50% 54%\" srcset=\"https:\/\/www.diamantrad.com\/wp-content\/uploads\/2025\/03\/Plakat_01334-04_1906_1912-761x1024.avif 761w, https:\/\/www.diamantrad.com\/wp-content\/uploads\/2025\/03\/Plakat_01334-04_1906_1912-223x300.avif 223w, https:\/\/www.diamantrad.com\/wp-content\/uploads\/2025\/03\/Plakat_01334-04_1906_1912-768x1033.avif 768w, https:\/\/www.diamantrad.com\/wp-content\/uploads\/2025\/03\/Plakat_01334-04_1906_1912.avif 927w\" \/><span aria-hidden=\"true\" class=\"wp-block-cover__background has-background-dim\" style=\"background-color:#787482\"><\/span><div class=\"wp-block-cover__inner-container is-layout-constrained wp-block-cover-is-layout-constrained\">\n<p class=\"has-text-align-center has-large-font-size\"><\/p>\n\n\n<div class=\"lazyblock-cover-text-Z1h9hfC wp-block-lazyblock-cover-text\"><div class=\"covertext container py-5 d-flex flex-column colorscheme-light justify-content-center\" id=\"covertext-Z1h9hfC\">\r\n  <div class=\"lazyblock-inner-blocks\">\n\n<h2 class=\"wp-block-heading\">Alte<br>Kataloge<\/h2>\n\n<\/div>\r\n<\/div><\/div><\/div><\/div>\n\n\n<div class=\"lazyblock-nncontainer-Z1vUu3k wp-block-lazyblock-nncontainer\"><div class=\"section-standard\">\r\n  <div class=\"container\" id=\"container-Z1vUu3k\">\r\n    <div class=\"row\">\r\n      <div class=\"col py-4 py-lg-5\">\r\n        <div class=\"lazyblock-inner-blocks\">\n\n<p>Gedruckte Kataloge sind seit Sommer 2020 bei uns Geschichte. Jedes Jahr sparen wir so 13.4 Tonnen CO2.&nbsp; Heute k\u00f6nnen wir alle Informationen besser \u00fcber unsere Webseite darstellen und wir sind nicht mehr daran gebunden, alle neuen R\u00e4der auf einmal zeigen zu m\u00fcssen. Stattdessen k\u00f6nnen wir neue R\u00e4der zeigen, wenn sie fertig und (fast) verf\u00fcgbar sind.<\/p>\n\n\n\n<p>Unsere alten Print-Kataloge zum St\u00f6bern, Lernen und Entdecken findest du weiter unten auf dieser Seite.<\/p>\n\n\n\n<h2 class=\"wp-block-heading\">Kataloge von 2005-2020<\/h2>\n\n\n\n<p><a href=\"https:\/\/www.diamantrad.com\/wp-content\/uploads\/2020\/07\/DIA_Magazin_MY20_190710.pdf\">2020<\/a><br><a href=\"https:\/\/www.diamantrad.com\/wp-content\/uploads\/2020\/07\/2019-DE.pdf\">2019<\/a><br><a href=\"https:\/\/www.diamantrad.com\/wp-content\/uploads\/2020\/07\/DIA_Magazin_2018_RZ_ohne_Beschnitt.compressed_compressed.pdf\"><u>2018<\/u><\/a><br><a href=\"https:\/\/www.diamantrad.com\/wp-content\/uploads\/2020\/07\/DIA_Magazin_2017.pdf\">2017<\/a><br><a href=\"https:\/\/www.diamantrad.com\/wp-content\/uploads\/2020\/07\/Diamant_Magazin_2016_WEB_150723.pdf\">2016<\/a><br><a href=\"https:\/\/www.diamantrad.com\/wp-content\/uploads\/2020\/07\/DIA_Magazin_2015.pdf\">2015<\/a><br><a href=\"https:\/\/www.diamantrad.com\/wp-content\/uploads\/2020\/07\/DIA_Katalog_2014.pdf\">2014<\/a><br><a href=\"https:\/\/www.diamantrad.com\/wp-content\/uploads\/2020\/07\/Dia_Katalog_2013_Screen.pdf\">2013<\/a><br><a href=\"https:\/\/www.diamantrad.com\/wp-content\/uploads\/2020\/07\/Diamant_Katalog_2012.pdf\">2012<\/a><br><a href=\"https:\/\/www.diamantrad.com\/wp-content\/uploads\/2020\/07\/DIA_kollektion_2011.pdf\">2011<\/a><br><a href=\"https:\/\/www.diamantrad.com\/wp-content\/uploads\/2020\/07\/DIA_kollektion_2010.pdf\">2010<\/a><br><a href=\"https:\/\/www.diamantrad.com\/wp-content\/uploads\/2020\/07\/DIA_kollektion_2009.pdf\">2009<\/a><br><a href=\"https:\/\/www.diamantrad.com\/wp-content\/uploads\/2020\/07\/DIA_eride_2009.pdf\">2009 ERide<\/a><br><a href=\"https:\/\/www.diamantrad.com\/wp-content\/uploads\/2020\/07\/DIA_kollektion_2008.pdf\">2008<\/a><br><a href=\"https:\/\/www.diamantrad.com\/wp-content\/uploads\/2020\/07\/DIA_kollektion_2007.pdf\">2007<\/a><br><a href=\"https:\/\/www.diamantrad.com\/wp-content\/uploads\/2020\/07\/DIA_kollektion_2006.pdf\">2006<\/a><br><a href=\"https:\/\/www.diamantrad.com\/wp-content\/uploads\/2020\/07\/DIA_kollektion_2005.pdf\">2005<\/a><br><a href=\"https:\/\/www.diamantrad.com\/wp-content\/uploads\/2023\/08\/dia_kollektion_2000.pdf\" target=\"_blank\" rel=\"noreferrer noopener\" aria-label=\"Opens external link in a new tab\">2000<\/a><\/p>\n\n\n\n<p>Du bist Sammler und besitzt einen der seltenen, historischen Diamant-Kataloge? Hilf uns, ein umfassendes Archiv aller Jahrg\u00e4nge aufzubauen! Nimm Kontakt zu uns auf \u2013 wir freuen uns auf dein Puzzle-St\u00fcck aus der Diamant-Historie.<\/p>\n\n\n\n<div class=\"wp-block-buttons is-layout-flex wp-block-buttons-is-layout-flex\">\n<div class=\"wp-block-button\"><a role=\"button\" class=\"wp-block-button__link wp-element-button\" href=\"https:\/\/www.diamantrad.com\/de-AT\/contact\/\">Kontaktiere uns<\/a><\/div>\n<\/div>\n\n<\/div>\r\n      <\/div>\r\n    <\/div>\r\n  <\/div>\r\n<\/div><\/div>","protected":false},"excerpt":{"rendered":"","protected":false},"author":3,"featured_media":0,"parent":0,"menu_order":0,"comment_status":"closed","ping_status":"closed","template":"","meta":{"_acf_changed":false,"slim_seo":{"title":"Diamant-Kataloge (2005\u20132020) & Poster - Digital entdecken","description":"Entdecke unsere alten Diamant-Kataloge (2005-2020) & einige unserer historischen Poster \u2013 digital zug\u00e4nglich. Jetzt st\u00f6bern und in die Geschichte eintauchen."},"footnotes":""},"class_list":["post-61329","page","type-page","status-publish","hentry"],"acf":[],"_links":{"self":[{"href":"https:\/\/www.diamantrad.com\/en-GB\/wp-json\/wp\/v2\/pages\/61329","targetHints":{"allow":["GET"]}}],"collection":[{"href":"https:\/\/www.diamantrad.com\/en-GB\/wp-json\/wp\/v2\/pages"}],"about":[{"href":"https:\/\/www.diamantrad.com\/en-GB\/wp-json\/wp\/v2\/types\/page"}],"author":[{"embeddable":true,"href":"https:\/\/www.diamantrad.com\/en-GB\/wp-json\/wp\/v2\/users\/3"}],"replies":[{"embeddable":true,"href":"https:\/\/www.diamantrad.com\/en-GB\/wp-json\/wp\/v2\/comments?post=61329"}],"version-history":[{"count":1,"href":"https:\/\/www.diamantrad.com\/en-GB\/wp-json\/wp\/v2\/pages\/61329\/revisions"}],"predecessor-version":[{"id":61330,"href":"https:\/\/www.diamantrad.com\/en-GB\/wp-json\/wp\/v2\/pages\/61329\/revisions\/61330"}],"wp:attachment":[{"href":"https:\/\/www.diamantrad.com\/en-GB\/wp-json\/wp\/v2\/media?parent=61329"}],"curies":[{"name":"wp","href":"https:\/\/api.w.org\/{rel}","templated":true}]}}