{"id":56933,"date":"2025-03-23T06:44:46","date_gmt":"2025-03-23T05:44:46","guid":{"rendered":"https:\/\/dev.diamantrad.com\/?page_id=56933"},"modified":"2025-10-29T16:30:57","modified_gmt":"2025-10-29T15:30:57","slug":"imprint","status":"publish","type":"page","link":"https:\/\/www.diamantrad.com\/de-CH\/imprint\/","title":{"rendered":"Impressum"},"content":{"rendered":"<div class=\"lazyblock-nncontainer-Z2g4qQs wp-block-lazyblock-nncontainer\"><div class=\"section-secondary\">\r\n  <div class=\"container\" id=\"container-Z2g4qQs\">\r\n    <div class=\"row\">\r\n      <div class=\"col py-4 py-lg-5\">\r\n        <div class=\"lazyblock-inner-blocks\">\n<div class=\"lazyblock-cover-text-Z1rH0gv wp-block-lazyblock-cover-text\"><div class=\"covertext container py-5 d-flex flex-column colorscheme-light justify-content-center\" id=\"covertext-Z1rH0gv\">\r\n  <div class=\"lazyblock-inner-blocks\">\n\n<h2 class=\"wp-block-heading\">Impressum<\/h2>\n\n<\/div>\r\n<\/div><\/div>\n<\/div>\r\n      <\/div>\r\n    <\/div>\r\n  <\/div>\r\n<\/div><\/div>\n\n<div class=\"lazyblock-nncontainer-Z2c1cdc wp-block-lazyblock-nncontainer\"><div class=\"section-standard\">\r\n  <div class=\"container\" id=\"container-Z2c1cdc\">\r\n    <div class=\"row\">\r\n      <div class=\"col py-4 py-lg-5\">\r\n        <div class=\"lazyblock-inner-blocks\">\n\n<p><strong>Diamant Fahrradwerke GmbH<\/strong><br>Sch\u00f6naicher Stra\u00dfe 1<br>09232 Hartmannsdorf<br>Deutschland<\/p>\n\n\n\n<p>Kontakt f\u00fcr Lieferanten: +49 3722 405 621<br>Kontakt f\u00fcr H\u00e4ndler: 00800 8735 8735 (via Customer Care GAS, Trek Bicyle)<br>Kontakt f\u00fcr Kunden: Bitte verwenden Sie unser&nbsp;<a href=\"https:\/\/www.diamantrad.com\/de-CH\/contact\/\" title=\"\">Kontaktformular<\/a><br>E-Mail:&nbsp;<a href=\"mailto:info@diamantrad.com\">info@diamantrad.com<\/a><\/p>\n\n\n\n<p>Gesch\u00e4ftsf\u00fchrer: John Schuster<br>Handelsregister- Nummer: Handelsregister des Amtsgerichts Chemnitz, HRB 6093<br>Umsatzsteuer-ID: DE111665530<\/p>\n\n\n\n<p>Steuernummer: 222\/107\/00432<\/p>\n\n\n\n<p>Datenschutzbeauftragter: Phillip Herold<br>Kontaktdaten der Datenschutzbeauftragten:&nbsp;<a href=\"mailto:GDPR@trekbikes.com\">GDPR@trekbikes.com<\/a><\/p>\n\n\n\n<p>Aufsichtsbeh\u00f6rde: Der S\u00e4chsische Datenschutzbeauftragte, Kontor am Landtag, Devrientstra\u00dfe 1, 01067 Dresden, Deutschland<\/p>\n\n\n\n<p>Art der T\u00e4tigkeit: Handel mit sowie Herstellung und Vertrieb von Fahrr\u00e4dern, Fahrr\u00e4dern mit elektrobetriebener Motorunterst\u00fctzung, Fahrradersatzteilen und Fahrradzubeh\u00f6r<\/p>\n\n\n\n<p>Gr\u00fcndung der &#8220;Gebr\u00fcder Nevoigt, Reichenbrand \/ Chemnitz&#8221;: 1. Januar 1885<br>Gr\u00fcndung Diamant Fahrradwerke GmbH als letztem Rechtsnachfolger: 31.10.1991<\/p>\n\n\n\n<h3 class=\"wp-block-heading\">Nutzungsbedingungen\/Disclaimer<\/h3>\n\n\n\n<p>1. Die Nutzung des Internetauftritts der Diamant Fahrradwerke GmbH unterliegt den nachfolgenden Nutzungsbedingungen, die mit dem Aufruf der Website bzw. einzelner Teile der Website zwischen dem Nutzer und der Diamant Fahrradwerke GmbH als Dienstanbieter verbindlich vereinbart sind. Der Internetauftritt beinhaltet Daten und Informationen aller Art, die marken \u2013 und\/oder urheberrechtlich zu Gunsten der Diamant Fahrradwerke GmbH oder im Einzelfall auch zu Gunsten Dritter gesch\u00fctzt sind. Es ist daher nicht gestattet, den Internetauftritt im Ganzen oder in einzelnen Teilen herunterzuladen, zu vervielf\u00e4ltigen und\/oder zu verbreiten. Gestattet ist die technisch bedingte Vervielf\u00e4ltigung zum Zwecke des Browsing, soweit diese Handlungen keinen wirtschaftlichen Zwecken dient, sowie die dauerhafte Vervielf\u00e4ltigung f\u00fcr den eigenen Gebrauch.<\/p>\n\n\n\n<p>2. Es ist gestattet, einen Link auf diesen Internetauftritt zu setzen, soweit er allein der Querreferenz dient. Die Diamant Fahrradwerke GmbH beh\u00e4lt sich das Recht vor, die Gestattung zu widerrufen. Das Framen dieses Internetauftritts ist nicht gestattet.<\/p>\n\n\n\n<p>3. Eine Gew\u00e4hr f\u00fcr die Richtigkeit und Vollst\u00e4ndigkeit der auf dem Internetauftritt befindlichen Information wird nicht \u00fcbernommen. Insbesondere sind \u00c4nderungen an der Ausstattung unserer Fahrr\u00e4der sowie von Farben und Preisen jederzeit und ohne Ank\u00fcndigung m\u00f6glich. Verweise und Links auf Webseiten Dritter bedeuten nicht, dass sich die Diamant Fahrradwerke GmbH die hinter dem Verweis oder Link liegenden Inhalte zu eigen macht. Die Inhalte der Webseiten Dritter begr\u00fcnden keine Verantwortung der Diamant Fahrradwerke GmbH f\u00fcr die dort bereitgehaltenen Daten und Informationen. Die Diamant Fahrradwerke GmbH hat keinen Einfluss auf die hinter dem Link liegenden Inhalte. F\u00fcr rechtswidrige, fehlerhafte oder unvollst\u00e4ndige Inhalte und f\u00fcr Sch\u00e4den, die aufgrund der Nutzung von einem hinter dem Link liegenden Inhalt verursacht worden sind, haftet die Diamant Fahrradwerke GmbH daher nicht.<\/p>\n\n<\/div>\r\n      <\/div>\r\n    <\/div>\r\n  <\/div>\r\n<\/div><\/div>","protected":false},"excerpt":{"rendered":"","protected":false},"author":3,"featured_media":0,"parent":0,"menu_order":0,"comment_status":"closed","ping_status":"closed","template":"","meta":{"_acf_changed":false,"slim_seo":{"title":"Impressum - diamantrad.com","description":"Impressum der Diamantrad-Webseite. Alle rechtlichen Informationen, Verantwortlicher & Kontakt auf einen Blick."},"footnotes":""},"class_list":["post-56933","page","type-page","status-publish","hentry"],"acf":[],"_links":{"self":[{"href":"https:\/\/www.diamantrad.com\/en-GB\/wp-json\/wp\/v2\/pages\/56933","targetHints":{"allow":["GET"]}}],"collection":[{"href":"https:\/\/www.diamantrad.com\/en-GB\/wp-json\/wp\/v2\/pages"}],"about":[{"href":"https:\/\/www.diamantrad.com\/en-GB\/wp-json\/wp\/v2\/types\/page"}],"author":[{"embeddable":true,"href":"https:\/\/www.diamantrad.com\/en-GB\/wp-json\/wp\/v2\/users\/3"}],"replies":[{"embeddable":true,"href":"https:\/\/www.diamantrad.com\/en-GB\/wp-json\/wp\/v2\/comments?post=56933"}],"version-history":[{"count":2,"href":"https:\/\/www.diamantrad.com\/en-GB\/wp-json\/wp\/v2\/pages\/56933\/revisions"}],"predecessor-version":[{"id":69761,"href":"https:\/\/www.diamantrad.com\/en-GB\/wp-json\/wp\/v2\/pages\/56933\/revisions\/69761"}],"wp:attachment":[{"href":"https:\/\/www.diamantrad.com\/en-GB\/wp-json\/wp\/v2\/media?parent=56933"}],"curies":[{"name":"wp","href":"https:\/\/api.w.org\/{rel}","templated":true}]}}