{"id":56994,"date":"2025-03-23T18:35:33","date_gmt":"2025-03-23T17:35:33","guid":{"rendered":"https:\/\/dev.diamantrad.com\/?page_id=56994"},"modified":"2025-10-16T15:01:02","modified_gmt":"2025-10-16T13:01:02","slug":"warranty","status":"publish","type":"page","link":"https:\/\/www.diamantrad.com\/de-CH\/warranty\/","title":{"rendered":"Garantie"},"content":{"rendered":"<div class=\"lazyblock-nncontainer-1sg3im wp-block-lazyblock-nncontainer\"><div class=\"section-secondary\">\r\n  <div class=\"container\" id=\"container-1sg3im\">\r\n    <div class=\"row\">\r\n      <div class=\"col py-4 py-lg-5\">\r\n        <div class=\"lazyblock-inner-blocks\">\n<div class=\"lazyblock-cover-text-ZtHcJA wp-block-lazyblock-cover-text\"><div class=\"covertext container py-5 d-flex flex-column colorscheme-light justify-content-center\" id=\"covertext-ZtHcJA\">\r\n  <div class=\"lazyblock-inner-blocks\">\n\n<h2 class=\"wp-block-heading\">Garantie und Gew\u00e4hrleistung<\/h2>\n\n<\/div>\r\n<\/div><\/div>\n<\/div>\r\n      <\/div>\r\n    <\/div>\r\n  <\/div>\r\n<\/div><\/div>\n\n<div class=\"lazyblock-nncontainer-1ccgYs wp-block-lazyblock-nncontainer\"><div class=\"section-standard\">\r\n  <div class=\"container\" id=\"container-1ccgYs\">\r\n    <div class=\"row\">\r\n      <div class=\"col py-4 py-lg-5\">\r\n        <div class=\"lazyblock-inner-blocks\">\n\n<p class=\"wp-block-paragraph\">Auf alle Diamant-Rahmen und Starrgabeln gew\u00e4hren wir lebenslange Garantie ab Kaufdatum hinsichtlich Verarbeitungs- und Materialfehler. F\u00fcr alle Originalteile mit Ausnahme von Federgabeln gew\u00e4hrt Diamant eine Garantie von zwei Jahren (oder der jeweils gesetzlichen Gew\u00e4hrleistungspflicht) ab Kaufdatum. Federgabeln unterliegen den Garantiebestimmungen des jeweiligen Herstellers. F\u00fcr Lackierungen und Beschriftungen gilt eine Garantie von zwei Jahren.<\/p>\n\n\n\n<p class=\"wp-block-paragraph\">Die Garantie bleibt ausdr\u00fccklich beschr\u00e4nkt auf die Reparatur oder den Ersatz eines schadhaften Rahmens, einer Gabel oder eines defekten Teils. Ob eine Reparatur oder ein Ersatz vorgenommen oder das Produkt kostenfrei oder mit Rabatt zum Umtausch angeboten wird, obliegt dem freien Ermessen von Diamant. Die Garantie bezieht sich ausschlie\u00dflich auf die erstkaufende Person und ist nicht \u00fcbertragbar f\u00fcr Diamant-R\u00e4der mit Kaufdatum bis Juli 2019. F\u00fcr R\u00e4der mit Kaufdatum ab Juli 2019 gilt: Wird das Rad innerhalb der ersten drei Jahre gebraucht verkauft, gew\u00e4hren wir dem neuen Besitzer bis zu drei Jahre Garantie auf den Rahmen ab dem Erstkauf.<\/p>\n\n\n\n<p class=\"wp-block-paragraph\">Der Kaufvertrag besteht zwischen Kaufpartei und Fachhandel. Die Garantie von Diamant erg\u00e4nzt die gesetzliche Gew\u00e4hrleistungspflicht des H\u00e4ndlers. Garantieanspr\u00fcche gegen\u00fcber Diamant sind nur durch einen autorisierten Diamant-H\u00e4ndler geltend zu machen. Hierzu erforderlich ist ein Nachweis des Erstkaufs (in Form der Rechnung oder in Form eines anderen datierten Verkaufsdokuments, welches das Diamant-Fahrrad anhand der Rahmennummer identifiziert).<\/p>\n\n\n\n<p class=\"wp-block-paragraph\">Weitere Informationen dazu, wie wir Garantief\u00e4lle abwickeln,\u00a0<a href=\"https:\/\/www.diamantrad.com\/de-CH\/faq\/\" title=\"\">findest du in unseren FAQ.<\/a><\/p>\n\n\n\n<p class=\"wp-block-paragraph\">Ausgeschlossen von der Garantie sind Sch\u00e4den, die auf normale Abnutzung und normalen Verschlei\u00df, auf Defekte, Fehlfunktionen oder Ausf\u00e4lle, die auf Missbrauch, Nachl\u00e4ssigkeit, unsachgem\u00e4\u00dfen Zusammenbau bzw. unsachgem\u00e4\u00dfe Wartung oder auf den Einbau fremder Teile zur\u00fcckzuf\u00fchren sind. Diamant haftet nicht f\u00fcr Unfall- und Folgesch\u00e4den sowie Sch\u00e4den, die durch unsachgem\u00e4\u00dfe Behandlung entstanden sind. Die Garantie beinhaltet nicht den Arbeitslohn f\u00fcr die Reparatur oder den Austausch von Teilen. Benutzer und Benutzerinnen tragen das Risiko f\u00fcr Personen- und Sachsch\u00e4den, wenn das Fahrrad zu irgendeinem Zeitpunkt f\u00fcr Stunt-Fahrten, Schlammfahrten oder \u00e4hnliche Aktivit\u00e4ten benutzt wird, die nicht dem normalen Gebrauch entsprechen. Sch\u00e4den, die in Zusammenhang mit solchen Aktivit\u00e4ten entstehen, sind von der Garantie ausdr\u00fccklich ausgenommen.<\/p>\n\n\n\n<p class=\"wp-block-paragraph\">Diese Garantiebestimmungen gelten nicht f\u00fcr R\u00e4der, die vor 2012 gekauft wurden. Bei Fahrr\u00e4dern, die vor 2012 gekauft wurden, hilft unser Kundendienst \u00fcber das\u00a0<a href=\"https:\/\/www.diamantrad.com\/de-CH\/contact\/\" title=\"\">Kontaktformular<\/a>\u00a0oder den <a href=\"https:\/\/www.diamantrad.com\/de-CH\/store-finder\/\" title=\"\">Fachhandel<\/a>, um die korrekten Garantiebestimmungen anzuwenden.<\/p>\n\n\n\n<p class=\"wp-block-paragraph\">Diese Garantie r\u00e4umt der Kundschaft bestimmte Rechte ein, die sich von Land zu Land \u00e4ndern k\u00f6nnen. Die gesetzlichen Rechte der Kundschaft bleiben bei dieser Garantie unber\u00fchrt.<\/p>\n\n\n\n<p class=\"wp-block-paragraph\">Bei den Angaben in unseren Produktinformationen \u2013 namentlich denjenigen zu den Spezifikationen, Modellen, Abmessungen, Leistungen und Gewichten der Fahrr\u00e4der \u2013 handelt es sich um ungef\u00e4hre, freibleibende Angaben, die weder verbindliche Zusicherungen noch ein verbindliches Vertragsangebot enthalten. Dar\u00fcber hinaus sind Anspr\u00fcche aus unerlaubter Handlung gegen\u00fcber Diamant nach Art und Umfang, soweit gesetzlich zul\u00e4ssig, ausgeschlossen.<\/p>\n\n\n\n<p class=\"wp-block-paragraph\">Alle Fotos, Abbildungen, Farben, Gewichte und Spezifikationen basieren auf den neuesten Produktinformationen zum Zeitpunkt der erstmaligen Ver\u00f6ffentlichung. Diamant beh\u00e4lt sich das Recht vor, jederzeit und ohne Vorank\u00fcndigung eine \u00c4nderung von Farbe, Materialien, Ausr\u00fcstungen, Spezifikationen und Modellen vorzunehmen. Abweichungen von dargestellten Farben sind auf technische Faktoren zur\u00fcckzuf\u00fchren. In den Abbildungen k\u00f6nnen Ausr\u00fcstungen dargestellt sein, die nicht erh\u00e4ltlich sind. Bestimmte Modelle werden mit optionalen Ausr\u00fcstungen dargestellt.<\/p>\n\n<\/div>\r\n      <\/div>\r\n    <\/div>\r\n  <\/div>\r\n<\/div><\/div>","protected":false},"excerpt":{"rendered":"","protected":false},"author":3,"featured_media":0,"parent":0,"menu_order":0,"comment_status":"closed","ping_status":"closed","template":"","meta":{"_acf_changed":false,"_crdt_document":"","slim_seo":{"title":"Garantie bei Diamant - Mehr als 40 Jahre f\u00fcr Erstk\u00e4ufer","description":"Lebenslange Garantie auf Rahmen & Gabel. Informiere dich \u00fcber Garantiebedingungen f\u00fcr Diamant\u2011Bikes. Zuverl\u00e4ssig, transparent & fair. Jetzt mehr erfahren."},"footnotes":""},"class_list":["post-56994","page","type-page","status-publish","hentry"],"acf":[],"_links":{"self":[{"href":"https:\/\/www.diamantrad.com\/en-GB\/wp-json\/wp\/v2\/pages\/56994","targetHints":{"allow":["GET"]}}],"collection":[{"href":"https:\/\/www.diamantrad.com\/en-GB\/wp-json\/wp\/v2\/pages"}],"about":[{"href":"https:\/\/www.diamantrad.com\/en-GB\/wp-json\/wp\/v2\/types\/page"}],"author":[{"embeddable":true,"href":"https:\/\/www.diamantrad.com\/en-GB\/wp-json\/wp\/v2\/users\/3"}],"replies":[{"embeddable":true,"href":"https:\/\/www.diamantrad.com\/en-GB\/wp-json\/wp\/v2\/comments?post=56994"}],"version-history":[{"count":2,"href":"https:\/\/www.diamantrad.com\/en-GB\/wp-json\/wp\/v2\/pages\/56994\/revisions"}],"predecessor-version":[{"id":69721,"href":"https:\/\/www.diamantrad.com\/en-GB\/wp-json\/wp\/v2\/pages\/56994\/revisions\/69721"}],"wp:attachment":[{"href":"https:\/\/www.diamantrad.com\/en-GB\/wp-json\/wp\/v2\/media?parent=56994"}],"curies":[{"name":"wp","href":"https:\/\/api.w.org\/{rel}","templated":true}]}}