{"id":57056,"date":"2025-03-23T21:37:45","date_gmt":"2025-03-23T20:37:45","guid":{"rendered":"https:\/\/dev.diamantrad.com\/?page_id=57056"},"modified":"2025-10-16T15:15:06","modified_gmt":"2025-10-16T13:15:06","slug":"store-finder","status":"publish","type":"page","link":"https:\/\/www.diamantrad.com\/de-CH\/store-finder\/","title":{"rendered":"Store Finder"},"content":{"rendered":"\n<!-- LOCALLY.COM WIDGET EMBED CODE -->\n<div id=\"lcly-button-0\"\n   >\n  <a id=\"lcly-link-0\" href=\"https:\/\/brands.locally.com\" target=\"_blank\">\n    Gesch\u00e4ftsuche by Locally\n  <\/a>\n<\/div>\n<script id=\"lcly-script-0\" async><\/script>\n<script id=\"lcly-config-0\">\n  var lcly_config_0 = {\n    \"company_name\": \"Diamant\",\n    \"company_id\": \"164925\",\n    \"inline\": \"1\",\n    \"lang\": \"de-ch\",\n    \"no_link\": \"1\"\n  };\n  var lcly_query_0 = Object.keys(lcly_config_0)\n  .reduce(function(a,k){a.push(encodeURIComponent(k) + '=' \n  + encodeURIComponent(lcly_config_0[k]));return a},[]).join('&');\n  var lcly_endpoint_0 = 'https:\/\/diamant.locally.com\/stores\/map.js?' + lcly_query_0;\n  document.getElementById('lcly-script-0').src = lcly_endpoint_0;\n<\/script>\n\n\n\n\n<div class=\"lazyblock-nncontainer-Z1dYpTQ wp-block-lazyblock-nncontainer\"><div class=\"section-standard\">\r\n  <div class=\"container\" id=\"container-Z1dYpTQ\">\r\n    <div class=\"row\">\r\n      <div class=\"col py-4 py-lg-5\">\r\n        <div class=\"lazyblock-inner-blocks\">\n\n<p class=\"wp-block-paragraph\">Welcher Fahrradladen f\u00fchrt Diamant in deiner N\u00e4he? Welches Gesch\u00e4ft hat dein Traumrad von Diamant direkt zur Probefahrt auf Lager? F\u00fcr teilnehmende H\u00e4ndler zeigt unsere H\u00e4ndlersuche auch direkt den Bestand an \u2013 und du kannst im Storefinder das Rad entweder reservieren oder kaufen.<\/p>\n\n\n\n<p class=\"wp-block-paragraph\">Diamant arbeitet mit \u00fcber 500 erfahrenen Partnern in vielen europ\u00e4ischen L\u00e4ndern. Du findest uns bei den gr\u00f6\u00dften Fahrradketten, aber auch bei vielen sehr kleinen H\u00e4ndlern in der lokalen Nachbarschaft. So findest du genau den Service, den du pers\u00f6nlich brauchst. Wir schulen unsere Handelspartner, damit du beim Kauf die beste individuelle Beratung bekommst.<\/p>\n\n<\/div>\r\n      <\/div>\r\n    <\/div>\r\n  <\/div>\r\n<\/div><\/div>","protected":false},"excerpt":{"rendered":"<p>Gesch\u00e4ftsuche by Locally<\/p>\n","protected":false},"author":3,"featured_media":0,"parent":0,"menu_order":0,"comment_status":"closed","ping_status":"closed","template":"","meta":{"_acf_changed":false,"_crdt_document":"","slim_seo":{"title":"H\u00e4ndler finden - Bike-Shops mit Diamant in deiner N\u00e4he","description":"Finde Diamant\u2011H\u00e4ndler in deiner N\u00e4he. Mach eine Testfahrt. Bikes ausprobieren, informieren, kaufen. Jetzt H\u00e4ndler suchen."},"footnotes":""},"class_list":["post-57056","page","type-page","status-publish","hentry"],"acf":[],"_links":{"self":[{"href":"https:\/\/www.diamantrad.com\/en-GB\/wp-json\/wp\/v2\/pages\/57056","targetHints":{"allow":["GET"]}}],"collection":[{"href":"https:\/\/www.diamantrad.com\/en-GB\/wp-json\/wp\/v2\/pages"}],"about":[{"href":"https:\/\/www.diamantrad.com\/en-GB\/wp-json\/wp\/v2\/types\/page"}],"author":[{"embeddable":true,"href":"https:\/\/www.diamantrad.com\/en-GB\/wp-json\/wp\/v2\/users\/3"}],"replies":[{"embeddable":true,"href":"https:\/\/www.diamantrad.com\/en-GB\/wp-json\/wp\/v2\/comments?post=57056"}],"version-history":[{"count":2,"href":"https:\/\/www.diamantrad.com\/en-GB\/wp-json\/wp\/v2\/pages\/57056\/revisions"}],"predecessor-version":[{"id":61142,"href":"https:\/\/www.diamantrad.com\/en-GB\/wp-json\/wp\/v2\/pages\/57056\/revisions\/61142"}],"wp:attachment":[{"href":"https:\/\/www.diamantrad.com\/en-GB\/wp-json\/wp\/v2\/media?parent=57056"}],"curies":[{"name":"wp","href":"https:\/\/api.w.org\/{rel}","templated":true}]}}