{"id":58150,"date":"2025-03-24T18:01:47","date_gmt":"2025-03-24T17:01:47","guid":{"rendered":"https:\/\/dev.diamantrad.com\/?page_id=58150"},"modified":"2025-03-24T18:01:47","modified_gmt":"2025-03-24T17:01:47","slug":"bike-ratgeber","status":"publish","type":"page","link":"https:\/\/www.diamantrad.com\/de-CH\/blog\/bike-ratgeber\/","title":{"rendered":"Bike-Ratgeber"},"content":{"rendered":"<div class=\"lazyblock-nncontainer-Z2bJS7k wp-block-lazyblock-nncontainer\"><div class=\"section-standard\">\r\n  <div class=\"container\" id=\"container-Z2bJS7k\">\r\n    <div class=\"row\">\r\n      <div class=\"col py-4 py-lg-5\">\r\n        <div class=\"lazyblock-inner-blocks\">\n                \r\n                <div class=\"blog-highlighted\">\r\n                    <div class=\"row g-5\">\r\n                        <div class=\"col-lg-6 mt-5\">\r\n                            <div class=\"entry-meta mb-4\">\r\n                                <div class=\"posted-on mb-2\">\r\n                                    <time datetime=\"2026-03-27T08:46:14+01:00\">27. M\u00e4rz 2026<\/time>\r\n                                <\/div>\r\n                                <div class=\"post-categories\">\r\n                                    <a role=\"button\" href=\"\/de-CH\/blog\/bike-ratgeber\/\">Bike Ratgeber<\/a><a role=\"button\" href=\"\/de-CH\/blog\/e-bike-ratgeber\/\">E-Bike Ratgeber<\/a>                                <\/div>\r\n                            <\/div>\r\n                            <h2><a href=\"https:\/\/www.diamantrad.com\/de-CH\/blog\/fahrraddiebstahl\/\">Fahrraddiebstahl: Wie sch\u00fctzen und was tun, wenns passiert ist?<\/a><\/h2>\r\n                            <p class=\"mb-0\">Es ist schneller passiert, als du denkst \u2013 und schon ist das Fahrrad gestohlen. Vollst\u00e4ndig vermeiden l\u00e4sst sich das nicht, nichtsdestotrotz gibt es M\u00f6glichkeiten, das Risiko zu minimieren.<\/p>\r\n                        <\/div>\r\n                        <div class=\"col-lg-6 mt-4 mt-lg-5\">\r\n                            <a class=\"post-thumbnail\" href=\"https:\/\/www.diamantrad.com\/de-CH\/blog\/fahrraddiebstahl\/\" tabindex=\"-1\">\r\n                                <figure class=\"mb-0\"><img loading=\"lazy\" decoding=\"async\" width=\"992\" height=\"662\" src=\"https:\/\/www.diamantrad.com\/wp-content\/uploads\/2020\/07\/0L7A3301-Fahrraddiebstahl-1024x683.avif\" class=\"img-fluid wp-post-image\" alt=\"Fahrraddiebstahl: Wie sch\u00fctzen und was tun, wenns passiert ist?\" srcset=\"https:\/\/www.diamantrad.com\/wp-content\/uploads\/2020\/07\/0L7A3301-Fahrraddiebstahl-1024x683.avif 1024w, https:\/\/www.diamantrad.com\/wp-content\/uploads\/2020\/07\/0L7A3301-Fahrraddiebstahl-300x200.avif 300w, https:\/\/www.diamantrad.com\/wp-content\/uploads\/2020\/07\/0L7A3301-Fahrraddiebstahl-768x512.avif 768w, https:\/\/www.diamantrad.com\/wp-content\/uploads\/2020\/07\/0L7A3301-Fahrraddiebstahl-1536x1024.avif 1536w, https:\/\/www.diamantrad.com\/wp-content\/uploads\/2020\/07\/0L7A3301-Fahrraddiebstahl-2048x1365.avif 2048w\" sizes=\"auto, (max-width: 992px) 100vw, 992px\" \/><\/figure>\r\n                            <\/a>\r\n                        <\/div>\r\n                    <\/div>\r\n                <\/div>\r\n\r\n                <hr \/>\r\n                <h3>Weitere Beitr\u00e4ge:<\/h3>\r\n                \r\n                <ul class=\"blog-filter mb-5\">\r\n                    <span>Filter<\/span>\r\n                    <li class=\"blog-filter-item blog-cat-all\">\r\n                        <a href=\"\/de-CH\/blog\/\">Alle<\/a>\r\n                    <\/li>\r\n                    <li class=\"blog-filter-item blog-cat-bike-ratgeber active\"><a href=\"\/de-CH\/blog\/bike-ratgeber\/\">Bike Ratgeber<\/a><\/li><li class=\"blog-filter-item blog-cat-e-bike-ratgeber\"><a href=\"\/de-CH\/blog\/e-bike-ratgeber\/\">E-Bike Ratgeber<\/a><\/li><li class=\"blog-filter-item blog-cat-geschichte\"><a href=\"\/de-CH\/blog\/geschichte\/\">Geschichte<\/a><\/li><li class=\"blog-filter-item blog-cat-koepfchen-spricht\"><a href=\"\/de-CH\/blog\/koepfchen-spricht\/\">K\u00f6pfchen spricht<\/a><\/li><li class=\"blog-filter-item blog-cat-news\"><a href=\"\/de-CH\/blog\/news\/\">News<\/a><\/li><li class=\"blog-filter-item blog-cat-s-pedelec\"><a href=\"\/de-CH\/blog\/s-pedelec\/\">S-Pedelec<\/a><\/li><li class=\"blog-filter-item blog-cat-stories\"><a href=\"\/de-CH\/blog\/stories\/\">Stories<\/a><\/li><li class=\"blog-filter-item blog-cat-tech\"><a href=\"\/de-CH\/blog\/tech\/\">Tech<\/a><\/li>                <\/ul>\r\n\r\n                    <ul class=\"blog-loop\">\r\n                            <li class=\"blog-loop-item mb-0\">\r\n                    <a class=\"post-thumbnail\" href=\"https:\/\/www.diamantrad.com\/de-CH\/blog\/bikepacking-equipment\/\" tabindex=\"-1\">\r\n                        <figure class=\"mb-3\"><img loading=\"lazy\" decoding=\"async\" width=\"992\" height=\"398\" src=\"https:\/\/www.diamantrad.com\/wp-content\/uploads\/2022\/07\/22DIA_Life_VilligerHCH_67I5137Header-1-1024x411.jpg\" class=\"img-fluid wp-post-image\" alt=\"Bikepacking: So packst du f\u00fcr deine n\u00e4chste Fahrradreise\" srcset=\"https:\/\/www.diamantrad.com\/wp-content\/uploads\/2022\/07\/22DIA_Life_VilligerHCH_67I5137Header-1-1024x411.jpg 1024w, https:\/\/www.diamantrad.com\/wp-content\/uploads\/2022\/07\/22DIA_Life_VilligerHCH_67I5137Header-1-300x120.jpg 300w, https:\/\/www.diamantrad.com\/wp-content\/uploads\/2022\/07\/22DIA_Life_VilligerHCH_67I5137Header-1-768x308.jpg 768w, https:\/\/www.diamantrad.com\/wp-content\/uploads\/2022\/07\/22DIA_Life_VilligerHCH_67I5137Header-1-1536x616.jpg 1536w, https:\/\/www.diamantrad.com\/wp-content\/uploads\/2022\/07\/22DIA_Life_VilligerHCH_67I5137Header-1-2048x821.jpg 2048w\" sizes=\"auto, (max-width: 992px) 100vw, 992px\" \/><\/figure>\r\n                    <\/a>\r\n                    <div class=\"blog-loop-content\">\r\n                        <div class=\"entry-meta mb-3\">\r\n                            <div class=\"posted-on mb-2\">\r\n                                <time datetime=\"2026-03-27T08:40:11+01:00\">27. M\u00e4rz 2026<\/time>\r\n                            <\/div>\r\n                            <div class=\"post-categories\">\r\n                                <a role=\"button\" href=\"\/de-CH\/blog\/bike-ratgeber\/\">Bike Ratgeber<\/a><a role=\"button\" href=\"\/de-CH\/blog\/bike-ratgeber\/\">Bike Ratgeber<\/a>                            <\/div>\r\n                        <\/div>\r\n                        <h4><a href=\"https:\/\/www.diamantrad.com\/de-CH\/blog\/bikepacking-equipment\/\">Bikepacking: So packst du f\u00fcr deine n\u00e4chste Fahrradreise<\/a><\/h4>\r\n                    <\/div>\r\n                <\/li>\r\n                            <li class=\"blog-loop-item mb-0\">\r\n                    <a class=\"post-thumbnail\" href=\"https:\/\/www.diamantrad.com\/de-CH\/blog\/velo-finanzierung-schweiz\/\" tabindex=\"-1\">\r\n                        <figure class=\"mb-3\"><img loading=\"lazy\" decoding=\"async\" width=\"992\" height=\"662\" src=\"https:\/\/www.diamantrad.com\/wp-content\/uploads\/2024\/02\/DI_25_Suvea_Lifestyle_67I9321_72dpi-1024x683.avif\" class=\"img-fluid wp-post-image\" alt=\"Velo-Finanzierung &amp; Abo in der Schweiz 2026: So sicherst du dir dein Diamant-Rad\" srcset=\"https:\/\/www.diamantrad.com\/wp-content\/uploads\/2024\/02\/DI_25_Suvea_Lifestyle_67I9321_72dpi-1024x683.avif 1024w, https:\/\/www.diamantrad.com\/wp-content\/uploads\/2024\/02\/DI_25_Suvea_Lifestyle_67I9321_72dpi-300x200.avif 300w, https:\/\/www.diamantrad.com\/wp-content\/uploads\/2024\/02\/DI_25_Suvea_Lifestyle_67I9321_72dpi-768x512.avif 768w, https:\/\/www.diamantrad.com\/wp-content\/uploads\/2024\/02\/DI_25_Suvea_Lifestyle_67I9321_72dpi-1536x1024.avif 1536w, https:\/\/www.diamantrad.com\/wp-content\/uploads\/2024\/02\/DI_25_Suvea_Lifestyle_67I9321_72dpi.avif 1620w\" sizes=\"auto, (max-width: 992px) 100vw, 992px\" \/><\/figure>\r\n                    <\/a>\r\n                    <div class=\"blog-loop-content\">\r\n                        <div class=\"entry-meta mb-3\">\r\n                            <div class=\"posted-on mb-2\">\r\n                                <time datetime=\"2026-02-03T15:49:05+01:00\">3. Februar 2026<\/time>\r\n                            <\/div>\r\n                            <div class=\"post-categories\">\r\n                                <a role=\"button\" href=\"\/de-CH\/blog\/bike-ratgeber\/\">Bike Ratgeber<\/a><a role=\"button\" href=\"\/de-CH\/blog\/e-bike-ratgeber\/\">E-Bike Ratgeber<\/a>                            <\/div>\r\n                        <\/div>\r\n                        <h4><a href=\"https:\/\/www.diamantrad.com\/de-CH\/blog\/velo-finanzierung-schweiz\/\">Velo-Finanzierung &amp; Abo in der Schweiz 2026: So sicherst du dir dein Diamant-Rad<\/a><\/h4>\r\n                    <\/div>\r\n                <\/li>\r\n                            <li class=\"blog-loop-item mb-0\">\r\n                    <a class=\"post-thumbnail\" href=\"https:\/\/www.diamantrad.com\/de-CH\/blog\/fahrradsattel-richtig-einstellen\/\" tabindex=\"-1\">\r\n                        <figure class=\"mb-3\"><img loading=\"lazy\" decoding=\"async\" width=\"992\" height=\"661\" src=\"https:\/\/www.diamantrad.com\/wp-content\/uploads\/2018\/06\/Diamant_Videos_2025_Fabio_Andoni-101-1024x682.avif\" class=\"img-fluid wp-post-image\" alt=\"Ratgeber: Fahrradsattel richtig einstellen\" srcset=\"https:\/\/www.diamantrad.com\/wp-content\/uploads\/2018\/06\/Diamant_Videos_2025_Fabio_Andoni-101-1024x682.avif 1024w, https:\/\/www.diamantrad.com\/wp-content\/uploads\/2018\/06\/Diamant_Videos_2025_Fabio_Andoni-101-300x200.avif 300w, https:\/\/www.diamantrad.com\/wp-content\/uploads\/2018\/06\/Diamant_Videos_2025_Fabio_Andoni-101-768x512.avif 768w, https:\/\/www.diamantrad.com\/wp-content\/uploads\/2018\/06\/Diamant_Videos_2025_Fabio_Andoni-101-1536x1023.avif 1536w, https:\/\/www.diamantrad.com\/wp-content\/uploads\/2018\/06\/Diamant_Videos_2025_Fabio_Andoni-101-2048x1364.avif 2048w\" sizes=\"auto, (max-width: 992px) 100vw, 992px\" \/><\/figure>\r\n                    <\/a>\r\n                    <div class=\"blog-loop-content\">\r\n                        <div class=\"entry-meta mb-3\">\r\n                            <div class=\"posted-on mb-2\">\r\n                                <time datetime=\"2026-01-30T09:51:06+01:00\">30. Januar 2026<\/time>\r\n                            <\/div>\r\n                            <div class=\"post-categories\">\r\n                                <a role=\"button\" href=\"\/de-CH\/blog\/bike-ratgeber\/\">Bike Ratgeber<\/a><a role=\"button\" href=\"\/de-CH\/blog\/e-bike-ratgeber\/\">E-Bike Ratgeber<\/a>                            <\/div>\r\n                        <\/div>\r\n                        <h4><a href=\"https:\/\/www.diamantrad.com\/de-CH\/blog\/fahrradsattel-richtig-einstellen\/\">Ratgeber: Fahrradsattel richtig einstellen<\/a><\/h4>\r\n                    <\/div>\r\n                <\/li>\r\n                            <li class=\"blog-loop-item mb-0\">\r\n                    <a class=\"post-thumbnail\" href=\"https:\/\/www.diamantrad.com\/de-CH\/blog\/fahrrad-checkliste-fruehling\/\" tabindex=\"-1\">\r\n                        <figure class=\"mb-3\"><img loading=\"lazy\" decoding=\"async\" width=\"992\" height=\"662\" src=\"https:\/\/www.diamantrad.com\/wp-content\/uploads\/2019\/05\/Diamant_Videos_2025_Fabio_Andoni-93-1024x683.avif\" class=\"img-fluid wp-post-image\" alt=\"Fahrrad fr\u00fchlingsfit machen\" srcset=\"https:\/\/www.diamantrad.com\/wp-content\/uploads\/2019\/05\/Diamant_Videos_2025_Fabio_Andoni-93-1024x683.avif 1024w, https:\/\/www.diamantrad.com\/wp-content\/uploads\/2019\/05\/Diamant_Videos_2025_Fabio_Andoni-93-300x200.avif 300w, https:\/\/www.diamantrad.com\/wp-content\/uploads\/2019\/05\/Diamant_Videos_2025_Fabio_Andoni-93-768x512.avif 768w, https:\/\/www.diamantrad.com\/wp-content\/uploads\/2019\/05\/Diamant_Videos_2025_Fabio_Andoni-93-1536x1024.avif 1536w, https:\/\/www.diamantrad.com\/wp-content\/uploads\/2019\/05\/Diamant_Videos_2025_Fabio_Andoni-93-2048x1365.avif 2048w\" sizes=\"auto, (max-width: 992px) 100vw, 992px\" \/><\/figure>\r\n                    <\/a>\r\n                    <div class=\"blog-loop-content\">\r\n                        <div class=\"entry-meta mb-3\">\r\n                            <div class=\"posted-on mb-2\">\r\n                                <time datetime=\"2025-06-03T16:38:23+02:00\">3. Juni 2025<\/time>\r\n                            <\/div>\r\n                            <div class=\"post-categories\">\r\n                                <a role=\"button\" href=\"\/de-CH\/blog\/bike-ratgeber\/\">Bike Ratgeber<\/a><a role=\"button\" href=\"\/de-CH\/blog\/e-bike-ratgeber\/\">E-Bike Ratgeber<\/a>                            <\/div>\r\n                        <\/div>\r\n                        <h4><a href=\"https:\/\/www.diamantrad.com\/de-CH\/blog\/fahrrad-checkliste-fruehling\/\">Fahrrad fr\u00fchlingsfit machen<\/a><\/h4>\r\n                    <\/div>\r\n                <\/li>\r\n                            <li class=\"blog-loop-item mb-0\">\r\n                    <a class=\"post-thumbnail\" href=\"https:\/\/www.diamantrad.com\/de-CH\/blog\/so-planst-du-eine-radtour-warum-komoot-co-nur-die-halbe-miete-sind\/\" tabindex=\"-1\">\r\n                        <figure class=\"mb-3\"><img loading=\"lazy\" decoding=\"async\" width=\"992\" height=\"486\" src=\"https:\/\/www.diamantrad.com\/wp-content\/uploads\/2022\/07\/018_Diamant_Trekking_red-1024x502.jpg\" class=\"img-fluid not-transparent wp-post-image\" alt=\"So planst du eine Radtour: Warum Komoot &amp; Co nur die halbe Miete sind\" srcset=\"https:\/\/www.diamantrad.com\/wp-content\/uploads\/2022\/07\/018_Diamant_Trekking_red-1024x502.jpg 1024w, https:\/\/www.diamantrad.com\/wp-content\/uploads\/2022\/07\/018_Diamant_Trekking_red-300x147.jpg 300w, https:\/\/www.diamantrad.com\/wp-content\/uploads\/2022\/07\/018_Diamant_Trekking_red-768x376.jpg 768w, https:\/\/www.diamantrad.com\/wp-content\/uploads\/2022\/07\/018_Diamant_Trekking_red-1536x752.jpg 1536w, https:\/\/www.diamantrad.com\/wp-content\/uploads\/2022\/07\/018_Diamant_Trekking_red-2048x1003.jpg 2048w\" sizes=\"auto, (max-width: 992px) 100vw, 992px\" data-has-transparency=\"false\" data-dominant-color=\"947781\" style=\"--dominant-color: #947781;\" \/><\/figure>\r\n                    <\/a>\r\n                    <div class=\"blog-loop-content\">\r\n                        <div class=\"entry-meta mb-3\">\r\n                            <div class=\"posted-on mb-2\">\r\n                                <time datetime=\"2022-07-15T11:06:00+02:00\">15. Juli 2022<\/time>\r\n                            <\/div>\r\n                            <div class=\"post-categories\">\r\n                                <a role=\"button\" href=\"\/de-CH\/blog\/bike-ratgeber\/\">Bike Ratgeber<\/a><a role=\"button\" href=\"\/de-CH\/blog\/e-bike-ratgeber\/\">E-Bike Ratgeber<\/a>                            <\/div>\r\n                        <\/div>\r\n                        <h4><a href=\"https:\/\/www.diamantrad.com\/de-CH\/blog\/so-planst-du-eine-radtour-warum-komoot-co-nur-die-halbe-miete-sind\/\">So planst du eine Radtour: Warum Komoot &amp; Co nur die halbe Miete sind<\/a><\/h4>\r\n                    <\/div>\r\n                <\/li>\r\n                    <\/ul>\r\n\r\n                    <div class=\"pagination justify-content-center mt-5\">\r\n                            <\/div>\r\n        \n\n<\/div>\r\n      <\/div>\r\n    <\/div>\r\n  <\/div>\r\n<\/div><\/div>","protected":false},"excerpt":{"rendered":"","protected":false},"author":10,"featured_media":0,"parent":57605,"menu_order":0,"comment_status":"closed","ping_status":"closed","template":"","meta":{"_acf_changed":false,"slim_seo":{"title":"So planst du eine Radtour: Warum Komoot &amp; Co nur die halbe Miete sind \u00b0 Diamantrad","description":"Der technische Fortschritt macht es einfach. Vorbei ist die Zeit, in der du zuhause auf dem Esstisch gro\u00dfe Karten aufgefaltet hast. Heute nimmst du das Smartpho"},"footnotes":""},"class_list":["post-58150","page","type-page","status-publish","hentry"],"acf":[],"_links":{"self":[{"href":"https:\/\/www.diamantrad.com\/de-CH\/wp-json\/wp\/v2\/pages\/58150","targetHints":{"allow":["GET"]}}],"collection":[{"href":"https:\/\/www.diamantrad.com\/de-CH\/wp-json\/wp\/v2\/pages"}],"about":[{"href":"https:\/\/www.diamantrad.com\/de-CH\/wp-json\/wp\/v2\/types\/page"}],"author":[{"embeddable":true,"href":"https:\/\/www.diamantrad.com\/de-CH\/wp-json\/wp\/v2\/users\/10"}],"replies":[{"embeddable":true,"href":"https:\/\/www.diamantrad.com\/de-CH\/wp-json\/wp\/v2\/comments?post=58150"}],"version-history":[{"count":0,"href":"https:\/\/www.diamantrad.com\/de-CH\/wp-json\/wp\/v2\/pages\/58150\/revisions"}],"up":[{"embeddable":true,"href":"https:\/\/www.diamantrad.com\/de-CH\/wp-json\/wp\/v2\/pages\/57605"}],"wp:attachment":[{"href":"https:\/\/www.diamantrad.com\/de-CH\/wp-json\/wp\/v2\/media?parent=58150"}],"curies":[{"name":"wp","href":"https:\/\/api.w.org\/{rel}","templated":true}]}}