{"id":64100,"date":"2025-07-03T06:27:05","date_gmt":"2025-07-03T04:27:05","guid":{"rendered":"https:\/\/www.diamantrad.com\/?page_id=64100"},"modified":"2025-10-16T14:51:42","modified_gmt":"2025-10-16T12:51:42","slug":"accessibility-declaration","status":"publish","type":"page","link":"https:\/\/www.diamantrad.com\/de-CH\/accessibility-declaration\/","title":{"rendered":"Accessibility Declaration"},"content":{"rendered":"<div class=\"lazyblock-nncontainer-2ihDCF wp-block-lazyblock-nncontainer\"><div class=\"section-secondary\">\r\n  <div class=\"container\" id=\"container-2ihDCF\">\r\n    <div class=\"row\">\r\n      <div class=\"col py-4 py-lg-5\">\r\n        <div class=\"lazyblock-inner-blocks\">\n<div class=\"lazyblock-cover-text-1uAVHE wp-block-lazyblock-cover-text\"><div class=\"covertext container py-5 d-flex flex-column colorscheme-light justify-content-center\" id=\"covertext-1uAVHE\">\r\n  <div class=\"lazyblock-inner-blocks\">\n\n<h2 class=\"wp-block-heading\">Erkl\u00e4rung zur Barrierefreiheit<\/h2>\n\n<\/div>\r\n<\/div><\/div>\n<\/div>\r\n      <\/div>\r\n    <\/div>\r\n  <\/div>\r\n<\/div><\/div>\n\n<div class=\"lazyblock-nncontainer-29EIGH pb-4 wp-block-lazyblock-nncontainer\"><div class=\"section-standard\">\r\n  <div class=\"container\" id=\"container-29EIGH\">\r\n    <div class=\"row\">\r\n      <div class=\"col py-4 py-lg-5\">\r\n        <div class=\"lazyblock-inner-blocks\">\n\n<p class=\"pb-4\"><strong>Stand der Erkl\u00e4rung:<\/strong> 30.06.2025<br><strong>G\u00fcltig f\u00fcr:<\/strong> Diese Erkl\u00e4rung gilt f\u00fcr die unter www.diamantrad.com bereitgestellte Webseite und deren Funktionen<\/p>\n\n\n\n<h2 class=\"wp-block-heading pt-4\">1. Verpflichtung zur Barrierefreiheit<\/h2>\n\n\n\n<p>Wir sind bem\u00fcht, unsere Website und digitalen Dienste im Einklang mit den Anforderungen des&nbsp;<strong>Barrierefreiheitsst\u00e4rkungsgesetzes (BFSG)<\/strong>&nbsp;sowie der europ\u00e4ischen Norm&nbsp;<strong>EN 301 549<\/strong>&nbsp;barrierefrei zug\u00e4nglich zu machen.<\/p>\n\n\n\n<p>Unser Ziel ist es, allen Menschen, die unsere Webseite nutzen \u2013 unabh\u00e4ngig von ihren F\u00e4higkeiten \u2013 einen gleichberechtigten Zugang zu unseren Angeboten zu erm\u00f6glichen. Sie sollten die folgenden M\u00f6glichkeiten haben:<\/p>\n\n\n\n<ul class=\"wp-block-list\">\n<li>Zoomen bis 400% vom Original ohne Einschr\u00e4nkung der inhaltlichen Nutzbarkeit, einschlie\u00dflich Vergr\u00f6\u00dfern von Abst\u00e4nden<\/li>\n\n\n\n<li>Einfaches, logisches Navigieren (mit sichtbarem Tastaturfokus) nur mit Tastatur und ohne Maus oder anderes Zeigeger\u00e4t<\/li>\n\n\n\n<li>Erreichen aller Inhalte auf mindestens zwei unterschiedlichen Wegen (z.B. Navigation, Suche, Sitemap)<\/li>\n\n\n\n<li>Identifizieren von Sinn und Zweck jeder Seite anhand aussagekr\u00e4ftiger Titel<\/li>\n\n\n\n<li>Bedienen der Inhalte mit Spracherkennung und im Hochkontrastmodus sowie auf Smartphones und anderen alternativen Ger\u00e4ten unabh\u00e4ngig von der Bildschirmausrichtung<\/li>\n\n\n\n<li class=\"pb-4\">Erkennen von Namen, Rolle und Status von integrierten Widgets von Drittanbietern auf barrierefreie Weise<\/li>\n<\/ul>\n\n\n\n<h2 class=\"wp-block-heading pt-4\"><strong>2. Stand der Vereinbarkeit mit den Anforderungen<\/strong><\/h2>\n\n\n\n<p>Die Website ist&nbsp;<strong>teilweise vereinbar<\/strong>&nbsp;mit den Anforderungen der EN 301 549.<\/p>\n\n\n\n<p>Die Einsch\u00e4tzung beruht auf:<\/p>\n\n\n\n<ul class=\"wp-block-list\">\n<li>einer internen Bewertung gem\u00e4\u00df den Kriterien der EN 301 549:2021<\/li>\n\n\n\n<li>einer technischen Pr\u00fcfung zentraler Funktionalit\u00e4ten im Mai 2025<\/li>\n<\/ul>\n\n\n\n<h2 class=\"wp-block-heading pt-4\"><strong>3. Ma\u00dfnahmen f\u00fcr mehr Barrierefreiheit<\/strong><\/h2>\n\n\n\n<p>Um unsere Barrierefreiheit zu st\u00e4rken, ergreifen wir unterschiedliche Ma\u00dfnahmen:<\/p>\n\n\n\n<ul class=\"wp-block-list\">\n<li>Jede Weiterentwicklung der Webseite muss mindestens so barrierefrei wie zuvor sein.<\/li>\n\n\n\n<li>Wir \u00fcberpr\u00fcfen den Zustand der Webseite regelm\u00e4\u00dfig und reagieren damit auch auf neue Entwicklungen und Anforderungen.<\/li>\n\n\n\n<li>Wir achten auf die kontinuierliche Schlung aller Menschen, die an dieser Webseite mitarbeiten.<\/li>\n<\/ul>\n\n\n\n<h2 class=\"wp-block-heading pt-4\"><strong>4. Technische Standards<\/strong><\/h2>\n\n\n\n<p>Diese Website wurde entwickelt unter Beachtung folgender Standards:<\/p>\n\n\n\n<ul class=\"wp-block-list\">\n<li><strong>HTML5<\/strong>,&nbsp;<strong>ARIA<\/strong>-Rollen und Landmark-Strukturen<\/li>\n\n\n\n<li>Farbkontraste und andere Barrierema\u00dfnahmen gem\u00e4\u00df&nbsp;<strong><a href=\"https:\/\/www.w3.org\/TR\/WCAG21\/\" title=\"W3 WCAG21 - Standards f\u00fcr Barrierefreiheit\">WCAG 2.1 AA<\/a><\/strong><\/li>\n\n\n\n<li>Responsive Design f\u00fcr mobile Endger\u00e4te<\/li>\n\n\n\n<li>Kompatibilit\u00e4t mit Screenreadern (getestet mit NVDA und VoiceOver)<\/li>\n<\/ul>\n\n\n\n<p>Barrierefreiheit wird in drei Levels unterschieden: A, AA und AAA. Wir orientieren uns an Level AA. Diese Umsetzung gelingt uns teilweise.<\/p>\n\n\n\n<h2 class=\"wp-block-heading pt-4\">5. Nicht barrierefreie Inhalte<\/h2>\n\n\n\n<p>Die folgenden Inhalte und Bereiche sind derzeit&nbsp;<strong>nicht vollst\u00e4ndig barrierefrei<\/strong>:<\/p>\n\n\n\n<ul class=\"wp-block-list\">\n<li>PDF-Dokumente \u00e4lteren Datums sind teilweise nicht barrierefrei.<\/li>\n\n\n\n<li>Einige Bilder und Grafiken verf\u00fcgen noch nicht \u00fcber aussagekr\u00e4ftige Alternativtexte oder ausreichende Kontraste.<\/li>\n\n\n\n<li>Die Tastaturnavigation ist in einzelnen Bereichen (z.\u202fB. Filterfunktionen) eingeschr\u00e4nkt.<\/li>\n\n\n\n<li>Nicht alle \u00dcberschriften sind inhaltlich einwandfrei barrierefrei &#8211; das betrifft insbesondere \u00dcberschriften im Blog.<\/li>\n\n\n\n<li>Die Texte nutzen vielfach eine komplexe Sprache einschlie\u00dflich von gelegentlichen Wortspielen und Ironie.<\/li>\n\n\n\n<li>Eingebettete Videos haben meist keine Audiodeskriptionen oder alternative Darstellungen in Geb\u00e4rdensprache.<\/li>\n\n\n\n<li>Nicht alle animierten Grafiken lassen sich pausieren oder ausblenden.<\/li>\n\n\n\n<li>Einige eingebettete Inhalte lassen sich nicht barrierefrei mit der Tastatur bedienen (z.B. der Podcast-Player).<\/li>\n\n\n\n<li>Manche Seiten enthalten mehrsprachige Inhalte, die beim Verwenden von Screenreadern Probleme machen.<\/li>\n<\/ul>\n\n\n\n<p>Wir arbeiten kontinuierlich an der Verbesserung dieser Punkte. Bei der turnusm\u00e4\u00dfigen Aktualisierung \u00e4lterer Inhalte, die vorgenannte Probleme aufweisen, werden problematische Elemente barrierefrei gestaltet. Wir werden dies nicht tun, wenn dadurch ein unverh\u00e4ltnism\u00e4\u00dfiger Aufwand entsteht, z.B. in Bezug auf \u00e4ltere PDF-Dokumente oder Videos.<\/p>\n\n\n\n<h2 class=\"wp-block-heading pt-4\">6<strong>. Feedback und Kontakt<\/strong><\/h2>\n\n\n\n<p>Sollten Sie Barrieren auf unserer Website feststellen oder Hilfe beim Zugang zu Inhalten ben\u00f6tigen, kontaktieren Sie uns bitte:<\/p>\n\n\n\n<p><strong>E-Mail:<\/strong> info@diamantrad.com<br><strong>Telefon:<\/strong>\u00a0+49 3722 4057<br><strong>Postanschrift:<\/strong><br>Diamant Fahrradwerke GmbH<br>Sch\u00f6naicher Stra\u00dfe 1<br>09232 Hartmannsdorf<\/p>\n\n\n\n<p>Wir werden uns bem\u00fchen, innerhalb von 10 Werktagen ab finaler Zustellung der Nachricht zu antworten.<\/p>\n\n\n\n<h2 class=\"wp-block-heading pt-4\"><strong>7. Durchsetzungsverfahren<\/strong><\/h2>\n\n\n\n<p>F\u00fcr den privaten Sektor (z.\u202fB. Unternehmen) ist die Durchsetzungsstelle gem\u00e4\u00df BFSG aktuell noch im Aufbau bzw. wird durch die Markt\u00fcberwachungsbeh\u00f6rden der Bundesl\u00e4nder organisiert.<\/p>\n\n\n\n<p>Falls Sie keine zufriedenstellende Antwort auf Ihre Anfrage zur Barrierefreiheit erhalten, k\u00f6nnen Sie sich an die zust\u00e4ndige Landesbeh\u00f6rde wenden. F\u00fcr Sachsen k\u00f6nnen Sie diesen Link verwenden: <a href=\"https:\/\/www.durchsetzungsstelle.sachsen.de\/\" title=\"Durchsetzungsstelle Barrierefreiheit Sachsen\">https:\/\/www.durchsetzungsstelle.sachsen.de\/<\/a><\/p>\n\n<\/div>\r\n      <\/div>\r\n    <\/div>\r\n  <\/div>\r\n<\/div><\/div>","protected":false},"excerpt":{"rendered":"","protected":false},"author":3,"featured_media":0,"parent":0,"menu_order":0,"comment_status":"closed","ping_status":"closed","template":"","meta":{"_acf_changed":false,"slim_seo":{"title":"Barrierefreiheitserkl\u00e4rung - Diamantrad","description":"Status und Ma\u00dfnahmen zur besseren Zug\u00e4nglichkeit der Diamant-Webseite f\u00fcr Menschen mit Einschr\u00e4nkungen"},"footnotes":""},"class_list":["post-64100","page","type-page","status-publish","hentry"],"acf":[],"_links":{"self":[{"href":"https:\/\/www.diamantrad.com\/de-CH\/wp-json\/wp\/v2\/pages\/64100","targetHints":{"allow":["GET"]}}],"collection":[{"href":"https:\/\/www.diamantrad.com\/de-CH\/wp-json\/wp\/v2\/pages"}],"about":[{"href":"https:\/\/www.diamantrad.com\/de-CH\/wp-json\/wp\/v2\/types\/page"}],"author":[{"embeddable":true,"href":"https:\/\/www.diamantrad.com\/de-CH\/wp-json\/wp\/v2\/users\/3"}],"replies":[{"embeddable":true,"href":"https:\/\/www.diamantrad.com\/de-CH\/wp-json\/wp\/v2\/comments?post=64100"}],"version-history":[{"count":2,"href":"https:\/\/www.diamantrad.com\/de-CH\/wp-json\/wp\/v2\/pages\/64100\/revisions"}],"predecessor-version":[{"id":64108,"href":"https:\/\/www.diamantrad.com\/de-CH\/wp-json\/wp\/v2\/pages\/64100\/revisions\/64108"}],"wp:attachment":[{"href":"https:\/\/www.diamantrad.com\/de-CH\/wp-json\/wp\/v2\/media?parent=64100"}],"curies":[{"name":"wp","href":"https:\/\/api.w.org\/{rel}","templated":true}]}}