{"id":1111,"date":"2020-07-15T11:49:26","date_gmt":"2020-07-15T09:49:26","guid":{"rendered":"http:\/\/localhost\/diamantrad\/?page_id=1111"},"modified":"2025-10-16T14:43:41","modified_gmt":"2025-10-16T12:43:41","slug":"register-your-bike","status":"publish","type":"page","link":"https:\/\/www.diamantrad.com\/de-DE\/register-your-bike\/","title":{"rendered":"Radregistrierung"},"content":{"rendered":"<div class=\"lazyblock-nncontainer-xSdON wp-block-lazyblock-nncontainer\"><div class=\"section-secondary\">\r\n  <div class=\"container\" id=\"container-xSdON\">\r\n    <div class=\"row\">\r\n      <div class=\"col py-4 py-lg-5\">\r\n        <div class=\"lazyblock-inner-blocks\">\n<div class=\"lazyblock-cover-text-OHNpf wp-block-lazyblock-cover-text\"><div class=\"covertext container py-5 d-flex flex-column colorscheme-light justify-content-center\" id=\"covertext-OHNpf\">\r\n  <div class=\"lazyblock-inner-blocks\">\n\n<h2 class=\"wp-block-heading\">Dein Rad registrieren<\/h2>\n\n<\/div>\r\n<\/div><\/div>\n<\/div>\r\n      <\/div>\r\n    <\/div>\r\n  <\/div>\r\n<\/div><\/div>\n\n<div class=\"lazyblock-nncontainer-Z1SJvY3 mb-1 wp-block-lazyblock-nncontainer\"><div class=\"section-standard\">\r\n  <div class=\"container\" id=\"container-Z1SJvY3\">\r\n    <div class=\"row\">\r\n      <div class=\"col py-4 py-lg-5\">\r\n        <div class=\"lazyblock-inner-blocks\">\n\n<p class=\"wp-block-paragraph\">Mit dem Formular weiter unten registrierst du dein Diamant schnell und einfach. Deine Daten werden dann automatisch in unser System eingetragen (und gesch\u00fctzt). Du erh\u00e4ltst eine Best\u00e4tigung an deine E-Mail, die du angegeben hast. Bitte pr\u00fcfe auch deinen Spam-Ordner, falls du sie nicht bekommst. Solltest du keine Best\u00e4tigung erhalten, kannst du \u00fcber das Kontaktformular auch bei uns nachfragen, ob das Rad korrekt eingetragen wurde.<\/p>\n\n\n\n<h2 class=\"wp-block-heading\">Diese Vorteile hat es, wenn du dein Rad registrierst<\/h2>\n\n\n\n<p class=\"wp-block-paragraph\">(1) Wenn du dein Rad oder E-Bike registrierst, k\u00f6nnen wir dich im seltenen Fall eines <a href=\"https:\/\/www.diamantrad.com\/de-DE\/recalls\/\" title=\"Recalls\">R\u00fcckrufes<\/a> direkt kontaktieren. Wenn du uns auch dein Einverst\u00e4ndnis zum Newsletter-Versand gibst, k\u00f6nnen wir dich auch \u00fcber neue Features informieren, die genau dein Bike betreffen.<\/p>\n\n\n\n<p class=\"wp-block-paragraph\">(2) Die Polizei findet bei Ermittlungen immer wieder gestohlene Fahrr\u00e4der. Dann fragen viele Polizeistellen bei uns ab, ob diese Fahrr\u00e4der bei uns registriert sind. Wir geben dann deine Adresse an und helfen so, dass dein Rad zu dir zur\u00fcckkommt.<\/p>\n\n\n\n<p class=\"wp-block-paragraph\">(3) Au\u00dferdem nutzen wir das als schnellen Nachweis f\u00fcr deine Garantieanspr\u00fcche, die nach der gesetzlichen Gew\u00e4hrleistungszeit anf\u00e4ngt. Dein Garantieanspruch ist aber nicht abh\u00e4ngig davon, dass du dich registrierst; daf\u00fcr reicht dein Kaufbeleg.<\/p>\n\n\n\n<p class=\"wp-block-paragraph\">Bitte f\u00fclle das Formular vollst\u00e4ndig aus und klicke dann auf \u201eSenden\u201c. Mit * markierte Felder sind Pflichtfelder. Wenn sie nicht auf deiner Rechnung angegeben ist: Deine Rahmennummer findest du \u00fcbrigens auf dem Aufkleber am Unterrohr. Sie beginnt mit WTU.<\/p>\n\n<\/div>\r\n      <\/div>\r\n    <\/div>\r\n  <\/div>\r\n<\/div><\/div>\n\n<div class=\"lazyblock-nncontainer-1HMRfS wp-block-lazyblock-nncontainer\"><div class=\"section-light\">\r\n  <div class=\"container\" id=\"container-1HMRfS\">\r\n    <div class=\"row\">\r\n      <div class=\"col py-4 py-lg-5\">\r\n        <div class=\"lazyblock-inner-blocks\">\n\n<div class=\"wp-block-contact-form-7-contact-form-selector\">\n<div class=\"wpcf7 no-js\" id=\"wpcf7-f7-o1\" lang=\"de-DE\" dir=\"ltr\" data-wpcf7-id=\"7\">\n<div class=\"screen-reader-response\"><p role=\"status\" aria-live=\"polite\" aria-atomic=\"true\"><\/p> <ul><\/ul><\/div>\n<form action=\"\/en-GB\/wp-json\/wp\/v2\/pages\/1111#wpcf7-f7-o1\" method=\"post\" class=\"wpcf7-form init\" aria-label=\"Kontaktformular\" novalidate=\"novalidate\" data-status=\"init\">\n<fieldset class=\"hidden-fields-container\"><input type=\"hidden\" name=\"_wpcf7\" value=\"7\" \/><input type=\"hidden\" name=\"_wpcf7_version\" value=\"6.1.5\" \/><input type=\"hidden\" name=\"_wpcf7_locale\" value=\"de_DE\" \/><input type=\"hidden\" name=\"_wpcf7_unit_tag\" value=\"wpcf7-f7-o1\" \/><input type=\"hidden\" name=\"_wpcf7_container_post\" value=\"0\" \/><input type=\"hidden\" name=\"_wpcf7_posted_data_hash\" value=\"\" \/>\n<\/fieldset>\n<div class=\"row\">\n\t<div class=\"col\">\n\t\t<h3>Pers\u00f6nliche Angaben\n\t\t<\/h3>\n\t\t<div class=\"row mb-5\">\n\t\t\t<div class=\"col-md-6\">\n\t\t\t\t<p><label for=\"firstname\" class=\"screen-reader-text\">Vorname*<\/label><span class=\"wpcf7-form-control-wrap\" data-name=\"firstname\"><input size=\"40\" maxlength=\"400\" class=\"wpcf7-form-control wpcf7-text wpcf7-validates-as-required form-control\" aria-required=\"true\" aria-invalid=\"false\" placeholder=\"Vorname*\" value=\"\" type=\"text\" name=\"firstname\" \/><\/span>\n\t\t\t\t<\/p>\n\t\t\t<\/div>\n\t\t\t<div class=\"col-md-6\">\n\t\t\t\t<p><label for=\"lastname\" class=\"screen-reader-text\">Nachname*<\/label><span class=\"wpcf7-form-control-wrap\" data-name=\"lastname\"><input size=\"40\" maxlength=\"400\" class=\"wpcf7-form-control wpcf7-text wpcf7-validates-as-required form-control\" aria-required=\"true\" aria-invalid=\"false\" placeholder=\"Nachname*\" value=\"\" type=\"text\" name=\"lastname\" \/><\/span>\n\t\t\t\t<\/p>\n\t\t\t<\/div>\n\t\t\t<div class=\"col-md-6\">\n\t\t\t\t<p><label for=\"street\" class=\"screen-reader-text\">Stra\u00dfe & Nr.<\/label><span class=\"wpcf7-form-control-wrap\" data-name=\"street\"><input size=\"40\" maxlength=\"400\" class=\"wpcf7-form-control wpcf7-text form-control\" aria-invalid=\"false\" placeholder=\"Stra\u00dfe &amp; Nr.\" value=\"\" type=\"text\" name=\"street\" \/><\/span>\n\t\t\t\t<\/p>\n\t\t\t<\/div>\n\t\t\t<div class=\"col-md-6\">\n\t\t\t\t<p><label for=\"location\" class=\"screen-reader-text\">PLZ & Ort<\/label><span class=\"wpcf7-form-control-wrap\" data-name=\"location\"><input size=\"40\" maxlength=\"400\" class=\"wpcf7-form-control wpcf7-text form-control\" aria-invalid=\"false\" placeholder=\"PLZ &amp; Ort\" value=\"\" type=\"text\" name=\"location\" \/><\/span>\n\t\t\t\t<\/p>\n\t\t\t<\/div>\n\t\t\t<div class=\"col-md-6\">\n\t\t\t\t<p><label for=\"your-email\" class=\"screen-reader-text\">E-Mail*<\/label><span class=\"wpcf7-form-control-wrap\" data-name=\"your-email\"><input size=\"40\" maxlength=\"400\" class=\"wpcf7-form-control wpcf7-email wpcf7-validates-as-required wpcf7-text wpcf7-validates-as-email form-control\" aria-required=\"true\" aria-invalid=\"false\" placeholder=\"E-Mail\" value=\"\" type=\"email\" name=\"your-email\" \/><\/span>\n\t\t\t\t<\/p>\n\t\t\t<\/div>\n\t\t\t<div class=\"col-md-6\">\n\t\t\t\t<p><label for=\"phone\" class=\"screen-reader-text\">Telefonnummer*<\/label><span class=\"wpcf7-form-control-wrap\" data-name=\"phone\"><input size=\"40\" maxlength=\"400\" class=\"wpcf7-form-control wpcf7-text wpcf7-validates-as-required form-control\" aria-required=\"true\" aria-invalid=\"false\" placeholder=\"Telefonnummer\" value=\"\" type=\"text\" name=\"phone\" \/><\/span>\n\t\t\t\t<\/p>\n\t\t\t<\/div>\n\t\t<\/div>\n\t\t<h3>Angaben zum Rad\n\t\t<\/h3>\n\t\t<div class=\"row mb-5\">\n\t\t\t<div class=\"col-md-6\">\n\t\t\t\t<p><label for=\"bike\" class=\"screen-reader-text\">Modell*<\/label><span class=\"wpcf7-form-control-wrap\" data-name=\"bike\"><input size=\"40\" maxlength=\"400\" class=\"wpcf7-form-control wpcf7-text wpcf7-validates-as-required form-control\" aria-required=\"true\" aria-invalid=\"false\" placeholder=\"Modellname*\" value=\"\" type=\"text\" name=\"bike\" \/><\/span>\n\t\t\t\t<\/p>\n\t\t\t<\/div>\n\t\t\t<div class=\"col-md-6\">\n\t\t\t\t<p><label for=\"serialnumber\" class=\"screen-reader-text\">Rahmennummer (WTU-Aufkleber)*<\/label><span class=\"wpcf7-form-control-wrap\" data-name=\"serialnumber\"><input size=\"40\" maxlength=\"400\" class=\"wpcf7-form-control wpcf7-text wpcf7-validates-as-required form-control\" aria-required=\"true\" aria-invalid=\"false\" placeholder=\"Rahmennummer (WTU)*\" value=\"\" type=\"text\" name=\"serialnumber\" \/><\/span>\n\t\t\t\t<\/p>\n\t\t\t<\/div>\n\t\t\t<div class=\"col-md-6\">\n\t\t\t\t<p><label for=\"store\" class=\"screen-reader-text\">Gekauft bei*<\/label><span class=\"wpcf7-form-control-wrap\" data-name=\"store\"><input size=\"40\" maxlength=\"400\" class=\"wpcf7-form-control wpcf7-text wpcf7-validates-as-required form-control\" aria-required=\"true\" aria-invalid=\"false\" placeholder=\"Gesch\u00e4ft*\" value=\"\" type=\"text\" name=\"store\" \/><\/span>\n\t\t\t\t<\/p>\n\t\t\t<\/div>\n\t\t\t<div class=\"col-md-6\">\n\t\t\t\t<p><label for=\"purchasedate\" class=\"screen-reader-text\">Kaufdatum*<\/label><span class=\"wpcf7-form-control-wrap\" data-name=\"purchasedate\"><input class=\"wpcf7-form-control wpcf7-date wpcf7-validates-as-required wpcf7-validates-as-date form-control\" aria-required=\"true\" aria-invalid=\"false\" placeholder=\"Kaufdatum\" value=\"\" type=\"date\" name=\"purchasedate\" \/><\/span>\n\t\t\t\t<\/p>\n\t\t\t<\/div>\n\t\t<\/div>\n\t\t<h3>Datenschutz & Newsletter\n\t\t<\/h3>\n\t\t<div class=\"row\">\n\t\t\t<div class=\"col\">\n\t\t\t\t<p><span class=\"wpcf7-form-control-wrap\" data-name=\"newsletter\"><span class=\"wpcf7-form-control wpcf7-checkbox wpcf7-exclusive-checkbox form-check\"><span class=\"wpcf7-list-item first last\"><label><input type=\"checkbox\" name=\"newsletter\" value=\"Ich m\u00f6chte per E-Mail \u00fcber aktuelle News und Produkte von Diamant informiert bleiben.\" \/><span class=\"wpcf7-list-item-label\">Ich m\u00f6chte per E-Mail \u00fcber aktuelle News und Produkte von Diamant informiert bleiben.<\/span><\/label><\/span><\/span><\/span><br \/>\n<span class=\"wpcf7-form-control-wrap\" data-name=\"dsgvo\"><span class=\"wpcf7-form-control wpcf7-acceptance\"><span class=\"wpcf7-list-item\"><label><input type=\"checkbox\" name=\"dsgvo\" value=\"1\" id=\"dsgvo-accept\" aria-invalid=\"false\" \/><span class=\"wpcf7-list-item-label\"><label for=\"dsgvo-accept\">Mit dem Absenden akzeptiere ich die Datenschutzbedingungen.<\/label><\/span><\/label><\/span><\/span><\/span>\n\t\t\t\t<\/p>\n\t\t\t\t<p><input class=\"wpcf7-form-control wpcf7-submit has-spinner btn-block btn btn-primary data-trustpilot\" type=\"submit\" value=\"Absenden\" \/>\n\t\t\t\t<\/p>\n\t\t\t<\/div>\n\t\t<\/div>\n\t<\/div>\n<\/div><div class=\"wpcf7-response-output\" aria-hidden=\"true\"><\/div>\n<\/form>\n<\/div>\n<\/div>\n\n<\/div>\r\n      <\/div>\r\n    <\/div>\r\n  <\/div>\r\n<\/div><\/div>","protected":false},"excerpt":{"rendered":"","protected":false},"author":8,"featured_media":0,"parent":0,"menu_order":0,"comment_status":"closed","ping_status":"closed","template":"","meta":{"_acf_changed":false,"_crdt_document":"","slim_seo":{"title":"Dein Bike von Diamant registrieren","description":"Registriere dein Diamantrad jetzt. Sch\u00fctzen, wiederfinden & Garantie sichern. Schnelle Registrierung."},"footnotes":""},"class_list":["post-1111","page","type-page","status-publish","hentry"],"acf":[],"_links":{"self":[{"href":"https:\/\/www.diamantrad.com\/en-GB\/wp-json\/wp\/v2\/pages\/1111","targetHints":{"allow":["GET"]}}],"collection":[{"href":"https:\/\/www.diamantrad.com\/en-GB\/wp-json\/wp\/v2\/pages"}],"about":[{"href":"https:\/\/www.diamantrad.com\/en-GB\/wp-json\/wp\/v2\/types\/page"}],"author":[{"embeddable":true,"href":"https:\/\/www.diamantrad.com\/en-GB\/wp-json\/wp\/v2\/users\/8"}],"replies":[{"embeddable":true,"href":"https:\/\/www.diamantrad.com\/en-GB\/wp-json\/wp\/v2\/comments?post=1111"}],"version-history":[{"count":1,"href":"https:\/\/www.diamantrad.com\/en-GB\/wp-json\/wp\/v2\/pages\/1111\/revisions"}],"predecessor-version":[{"id":69717,"href":"https:\/\/www.diamantrad.com\/en-GB\/wp-json\/wp\/v2\/pages\/1111\/revisions\/69717"}],"wp:attachment":[{"href":"https:\/\/www.diamantrad.com\/en-GB\/wp-json\/wp\/v2\/media?parent=1111"}],"curies":[{"name":"wp","href":"https:\/\/api.w.org\/{rel}","templated":true}]}}