{"id":11595,"date":"2020-07-15T12:43:37","date_gmt":"2020-07-15T10:43:37","guid":{"rendered":"https:\/\/www.diamantrad.com\/blog\/?page_id=7480"},"modified":"2021-09-15T12:33:25","modified_gmt":"2021-09-15T10:33:25","slug":"radfahren-in-der-stadt","status":"publish","type":"page","link":"https:\/\/www.diamantrad.com\/de-DE\/radfahren-in-der-stadt\/","title":{"rendered":"Radfahren in der Stadt"},"content":{"rendered":"<h1>Radfahren in der Stadt<\/h1>\n<p class=\"db-intro\">Das Radfahren in der Stadt ist in Deutschland auf dem Vormarsch: Immehr mehr Menschen radeln, um von A nach B zu kommen. Neue Konzepte und Ans\u00e4tze beschleunigen diese Entwicklung der urbanen Mobilit\u00e4t.<\/p>\n<p>Im Diamantrad-Blog beleuchten wir moderne Ideen, zeigen den Radverkehr in anderen europ\u00e4ischen L\u00e4ndern und geben Tipps, wie Du sicher in der Stadt Fahrrad f\u00e4hrst.<\/p>\n","protected":false},"excerpt":{"rendered":"<p>Radfahren in der Stadt Das Radfahren in der Stadt ist in Deutschland auf dem Vormarsch: Immehr mehr Menschen radeln, um von A nach B zu kommen. Neue Konzepte und Ans\u00e4tze beschleunigen diese Entwicklung der urbanen Mobilit\u00e4t. Im Diamantrad-Blog beleuchten wir moderne Ideen, zeigen den Radverkehr in anderen europ\u00e4ischen L\u00e4ndern und geben Tipps, wie Du sicher [&hellip;]<\/p>\n","protected":false},"author":8,"featured_media":0,"parent":0,"menu_order":0,"comment_status":"closed","ping_status":"closed","template":"","meta":{"_acf_changed":false,"slim_seo":{"title":"Radfahren in der Stadt: Tipps im Diamantrad-Blog","description":"Das Fahrradfahren in der Stadt wird immer beliebter. Hintergr\u00fcnde, Tipps f\u00fcr sicheres Radeln und mehr im Diamantrad-Blog."},"footnotes":""},"class_list":["post-11595","page","type-page","status-publish","hentry"],"acf":[],"_links":{"self":[{"href":"https:\/\/www.diamantrad.com\/de-DE\/wp-json\/wp\/v2\/pages\/11595","targetHints":{"allow":["GET"]}}],"collection":[{"href":"https:\/\/www.diamantrad.com\/de-DE\/wp-json\/wp\/v2\/pages"}],"about":[{"href":"https:\/\/www.diamantrad.com\/de-DE\/wp-json\/wp\/v2\/types\/page"}],"author":[{"embeddable":true,"href":"https:\/\/www.diamantrad.com\/de-DE\/wp-json\/wp\/v2\/users\/8"}],"replies":[{"embeddable":true,"href":"https:\/\/www.diamantrad.com\/de-DE\/wp-json\/wp\/v2\/comments?post=11595"}],"version-history":[{"count":0,"href":"https:\/\/www.diamantrad.com\/de-DE\/wp-json\/wp\/v2\/pages\/11595\/revisions"}],"wp:attachment":[{"href":"https:\/\/www.diamantrad.com\/de-DE\/wp-json\/wp\/v2\/media?parent=11595"}],"curies":[{"name":"wp","href":"https:\/\/api.w.org\/{rel}","templated":true}]}}