{"id":1306,"date":"2020-07-27T12:39:54","date_gmt":"2020-07-27T10:39:54","guid":{"rendered":"https:\/\/diamant.boosto.de\/?page_id=1306"},"modified":"2022-09-08T16:06:16","modified_gmt":"2022-09-08T14:06:16","slug":"sportraeder","status":"publish","type":"page","link":"https:\/\/www.diamantrad.com\/de-DE\/bikes\/sportraeder\/","title":{"rendered":"Sportr\u00e4der"},"content":{"rendered":"","protected":false},"excerpt":{"rendered":"","protected":false},"author":8,"featured_media":0,"parent":339,"menu_order":0,"comment_status":"closed","ping_status":"closed","template":"","meta":{"_acf_changed":false,"slim_seo":{"title":"Sportfahrr\u00e4der von Diamant: Aktuelle Sportrad-Kollektion","description":"Diamant Sport-Fahrr\u00e4der f\u00fcr Damen & Herren \u2713 Dynamik trifft Design \u2713 lebenslange Garantie \u25ba aktuelle Sportr\u00e4der entdecken!"},"footnotes":""},"class_list":["post-1306","page","type-page","status-publish","hentry"],"acf":[],"_links":{"self":[{"href":"https:\/\/www.diamantrad.com\/en-GB\/wp-json\/wp\/v2\/pages\/1306","targetHints":{"allow":["GET"]}}],"collection":[{"href":"https:\/\/www.diamantrad.com\/en-GB\/wp-json\/wp\/v2\/pages"}],"about":[{"href":"https:\/\/www.diamantrad.com\/en-GB\/wp-json\/wp\/v2\/types\/page"}],"author":[{"embeddable":true,"href":"https:\/\/www.diamantrad.com\/en-GB\/wp-json\/wp\/v2\/users\/8"}],"replies":[{"embeddable":true,"href":"https:\/\/www.diamantrad.com\/en-GB\/wp-json\/wp\/v2\/comments?post=1306"}],"version-history":[{"count":0,"href":"https:\/\/www.diamantrad.com\/en-GB\/wp-json\/wp\/v2\/pages\/1306\/revisions"}],"up":[{"embeddable":true,"href":"https:\/\/www.diamantrad.com\/en-GB\/wp-json\/wp\/v2\/pages\/339"}],"wp:attachment":[{"href":"https:\/\/www.diamantrad.com\/en-GB\/wp-json\/wp\/v2\/media?parent=1306"}],"curies":[{"name":"wp","href":"https:\/\/api.w.org\/{rel}","templated":true}]}}