{"id":1355,"date":"2020-07-27T16:13:05","date_gmt":"2020-07-27T14:13:05","guid":{"rendered":"https:\/\/diamant.boosto.de\/?page_id=1355"},"modified":"2022-09-08T16:45:49","modified_gmt":"2022-09-08T14:45:49","slug":"ubari","status":"publish","type":"page","link":"https:\/\/www.diamantrad.com\/de-DE\/bikes\/ubari\/","title":{"rendered":"Ubari"},"content":{"rendered":"","protected":false},"excerpt":{"rendered":"","protected":false},"author":8,"featured_media":0,"parent":339,"menu_order":0,"comment_status":"closed","ping_status":"closed","template":"","meta":{"_acf_changed":false,"_crdt_document":"","slim_seo":{"title":"Diamant Ubari Trekking-Bikes \u00bb Touren-Fahrr\u00e4der f\u00fcr lange Strecken","description":"Diamant Ubari Trekking-Fahrr\u00e4der: aktiv nach vorne \u2713 lebenslange Garantie \u2713 Top-Ausstattung \u2713 SEHR GUT getestet \u25ba Mehr erfahren."},"footnotes":""},"class_list":["post-1355","page","type-page","status-publish","hentry"],"acf":[],"_links":{"self":[{"href":"https:\/\/www.diamantrad.com\/de-DE\/wp-json\/wp\/v2\/pages\/1355","targetHints":{"allow":["GET"]}}],"collection":[{"href":"https:\/\/www.diamantrad.com\/de-DE\/wp-json\/wp\/v2\/pages"}],"about":[{"href":"https:\/\/www.diamantrad.com\/de-DE\/wp-json\/wp\/v2\/types\/page"}],"author":[{"embeddable":true,"href":"https:\/\/www.diamantrad.com\/de-DE\/wp-json\/wp\/v2\/users\/8"}],"replies":[{"embeddable":true,"href":"https:\/\/www.diamantrad.com\/de-DE\/wp-json\/wp\/v2\/comments?post=1355"}],"version-history":[{"count":0,"href":"https:\/\/www.diamantrad.com\/de-DE\/wp-json\/wp\/v2\/pages\/1355\/revisions"}],"up":[{"embeddable":true,"href":"https:\/\/www.diamantrad.com\/de-DE\/wp-json\/wp\/v2\/pages\/339"}],"wp:attachment":[{"href":"https:\/\/www.diamantrad.com\/de-DE\/wp-json\/wp\/v2\/media?parent=1355"}],"curies":[{"name":"wp","href":"https:\/\/api.w.org\/{rel}","templated":true}]}}