{"id":1359,"date":"2020-07-27T16:13:05","date_gmt":"2020-07-27T14:13:05","guid":{"rendered":"https:\/\/diamant.boosto.de\/?page_id=1359"},"modified":"2022-09-08T16:45:26","modified_gmt":"2022-09-08T14:45:26","slug":"ubari-plus","status":"publish","type":"page","link":"https:\/\/www.diamantrad.com\/de-DE\/bikes\/ubari-plus\/","title":{"rendered":"Ubari+"},"content":{"rendered":"","protected":false},"excerpt":{"rendered":"","protected":false},"author":8,"featured_media":0,"parent":339,"menu_order":0,"comment_status":"closed","ping_status":"closed","template":"","meta":{"_acf_changed":false,"_crdt_document":"","slim_seo":{"title":"Diamant Ubari+ E-Bikes \u00bb Touren-Fahrr\u00e4der mit Unterst\u00fctzung","description":"Diamant Ubari+: E-Bikes auch f\u00fcr ausgedehnte Trekking-Touren \u2713 verschiedene Akku-Varianten \u2713 Herrenr\u00e4der & Damenr\u00e4der."},"footnotes":""},"class_list":["post-1359","page","type-page","status-publish","hentry"],"acf":[],"_links":{"self":[{"href":"https:\/\/www.diamantrad.com\/en-GB\/wp-json\/wp\/v2\/pages\/1359","targetHints":{"allow":["GET"]}}],"collection":[{"href":"https:\/\/www.diamantrad.com\/en-GB\/wp-json\/wp\/v2\/pages"}],"about":[{"href":"https:\/\/www.diamantrad.com\/en-GB\/wp-json\/wp\/v2\/types\/page"}],"author":[{"embeddable":true,"href":"https:\/\/www.diamantrad.com\/en-GB\/wp-json\/wp\/v2\/users\/8"}],"replies":[{"embeddable":true,"href":"https:\/\/www.diamantrad.com\/en-GB\/wp-json\/wp\/v2\/comments?post=1359"}],"version-history":[{"count":0,"href":"https:\/\/www.diamantrad.com\/en-GB\/wp-json\/wp\/v2\/pages\/1359\/revisions"}],"up":[{"embeddable":true,"href":"https:\/\/www.diamantrad.com\/en-GB\/wp-json\/wp\/v2\/pages\/339"}],"wp:attachment":[{"href":"https:\/\/www.diamantrad.com\/en-GB\/wp-json\/wp\/v2\/media?parent=1359"}],"curies":[{"name":"wp","href":"https:\/\/api.w.org\/{rel}","templated":true}]}}