{"id":18978,"date":"2021-11-11T15:00:47","date_gmt":"2021-11-11T14:00:47","guid":{"rendered":"https:\/\/www.diamantrad.com\/?page_id=18978"},"modified":"2021-12-07T10:05:17","modified_gmt":"2021-12-07T09:05:17","slug":"koeln","status":"publish","type":"page","link":"https:\/\/www.diamantrad.com\/de-DE\/store-finder\/koeln\/","title":{"rendered":"K\u00f6ln"},"content":{"rendered":"","protected":false},"excerpt":{"rendered":"","protected":false},"author":8,"featured_media":0,"parent":1227,"menu_order":0,"comment_status":"closed","ping_status":"closed","template":"","meta":{"_acf_changed":false,"_crdt_document":"","slim_seo":{"title":"Diamantrad H\u00e4ndler in K\u00f6ln | Diamantrad","description":"Wo kann ich in K\u00f6ln Diamant Fahrr\u00e4der kaufen? \u25ba H\u00e4ndlerverzeichnis f\u00fcr K\u00f6ln und Umgebung auf diamantrad.com."},"footnotes":""},"class_list":["post-18978","page","type-page","status-publish","hentry"],"acf":[],"_links":{"self":[{"href":"https:\/\/www.diamantrad.com\/en-GB\/wp-json\/wp\/v2\/pages\/18978","targetHints":{"allow":["GET"]}}],"collection":[{"href":"https:\/\/www.diamantrad.com\/en-GB\/wp-json\/wp\/v2\/pages"}],"about":[{"href":"https:\/\/www.diamantrad.com\/en-GB\/wp-json\/wp\/v2\/types\/page"}],"author":[{"embeddable":true,"href":"https:\/\/www.diamantrad.com\/en-GB\/wp-json\/wp\/v2\/users\/8"}],"replies":[{"embeddable":true,"href":"https:\/\/www.diamantrad.com\/en-GB\/wp-json\/wp\/v2\/comments?post=18978"}],"version-history":[{"count":0,"href":"https:\/\/www.diamantrad.com\/en-GB\/wp-json\/wp\/v2\/pages\/18978\/revisions"}],"up":[{"embeddable":true,"href":"https:\/\/www.diamantrad.com\/en-GB\/wp-json\/wp\/v2\/pages\/1227"}],"wp:attachment":[{"href":"https:\/\/www.diamantrad.com\/en-GB\/wp-json\/wp\/v2\/media?parent=18978"}],"curies":[{"name":"wp","href":"https:\/\/api.w.org\/{rel}","templated":true}]}}