{"id":19889,"date":"2021-12-15T12:41:30","date_gmt":"2021-12-15T11:41:30","guid":{"rendered":"https:\/\/www.diamantrad.com\/?page_id=19889"},"modified":"2021-12-15T12:41:30","modified_gmt":"2021-12-15T11:41:30","slug":"radreisen","status":"publish","type":"page","link":"https:\/\/www.diamantrad.com\/de-DE\/radreisen\/","title":{"rendered":"Radreisen: Diamant auf Reisen"},"content":{"rendered":"<h1>Radreisen: Diamant auf Reisen<\/h1>\n<p>Wir von Diamant lieben Radreisen und sind auch gerne mal l\u00e4ngere Zeit auf dem Rad unterwegs. Einige dieser Ausfl\u00fcge haben wir dokumentiert und hier f\u00fcr dich gesammelt. Klar, Fahrradstrecken in Deutschland sind hier hoch im Kurs. Aber auch verr\u00fccktere Strecken in den Norden Europas oder sogar bis nach Zentralasien \u2013 hier ist f\u00fcr jeden Ausflugs-Typen etwas dabei.<\/p>\n","protected":false},"excerpt":{"rendered":"<p>Radreisen: Diamant auf Reisen Wir von Diamant lieben Radreisen und sind auch gerne mal l\u00e4ngere Zeit auf dem Rad unterwegs. Einige dieser Ausfl\u00fcge haben wir dokumentiert und hier f\u00fcr dich gesammelt. Klar, Fahrradstrecken in Deutschland sind hier hoch im Kurs. Aber auch verr\u00fccktere Strecken in den Norden Europas oder sogar bis nach Zentralasien \u2013 hier [&hellip;]<\/p>\n","protected":false},"author":8,"featured_media":0,"parent":0,"menu_order":0,"comment_status":"closed","ping_status":"closed","template":"","meta":{"_acf_changed":false,"slim_seo":{"title":"Radreisen in Deutschland & Europa: Diamant auf Reisen","description":"Fahrradstrecken an der Nord- & Ostsee, Potsdam, Berlin, Corsica & mehr \u2713 Radreisen in Deutschland & Europa entdecken \u2713 Diamant auf Reisen!"},"footnotes":""},"class_list":["post-19889","page","type-page","status-publish","hentry"],"acf":[],"_links":{"self":[{"href":"https:\/\/www.diamantrad.com\/en-GB\/wp-json\/wp\/v2\/pages\/19889","targetHints":{"allow":["GET"]}}],"collection":[{"href":"https:\/\/www.diamantrad.com\/en-GB\/wp-json\/wp\/v2\/pages"}],"about":[{"href":"https:\/\/www.diamantrad.com\/en-GB\/wp-json\/wp\/v2\/types\/page"}],"author":[{"embeddable":true,"href":"https:\/\/www.diamantrad.com\/en-GB\/wp-json\/wp\/v2\/users\/8"}],"replies":[{"embeddable":true,"href":"https:\/\/www.diamantrad.com\/en-GB\/wp-json\/wp\/v2\/comments?post=19889"}],"version-history":[{"count":0,"href":"https:\/\/www.diamantrad.com\/en-GB\/wp-json\/wp\/v2\/pages\/19889\/revisions"}],"wp:attachment":[{"href":"https:\/\/www.diamantrad.com\/en-GB\/wp-json\/wp\/v2\/media?parent=19889"}],"curies":[{"name":"wp","href":"https:\/\/api.w.org\/{rel}","templated":true}]}}