{"id":19900,"date":"2021-12-15T12:31:41","date_gmt":"2021-12-15T11:31:41","guid":{"rendered":"https:\/\/www.diamantrad.com\/?page_id=19900"},"modified":"2021-12-15T12:31:41","modified_gmt":"2021-12-15T11:31:41","slug":"mobilitaet-der-zukunft-mit-e-bike-und-fahrrad","status":"publish","type":"page","link":"https:\/\/www.diamantrad.com\/de-DE\/mobilitaet-der-zukunft-mit-e-bike-und-fahrrad\/","title":{"rendered":"Mobilit\u00e4t der Zukunft mit E-Bike und Fahrrad"},"content":{"rendered":"<h1>Mobilit\u00e4t der Zukunft mit E-Bike und Fahrrad<\/h1>\n<p>Klassische Fahrr\u00e4der und E-Bikes nehmen im urbanen Stra\u00dfenverkehr einen immer gr\u00f6\u00dferen Stellenwert ein.<br \/>\nDoch wie wird die Mobilit\u00e4t der Zukunft konkret aussehen? Welche Ausma\u00dfe nimmt die Verkehrswende f\u00fcr Radfahrer an?<\/p>\n<p>Ein Thema, dass auch uns von Diamantrad tagt\u00e4glich besch\u00e4ftigt. Die wichtigsten Informationen zu Potentialen der Mobilit\u00e4t der Zukunft, Status Quos und Gedanken dazu sammeln wir an dieser Stelle.<\/p>\n","protected":false},"excerpt":{"rendered":"<p>Mobilit\u00e4t der Zukunft mit E-Bike und Fahrrad Klassische Fahrr\u00e4der und E-Bikes nehmen im urbanen Stra\u00dfenverkehr einen immer gr\u00f6\u00dferen Stellenwert ein. Doch wie wird die Mobilit\u00e4t der Zukunft konkret aussehen? Welche Ausma\u00dfe nimmt die Verkehrswende f\u00fcr Radfahrer an? Ein Thema, dass auch uns von Diamantrad tagt\u00e4glich besch\u00e4ftigt. Die wichtigsten Informationen zu Potentialen der Mobilit\u00e4t der Zukunft, [&hellip;]<\/p>\n","protected":false},"author":8,"featured_media":0,"parent":0,"menu_order":0,"comment_status":"closed","ping_status":"closed","template":"","meta":{"_acf_changed":false,"_crdt_document":"","slim_seo":{"title":"Mobilit\u00e4t der Zukunft mit E-Bike und Fahrrad","description":"Wie sieht die Mobilit\u00e4t der Zukunft mit E-Bike & Fahrrad aus? \u25ba Im Diamant Blog \u00fcber die urbane Mobilit\u00e4t informieren! \u271a E-Bike Ratgeber."},"footnotes":""},"class_list":["post-19900","page","type-page","status-publish","hentry"],"acf":[],"_links":{"self":[{"href":"https:\/\/www.diamantrad.com\/en-GB\/wp-json\/wp\/v2\/pages\/19900","targetHints":{"allow":["GET"]}}],"collection":[{"href":"https:\/\/www.diamantrad.com\/en-GB\/wp-json\/wp\/v2\/pages"}],"about":[{"href":"https:\/\/www.diamantrad.com\/en-GB\/wp-json\/wp\/v2\/types\/page"}],"author":[{"embeddable":true,"href":"https:\/\/www.diamantrad.com\/en-GB\/wp-json\/wp\/v2\/users\/8"}],"replies":[{"embeddable":true,"href":"https:\/\/www.diamantrad.com\/en-GB\/wp-json\/wp\/v2\/comments?post=19900"}],"version-history":[{"count":0,"href":"https:\/\/www.diamantrad.com\/en-GB\/wp-json\/wp\/v2\/pages\/19900\/revisions"}],"wp:attachment":[{"href":"https:\/\/www.diamantrad.com\/en-GB\/wp-json\/wp\/v2\/media?parent=19900"}],"curies":[{"name":"wp","href":"https:\/\/api.w.org\/{rel}","templated":true}]}}