{"id":20194,"date":"2021-12-20T12:14:10","date_gmt":"2021-12-20T11:14:10","guid":{"rendered":"https:\/\/www.diamantrad.com\/?page_id=20194"},"modified":"2026-04-02T09:09:20","modified_gmt":"2026-04-02T07:09:20","slug":"startseite","status":"publish","type":"page","link":"https:\/\/www.diamantrad.com\/de-DE\/startseite\/","title":{"rendered":"Startseite"},"content":{"rendered":"\n\n\n<div class=\"wp-block-cover is-light\"><img data-dominant-color=\"918983\" data-has-transparency=\"true\" decoding=\"async\" sizes=\"(max-width: 2560px) 100vw, 2560px\" class=\"wp-block-cover__image-background wp-image-74390 size-full has-transparency\" alt=\"Nhoma Plus Hero New\" src=\"https:\/\/www.diamantrad.com\/wp-content\/uploads\/2026\/03\/Nhoma-Plus-Hero-New-png.avif\" style=\"--dominant-color: #918983; object-position:50% 42%\" data-object-fit=\"cover\" data-object-position=\"50% 42%\"\/><span aria-hidden=\"true\" class=\"wp-block-cover__background has-color-primary-hover-background-color has-background-dim-20 has-background-dim\"><\/span><div class=\"wp-block-cover__inner-container is-layout-constrained wp-block-cover-is-layout-constrained\"><div class=\"lazyblock-cover-text-Z2mibGN wp-block-lazyblock-cover-text\"><div class=\"covertext container py-5 d-flex flex-column colorscheme-light justify-content-center\" id=\"covertext-Z2mibGN\">\r\n  <div class=\"lazyblock-inner-blocks\">\n\n<h2 class=\"wp-block-heading\">Gravel = Nhoma<\/h2>\n\n\n\n<h4 class=\"wp-block-heading\">Jetzt neu als Plus und Pro<\/h4>\n\n\n\n<div class=\"wp-block-buttons is-layout-flex wp-block-buttons-is-layout-flex\">\n<div class=\"wp-block-button\"><a role=\"button\" class=\"wp-block-button__link wp-element-button\" href=\"https:\/\/www.diamantrad.com\/de-DE\/bikes\/nhoma-equipped-gravel-bike\/\">Bikes entdecken<\/a><\/div>\n<\/div>\n\n<\/div>\r\n<\/div><\/div><\/div><\/div>\n\n\n<div class=\"lazyblock-nncontainer-ZtAog9 wp-block-lazyblock-nncontainer\"><div class=\"section-standard\">\r\n  <div class=\"container\" id=\"container-ZtAog9\">\r\n    <div class=\"row\">\r\n      <div class=\"col py-5\">\r\n        <div class=\"lazyblock-inner-blocks\">\n<div class=\"wp-bootstrap-blocks-row row gx-5\">\n\t\n\n<div class=\"col-12 col-md-6\">\n\t\t\t\n\n<h2 class=\"wp-block-heading has-text-align-right\">Unsere Bewegung ist Frei-Zeit<\/h2>\n\n\t<\/div>\n\n\n\n<div class=\"col-12 col-md-6\">\n\t\t\t\n\n<p>Wir sind Deutschlands \u00e4ltester Fahrradhersteller. Bis heute montieren wir jedes Diamant bei uns daheim in Hartmannsdorf. Wir bauen einfach richtig gute Bikes. Wo du wei\u00dft: Sie sind es wert. Das sagen die Menschen, die sie fahren. Unsere Spezialit\u00e4t sind Fahrr\u00e4der, die immer noch Fahrr\u00e4der sind, und E-Bikes, die dich elektrisieren, ohne dich zu \u00fcberfordern. Oder einfach: Es geht uns immer um Bikes, die dir <strong>freie<\/strong> Zeit erm\u00f6glichen. So wirst du deine Welt bewegen &#8211; mit dem Rad.<\/p>\n\n\t<\/div>\n\n<\/div>\n\n\n\n<!-- TrustBox widget - Micro Combo --> <div class=\"trustpilot-widget\" data-locale=\"de-DE\" data-template-id=\"5419b6ffb0d04a076446a9af\" data-businessunit-id=\"5fbbd12169124d000198e8fa\" data-style-height=\"20px\" data-style-width=\"100%\">   <a href=\"https:\/\/de.trustpilot.com\/review\/diamantrad.com\" target=\"_blank\" rel=\"noopener\" aria-label=\"Opens external link in a new tab\">Trustpilot<\/a> <\/div> <!-- End TrustBox widget -->\n\n<\/div>\r\n      <\/div>\r\n    <\/div>\r\n  <\/div>\r\n<\/div><\/div>\n\n<div class=\"lazyblock-nncontainer-1q2YEN wp-block-lazyblock-nncontainer\"><div class=\"section-light\">\r\n  <div class=\"container\" id=\"container-1q2YEN\">\r\n    <div class=\"row\">\r\n      <div class=\"col py-5\">\r\n        <div class=\"lazyblock-inner-blocks\">\n<div class=\"wp-bootstrap-blocks-row row\">\n\t\n\n<div class=\"col-12 col-md-6\">\n\t\t\t\n\n<figure class=\"wp-block-image size-full\"><img data-dominant-color=\"575351\" data-has-transparency=\"true\" style=\"--dominant-color: #575351;\" loading=\"lazy\" decoding=\"async\" width=\"1440\" height=\"1080\" sizes=\"auto, (max-width: 1440px) 100vw, 1440px\" src=\"https:\/\/www.diamantrad.com\/wp-content\/uploads\/2025\/07\/Suvea-Bikeansicht-3.gif\" alt=\"Suvea Red Dot Award\" class=\"wp-image-64718 has-transparency\"\/><\/figure>\n\n\t<\/div>\n\n\n\n<div class=\"col-12 col-md-6\">\n\t\t\t\n\n<h2 class=\"wp-block-heading\">Better ride the clever bike<\/h2>\n\n\n\n<p>Das Suvea ist ein modernes E-SUV mit jeder Menge cleverer Technik. Optional mit Accessory Bar.<\/p>\n\n\n\n<div class=\"wp-block-buttons mb-0 is-vertical is-content-justification-left is-layout-flex wp-container-core-buttons-is-layout-c0ca7d81 wp-block-buttons-is-layout-flex\">\n<div class=\"wp-block-button\"><a role=\"button\" class=\"wp-block-button__link wp-element-button\" href=\"https:\/\/www.diamantrad.com\/de-DE\/bikes\/suvea-e-suv-hardtail\/\" target=\"_blank\" rel=\"noreferrer noopener\" aria-label=\"Opens external link in a new tab\">Zum Suvea<\/a><\/div>\n\n\n\n<div class=\"wp-block-button\"><a role=\"button\" class=\"wp-block-button__link wp-element-button\" href=\"https:\/\/www.diamantrad.com\/de-DE\/bike\/suvea-trip-plus-800-wh\/\" target=\"_blank\" rel=\"noreferrer noopener\" aria-label=\"Opens external link in a new tab\">Jetzt kaufen<\/a><\/div>\n<\/div>\n\n\t<\/div>\n\n<\/div>\n\n<\/div>\r\n      <\/div>\r\n    <\/div>\r\n  <\/div>\r\n<\/div><\/div>\n\n<div class=\"lazyblock-nncontainer-241VHr wp-block-lazyblock-nncontainer\"><div class=\"section-standard\">\r\n  <div class=\"container\" id=\"container-241VHr\">\r\n    <div class=\"row\">\r\n      <div class=\"col py-5 spaltentausch\">\r\n        <div class=\"lazyblock-inner-blocks\">\n<div class=\"wp-bootstrap-blocks-row row gx-5\">\n\t\n\n<div class=\"col-12 col-md-6\">\n\t\t\t\n\n<h2 class=\"wp-block-heading has-text-align-right\">Fahr mit Stil.<br>Geh auf einen Trip.<br>Erkunde die Welt.<\/h2>\n\n\n\n<p class=\"has-text-align-right\">Das Mahon ist die Fahrrad-Plattform f\u00fcr alle, die ein Bike ohne Motor suchen.<\/p>\n\n\n\n<div class=\"wp-block-buttons mb-0 is-vertical is-content-justification-right is-layout-flex wp-container-core-buttons-is-layout-b6c475e2 wp-block-buttons-is-layout-flex\">\n<div class=\"wp-block-button\"><a role=\"button\" class=\"wp-block-button__link wp-element-button\" href=\"https:\/\/www.diamantrad.com\/de-DE\/bikes\/mahon-acoustic-suv\/\" target=\"_blank\" rel=\"noreferrer noopener\" aria-label=\"Opens external link in a new tab\">Zum Mahon<\/a><\/div>\n\n\n\n<div class=\"wp-block-button\"><a role=\"button\" class=\"wp-block-button__link wp-element-button\" href=\"https:\/\/www.diamantrad.com\/de-DE\/bike\/mahon-style-plus-stepover\/\" target=\"_blank\" rel=\"noreferrer noopener\" aria-label=\"Opens external link in a new tab\">Jetzt kaufen<\/a><\/div>\n<\/div>\n\n\t<\/div>\n\n\n\n<div class=\"col-12 col-md-6\">\n\t\t\t\n\n<figure class=\"wp-block-image size-large\"><img decoding=\"async\" src=\"https:\/\/media.trekbikes.com\/image\/upload\/MahonStylePlusMS-25-49637-B-Primary\" alt=\"Mahon\"\/><\/figure>\n\n\t<\/div>\n\n<\/div>\n\n<\/div>\r\n      <\/div>\r\n    <\/div>\r\n  <\/div>\r\n<\/div><\/div>\n\n<div class=\"lazyblock-nncontainer-ZIhydD wp-block-lazyblock-nncontainer\"><div class=\"section-dark\">\r\n  <div class=\"container\" id=\"container-ZIhydD\">\r\n    <div class=\"row\">\r\n      <div class=\"col py-5 py-lg-6\">\r\n        <div class=\"lazyblock-inner-blocks\">\n\n<h2 class=\"wp-block-heading\">Zu teuer? Du kannst dein Bike auch leasen.<\/h2>\n\n\n\n<p>Jobrad, Company Bike, Lease-a-bike etc. &#8211; ob E-Bike oder nicht, dein Rad kannst du auch leasen oder finanzieren. Wenn dein Arbeitgeber es anbietet, kannst du dabei noch kr\u00e4ftig sparen.<\/p>\n\n\n\n<div class=\"wp-block-buttons is-layout-flex wp-block-buttons-is-layout-flex\">\n<div class=\"wp-block-button\"><a role=\"button\" class=\"wp-block-button__link wp-element-button\" href=\"https:\/\/www.diamantrad.com\/de-DE\/blog\/bike-leasing-so-kannst-du-dein-bike-von-diamant-guenstig-finanzieren\/\" target=\"_blank\" rel=\"noreferrer noopener\" aria-label=\"Opens external link in a new tab\">So geht&#8217;s<\/a><\/div>\n<\/div>\n\n<\/div>\r\n      <\/div>\r\n    <\/div>\r\n  <\/div>\r\n<\/div><\/div>\n\n\n<div class=\"wp-block-cover is-light\" style=\"min-height:430px;aspect-ratio:unset;\"><video class=\"wp-block-cover__video-background intrinsic-ignore\" autoplay muted loop playsinline src=\"https:\/\/www.diamantrad.com\/wp-content\/uploads\/2025\/05\/20250520_140_Diamant_Launch_Startseite.mp4\" data-object-fit=\"cover\"><\/video><span aria-hidden=\"true\" class=\"wp-block-cover__background has-color-gray-light-background-color has-background-dim-20 has-background-dim\"><\/span><div class=\"wp-block-cover__inner-container is-layout-constrained wp-block-cover-is-layout-constrained\"><div class=\"lazyblock-cover-text-2oNfaR wp-block-lazyblock-cover-text\"><div class=\"covertext container py-5 d-flex flex-column colorscheme-light justify-content-center\" id=\"covertext-2oNfaR\">\r\n  <div class=\"lazyblock-inner-blocks\">\n\n<h1 class=\"wp-block-heading\">Diamant 140<\/h1>\n\n\n\n<div class=\"wp-block-buttons is-layout-flex wp-block-buttons-is-layout-flex\">\n<div class=\"wp-block-button\"><a role=\"button\" class=\"wp-block-button__link wp-element-button\" href=\"https:\/\/www.diamantrad.com\/de-DE\/140-our-movement-is-free-time\/\" target=\"_blank\" rel=\"noreferrer noopener\" aria-label=\"Opens external link in a new tab\">Jetzt entdecken!<\/a><\/div>\n<\/div>\n\n<\/div>\r\n<\/div><\/div><\/div><\/div>\n\n\n\n\n\n\n<div class=\"lazyblock-nncontainer-Z1OHLyn wp-block-lazyblock-nncontainer\"><div class=\"section-light\">\r\n  <div class=\"container\" id=\"container-Z1OHLyn\">\r\n    <div class=\"row\">\r\n      <div class=\"col py-5\">\r\n        <div class=\"lazyblock-inner-blocks\">\n<div class=\"wp-bootstrap-blocks-row row\">\n\t\n\n<div class=\"col-12 col-md-6\">\n\t\t\t\n\n<figure class=\"wp-block-image size-large\"><img decoding=\"async\" src=\"https:\/\/media.trekbikes.com\/image\/upload\/ZingTripPlusMS800wh-25-48277-A-Primary\" alt=\"Zing Gen 3\"\/><\/figure>\n\n\t<\/div>\n\n\n\n<div class=\"col-12 col-md-6\">\n\t\t\t\n\n<h2 class=\"wp-block-heading\">Das beste Preis-Leistung-Gewicht-Verh\u00e4ltnis<\/h2>\n\n\n\n<p>Kein anderes Trekking E-Bike mit CX-Motor ist so leicht und erschwinglich wie das Zing Gen 3.<\/p>\n\n\n\n<div class=\"wp-block-buttons mb-0 is-vertical is-content-justification-left is-layout-flex wp-container-core-buttons-is-layout-c0ca7d81 wp-block-buttons-is-layout-flex\">\n<div class=\"wp-block-button\"><a role=\"button\" class=\"wp-block-button__link wp-element-button\" href=\"https:\/\/www.diamantrad.com\/de-DE\/bikes\/zing-full-power-light-e-bike\/\" target=\"_blank\" rel=\"noreferrer noopener\" aria-label=\"Opens external link in a new tab\">Zum Zing<\/a><\/div>\n\n\n\n<div class=\"wp-block-button\"><a role=\"button\" class=\"wp-block-button__link wp-element-button\" href=\"https:\/\/www.diamantrad.com\/de-DE\/bike\/zing-trip-plus-midstep\/\" target=\"_blank\" rel=\"noreferrer noopener\" aria-label=\"Opens external link in a new tab\">Jetzt kaufen<\/a><\/div>\n<\/div>\n\n\t<\/div>\n\n<\/div>\n\n<\/div>\r\n      <\/div>\r\n    <\/div>\r\n  <\/div>\r\n<\/div><\/div>\n\n<div class=\"lazyblock-nncontainer-1aDRBb wp-block-lazyblock-nncontainer\"><div class=\"section-standard\">\r\n  <div class=\"container\" id=\"container-1aDRBb\">\r\n    <div class=\"row\">\r\n      <div class=\"col py-5 spaltentausch\">\r\n        <div class=\"lazyblock-inner-blocks\">\n<div class=\"wp-bootstrap-blocks-row row\">\n\t\n\n<div class=\"col-12 col-md-6\">\n\t\t\t\n\n<h2 class=\"wp-block-heading has-text-align-right\">Das Rad f\u00fcr jede Freiheit<\/h2>\n\n\n\n<p class=\"has-text-align-right\">Das Nhoma Gen 3 ist ein erstklassig ausgestattetes Gravelbike.<\/p>\n\n\n\n<div class=\"wp-block-buttons mb-0 is-vertical is-content-justification-right is-layout-flex wp-container-core-buttons-is-layout-b6c475e2 wp-block-buttons-is-layout-flex\">\n<div class=\"wp-block-button\"><a role=\"button\" class=\"wp-block-button__link wp-element-button\" href=\"https:\/\/www.diamantrad.com\/de-DE\/bikes\/nhoma-equipped-gravel-bike\/\" target=\"_blank\" rel=\"noreferrer noopener\" aria-label=\"Opens external link in a new tab\">Zum Nhoma<\/a><\/div>\n\n\n\n<div class=\"wp-block-button\"><a role=\"button\" class=\"wp-block-button__link wp-element-button\" href=\"https:\/\/www.diamantrad.com\/de-DE\/bike\/nhoma-stepover\/\" target=\"_blank\" rel=\"noreferrer noopener\" aria-label=\"Opens external link in a new tab\">Jetzt kaufen<\/a><\/div>\n<\/div>\n\n\t<\/div>\n\n\n\n<div class=\"col-12 col-md-6\">\n\t\t\t\n\n<figure class=\"wp-block-image size-large\"><img decoding=\"async\" src=\"https:\/\/media.trekbikes.com\/image\/upload\/NhomaSO-25-49648-A-Primary\" alt=\"Nhoma Gen 3\"\/><\/figure>\n\n\t<\/div>\n\n<\/div>\n\n<\/div>\r\n      <\/div>\r\n    <\/div>\r\n  <\/div>\r\n<\/div><\/div>\n\n<div class=\"lazyblock-nncontainer-Z206L26 wp-block-lazyblock-nncontainer\"><div class=\"section-light\">\r\n  <div class=\"container\" id=\"container-Z206L26\">\r\n    <div class=\"row\">\r\n      <div class=\"col py-5 py-lg-6\">\r\n        <div class=\"lazyblock-inner-blocks\">\n<div class=\"wp-bootstrap-blocks-row row mb-0 gx-5\">\n\t\n\n<div class=\"col-12 col-md-3\">\n\t\t\t\n<div class=\"wp-block-image mb-3\">\n<figure class=\"aligncenter size-full is-resized\"><img loading=\"lazy\" decoding=\"async\" width=\"117\" height=\"117\" sizes=\"auto, (max-width: 117px) 100vw, 117px\" src=\"https:\/\/www.diamantrad.com\/wp-content\/uploads\/2025\/02\/icon-handgefertigt.svg\" alt=\"Icon Handgefertigt\" class=\"wp-image-36204\" style=\"object-fit:cover;width:100px;height:100px\"\/><\/figure>\n<\/div>\n\n\n<h3 class=\"wp-block-heading has-text-align-center\">Handgefertigt in Deutschland<\/h3>\n\n\n\n<p class=\"has-text-align-center\">Du kaufst ein Fahrrad,\u2028das in unserem Stammwerk in Hartmannsdorf montiert wurde.<\/p>\n\n\t<\/div>\n\n\n\n<div class=\"col-12 col-md-3\">\n\t\t\t\n<div class=\"wp-block-image mb-3\">\n<figure class=\"aligncenter size-full is-resized\"><img loading=\"lazy\" decoding=\"async\" width=\"117\" height=\"117\" sizes=\"auto, (max-width: 117px) 100vw, 117px\" src=\"https:\/\/www.diamantrad.com\/wp-content\/uploads\/2025\/02\/icon-design.svg\" alt=\"Icon Design\" class=\"wp-image-36214\" style=\"object-fit:cover;width:100px;height:100px\"\/><\/figure>\n<\/div>\n\n\n<h3 class=\"wp-block-heading has-text-align-center\">Design-<br>Exzellenz<\/h3>\n\n\n\n<p class=\"has-text-align-center\">Unsere R\u00e4der gestalten wir mit Liebe zum Detail. Dein Rad hat Design-Preise gewonnen.<\/p>\n\n\t<\/div>\n\n\n\n<div class=\"col-12 col-md-3\">\n\t\t\t\n<div class=\"wp-block-image mb-3\">\n<figure class=\"aligncenter size-full is-resized\"><img loading=\"lazy\" decoding=\"async\" width=\"117\" height=\"117\" sizes=\"auto, (max-width: 117px) 100vw, 117px\" src=\"https:\/\/www.diamantrad.com\/wp-content\/uploads\/2025\/02\/icon-haendler.svg\" alt=\"Icon Haendler\" class=\"wp-image-36224\" style=\"object-fit:cover;width:100px;height:100px\"\/><\/figure>\n<\/div>\n\n\n<h3 class=\"wp-block-heading has-text-align-center\">Erfahrene Fachh\u00e4ndler<\/h3>\n\n\n\n<p class=\"has-text-align-center\">Beim Kauf bekommst du<br>pers\u00f6nliche Beratung. Wenn was ist, reparieren erfahrene Mechaniker dein Rad.<\/p>\n\n\t<\/div>\n\n\n\n<div class=\"col-12 col-md-3\">\n\t\t\t\n<div class=\"wp-block-image mb-3\">\n<figure class=\"aligncenter size-full is-resized\"><img loading=\"lazy\" decoding=\"async\" width=\"117\" height=\"133\" sizes=\"auto, (max-width: 117px) 100vw, 117px\" src=\"https:\/\/www.diamantrad.com\/wp-content\/uploads\/2025\/02\/icon-garantie.svg\" alt=\"Icon Garantie\" class=\"wp-image-36234\" style=\"object-fit:cover;width:100px;height:100px\"\/><\/figure>\n<\/div>\n\n\n<h3 class=\"wp-block-heading has-text-align-center\">Mehr als 40 Jahre Garantie<\/h3>\n\n\n\n<p class=\"has-text-align-center\">Dein Rahmen soll dein Leben lang halten \u2013 ganz wie ein Diamant. Wir w\u00fcnschen dir \u2028ein langes Leben.<\/p>\n\n\t<\/div>\n\n<\/div>\n\n<\/div>\r\n      <\/div>\r\n    <\/div>\r\n  <\/div>\r\n<\/div><\/div>\n\n\n<div class=\"wp-block-cover\" style=\"min-height:430px;aspect-ratio:unset;\"><img data-dominant-color=\"6b7a82\" data-has-transparency=\"false\" loading=\"lazy\" decoding=\"async\" width=\"1920\" height=\"1280\" sizes=\"auto, (max-width: 1920px) 100vw, 1920px\" class=\"wp-block-cover__image-background wp-image-55769 size-full not-transparent\" alt=\"Di 25 suvea lifestyle detail img 6520new\" src=\"https:\/\/www.diamantrad.com\/wp-content\/uploads\/2025\/03\/DI_25_Suvea_Lifestyle_Detail_IMG_6520new-png.avif\" style=\"--dominant-color: #6b7a82; object-position:69% 61%\" data-object-fit=\"cover\" data-object-position=\"69% 61%\" srcset=\"https:\/\/www.diamantrad.com\/wp-content\/uploads\/2025\/03\/DI_25_Suvea_Lifestyle_Detail_IMG_6520new-png.avif 1920w, https:\/\/www.diamantrad.com\/wp-content\/uploads\/2025\/03\/DI_25_Suvea_Lifestyle_Detail_IMG_6520new-300x200.avif 300w, https:\/\/www.diamantrad.com\/wp-content\/uploads\/2025\/03\/DI_25_Suvea_Lifestyle_Detail_IMG_6520new-1024x683.avif 1024w, https:\/\/www.diamantrad.com\/wp-content\/uploads\/2025\/03\/DI_25_Suvea_Lifestyle_Detail_IMG_6520new-768x512.avif 768w, https:\/\/www.diamantrad.com\/wp-content\/uploads\/2025\/03\/DI_25_Suvea_Lifestyle_Detail_IMG_6520new-1536x1024.avif 1536w\" \/><span aria-hidden=\"true\" class=\"wp-block-cover__background has-background-dim-0 has-background-dim\"><\/span><div class=\"wp-block-cover__inner-container is-layout-constrained wp-block-cover-is-layout-constrained\"><div class=\"lazyblock-cover-text-ZtuexN wp-block-lazyblock-cover-text\"><div class=\"covertext container py-5 d-flex flex-column colorscheme-light justify-content-center\" id=\"covertext-ZtuexN\">\r\n  <div class=\"lazyblock-inner-blocks\">\n\n<h3 class=\"wp-block-heading has-text-align-left\">Mehr Power, mehr Reichweite!<\/h3>\n\n\n\n<p class=\"has-text-align-left h5\">Entdecke alles, was du \u00fcber E-Bike-Akkus wissen musst \u2013 von der richtigen Pflege bis zur maximalen Performance.<\/p>\n\n\n\n<div class=\"wp-block-buttons is-content-justification-left is-layout-flex wp-container-core-buttons-is-layout-fdcfc74e wp-block-buttons-is-layout-flex\">\n<div class=\"wp-block-button\"><a role=\"button\" class=\"wp-block-button__link wp-element-button\" href=\"https:\/\/www.diamantrad.com\/de-DE\/blog\/e-bike-battery-faq\/\" target=\"_blank\" rel=\"noreferrer noopener\" aria-label=\"Opens external link in a new tab\">Mehr erfahren<\/a><\/div>\n<\/div>\n\n<\/div>\r\n<\/div><\/div><\/div><\/div>\n\n\n\n<div class=\"wp-block-cover is-light\"><video class=\"wp-block-cover__video-background intrinsic-ignore\" autoplay muted loop playsinline src=\"https:\/\/www.diamantrad.com\/wp-content\/uploads\/2026\/02\/diamant-historic-trailer-1020px-compressed.mp4\" data-object-fit=\"cover\"><\/video><span aria-hidden=\"true\" class=\"wp-block-cover__background has-background-dim-0 has-background-dim\"><\/span><div class=\"wp-block-cover__inner-container is-layout-constrained wp-block-cover-is-layout-constrained\"><div class=\"lazyblock-cover-text-t0wqw wp-block-lazyblock-cover-text\"><div class=\"covertext container py-5 d-flex flex-column colorscheme-light justify-content-center\" id=\"covertext-t0wqw\">\r\n  <div class=\"lazyblock-inner-blocks\">\n\n<h3 class=\"wp-block-heading has-text-align-left\">Deutschlands \u00e4ltester Fahrradhersteller<\/h3>\n\n\n\n<p class=\"has-text-align-left h5\">Fr\u00fcher Lieblingsrad und Sportger\u00e4t,<br>heute Kultobjekt und Museumsst\u00fcck<\/p>\n\n\n\n<div class=\"wp-block-buttons is-content-justification-left is-layout-flex wp-container-core-buttons-is-layout-fdcfc74e wp-block-buttons-is-layout-flex\">\n<div class=\"wp-block-button\"><a role=\"button\" class=\"wp-block-button__link wp-element-button\" href=\"https:\/\/www.diamantrad.com\/de-DE\/history\/\" target=\"_blank\" rel=\"noreferrer noopener\" aria-label=\"Opens external link in a new tab\">Mehr erfahren<\/a><\/div>\n<\/div>\n\n<\/div>\r\n<\/div><\/div><\/div><\/div>\n\n\n","protected":false},"excerpt":{"rendered":"<p>Hol dir ein richtig gutes Fahrrad f\u00fcr Stadt, Touren und Abenteuer! \u2713 Lebenslange Garantie \u2713 Design-Exzellenz \u2713 Handgefertigt in Hartmannsdorf.<\/p>\n","protected":false},"author":10,"featured_media":55901,"parent":0,"menu_order":0,"comment_status":"closed","ping_status":"closed","template":"","meta":{"_acf_changed":false,"slim_seo":{"title":"Diamantrad \u2013 Premium E-Bikes & Fahrr\u00e4der","description":"Hol dir ein richtig gutes Fahrrad f\u00fcr Stadt, Touren und Abenteuer! \u2713 Lebenslange Garantie \u2713 Design-Exzellenz \u2713 Handgefertigt in Hartmannsdorf."},"footnotes":""},"class_list":["post-20194","page","type-page","status-publish","has-post-thumbnail","hentry"],"acf":[],"_links":{"self":[{"href":"https:\/\/www.diamantrad.com\/en-GB\/wp-json\/wp\/v2\/pages\/20194","targetHints":{"allow":["GET"]}}],"collection":[{"href":"https:\/\/www.diamantrad.com\/en-GB\/wp-json\/wp\/v2\/pages"}],"about":[{"href":"https:\/\/www.diamantrad.com\/en-GB\/wp-json\/wp\/v2\/types\/page"}],"author":[{"embeddable":true,"href":"https:\/\/www.diamantrad.com\/en-GB\/wp-json\/wp\/v2\/users\/10"}],"replies":[{"embeddable":true,"href":"https:\/\/www.diamantrad.com\/en-GB\/wp-json\/wp\/v2\/comments?post=20194"}],"version-history":[{"count":99,"href":"https:\/\/www.diamantrad.com\/en-GB\/wp-json\/wp\/v2\/pages\/20194\/revisions"}],"predecessor-version":[{"id":75122,"href":"https:\/\/www.diamantrad.com\/en-GB\/wp-json\/wp\/v2\/pages\/20194\/revisions\/75122"}],"wp:featuredmedia":[{"embeddable":true,"href":"https:\/\/www.diamantrad.com\/en-GB\/wp-json\/wp\/v2\/media\/55901"}],"wp:attachment":[{"href":"https:\/\/www.diamantrad.com\/en-GB\/wp-json\/wp\/v2\/media?parent=20194"}],"curies":[{"name":"wp","href":"https:\/\/api.w.org\/{rel}","templated":true}]}}