{"id":24112,"date":"2022-10-25T13:51:36","date_gmt":"2022-10-25T11:51:36","guid":{"rendered":"https:\/\/www.diamantrad.com\/?page_id=24112"},"modified":"2026-03-03T12:21:41","modified_gmt":"2026-03-03T11:21:41","slug":"e-bike-battery-faq","status":"publish","type":"page","link":"https:\/\/www.diamantrad.com\/de-DE\/blog\/e-bike-battery-faq\/","title":{"rendered":"E-Bike-Battery FAQ \u00dcbersichtsseite"},"content":{"rendered":"\n<div class=\"wp-block-cover\"><img data-dominant-color=\"6b7a82\" data-has-transparency=\"false\" loading=\"lazy\" decoding=\"async\" width=\"1920\" height=\"1280\" sizes=\"auto, (max-width: 1920px) 100vw, 1920px\" class=\"wp-block-cover__image-background wp-image-55769 size-full not-transparent\" alt=\"Di 25 suvea lifestyle detail img 6520new\" src=\"https:\/\/www.diamantrad.com\/wp-content\/uploads\/2025\/03\/DI_25_Suvea_Lifestyle_Detail_IMG_6520new-png.avif\" style=\"--dominant-color: #6b7a82; object-position:73% 61%\" data-object-fit=\"cover\" data-object-position=\"73% 61%\" srcset=\"https:\/\/www.diamantrad.com\/wp-content\/uploads\/2025\/03\/DI_25_Suvea_Lifestyle_Detail_IMG_6520new-png.avif 1920w, https:\/\/www.diamantrad.com\/wp-content\/uploads\/2025\/03\/DI_25_Suvea_Lifestyle_Detail_IMG_6520new-300x200.avif 300w, https:\/\/www.diamantrad.com\/wp-content\/uploads\/2025\/03\/DI_25_Suvea_Lifestyle_Detail_IMG_6520new-1024x683.avif 1024w, https:\/\/www.diamantrad.com\/wp-content\/uploads\/2025\/03\/DI_25_Suvea_Lifestyle_Detail_IMG_6520new-768x512.avif 768w, https:\/\/www.diamantrad.com\/wp-content\/uploads\/2025\/03\/DI_25_Suvea_Lifestyle_Detail_IMG_6520new-1536x1024.avif 1536w\" \/><span aria-hidden=\"true\" class=\"wp-block-cover__background has-color-primary-hover-background-color has-background-dim-30 has-background-dim\"><\/span><div class=\"wp-block-cover__inner-container is-layout-constrained wp-block-cover-is-layout-constrained\">\n<p class=\"has-text-align-center has-large-font-size wp-block-paragraph\"><\/p>\n\n\n<div class=\"lazyblock-cover-text-Z1jpkkh wp-block-lazyblock-cover-text\"><div class=\"covertext container py-5 d-flex flex-column colorscheme-light justify-content-center\" id=\"covertext-Z1jpkkh\">\r\n  <div class=\"lazyblock-inner-blocks\">\n\n<h2 class=\"wp-block-heading\">E-Bike Akku FAQ<\/h2>\n\n\n\n<h3 class=\"wp-block-heading\">Alles rund um Fahrrad-Akkus<\/h3>\n\n<\/div>\r\n<\/div><\/div><\/div><\/div>\n\n\n<div class=\"lazyblock-nncontainer-ZEzX2V wp-block-lazyblock-nncontainer\"><div class=\"section-standard\">\r\n  <div class=\"container\" id=\"container-ZEzX2V\">\r\n    <div class=\"row\">\r\n      <div class=\"col py-4 py-lg-5\">\r\n        <div class=\"lazyblock-inner-blocks\">\n\n<p class=\"wp-block-paragraph\">Der E-Bike-Akku ist der Energielieferant eines Elektrofahrrads. Weil die Leistung eines E-Bikes damit steht und f\u00e4llt, kommen vor dem Kauf viele Fragen zum Akku auf: Wie viele Ladevorg\u00e4nge sind m\u00f6glich? Wie weit reicht eine Akkuladung? Was muss ich im Winter beachten?<\/p>\n\n\n\n<p class=\"wp-block-paragraph\">Unsere Ratgeber geben dir einen \u00dcberblick \u00fcber alles, was du zu deinem E-Bike-Akku wissen musst (oder willst).<\/p>\n\n<\/div>\r\n      <\/div>\r\n    <\/div>\r\n  <\/div>\r\n<\/div><\/div>\n\n<div class=\"lazyblock-nncontainer-1aYTzF wp-block-lazyblock-nncontainer\"><div class=\"section-light\">\r\n  <div class=\"container\" id=\"container-1aYTzF\">\r\n    <div class=\"row\">\r\n      <div class=\"col py-4 py-lg-5\">\r\n        <div class=\"lazyblock-inner-blocks\">\n<div class=\"wp-bootstrap-blocks-row row\">\n\t\n\n<div class=\"col-12 col-md-6\">\n\t\t\t\n\n<figure class=\"wp-block-image size-full\"><img data-dominant-color=\"8c7b80\" data-has-transparency=\"false\" loading=\"lazy\" decoding=\"async\" width=\"2560\" height=\"1706\" sizes=\"auto, (max-width: 2560px) 100vw, 2560px\" src=\"https:\/\/www.diamantrad.com\/wp-content\/uploads\/2022\/11\/22DIA_Life_OpalTRA_300dpi_67I9619-scaled.avif\" alt=\"22dia life opal+tra\" class=\"wp-image-57805 not-transparent\" style=\"--dominant-color: #8c7b80; aspect-ratio:16\/9;object-fit:cover\" srcset=\"https:\/\/www.diamantrad.com\/wp-content\/uploads\/2022\/11\/22DIA_Life_OpalTRA_300dpi_67I9619-scaled.avif 2560w, https:\/\/www.diamantrad.com\/wp-content\/uploads\/2022\/11\/22DIA_Life_OpalTRA_300dpi_67I9619-300x200.avif 300w, https:\/\/www.diamantrad.com\/wp-content\/uploads\/2022\/11\/22DIA_Life_OpalTRA_300dpi_67I9619-1024x683.avif 1024w, https:\/\/www.diamantrad.com\/wp-content\/uploads\/2022\/11\/22DIA_Life_OpalTRA_300dpi_67I9619-768x512.avif 768w, https:\/\/www.diamantrad.com\/wp-content\/uploads\/2022\/11\/22DIA_Life_OpalTRA_300dpi_67I9619-1536x1024.avif 1536w, https:\/\/www.diamantrad.com\/wp-content\/uploads\/2022\/11\/22DIA_Life_OpalTRA_300dpi_67I9619-2048x1365.avif 2048w\" \/><\/figure>\n\n\t<\/div>\n\n\n\n<div class=\"col-12 col-md-6\">\n\t\t\t\n\n<h4 class=\"wp-block-heading\">E-Bike-Akku Herstellung<\/h4>\n\n\n\n<p class=\"wp-block-paragraph\">Armin Harttig von Bosch eBike Systems erkl\u00e4rt im Interview, wie nachhaltig ein E-Bike-Akku ist.<\/p>\n\n\n\n<div class=\"wp-block-buttons is-layout-flex wp-block-buttons-is-layout-flex\">\n<div class=\"wp-block-button\"><a role=\"button\" class=\"wp-block-button__link wp-element-button\" href=\"https:\/\/www.diamantrad.com\/de-DE\/blog\/e-bike-battery-manufacturing-and-sustainability\/\" target=\"_blank\" rel=\"noreferrer noopener\" aria-label=\"Opens external link in a new tab\">Jetzt lesen<\/a><\/div>\n<\/div>\n\n\t<\/div>\n\n<\/div>\n\n\n<div class=\"wp-bootstrap-blocks-row row\">\n\t\n\n<div class=\"col-12 col-md-6\">\n\t\t\t\n\n<figure class=\"wp-block-image size-full\"><img data-dominant-color=\"847981\" data-has-transparency=\"false\" loading=\"lazy\" decoding=\"async\" width=\"2560\" height=\"1706\" sizes=\"auto, (max-width: 2560px) 100vw, 2560px\" src=\"https:\/\/www.diamantrad.com\/wp-content\/uploads\/2022\/10\/Diamant_Zing_MID_300dpi_67I2692-1-scaled.avif\" alt=\"Dia zing life z\u00fcrich my23 mid chc\" class=\"wp-image-57950 not-transparent\" style=\"--dominant-color: #847981; aspect-ratio:16\/9;object-fit:cover\" srcset=\"https:\/\/www.diamantrad.com\/wp-content\/uploads\/2022\/10\/Diamant_Zing_MID_300dpi_67I2692-1-scaled.avif 2560w, https:\/\/www.diamantrad.com\/wp-content\/uploads\/2022\/10\/Diamant_Zing_MID_300dpi_67I2692-1-300x200.avif 300w, https:\/\/www.diamantrad.com\/wp-content\/uploads\/2022\/10\/Diamant_Zing_MID_300dpi_67I2692-1-1024x683.avif 1024w, https:\/\/www.diamantrad.com\/wp-content\/uploads\/2022\/10\/Diamant_Zing_MID_300dpi_67I2692-1-768x512.avif 768w, https:\/\/www.diamantrad.com\/wp-content\/uploads\/2022\/10\/Diamant_Zing_MID_300dpi_67I2692-1-1536x1024.avif 1536w, https:\/\/www.diamantrad.com\/wp-content\/uploads\/2022\/10\/Diamant_Zing_MID_300dpi_67I2692-1-2048x1365.avif 2048w\" \/><\/figure>\n\n\t<\/div>\n\n\n\n<div class=\"col-12 col-md-6\">\n\t\t\t\n\n<h4 class=\"wp-block-heading\">E-Bike-Akku Lebensdauer<\/h4>\n\n\n\n<p class=\"wp-block-paragraph\">Alle Infos zur Lebensdauer von E-Bike-Akkus und hilfreiche Tipps zum schonenenden Umgang.<\/p>\n\n\n\n<div class=\"wp-block-buttons is-layout-flex wp-block-buttons-is-layout-flex\">\n<div class=\"wp-block-button\"><a role=\"button\" class=\"wp-block-button__link wp-element-button\" href=\"https:\/\/www.diamantrad.com\/de-DE\/blog\/e-bike-battery-service-life\/\" target=\"_blank\" rel=\"noreferrer noopener\" aria-label=\"Opens external link in a new tab\">Jetzt lesen<\/a><\/div>\n<\/div>\n\n\t<\/div>\n\n<\/div>\n\n\n<div class=\"wp-bootstrap-blocks-row row\">\n\t\n\n<div class=\"col-12 col-md-6\">\n\t\t\t\n\n<figure class=\"wp-block-image size-full\"><img data-dominant-color=\"6d8780\" data-has-transparency=\"false\" loading=\"lazy\" decoding=\"async\" width=\"2560\" height=\"1707\" sizes=\"auto, (max-width: 2560px) 100vw, 2560px\" src=\"https:\/\/www.diamantrad.com\/wp-content\/uploads\/2022\/10\/23DIA_Life_365_300dpi_Z2A1648-scaled.avif\" alt=\"22dia life 365 hch\" class=\"wp-image-57977 not-transparent\" style=\"--dominant-color: #6d8780; aspect-ratio:16\/9;object-fit:cover\" srcset=\"https:\/\/www.diamantrad.com\/wp-content\/uploads\/2022\/10\/23DIA_Life_365_300dpi_Z2A1648-scaled.avif 2560w, https:\/\/www.diamantrad.com\/wp-content\/uploads\/2022\/10\/23DIA_Life_365_300dpi_Z2A1648-300x200.avif 300w, https:\/\/www.diamantrad.com\/wp-content\/uploads\/2022\/10\/23DIA_Life_365_300dpi_Z2A1648-1024x683.avif 1024w, https:\/\/www.diamantrad.com\/wp-content\/uploads\/2022\/10\/23DIA_Life_365_300dpi_Z2A1648-768x512.avif 768w, https:\/\/www.diamantrad.com\/wp-content\/uploads\/2022\/10\/23DIA_Life_365_300dpi_Z2A1648-1536x1024.avif 1536w, https:\/\/www.diamantrad.com\/wp-content\/uploads\/2022\/10\/23DIA_Life_365_300dpi_Z2A1648-2048x1366.avif 2048w\" \/><\/figure>\n\n\t<\/div>\n\n\n\n<div class=\"col-12 col-md-6\">\n\t\t\t\n\n<h4 class=\"wp-block-heading\">E-Bike-Akku laden<\/h4>\n\n\n\n<p class=\"wp-block-paragraph\">Wie lade ich meinen E-Bike-Akku richtig und was muss ich beachten? Alles Wissenswerte in diesem Artikel.<\/p>\n\n\n\n<div class=\"wp-block-buttons is-layout-flex wp-block-buttons-is-layout-flex\">\n<div class=\"wp-block-button\"><a role=\"button\" class=\"wp-block-button__link wp-element-button\" href=\"https:\/\/www.diamantrad.com\/de-DE\/blog\/e-bike-battery-charge\/\" target=\"_blank\" rel=\"noreferrer noopener\" aria-label=\"Opens external link in a new tab\">Jetzt lesen<\/a><\/div>\n<\/div>\n\n\t<\/div>\n\n<\/div>\n\n\n<div class=\"wp-bootstrap-blocks-row row\">\n\t\n\n<div class=\"col-12 col-md-6\">\n\t\t\t\n\n<figure class=\"wp-block-image size-full\"><img data-dominant-color=\"5f8081\" data-has-transparency=\"false\" loading=\"lazy\" decoding=\"async\" width=\"2560\" height=\"1707\" sizes=\"auto, (max-width: 2560px) 100vw, 2560px\" src=\"https:\/\/www.diamantrad.com\/wp-content\/uploads\/2022\/10\/DI_24_Zing_Trip_Lifestyle_67I0184_300dpi-scaled.avif\" alt=\"Di 24 zing trip lifestyle\" class=\"wp-image-58004 not-transparent\" style=\"--dominant-color: #5f8081; aspect-ratio:16\/9;object-fit:cover\" srcset=\"https:\/\/www.diamantrad.com\/wp-content\/uploads\/2022\/10\/DI_24_Zing_Trip_Lifestyle_67I0184_300dpi-scaled.avif 2560w, https:\/\/www.diamantrad.com\/wp-content\/uploads\/2022\/10\/DI_24_Zing_Trip_Lifestyle_67I0184_300dpi-300x200.avif 300w, https:\/\/www.diamantrad.com\/wp-content\/uploads\/2022\/10\/DI_24_Zing_Trip_Lifestyle_67I0184_300dpi-1024x683.avif 1024w, https:\/\/www.diamantrad.com\/wp-content\/uploads\/2022\/10\/DI_24_Zing_Trip_Lifestyle_67I0184_300dpi-768x512.avif 768w, https:\/\/www.diamantrad.com\/wp-content\/uploads\/2022\/10\/DI_24_Zing_Trip_Lifestyle_67I0184_300dpi-1536x1024.avif 1536w, https:\/\/www.diamantrad.com\/wp-content\/uploads\/2022\/10\/DI_24_Zing_Trip_Lifestyle_67I0184_300dpi-2048x1365.avif 2048w\" \/><\/figure>\n\n\t<\/div>\n\n\n\n<div class=\"col-12 col-md-6\">\n\t\t\t\n\n<h4 class=\"wp-block-heading\">E-Bike-Akku lagern und pflegen<\/h4>\n\n\n\n<p class=\"wp-block-paragraph\">Wir geben dir die wichtigsten Tipps zur Aufbewahrung und Pflege von deinem E-Bike-Akku. <\/p>\n\n\n\n<div class=\"wp-block-buttons is-layout-flex wp-block-buttons-is-layout-flex\">\n<div class=\"wp-block-button\"><a role=\"button\" class=\"wp-block-button__link wp-element-button\" href=\"https:\/\/www.diamantrad.com\/de-DE\/blog\/e-bike-battery-care\/\" target=\"_blank\" rel=\"noreferrer noopener\" aria-label=\"Opens external link in a new tab\">Jetzt lesen<\/a><\/div>\n<\/div>\n\n\t<\/div>\n\n<\/div>\n\n\n<div class=\"wp-bootstrap-blocks-row row\">\n\t\n\n<div class=\"col-12 col-md-6\">\n\t\t\t\n\n<figure class=\"wp-block-image size-full\"><img data-dominant-color=\"987984\" data-has-transparency=\"false\" loading=\"lazy\" decoding=\"async\" width=\"2560\" height=\"1707\" sizes=\"auto, (max-width: 2560px) 100vw, 2560px\" src=\"https:\/\/www.diamantrad.com\/wp-content\/uploads\/2022\/10\/DI_25_Suvea_Lifestyle_67I2961_300dpi-scaled.avif\" alt=\"Di 25 suvea lifestyle\" class=\"wp-image-58053 not-transparent\" style=\"--dominant-color: #987984; aspect-ratio:16\/9;object-fit:cover\" srcset=\"https:\/\/www.diamantrad.com\/wp-content\/uploads\/2022\/10\/DI_25_Suvea_Lifestyle_67I2961_300dpi-scaled.avif 2560w, https:\/\/www.diamantrad.com\/wp-content\/uploads\/2022\/10\/DI_25_Suvea_Lifestyle_67I2961_300dpi-300x200.avif 300w, https:\/\/www.diamantrad.com\/wp-content\/uploads\/2022\/10\/DI_25_Suvea_Lifestyle_67I2961_300dpi-1024x683.avif 1024w, https:\/\/www.diamantrad.com\/wp-content\/uploads\/2022\/10\/DI_25_Suvea_Lifestyle_67I2961_300dpi-768x512.avif 768w, https:\/\/www.diamantrad.com\/wp-content\/uploads\/2022\/10\/DI_25_Suvea_Lifestyle_67I2961_300dpi-1536x1024.avif 1536w, https:\/\/www.diamantrad.com\/wp-content\/uploads\/2022\/10\/DI_25_Suvea_Lifestyle_67I2961_300dpi-2048x1365.avif 2048w\" \/><\/figure>\n\n\t<\/div>\n\n\n\n<div class=\"col-12 col-md-6\">\n\t\t\t\n\n<h4 class=\"wp-block-heading\">Wie sicher sind E-Bike-Akkus?<\/h4>\n\n\n\n<p class=\"wp-block-paragraph\">F\u00fcr den sicheren Umgang mit E-Bike-Akkus gilt es einige Punkte zu beachten. Unsere Tipps f\u00fcr optimale Sicherheit.<\/p>\n\n\n\n<div class=\"wp-block-buttons is-layout-flex wp-block-buttons-is-layout-flex\">\n<div class=\"wp-block-button\"><a role=\"button\" class=\"wp-block-button__link wp-element-button\" href=\"https:\/\/www.diamantrad.com\/de-DE\/blog\/e-bike-battery-safety\/\" target=\"_blank\" rel=\"noreferrer noopener\" aria-label=\"Opens external link in a new tab\">Jetzt lesen<\/a><\/div>\n<\/div>\n\n\t<\/div>\n\n<\/div>\n\n\n<div class=\"wp-bootstrap-blocks-row row\">\n\t\n\n<div class=\"col-12 col-md-6\">\n\t\t\t\n\n<figure class=\"wp-block-image size-full\"><img data-dominant-color=\"aa7b82\" data-has-transparency=\"false\" loading=\"lazy\" decoding=\"async\" width=\"2560\" height=\"1707\" sizes=\"auto, (max-width: 2560px) 100vw, 2560px\" src=\"https:\/\/www.diamantrad.com\/wp-content\/uploads\/2023\/12\/DI_25_Suvea_Lifestyle_67I6917_300dpi-scaled.avif\" alt=\"Di 25 suvea lifestyle\" class=\"wp-image-58092 not-transparent\" style=\"--dominant-color: #aa7b82; aspect-ratio:16\/9;object-fit:cover\" srcset=\"https:\/\/www.diamantrad.com\/wp-content\/uploads\/2023\/12\/DI_25_Suvea_Lifestyle_67I6917_300dpi-scaled.avif 2560w, https:\/\/www.diamantrad.com\/wp-content\/uploads\/2023\/12\/DI_25_Suvea_Lifestyle_67I6917_300dpi-300x200.avif 300w, https:\/\/www.diamantrad.com\/wp-content\/uploads\/2023\/12\/DI_25_Suvea_Lifestyle_67I6917_300dpi-1024x683.avif 1024w, https:\/\/www.diamantrad.com\/wp-content\/uploads\/2023\/12\/DI_25_Suvea_Lifestyle_67I6917_300dpi-768x512.avif 768w, https:\/\/www.diamantrad.com\/wp-content\/uploads\/2023\/12\/DI_25_Suvea_Lifestyle_67I6917_300dpi-1536x1024.avif 1536w, https:\/\/www.diamantrad.com\/wp-content\/uploads\/2023\/12\/DI_25_Suvea_Lifestyle_67I6917_300dpi-2048x1365.avif 2048w\" \/><\/figure>\n\n\t<\/div>\n\n\n\n<div class=\"col-12 col-md-6\">\n\t\t\t\n\n<h4 class=\"wp-block-heading\">Winterpflege f\u00fcr E-Bike-Akkus<\/h4>\n\n\n\n<p class=\"wp-block-paragraph\">Wir verraten dir, wie du in der Winterzeit trotz K\u00e4lte deinen E-Bike-Akku in Optimalzustand h\u00e4ltst. <\/p>\n\n\n\n<div class=\"wp-block-buttons is-layout-flex wp-block-buttons-is-layout-flex\">\n<div class=\"wp-block-button\"><a role=\"button\" class=\"wp-block-button__link wp-element-button\" href=\"https:\/\/www.diamantrad.com\/de-DE\/blog\/e-bike-battery-winter-care\/\" target=\"_blank\" rel=\"noreferrer noopener\" aria-label=\"Opens external link in a new tab\">Jetzt lesen<\/a><\/div>\n<\/div>\n\n\t<\/div>\n\n<\/div>\n\n<\/div>\r\n      <\/div>\r\n    <\/div>\r\n  <\/div>\r\n<\/div><\/div>\n\n<div class=\"lazyblock-nncontainer-1YlbUh wp-block-lazyblock-nncontainer\"><div class=\"section-standard\">\r\n  <div class=\"container\" id=\"container-1YlbUh\">\r\n    <div class=\"row\">\r\n      <div class=\"col py-4 py-lg-5\">\r\n        <div class=\"lazyblock-inner-blocks\">\n\n<h3 class=\"wp-block-heading\">Hintergrund: Die verschiedenen Fahrrad-Akku-Typen<\/h3>\n\n\n\n<p class=\"wp-block-paragraph\"><a href=\"https:\/\/www.diamantrad.com\/de-DE\/bikes\/e-bikes\/\" title=\"E-Bikes\">E-Bike<\/a>-Akkus lassen sich hinsichtlich ihrer Materialien und ihrer Positionierung unterscheiden. Es gibt vier verschiedene Arten von E-Bike-Akkus: der Lithium-Ionen-Akku (Li-Ion), der Nickel-Cadmium-Akku (NiCd), der Nickel-Metallhydridakku (NiMH) und der Bleigelakku. Der h\u00e4ufigste \u2013 und bei Diamant E-Bikes ausschlie\u00dflich eingesetzt \u2013 ist der Lithium-Ionen-Akku. Diese sind langlebiger und leichter als die anderen Akkutypen. Au\u00dferdem gibt es verschiedene Fahrrad-Akkus hinsichtlich ihrer Position am oder im Fahrrad:&nbsp;<\/p>\n\n\n\n<h3 class=\"wp-block-heading\">Rahmenakkus<\/h3>\n\n\n\n<p class=\"wp-block-paragraph\">Wir zeigen dir am Beispiel vom <a href=\"https:\/\/www.diamantrad.com\/de-DE\/bikes\/zing-full-power-light-e-bike\/\" title=\"Zing \u2013 Full-power light E-Bike\">Zing<\/a>, wie du einen Rahmenakku entfernst und wieder einsetzt.<\/p>\n\n\n\n<figure class=\"wp-block-video\"><video height=\"1080\" style=\"aspect-ratio: 1920 \/ 1080;\" width=\"1920\" autoplay controls loop muted src=\"https:\/\/www.diamantrad.com\/wp-content\/uploads\/2026\/03\/16x9_Zing_Akku-Handling.mp4\" playsinline><\/video><\/figure>\n\n\n\n<h3 class=\"wp-block-heading\">Integrierte Akkus<\/h3>\n\n\n\n<p class=\"wp-block-paragraph\">Wir zeigen dir am Beispiel vom <a href=\"https:\/\/www.diamantrad.com\/de-DE\/bikes\/suvea-e-suv-hardtail\/\" title=\"Suvea \u2013 E-SUV Hardtail\">Suvea<\/a>, wie du einen integrierten Akku entnimmst und wieder einsetzt.<\/p>\n\n\n\n<figure class=\"wp-block-video\"><video height=\"1080\" style=\"aspect-ratio: 1920 \/ 1080;\" width=\"1920\" autoplay controls loop muted src=\"https:\/\/www.diamantrad.com\/wp-content\/uploads\/2026\/03\/16x9_Suvea_Akku-Handling.mp4\" playsinline><\/video><\/figure>\n\n\n\n<h3 class=\"wp-block-heading\">Range Extender<\/h3>\n\n\n\n<p class=\"wp-block-paragraph\">Ein Range Extender ist eine Erg\u00e4nzung in Form eines trinkflaschengro\u00dfen Zusatzakkus. Wir zeigen dir am Beispiel vom <a href=\"https:\/\/www.diamantrad.com\/de-DE\/bikes\/suvea-e-suv-hardtail\/\" title=\"Suvea \u2013 E-SUV Hardtail\">Suvea<\/a>, wie du einen Bosch PowerMore am Bike installierst.<\/p>\n\n\n\n<figure class=\"wp-block-video\"><video height=\"1080\" style=\"aspect-ratio: 1920 \/ 1080;\" width=\"1920\" autoplay controls loop muted src=\"https:\/\/www.diamantrad.com\/wp-content\/uploads\/2026\/03\/16x9_Bosch-PowerMore-befestigen.mp4\" playsinline><\/video><\/figure>\n\n\n\n<ul class=\"wp-block-list\">\n<li>Gep\u00e4cktr\u00e4gerakkus<\/li>\n\n\n\n<li>Dual Battery (Eine Kombination von zwei Akkus)<\/li>\n<\/ul>\n\n\n\n<h3 class=\"wp-block-heading\">Welche Position ist bei E-Bike-Akkus die beste?<\/h3>\n\n\n\n<p class=\"wp-block-paragraph\">Die \u201cbeste\u201d Positionierung eines E-Bike-Akkus gibt es nicht. Die Position hat aber verschiedene Vorteile und Auswirkungen auf das Fahrverhalten.&nbsp;<\/p>\n\n\n\n<p class=\"wp-block-paragraph\">Ein E-Bike-Akku am Gep\u00e4cktr\u00e4ger ist optisch sehr unauff\u00e4llig. Ein weiterer Vorteil ist die einfache Entnahme bzw. Ausbau. Und er wird nicht so schnell dreckig wie ein Rahmenakku \u2013 immerhin ist er aufgrund seiner Position besser vor Spritzwasser gesch\u00fctzt. Allerdings verlagert sich der Schwerpunkt des Rads weiter nach hinten.&nbsp;<\/p>\n\n\n\n<p class=\"wp-block-paragraph\">Viele Rahmenakkus sitzen am Unterrohr (in dem Fall auch Unterrohrakku genannt). Das sorgt f\u00fcr eine stabile Position und nat\u00fcrliche Gewichtsverteilung. Intube-Akkus k\u00f6nnen aufgrund ihrer Bauweise Gewicht einsparen. Die Gewichtsverteilung und der tiefe Schwerpunkt klassischer Rahmenakkus sind hier ebenfalls Vorteile.<\/p>\n\n\n\n<h3 class=\"wp-block-heading\">Anleitung: E-Bike-Akku entnehmen<\/h3>\n\n\n\n<p class=\"wp-block-paragraph\">Zum Transportieren oder Reinigen deines E-Bikes ist es notwendig, den Fahrrad-Akku zu entnehmen bzw. auszubauen. Die Vorgehensweise unterscheidet sich leicht nach Modell, die groben Schritte sind aber immer gleich:&nbsp;<\/p>\n\n\n\n<ol class=\"wp-block-list\">\n<li>Falls vorhanden, Rahmenabdeckung \u00f6ffnen.<\/li>\n\n\n\n<li>Schloss mit dem Schl\u00fcssel aufschlie\u00dfen. Dadurch f\u00e4llt der Akku in die R\u00fcckhaltesicherung.<\/li>\n\n\n\n<li>Je nach Modell, Akku aus der oberen Halterung kippen und mit der Hand gut festhalten.<\/li>\n\n\n\n<li>Akku aus dem Rahmen ziehen&nbsp;<\/li>\n<\/ol>\n\n\n\n<p class=\"wp-block-paragraph\">Bei Gep\u00e4cktr\u00e4gerakkus ebenfalls das Schloss mit dem Schl\u00fcssel aufschlie\u00dfen. Akku aus der Halterung ziehen. Genauso einfach und intuitiv lassen sich Akkus in umgekehrter Reihenfolge auch wieder einsetzen. Sp\u00fcrbar und h\u00f6rbar rastet der Akku in seiner Halterung ein und sitzt damit fest im Rahmen oder am E-Bike.&nbsp;<\/p>\n\n\n\n<p class=\"wp-block-paragraph\">Alle PowerPacks sind mit einem ergonomischen Tragegriff ausgestattet, was das Handling sehr einfach macht. Die PowerTube fallen beim Aufschlie\u00dfen etwa 2 cm aus dem Rahmen heraus und k\u00f6nnen so besser gegriffen werden. Ein Sicherungsmechanismus verhindert das Herausfallen des Akkus.&nbsp;<\/p>\n\n<\/div>\r\n      <\/div>\r\n    <\/div>\r\n  <\/div>\r\n<\/div><\/div>","protected":false},"excerpt":{"rendered":"<p>Unser gro\u00dfes FAQ zum Thema Fahrrad-Akkus: Antworten zu Haltbarkeit, Reichweite, Pflege und mehr. Alles \u00fcber E-Bike-Akkus bei Diamant.<\/p>\n","protected":false},"author":8,"featured_media":55769,"parent":11766,"menu_order":0,"comment_status":"closed","ping_status":"closed","template":"","meta":{"_acf_changed":false,"_crdt_document":"","slim_seo":{"title":"E-Bike-Akku FAQ: Alles rund um Fahrrad-Akkus","description":"Unser gro\u00dfes FAQ zum Thema Fahrrad-Akkus: Antworten zu Haltbarkeit, Reichweite, Pflege und mehr. Alles \u00fcber E-Bike-Akkus bei Diamant."},"footnotes":""},"class_list":["post-24112","page","type-page","status-publish","has-post-thumbnail","hentry"],"acf":[],"_links":{"self":[{"href":"https:\/\/www.diamantrad.com\/de-DE\/wp-json\/wp\/v2\/pages\/24112","targetHints":{"allow":["GET"]}}],"collection":[{"href":"https:\/\/www.diamantrad.com\/de-DE\/wp-json\/wp\/v2\/pages"}],"about":[{"href":"https:\/\/www.diamantrad.com\/de-DE\/wp-json\/wp\/v2\/types\/page"}],"author":[{"embeddable":true,"href":"https:\/\/www.diamantrad.com\/de-DE\/wp-json\/wp\/v2\/users\/8"}],"replies":[{"embeddable":true,"href":"https:\/\/www.diamantrad.com\/de-DE\/wp-json\/wp\/v2\/comments?post=24112"}],"version-history":[{"count":6,"href":"https:\/\/www.diamantrad.com\/de-DE\/wp-json\/wp\/v2\/pages\/24112\/revisions"}],"predecessor-version":[{"id":74181,"href":"https:\/\/www.diamantrad.com\/de-DE\/wp-json\/wp\/v2\/pages\/24112\/revisions\/74181"}],"up":[{"embeddable":true,"href":"https:\/\/www.diamantrad.com\/de-DE\/wp-json\/wp\/v2\/pages\/11766"}],"wp:featuredmedia":[{"embeddable":true,"href":"https:\/\/www.diamantrad.com\/de-DE\/wp-json\/wp\/v2\/media\/55769"}],"wp:attachment":[{"href":"https:\/\/www.diamantrad.com\/de-DE\/wp-json\/wp\/v2\/media?parent=24112"}],"curies":[{"name":"wp","href":"https:\/\/api.w.org\/{rel}","templated":true}]}}