{"id":36724,"date":"2025-03-04T10:20:40","date_gmt":"2025-03-04T09:20:40","guid":{"rendered":"https:\/\/dev.diamantrad.com\/?page_id=36724"},"modified":"2025-03-04T11:30:49","modified_gmt":"2025-03-04T10:30:49","slug":"e-bike-ratgeber","status":"publish","type":"page","link":"https:\/\/www.diamantrad.com\/de-DE\/blog\/e-bike-ratgeber\/","title":{"rendered":"E-Bike-Ratgeber"},"content":{"rendered":"<div class=\"lazyblock-nncontainer-Z2bJS7k wp-block-lazyblock-nncontainer\"><div class=\"section-standard\">\r\n  <div class=\"container\" id=\"container-Z2bJS7k\">\r\n    <div class=\"row\">\r\n      <div class=\"col py-4 py-lg-5\">\r\n        <div class=\"lazyblock-inner-blocks\">\n                \r\n                <div class=\"blog-highlighted\">\r\n                    <div class=\"row g-5\">\r\n                        <div class=\"col-lg-6 mt-5\">\r\n                            <div class=\"entry-meta mb-4\">\r\n                                <div class=\"posted-on mb-2\">\r\n                                    <time datetime=\"2026-04-01T21:46:45+02:00\">1. Apr. 2026<\/time>\r\n                                <\/div>\r\n                                <div class=\"post-categories\">\r\n                                    <a role=\"button\" href=\"\/de-DE\/blog\/e-bike-ratgeber\/\">E-Bike Ratgeber<\/a>                                <\/div>\r\n                            <\/div>\r\n                            <h2><a href=\"https:\/\/www.diamantrad.com\/de-DE\/blog\/usb-charging-for-ebikes\/\">Warum vielleicht einmal alle E-Bikes mit USB-C laden, aber spezielle Ladeger\u00e4te heute die bessere Wahl sind<\/a><\/h2>\r\n                            <p class=\"mb-0\">Kannst du ein E-Bike mit USB-C aufladen? Verstehe die aktuellen technischen Herausforderungen & Grenzen gegen\u00fcber speziellen Ladeger\u00e4ten.<\/p>\r\n                        <\/div>\r\n                        <div class=\"col-lg-6 mt-4 mt-lg-5\">\r\n                            <a class=\"post-thumbnail\" href=\"https:\/\/www.diamantrad.com\/de-DE\/blog\/usb-charging-for-ebikes\/\" tabindex=\"-1\">\r\n                                <figure class=\"mb-0\"><img loading=\"lazy\" decoding=\"async\" width=\"992\" height=\"338\" src=\"https:\/\/www.diamantrad.com\/wp-content\/uploads\/2026\/04\/diamant-blog-usb-c-charging-hero-2-2-1024x349.avif\" class=\"img-fluid not-transparent wp-post-image\" alt=\"Warum vielleicht einmal alle E-Bikes mit USB-C laden, aber spezielle Ladeger\u00e4te heute die bessere Wahl sind\" srcset=\"https:\/\/www.diamantrad.com\/wp-content\/uploads\/2026\/04\/diamant-blog-usb-c-charging-hero-2-2-1024x349.avif 1024w, https:\/\/www.diamantrad.com\/wp-content\/uploads\/2026\/04\/diamant-blog-usb-c-charging-hero-2-2-300x102.avif 300w, https:\/\/www.diamantrad.com\/wp-content\/uploads\/2026\/04\/diamant-blog-usb-c-charging-hero-2-2-768x262.avif 768w, https:\/\/www.diamantrad.com\/wp-content\/uploads\/2026\/04\/diamant-blog-usb-c-charging-hero-2-2-1536x524.avif 1536w, https:\/\/www.diamantrad.com\/wp-content\/uploads\/2026\/04\/diamant-blog-usb-c-charging-hero-2-2.avif 1920w\" sizes=\"auto, (max-width: 992px) 100vw, 992px\" data-has-transparency=\"false\" data-dominant-color=\"897a83\" style=\"--dominant-color: #897a83;\" \/><\/figure>\r\n                            <\/a>\r\n                        <\/div>\r\n                    <\/div>\r\n                <\/div>\r\n\r\n                <hr \/>\r\n                <h3>Weitere Beitr\u00e4ge:<\/h3>\r\n                \r\n                <ul class=\"blog-filter mb-5\">\r\n                    <span>Filter<\/span>\r\n                    <li class=\"blog-filter-item blog-cat-all\">\r\n                        <a href=\"\/de-DE\/blog\/\">Alle<\/a>\r\n                    <\/li>\r\n                    <li class=\"blog-filter-item blog-cat-bike-ratgeber\"><a href=\"\/de-DE\/blog\/bike-ratgeber\/\">Bike Ratgeber<\/a><\/li><li class=\"blog-filter-item blog-cat-e-bike-ratgeber active\"><a href=\"\/de-DE\/blog\/e-bike-ratgeber\/\">E-Bike Ratgeber<\/a><\/li><li class=\"blog-filter-item blog-cat-geschichte\"><a href=\"\/de-DE\/blog\/geschichte\/\">Geschichte<\/a><\/li><li class=\"blog-filter-item blog-cat-koepfchen-spricht\"><a href=\"\/de-DE\/blog\/koepfchen-spricht\/\">K\u00f6pfchen spricht<\/a><\/li><li class=\"blog-filter-item blog-cat-news\"><a href=\"\/de-DE\/blog\/news\/\">News<\/a><\/li><li class=\"blog-filter-item blog-cat-s-pedelec\"><a href=\"\/de-DE\/blog\/s-pedelec\/\">S-Pedelec<\/a><\/li><li class=\"blog-filter-item blog-cat-stories\"><a href=\"\/de-DE\/blog\/stories\/\">Stories<\/a><\/li><li class=\"blog-filter-item blog-cat-tech\"><a href=\"\/de-DE\/blog\/tech\/\">Tech<\/a><\/li>                <\/ul>\r\n\r\n                    <ul class=\"blog-loop\">\r\n                            <li class=\"blog-loop-item mb-0\">\r\n                    <a class=\"post-thumbnail\" href=\"https:\/\/www.diamantrad.com\/de-DE\/blog\/bike-leasing-so-kannst-du-dein-bike-von-diamant-guenstig-finanzieren\/\" tabindex=\"-1\">\r\n                        <figure class=\"mb-3\"><img loading=\"lazy\" decoding=\"async\" width=\"992\" height=\"662\" src=\"https:\/\/www.diamantrad.com\/wp-content\/uploads\/2024\/02\/DI_25_Suvea_Lifestyle_67I9321_72dpi-1024x683.avif\" class=\"img-fluid not-transparent wp-post-image\" alt=\"Bike-Leasing in Deutschland 2026: So sicherst du dir dein Diamant-Rad (Vorteile &amp; Kosten)\" srcset=\"https:\/\/www.diamantrad.com\/wp-content\/uploads\/2024\/02\/DI_25_Suvea_Lifestyle_67I9321_72dpi-1024x683.avif 1024w, https:\/\/www.diamantrad.com\/wp-content\/uploads\/2024\/02\/DI_25_Suvea_Lifestyle_67I9321_72dpi-300x200.avif 300w, https:\/\/www.diamantrad.com\/wp-content\/uploads\/2024\/02\/DI_25_Suvea_Lifestyle_67I9321_72dpi-768x512.avif 768w, https:\/\/www.diamantrad.com\/wp-content\/uploads\/2024\/02\/DI_25_Suvea_Lifestyle_67I9321_72dpi-1536x1024.avif 1536w, https:\/\/www.diamantrad.com\/wp-content\/uploads\/2024\/02\/DI_25_Suvea_Lifestyle_67I9321_72dpi.avif 1620w\" sizes=\"auto, (max-width: 992px) 100vw, 992px\" data-has-transparency=\"false\" data-dominant-color=\"b67d80\" style=\"--dominant-color: #b67d80;\" \/><\/figure>\r\n                    <\/a>\r\n                    <div class=\"blog-loop-content\">\r\n                        <div class=\"entry-meta mb-3\">\r\n                            <div class=\"posted-on mb-2\">\r\n                                <time datetime=\"2026-01-29T12:08:27+01:00\">29. Jan. 2026<\/time>\r\n                            <\/div>\r\n                            <div class=\"post-categories\">\r\n                                <a role=\"button\" href=\"\/de-DE\/blog\/bike-ratgeber\/\">Bike Ratgeber<\/a><a role=\"button\" href=\"\/de-DE\/blog\/e-bike-ratgeber\/\">E-Bike Ratgeber<\/a>                            <\/div>\r\n                        <\/div>\r\n                        <h4><a href=\"https:\/\/www.diamantrad.com\/de-DE\/blog\/bike-leasing-so-kannst-du-dein-bike-von-diamant-guenstig-finanzieren\/\">Bike-Leasing in Deutschland 2026: So sicherst du dir dein Diamant-Rad (Vorteile &amp; Kosten)<\/a><\/h4>\r\n                    <\/div>\r\n                <\/li>\r\n                            <li class=\"blog-loop-item mb-0\">\r\n                    <a class=\"post-thumbnail\" href=\"https:\/\/www.diamantrad.com\/de-DE\/blog\/bosch-speed-pedelec\/\" tabindex=\"-1\">\r\n                        <figure class=\"mb-3\"><img loading=\"lazy\" decoding=\"async\" width=\"992\" height=\"662\" src=\"https:\/\/www.diamantrad.com\/wp-content\/uploads\/2026\/01\/DI_26_Suvea_Speed_Lifestyle_67I9620_72dpi-1024x683.avif\" class=\"img-fluid not-transparent wp-post-image\" alt=\"Mittelmotor statt Heckmotor: Was macht S-Pedelecs mit Bosch Performance Line Speed (2025) so gut?\" srcset=\"https:\/\/www.diamantrad.com\/wp-content\/uploads\/2026\/01\/DI_26_Suvea_Speed_Lifestyle_67I9620_72dpi-1024x683.avif 1024w, https:\/\/www.diamantrad.com\/wp-content\/uploads\/2026\/01\/DI_26_Suvea_Speed_Lifestyle_67I9620_72dpi-300x200.avif 300w, https:\/\/www.diamantrad.com\/wp-content\/uploads\/2026\/01\/DI_26_Suvea_Speed_Lifestyle_67I9620_72dpi-768x512.avif 768w, https:\/\/www.diamantrad.com\/wp-content\/uploads\/2026\/01\/DI_26_Suvea_Speed_Lifestyle_67I9620_72dpi-1536x1024.avif 1536w, https:\/\/www.diamantrad.com\/wp-content\/uploads\/2026\/01\/DI_26_Suvea_Speed_Lifestyle_67I9620_72dpi.avif 1701w\" sizes=\"auto, (max-width: 992px) 100vw, 992px\" data-has-transparency=\"false\" data-dominant-color=\"91837c\" style=\"--dominant-color: #91837c;\" \/><\/figure>\r\n                    <\/a>\r\n                    <div class=\"blog-loop-content\">\r\n                        <div class=\"entry-meta mb-3\">\r\n                            <div class=\"posted-on mb-2\">\r\n                                <time datetime=\"2026-01-08T15:56:00+01:00\">8. Jan. 2026<\/time>\r\n                            <\/div>\r\n                            <div class=\"post-categories\">\r\n                                <a role=\"button\" href=\"\/de-DE\/blog\/e-bike-ratgeber\/\">E-Bike Ratgeber<\/a>                            <\/div>\r\n                        <\/div>\r\n                        <h4><a href=\"https:\/\/www.diamantrad.com\/de-DE\/blog\/bosch-speed-pedelec\/\">Mittelmotor statt Heckmotor: Was macht S-Pedelecs mit Bosch Performance Line Speed (2025) so gut?<\/a><\/h4>\r\n                    <\/div>\r\n                <\/li>\r\n                            <li class=\"blog-loop-item mb-0\">\r\n                    <a class=\"post-thumbnail\" href=\"https:\/\/www.diamantrad.com\/de-DE\/blog\/speed-pedelec-rules\/\" tabindex=\"-1\">\r\n                        <figure class=\"mb-3\"><img loading=\"lazy\" decoding=\"async\" width=\"992\" height=\"605\" src=\"https:\/\/www.diamantrad.com\/wp-content\/uploads\/2026\/01\/DI_26_Suvea_Speed_Lifestyle_67I4959_72dpi-1024x625.avif\" class=\"img-fluid wp-post-image\" alt=\"Sicher und legal: Dein Guide f\u00fcr den S-Pedelec-Alltag in Deutschland\" srcset=\"https:\/\/www.diamantrad.com\/wp-content\/uploads\/2026\/01\/DI_26_Suvea_Speed_Lifestyle_67I4959_72dpi-1024x625.avif 1024w, https:\/\/www.diamantrad.com\/wp-content\/uploads\/2026\/01\/DI_26_Suvea_Speed_Lifestyle_67I4959_72dpi-300x183.avif 300w, https:\/\/www.diamantrad.com\/wp-content\/uploads\/2026\/01\/DI_26_Suvea_Speed_Lifestyle_67I4959_72dpi-768x469.avif 768w, https:\/\/www.diamantrad.com\/wp-content\/uploads\/2026\/01\/DI_26_Suvea_Speed_Lifestyle_67I4959_72dpi-1536x937.avif 1536w, https:\/\/www.diamantrad.com\/wp-content\/uploads\/2026\/01\/DI_26_Suvea_Speed_Lifestyle_67I4959_72dpi.avif 1701w\" sizes=\"auto, (max-width: 992px) 100vw, 992px\" \/><\/figure>\r\n                    <\/a>\r\n                    <div class=\"blog-loop-content\">\r\n                        <div class=\"entry-meta mb-3\">\r\n                            <div class=\"posted-on mb-2\">\r\n                                <time datetime=\"2026-01-08T12:24:53+01:00\">8. Jan. 2026<\/time>\r\n                            <\/div>\r\n                            <div class=\"post-categories\">\r\n                                <a role=\"button\" href=\"\/de-DE\/blog\/e-bike-ratgeber\/\">E-Bike Ratgeber<\/a>                            <\/div>\r\n                        <\/div>\r\n                        <h4><a href=\"https:\/\/www.diamantrad.com\/de-DE\/blog\/speed-pedelec-rules\/\">Sicher und legal: Dein Guide f\u00fcr den S-Pedelec-Alltag in Deutschland<\/a><\/h4>\r\n                    <\/div>\r\n                <\/li>\r\n                            <li class=\"blog-loop-item mb-0\">\r\n                    <a class=\"post-thumbnail\" href=\"https:\/\/www.diamantrad.com\/de-DE\/blog\/s-pedelec-registration-guide\/\" tabindex=\"-1\">\r\n                        <figure class=\"mb-3\"><img loading=\"lazy\" decoding=\"async\" width=\"992\" height=\"662\" src=\"https:\/\/www.diamantrad.com\/wp-content\/uploads\/2026\/01\/DI_26_Suvea_Speed_Lifestyle_67I3803_72dpi-1024x683.avif\" class=\"img-fluid not-transparent wp-post-image\" alt=\"Abk\u00fcrzung f\u00fcr den Arbeitsweg: Der ultimative Guide zur S-Pedelec-Zulassung in Deutschland\" srcset=\"https:\/\/www.diamantrad.com\/wp-content\/uploads\/2026\/01\/DI_26_Suvea_Speed_Lifestyle_67I3803_72dpi-1024x683.avif 1024w, https:\/\/www.diamantrad.com\/wp-content\/uploads\/2026\/01\/DI_26_Suvea_Speed_Lifestyle_67I3803_72dpi-300x200.avif 300w, https:\/\/www.diamantrad.com\/wp-content\/uploads\/2026\/01\/DI_26_Suvea_Speed_Lifestyle_67I3803_72dpi-768x512.avif 768w, https:\/\/www.diamantrad.com\/wp-content\/uploads\/2026\/01\/DI_26_Suvea_Speed_Lifestyle_67I3803_72dpi-1536x1024.avif 1536w, https:\/\/www.diamantrad.com\/wp-content\/uploads\/2026\/01\/DI_26_Suvea_Speed_Lifestyle_67I3803_72dpi.avif 1701w\" sizes=\"auto, (max-width: 992px) 100vw, 992px\" data-has-transparency=\"false\" data-dominant-color=\"697d80\" style=\"--dominant-color: #697d80;\" \/><\/figure>\r\n                    <\/a>\r\n                    <div class=\"blog-loop-content\">\r\n                        <div class=\"entry-meta mb-3\">\r\n                            <div class=\"posted-on mb-2\">\r\n                                <time datetime=\"2026-01-08T12:12:02+01:00\">8. Jan. 2026<\/time>\r\n                            <\/div>\r\n                            <div class=\"post-categories\">\r\n                                <a role=\"button\" href=\"\/de-DE\/blog\/e-bike-ratgeber\/\">E-Bike Ratgeber<\/a>                            <\/div>\r\n                        <\/div>\r\n                        <h4><a href=\"https:\/\/www.diamantrad.com\/de-DE\/blog\/s-pedelec-registration-guide\/\">Abk\u00fcrzung f\u00fcr den Arbeitsweg: Der ultimative Guide zur S-Pedelec-Zulassung in Deutschland<\/a><\/h4>\r\n                    <\/div>\r\n                <\/li>\r\n                            <li class=\"blog-loop-item mb-0\">\r\n                    <a class=\"post-thumbnail\" href=\"https:\/\/www.diamantrad.com\/de-DE\/blog\/e-bike-battery-winter-care\/\" tabindex=\"-1\">\r\n                        <figure class=\"mb-3\"><img loading=\"lazy\" decoding=\"async\" width=\"992\" height=\"662\" src=\"https:\/\/www.diamantrad.com\/wp-content\/uploads\/2023\/12\/DI_25_Suvea_Lifestyle_67I6917_300dpi-1024x683.avif\" class=\"img-fluid not-transparent wp-post-image\" alt=\"Winterpflege f\u00fcr E-Bike-Akkus: So beh\u00e4ltst du trotz K\u00e4lte optimale Leistung\" srcset=\"https:\/\/www.diamantrad.com\/wp-content\/uploads\/2023\/12\/DI_25_Suvea_Lifestyle_67I6917_300dpi-1024x683.avif 1024w, https:\/\/www.diamantrad.com\/wp-content\/uploads\/2023\/12\/DI_25_Suvea_Lifestyle_67I6917_300dpi-300x200.avif 300w, https:\/\/www.diamantrad.com\/wp-content\/uploads\/2023\/12\/DI_25_Suvea_Lifestyle_67I6917_300dpi-768x512.avif 768w, https:\/\/www.diamantrad.com\/wp-content\/uploads\/2023\/12\/DI_25_Suvea_Lifestyle_67I6917_300dpi-1536x1024.avif 1536w, https:\/\/www.diamantrad.com\/wp-content\/uploads\/2023\/12\/DI_25_Suvea_Lifestyle_67I6917_300dpi-2048x1365.avif 2048w\" sizes=\"auto, (max-width: 992px) 100vw, 992px\" data-has-transparency=\"false\" data-dominant-color=\"aa7b82\" style=\"--dominant-color: #aa7b82;\" \/><\/figure>\r\n                    <\/a>\r\n                    <div class=\"blog-loop-content\">\r\n                        <div class=\"entry-meta mb-3\">\r\n                            <div class=\"posted-on mb-2\">\r\n                                <time datetime=\"2024-12-14T10:46:19+01:00\">14. Dez. 2024<\/time>\r\n                            <\/div>\r\n                            <div class=\"post-categories\">\r\n                                <a role=\"button\" href=\"\/de-DE\/blog\/e-bike-ratgeber\/\">E-Bike Ratgeber<\/a>                            <\/div>\r\n                        <\/div>\r\n                        <h4><a href=\"https:\/\/www.diamantrad.com\/de-DE\/blog\/e-bike-battery-winter-care\/\">Winterpflege f\u00fcr E-Bike-Akkus: So beh\u00e4ltst du trotz K\u00e4lte optimale Leistung<\/a><\/h4>\r\n                    <\/div>\r\n                <\/li>\r\n                            <li class=\"blog-loop-item mb-0\">\r\n                    <a class=\"post-thumbnail\" href=\"https:\/\/www.diamantrad.com\/de-DE\/blog\/bikepacking-mit-kind-und-fahrradanhaenger-abenteuer-tipps-und-faq-fuer-eltern\/\" tabindex=\"-1\">\r\n                        <figure class=\"mb-3\"><img loading=\"lazy\" decoding=\"async\" width=\"992\" height=\"661\" src=\"https:\/\/www.diamantrad.com\/wp-content\/uploads\/2024\/11\/Blog_Bikepacking-Baby_Hero-png-1024x682.jpg\" class=\"img-fluid not-transparent wp-post-image\" alt=\"Bikepacking mit Kind und Fahrradanh\u00e4nger: Abenteuer, Tipps und FAQ f\u00fcr Eltern\" srcset=\"https:\/\/www.diamantrad.com\/wp-content\/uploads\/2024\/11\/Blog_Bikepacking-Baby_Hero-png-1024x682.jpg 1024w, https:\/\/www.diamantrad.com\/wp-content\/uploads\/2024\/11\/Blog_Bikepacking-Baby_Hero-png-300x200.jpg 300w, https:\/\/www.diamantrad.com\/wp-content\/uploads\/2024\/11\/Blog_Bikepacking-Baby_Hero-png-768x512.jpg 768w, https:\/\/www.diamantrad.com\/wp-content\/uploads\/2024\/11\/Blog_Bikepacking-Baby_Hero-png-1536x1024.jpg 1536w, https:\/\/www.diamantrad.com\/wp-content\/uploads\/2024\/11\/Blog_Bikepacking-Baby_Hero-png.avif 1772w\" sizes=\"auto, (max-width: 992px) 100vw, 992px\" data-has-transparency=\"false\" data-dominant-color=\"8a948f\" style=\"--dominant-color: #8a948f;\" \/><\/figure>\r\n                    <\/a>\r\n                    <div class=\"blog-loop-content\">\r\n                        <div class=\"entry-meta mb-3\">\r\n                            <div class=\"posted-on mb-2\">\r\n                                <time datetime=\"2024-12-05T09:22:29+01:00\">5. Dez. 2024<\/time>\r\n                            <\/div>\r\n                            <div class=\"post-categories\">\r\n                                <a role=\"button\" href=\"\/de-DE\/blog\/e-bike-ratgeber\/\">E-Bike Ratgeber<\/a><a role=\"button\" href=\"\/de-DE\/blog\/stories\/\">Stories<\/a>                            <\/div>\r\n                        <\/div>\r\n                        <h4><a href=\"https:\/\/www.diamantrad.com\/de-DE\/blog\/bikepacking-mit-kind-und-fahrradanhaenger-abenteuer-tipps-und-faq-fuer-eltern\/\">Bikepacking mit Kind und Fahrradanh\u00e4nger: Abenteuer, Tipps und FAQ f\u00fcr Eltern<\/a><\/h4>\r\n                    <\/div>\r\n                <\/li>\r\n                            <li class=\"blog-loop-item mb-0\">\r\n                    <a class=\"post-thumbnail\" href=\"https:\/\/www.diamantrad.com\/de-DE\/blog\/e-bike-revolution-aktueller-stand-potenzial-und-herausforderungen\/\" tabindex=\"-1\">\r\n                        <figure class=\"mb-3\"><img loading=\"lazy\" decoding=\"async\" width=\"992\" height=\"463\" src=\"https:\/\/www.diamantrad.com\/wp-content\/uploads\/2023\/05\/Blog_E-Bike-Revolution_Header-png-1024x478.jpg\" class=\"img-fluid not-transparent wp-post-image\" alt=\"(E-)Bike-Revolution: Aktueller Stand, Potenzial und Herausforderungen\" srcset=\"https:\/\/www.diamantrad.com\/wp-content\/uploads\/2023\/05\/Blog_E-Bike-Revolution_Header-png-1024x478.jpg 1024w, https:\/\/www.diamantrad.com\/wp-content\/uploads\/2023\/05\/Blog_E-Bike-Revolution_Header-png-300x140.jpg 300w, https:\/\/www.diamantrad.com\/wp-content\/uploads\/2023\/05\/Blog_E-Bike-Revolution_Header-png-768x358.jpg 768w, https:\/\/www.diamantrad.com\/wp-content\/uploads\/2023\/05\/Blog_E-Bike-Revolution_Header-png.avif 1500w\" sizes=\"auto, (max-width: 992px) 100vw, 992px\" data-has-transparency=\"false\" data-dominant-color=\"b8b9be\" style=\"--dominant-color: #b8b9be;\" \/><\/figure>\r\n                    <\/a>\r\n                    <div class=\"blog-loop-content\">\r\n                        <div class=\"entry-meta mb-3\">\r\n                            <div class=\"posted-on mb-2\">\r\n                                <time datetime=\"2023-05-26T09:04:50+02:00\">26. Mai 2023<\/time>\r\n                            <\/div>\r\n                            <div class=\"post-categories\">\r\n                                <a role=\"button\" href=\"\/de-DE\/blog\/e-bike-ratgeber\/\">E-Bike Ratgeber<\/a><a role=\"button\" href=\"\/de-DE\/blog\/news\/\">News<\/a>                            <\/div>\r\n                        <\/div>\r\n                        <h4><a href=\"https:\/\/www.diamantrad.com\/de-DE\/blog\/e-bike-revolution-aktueller-stand-potenzial-und-herausforderungen\/\">(E-)Bike-Revolution: Aktueller Stand, Potenzial und Herausforderungen<\/a><\/h4>\r\n                    <\/div>\r\n                <\/li>\r\n                            <li class=\"blog-loop-item mb-0\">\r\n                    <a class=\"post-thumbnail\" href=\"https:\/\/www.diamantrad.com\/de-DE\/blog\/bosch-smart-system\/\" tabindex=\"-1\">\r\n                        <figure class=\"mb-3\"><img loading=\"lazy\" decoding=\"async\" width=\"992\" height=\"440\" src=\"https:\/\/www.diamantrad.com\/wp-content\/uploads\/2022\/11\/Diamant_Zing_MID_72dpi_67I2714-2-1024x454.jpg\" class=\"img-fluid not-transparent wp-post-image\" alt=\"Bosch Smart System und die Flow App einfach erkl\u00e4rt: Funktionen, Vorteile und Updates\" srcset=\"https:\/\/www.diamantrad.com\/wp-content\/uploads\/2022\/11\/Diamant_Zing_MID_72dpi_67I2714-2-1024x454.jpg 1024w, https:\/\/www.diamantrad.com\/wp-content\/uploads\/2022\/11\/Diamant_Zing_MID_72dpi_67I2714-2-300x133.jpg 300w, https:\/\/www.diamantrad.com\/wp-content\/uploads\/2022\/11\/Diamant_Zing_MID_72dpi_67I2714-2-768x341.jpg 768w, https:\/\/www.diamantrad.com\/wp-content\/uploads\/2022\/11\/Diamant_Zing_MID_72dpi_67I2714-2-1536x681.jpg 1536w, https:\/\/www.diamantrad.com\/wp-content\/uploads\/2022\/11\/Diamant_Zing_MID_72dpi_67I2714-2.avif 1689w\" sizes=\"auto, (max-width: 992px) 100vw, 992px\" data-has-transparency=\"false\" data-dominant-color=\"9d7f80\" style=\"--dominant-color: #9d7f80;\" \/><\/figure>\r\n                    <\/a>\r\n                    <div class=\"blog-loop-content\">\r\n                        <div class=\"entry-meta mb-3\">\r\n                            <div class=\"posted-on mb-2\">\r\n                                <time datetime=\"2022-11-21T16:11:16+01:00\">21. Nov. 2022<\/time>\r\n                            <\/div>\r\n                            <div class=\"post-categories\">\r\n                                <a role=\"button\" href=\"\/de-DE\/blog\/e-bike-ratgeber\/\">E-Bike Ratgeber<\/a><a role=\"button\" href=\"\/de-DE\/blog\/tech\/\">Tech<\/a>                            <\/div>\r\n                        <\/div>\r\n                        <h4><a href=\"https:\/\/www.diamantrad.com\/de-DE\/blog\/bosch-smart-system\/\">Bosch Smart System und die Flow App einfach erkl\u00e4rt: Funktionen, Vorteile und Updates<\/a><\/h4>\r\n                    <\/div>\r\n                <\/li>\r\n                            <li class=\"blog-loop-item mb-0\">\r\n                    <a class=\"post-thumbnail\" href=\"https:\/\/www.diamantrad.com\/de-DE\/blog\/e-bike-battery-manufacturing-and-sustainability\/\" tabindex=\"-1\">\r\n                        <figure class=\"mb-3\"><img loading=\"lazy\" decoding=\"async\" width=\"992\" height=\"662\" src=\"https:\/\/www.diamantrad.com\/wp-content\/uploads\/2022\/11\/22DIA_Life_OpalTRA_300dpi_67I9619-1024x683.avif\" class=\"img-fluid not-transparent wp-post-image\" alt=\"E-Bike Akku Herstellung: Wie nachhaltig ist ein Fahrrad-Akku?\" srcset=\"https:\/\/www.diamantrad.com\/wp-content\/uploads\/2022\/11\/22DIA_Life_OpalTRA_300dpi_67I9619-1024x683.avif 1024w, https:\/\/www.diamantrad.com\/wp-content\/uploads\/2022\/11\/22DIA_Life_OpalTRA_300dpi_67I9619-300x200.avif 300w, https:\/\/www.diamantrad.com\/wp-content\/uploads\/2022\/11\/22DIA_Life_OpalTRA_300dpi_67I9619-768x512.avif 768w, https:\/\/www.diamantrad.com\/wp-content\/uploads\/2022\/11\/22DIA_Life_OpalTRA_300dpi_67I9619-1536x1024.avif 1536w, https:\/\/www.diamantrad.com\/wp-content\/uploads\/2022\/11\/22DIA_Life_OpalTRA_300dpi_67I9619-2048x1365.avif 2048w\" sizes=\"auto, (max-width: 992px) 100vw, 992px\" data-has-transparency=\"false\" data-dominant-color=\"8c7b80\" style=\"--dominant-color: #8c7b80;\" \/><\/figure>\r\n                    <\/a>\r\n                    <div class=\"blog-loop-content\">\r\n                        <div class=\"entry-meta mb-3\">\r\n                            <div class=\"posted-on mb-2\">\r\n                                <time datetime=\"2022-11-21T08:46:18+01:00\">21. Nov. 2022<\/time>\r\n                            <\/div>\r\n                            <div class=\"post-categories\">\r\n                                <a role=\"button\" href=\"\/de-DE\/blog\/e-bike-ratgeber\/\">E-Bike Ratgeber<\/a>                            <\/div>\r\n                        <\/div>\r\n                        <h4><a href=\"https:\/\/www.diamantrad.com\/de-DE\/blog\/e-bike-battery-manufacturing-and-sustainability\/\">E-Bike Akku Herstellung: Wie nachhaltig ist ein Fahrrad-Akku?<\/a><\/h4>\r\n                    <\/div>\r\n                <\/li>\r\n                    <\/ul>\r\n\r\n                    <div class=\"pagination justify-content-center mt-5\">\r\n                <span aria-current=\"page\" class=\"page-numbers current\">1<\/span>\n<a class=\"page-numbers\" href=\"https:\/\/www.diamantrad.com\/de-DE\/wp-json\/wp\/v2\/pages\/36724\/page\/2\/\">2<\/a>\n<a class=\"page-numbers\" href=\"https:\/\/www.diamantrad.com\/de-DE\/wp-json\/wp\/v2\/pages\/36724\/page\/3\/\">3<\/a>\n<span class=\"page-numbers dots\">&hellip;<\/span>\n<a class=\"page-numbers\" href=\"https:\/\/www.diamantrad.com\/de-DE\/wp-json\/wp\/v2\/pages\/36724\/page\/5\/\">5<\/a>\n<a class=\"next page-numbers\" href=\"https:\/\/www.diamantrad.com\/de-DE\/wp-json\/wp\/v2\/pages\/36724\/page\/2\/\"><svg width=\"20\" height=\"32\" viewBox=\"0 0 20 32\" fill=\"none\" class=\"pagination-next\" xmlns=\"http:\/\/www.w3.org\/2000\/svg\"><path d=\"M2.81787 3L15.833 16.0151L3.01507 28.8331\" stroke=\"#362F2D\" stroke-width=\"5\" stroke-linecap=\"round\"\/><\/svg><\/a>            <\/div>\r\n        \n\n<\/div>\r\n      <\/div>\r\n    <\/div>\r\n  <\/div>\r\n<\/div><\/div>","protected":false},"excerpt":{"rendered":"","protected":false},"author":10,"featured_media":0,"parent":11766,"menu_order":0,"comment_status":"closed","ping_status":"closed","template":"","meta":{"_acf_changed":false,"slim_seo":{"title":"E-Bike Akku Herstellung: Wie nachhaltig ist ein Fahrrad-Akku?","description":"Da wir bei fast all unseren E-Bikes auf E-Bike-Systeme von Bosch z\u00e4hlen, haben wir mit Armin Harttig, Leiter Vertrieb und Service bei Bosch eBike Systems gesprochen. Erfahre mehr."},"footnotes":""},"class_list":["post-36724","page","type-page","status-publish","hentry"],"acf":[],"_links":{"self":[{"href":"https:\/\/www.diamantrad.com\/de-DE\/wp-json\/wp\/v2\/pages\/36724","targetHints":{"allow":["GET"]}}],"collection":[{"href":"https:\/\/www.diamantrad.com\/de-DE\/wp-json\/wp\/v2\/pages"}],"about":[{"href":"https:\/\/www.diamantrad.com\/de-DE\/wp-json\/wp\/v2\/types\/page"}],"author":[{"embeddable":true,"href":"https:\/\/www.diamantrad.com\/de-DE\/wp-json\/wp\/v2\/users\/10"}],"replies":[{"embeddable":true,"href":"https:\/\/www.diamantrad.com\/de-DE\/wp-json\/wp\/v2\/comments?post=36724"}],"version-history":[{"count":0,"href":"https:\/\/www.diamantrad.com\/de-DE\/wp-json\/wp\/v2\/pages\/36724\/revisions"}],"up":[{"embeddable":true,"href":"https:\/\/www.diamantrad.com\/de-DE\/wp-json\/wp\/v2\/pages\/11766"}],"wp:attachment":[{"href":"https:\/\/www.diamantrad.com\/de-DE\/wp-json\/wp\/v2\/media?parent=36724"}],"curies":[{"name":"wp","href":"https:\/\/api.w.org\/{rel}","templated":true}]}}