{"id":37082,"date":"2025-03-04T17:19:52","date_gmt":"2025-03-04T16:19:52","guid":{"rendered":"https:\/\/dev.diamantrad.com\/?page_id=37082"},"modified":"2025-03-04T17:21:04","modified_gmt":"2025-03-04T16:21:04","slug":"bike-ratgeber","status":"publish","type":"page","link":"https:\/\/www.diamantrad.com\/de-DE\/blog\/bike-ratgeber\/","title":{"rendered":"Bike-Ratgeber"},"content":{"rendered":"<div class=\"lazyblock-nncontainer-Z2bJS7k wp-block-lazyblock-nncontainer\"><div class=\"section-standard\">\r\n  <div class=\"container\" id=\"container-Z2bJS7k\">\r\n    <div class=\"row\">\r\n      <div class=\"col py-4 py-lg-5\">\r\n        <div class=\"lazyblock-inner-blocks\">\n                \r\n                <div class=\"blog-highlighted\">\r\n                    <div class=\"row g-5\">\r\n                        <div class=\"col-lg-6 mt-5\">\r\n                            <div class=\"entry-meta mb-4\">\r\n                                <div class=\"posted-on mb-2\">\r\n                                    <time datetime=\"2026-01-29T12:08:27+01:00\">29. Jan. 2026<\/time>\r\n                                <\/div>\r\n                                <div class=\"post-categories\">\r\n                                    <a role=\"button\" href=\"\/de-DE\/blog\/bike-ratgeber\/\">Bike Ratgeber<\/a><a role=\"button\" href=\"\/de-DE\/blog\/e-bike-ratgeber\/\">E-Bike Ratgeber<\/a>                                <\/div>\r\n                            <\/div>\r\n                            <h2><a href=\"https:\/\/www.diamantrad.com\/de-DE\/blog\/bike-leasing-so-kannst-du-dein-bike-von-diamant-guenstig-finanzieren\/\">Bike-Leasing in Deutschland 2026: So sicherst du dir dein Diamant-Rad (Vorteile &amp; Kosten)<\/a><\/h2>\r\n                            <p class=\"mb-0\">Bike Leasing leicht gemacht! Erfahre in unserem Ratgeber alles \u00fcber die Vorteile und M\u00f6glichkeiten von Bike Leasing in Deutschland.<\/p>\r\n                        <\/div>\r\n                        <div class=\"col-lg-6 mt-4 mt-lg-5\">\r\n                            <a class=\"post-thumbnail\" href=\"https:\/\/www.diamantrad.com\/de-DE\/blog\/bike-leasing-so-kannst-du-dein-bike-von-diamant-guenstig-finanzieren\/\" tabindex=\"-1\">\r\n                                <figure class=\"mb-0\"><img loading=\"lazy\" decoding=\"async\" width=\"992\" height=\"662\" src=\"https:\/\/www.diamantrad.com\/wp-content\/uploads\/2024\/02\/DI_25_Suvea_Lifestyle_67I9321_72dpi-1024x683.avif\" class=\"img-fluid not-transparent wp-post-image\" alt=\"Bike-Leasing in Deutschland 2026: So sicherst du dir dein Diamant-Rad (Vorteile &amp; Kosten)\" srcset=\"https:\/\/www.diamantrad.com\/wp-content\/uploads\/2024\/02\/DI_25_Suvea_Lifestyle_67I9321_72dpi-1024x683.avif 1024w, https:\/\/www.diamantrad.com\/wp-content\/uploads\/2024\/02\/DI_25_Suvea_Lifestyle_67I9321_72dpi-300x200.avif 300w, https:\/\/www.diamantrad.com\/wp-content\/uploads\/2024\/02\/DI_25_Suvea_Lifestyle_67I9321_72dpi-768x512.avif 768w, https:\/\/www.diamantrad.com\/wp-content\/uploads\/2024\/02\/DI_25_Suvea_Lifestyle_67I9321_72dpi-1536x1024.avif 1536w, https:\/\/www.diamantrad.com\/wp-content\/uploads\/2024\/02\/DI_25_Suvea_Lifestyle_67I9321_72dpi.avif 1620w\" sizes=\"auto, (max-width: 992px) 100vw, 992px\" data-has-transparency=\"false\" data-dominant-color=\"b67d80\" style=\"--dominant-color: #b67d80;\" \/><\/figure>\r\n                            <\/a>\r\n                        <\/div>\r\n                    <\/div>\r\n                <\/div>\r\n\r\n                <hr \/>\r\n                <h3>Weitere Beitr\u00e4ge:<\/h3>\r\n                \r\n                <ul class=\"blog-filter mb-5\">\r\n                    <span>Filter<\/span>\r\n                    <li class=\"blog-filter-item blog-cat-all\">\r\n                        <a href=\"\/de-DE\/blog\/\">Alle<\/a>\r\n                    <\/li>\r\n                    <li class=\"blog-filter-item blog-cat-bike-ratgeber active\"><a href=\"\/de-DE\/blog\/bike-ratgeber\/\">Bike Ratgeber<\/a><\/li><li class=\"blog-filter-item blog-cat-e-bike-ratgeber\"><a href=\"\/de-DE\/blog\/e-bike-ratgeber\/\">E-Bike Ratgeber<\/a><\/li><li class=\"blog-filter-item blog-cat-geschichte\"><a href=\"\/de-DE\/blog\/geschichte\/\">Geschichte<\/a><\/li><li class=\"blog-filter-item blog-cat-koepfchen-spricht\"><a href=\"\/de-DE\/blog\/koepfchen-spricht\/\">K\u00f6pfchen spricht<\/a><\/li><li class=\"blog-filter-item blog-cat-news\"><a href=\"\/de-DE\/blog\/news\/\">News<\/a><\/li><li class=\"blog-filter-item blog-cat-s-pedelec\"><a href=\"\/de-DE\/blog\/s-pedelec\/\">S-Pedelec<\/a><\/li><li class=\"blog-filter-item blog-cat-stories\"><a href=\"\/de-DE\/blog\/stories\/\">Stories<\/a><\/li><li class=\"blog-filter-item blog-cat-tech\"><a href=\"\/de-DE\/blog\/tech\/\">Tech<\/a><\/li>                <\/ul>\r\n\r\n                    <ul class=\"blog-loop\">\r\n                            <li class=\"blog-loop-item mb-0\">\r\n                    <a class=\"post-thumbnail\" href=\"https:\/\/www.diamantrad.com\/de-DE\/blog\/fahrrad-land-exile-media-hub-erfahrungen\/\" tabindex=\"-1\">\r\n                        <figure class=\"mb-3\"><img loading=\"lazy\" decoding=\"async\" width=\"992\" height=\"653\" src=\"https:\/\/www.diamantrad.com\/wp-content\/uploads\/2025\/06\/Exile-Media-Hub-Blog-1024x674.avif\" class=\"img-fluid not-transparent wp-post-image\" alt=\"Mit dem Fahrrad auf dem Land: So erlebten vier Bewohner des Exile Media Hub die kalte Jahreszeit und den Fr\u00fchling\" srcset=\"https:\/\/www.diamantrad.com\/wp-content\/uploads\/2025\/06\/Exile-Media-Hub-Blog-1024x674.avif 1024w, https:\/\/www.diamantrad.com\/wp-content\/uploads\/2025\/06\/Exile-Media-Hub-Blog-300x197.avif 300w, https:\/\/www.diamantrad.com\/wp-content\/uploads\/2025\/06\/Exile-Media-Hub-Blog-768x505.avif 768w, https:\/\/www.diamantrad.com\/wp-content\/uploads\/2025\/06\/Exile-Media-Hub-Blog-1536x1011.avif 1536w, https:\/\/www.diamantrad.com\/wp-content\/uploads\/2025\/06\/Exile-Media-Hub-Blog-2048x1348.avif 2048w\" sizes=\"auto, (max-width: 992px) 100vw, 992px\" data-has-transparency=\"false\" data-dominant-color=\"567c82\" style=\"--dominant-color: #567c82;\" \/><\/figure>\r\n                    <\/a>\r\n                    <div class=\"blog-loop-content\">\r\n                        <div class=\"entry-meta mb-3\">\r\n                            <div class=\"posted-on mb-2\">\r\n                                <time datetime=\"2025-06-11T16:54:52+02:00\">11. Juni 2025<\/time>\r\n                            <\/div>\r\n                            <div class=\"post-categories\">\r\n                                <a role=\"button\" href=\"\/de-DE\/blog\/bike-ratgeber\/\">Bike Ratgeber<\/a>                            <\/div>\r\n                        <\/div>\r\n                        <h4><a href=\"https:\/\/www.diamantrad.com\/de-DE\/blog\/fahrrad-land-exile-media-hub-erfahrungen\/\">Mit dem Fahrrad auf dem Land: So erlebten vier Bewohner des Exile Media Hub die kalte Jahreszeit und den Fr\u00fchling<\/a><\/h4>\r\n                    <\/div>\r\n                <\/li>\r\n                            <li class=\"blog-loop-item mb-0\">\r\n                    <a class=\"post-thumbnail\" href=\"https:\/\/www.diamantrad.com\/de-DE\/blog\/fahrradfahren-foerdert-deinen-flow-zustand\/\" tabindex=\"-1\">\r\n                        <figure class=\"mb-3\"><img loading=\"lazy\" decoding=\"async\" width=\"992\" height=\"453\" src=\"https:\/\/www.diamantrad.com\/wp-content\/uploads\/2024\/10\/DI_23_Nhoma_SM_67I3325_72dpi_Lifestyle-1024x468.avif\" class=\"img-fluid not-transparent wp-post-image\" alt=\"Fahrradfahren f\u00f6rdert deinen Flow-Zustand\" srcset=\"https:\/\/www.diamantrad.com\/wp-content\/uploads\/2024\/10\/DI_23_Nhoma_SM_67I3325_72dpi_Lifestyle-1024x468.avif 1024w, https:\/\/www.diamantrad.com\/wp-content\/uploads\/2024\/10\/DI_23_Nhoma_SM_67I3325_72dpi_Lifestyle-300x137.avif 300w, https:\/\/www.diamantrad.com\/wp-content\/uploads\/2024\/10\/DI_23_Nhoma_SM_67I3325_72dpi_Lifestyle-768x351.avif 768w, https:\/\/www.diamantrad.com\/wp-content\/uploads\/2024\/10\/DI_23_Nhoma_SM_67I3325_72dpi_Lifestyle-1536x703.avif 1536w, https:\/\/www.diamantrad.com\/wp-content\/uploads\/2024\/10\/DI_23_Nhoma_SM_67I3325_72dpi_Lifestyle.avif 1701w\" sizes=\"auto, (max-width: 992px) 100vw, 992px\" data-has-transparency=\"false\" data-dominant-color=\"696d7d\" style=\"--dominant-color: #696d7d;\" \/><\/figure>\r\n                    <\/a>\r\n                    <div class=\"blog-loop-content\">\r\n                        <div class=\"entry-meta mb-3\">\r\n                            <div class=\"posted-on mb-2\">\r\n                                <time datetime=\"2024-10-09T14:38:54+02:00\">9. Okt. 2024<\/time>\r\n                            <\/div>\r\n                            <div class=\"post-categories\">\r\n                                <a role=\"button\" href=\"\/de-DE\/blog\/bike-ratgeber\/\">Bike Ratgeber<\/a>                            <\/div>\r\n                        <\/div>\r\n                        <h4><a href=\"https:\/\/www.diamantrad.com\/de-DE\/blog\/fahrradfahren-foerdert-deinen-flow-zustand\/\">Fahrradfahren f\u00f6rdert deinen Flow-Zustand<\/a><\/h4>\r\n                    <\/div>\r\n                <\/li>\r\n                            <li class=\"blog-loop-item mb-0\">\r\n                    <a class=\"post-thumbnail\" href=\"https:\/\/www.diamantrad.com\/de-DE\/blog\/nachhaltig-radfahren-umweltfreundliche-fahrradreparatur\/\" tabindex=\"-1\">\r\n                        <figure class=\"mb-3\"><img loading=\"lazy\" decoding=\"async\" width=\"992\" height=\"489\" src=\"https:\/\/www.diamantrad.com\/wp-content\/uploads\/2024\/04\/Blog-Umweltfreundliche-Fahrradreparatur-Header-cropped-png-1024x505.jpg\" class=\"img-fluid not-transparent wp-post-image\" alt=\"Nachhaltig Radfahren: Umweltfreundliche Fahrradreparatur\" srcset=\"https:\/\/www.diamantrad.com\/wp-content\/uploads\/2024\/04\/Blog-Umweltfreundliche-Fahrradreparatur-Header-cropped-png-1024x505.jpg 1024w, https:\/\/www.diamantrad.com\/wp-content\/uploads\/2024\/04\/Blog-Umweltfreundliche-Fahrradreparatur-Header-cropped-png-300x148.jpg 300w, https:\/\/www.diamantrad.com\/wp-content\/uploads\/2024\/04\/Blog-Umweltfreundliche-Fahrradreparatur-Header-cropped-png-768x379.jpg 768w, https:\/\/www.diamantrad.com\/wp-content\/uploads\/2024\/04\/Blog-Umweltfreundliche-Fahrradreparatur-Header-cropped-png.avif 1049w\" sizes=\"auto, (max-width: 992px) 100vw, 992px\" data-has-transparency=\"false\" data-dominant-color=\"837872\" style=\"--dominant-color: #837872;\" \/><\/figure>\r\n                    <\/a>\r\n                    <div class=\"blog-loop-content\">\r\n                        <div class=\"entry-meta mb-3\">\r\n                            <div class=\"posted-on mb-2\">\r\n                                <time datetime=\"2024-04-08T12:07:14+02:00\">8. Apr. 2024<\/time>\r\n                            <\/div>\r\n                            <div class=\"post-categories\">\r\n                                <a role=\"button\" href=\"\/de-DE\/blog\/bike-ratgeber\/\">Bike Ratgeber<\/a>                            <\/div>\r\n                        <\/div>\r\n                        <h4><a href=\"https:\/\/www.diamantrad.com\/de-DE\/blog\/nachhaltig-radfahren-umweltfreundliche-fahrradreparatur\/\">Nachhaltig Radfahren: Umweltfreundliche Fahrradreparatur<\/a><\/h4>\r\n                    <\/div>\r\n                <\/li>\r\n                            <li class=\"blog-loop-item mb-0\">\r\n                    <a class=\"post-thumbnail\" href=\"https:\/\/www.diamantrad.com\/de-DE\/blog\/musik-hoeren-beim-fahrradfahren\/\" tabindex=\"-1\">\r\n                        <figure class=\"mb-3\"><img loading=\"lazy\" decoding=\"async\" width=\"992\" height=\"463\" src=\"https:\/\/www.diamantrad.com\/wp-content\/uploads\/2024\/03\/Blog_Musik-Fahrradfahren_Header-jpg-1024x478.avif\" class=\"img-fluid not-transparent wp-post-image\" alt=\"Musik h\u00f6ren beim Fahrradfahren\" srcset=\"https:\/\/www.diamantrad.com\/wp-content\/uploads\/2024\/03\/Blog_Musik-Fahrradfahren_Header-jpg-1024x478.avif 1024w, https:\/\/www.diamantrad.com\/wp-content\/uploads\/2024\/03\/Blog_Musik-Fahrradfahren_Header-jpg-300x140.avif 300w, https:\/\/www.diamantrad.com\/wp-content\/uploads\/2024\/03\/Blog_Musik-Fahrradfahren_Header-jpg-768x358.avif 768w, https:\/\/www.diamantrad.com\/wp-content\/uploads\/2024\/03\/Blog_Musik-Fahrradfahren_Header-jpg.avif 1500w\" sizes=\"auto, (max-width: 992px) 100vw, 992px\" data-has-transparency=\"false\" data-dominant-color=\"8a7c7f\" style=\"--dominant-color: #8a7c7f;\" \/><\/figure>\r\n                    <\/a>\r\n                    <div class=\"blog-loop-content\">\r\n                        <div class=\"entry-meta mb-3\">\r\n                            <div class=\"posted-on mb-2\">\r\n                                <time datetime=\"2024-03-11T08:37:12+01:00\">11. M\u00e4rz 2024<\/time>\r\n                            <\/div>\r\n                            <div class=\"post-categories\">\r\n                                <a role=\"button\" href=\"\/de-DE\/blog\/bike-ratgeber\/\">Bike Ratgeber<\/a>                            <\/div>\r\n                        <\/div>\r\n                        <h4><a href=\"https:\/\/www.diamantrad.com\/de-DE\/blog\/musik-hoeren-beim-fahrradfahren\/\">Musik h\u00f6ren beim Fahrradfahren<\/a><\/h4>\r\n                    <\/div>\r\n                <\/li>\r\n                            <li class=\"blog-loop-item mb-0\">\r\n                    <a class=\"post-thumbnail\" href=\"https:\/\/www.diamantrad.com\/de-DE\/blog\/bikepacking-equipement\/\" tabindex=\"-1\">\r\n                        <figure class=\"mb-3\"><img loading=\"lazy\" decoding=\"async\" width=\"992\" height=\"398\" src=\"https:\/\/www.diamantrad.com\/wp-content\/uploads\/2022\/07\/22DIA_Life_VilligerHCH_67I5137Header-1-1024x411.jpg\" class=\"img-fluid not-transparent wp-post-image\" alt=\"Bikepacking: So packst du f\u00fcr deine n\u00e4chste Fahrradreise\" srcset=\"https:\/\/www.diamantrad.com\/wp-content\/uploads\/2022\/07\/22DIA_Life_VilligerHCH_67I5137Header-1-1024x411.jpg 1024w, https:\/\/www.diamantrad.com\/wp-content\/uploads\/2022\/07\/22DIA_Life_VilligerHCH_67I5137Header-1-2048x821.avif 2048w, https:\/\/www.diamantrad.com\/wp-content\/uploads\/2022\/07\/22DIA_Life_VilligerHCH_67I5137Header-1-300x120.jpg 300w, https:\/\/www.diamantrad.com\/wp-content\/uploads\/2022\/07\/22DIA_Life_VilligerHCH_67I5137Header-1-768x308.jpg 768w, https:\/\/www.diamantrad.com\/wp-content\/uploads\/2022\/07\/22DIA_Life_VilligerHCH_67I5137Header-1-1536x616.jpg 1536w\" sizes=\"auto, (max-width: 992px) 100vw, 992px\" data-has-transparency=\"false\" data-dominant-color=\"847181\" style=\"--dominant-color: #847181;\" \/><\/figure>\r\n                    <\/a>\r\n                    <div class=\"blog-loop-content\">\r\n                        <div class=\"entry-meta mb-3\">\r\n                            <div class=\"posted-on mb-2\">\r\n                                <time datetime=\"2022-07-28T09:49:44+02:00\">28. Juli 2022<\/time>\r\n                            <\/div>\r\n                            <div class=\"post-categories\">\r\n                                <a role=\"button\" href=\"\/de-DE\/blog\/bike-ratgeber\/\">Bike Ratgeber<\/a>                            <\/div>\r\n                        <\/div>\r\n                        <h4><a href=\"https:\/\/www.diamantrad.com\/de-DE\/blog\/bikepacking-equipement\/\">Bikepacking: So packst du f\u00fcr deine n\u00e4chste Fahrradreise<\/a><\/h4>\r\n                    <\/div>\r\n                <\/li>\r\n                            <li class=\"blog-loop-item mb-0\">\r\n                    <a class=\"post-thumbnail\" href=\"https:\/\/www.diamantrad.com\/de-DE\/blog\/so-planst-du-eine-radtour-warum-komoot-co-nur-die-halbe-miete-sind\/\" tabindex=\"-1\">\r\n                        <figure class=\"mb-3\"><img loading=\"lazy\" decoding=\"async\" width=\"992\" height=\"486\" src=\"https:\/\/www.diamantrad.com\/wp-content\/uploads\/2022\/07\/018_Diamant_Trekking_red-1024x502.jpg\" class=\"img-fluid not-transparent wp-post-image\" alt=\"So planst du eine Radtour: Warum Komoot &#038; Co nur die halbe Miete sind\" srcset=\"https:\/\/www.diamantrad.com\/wp-content\/uploads\/2022\/07\/018_Diamant_Trekking_red-1024x502.jpg 1024w, https:\/\/www.diamantrad.com\/wp-content\/uploads\/2022\/07\/018_Diamant_Trekking_red-300x147.jpg 300w, https:\/\/www.diamantrad.com\/wp-content\/uploads\/2022\/07\/018_Diamant_Trekking_red-768x376.jpg 768w, https:\/\/www.diamantrad.com\/wp-content\/uploads\/2022\/07\/018_Diamant_Trekking_red-1536x752.jpg 1536w, https:\/\/www.diamantrad.com\/wp-content\/uploads\/2022\/07\/018_Diamant_Trekking_red-2048x1003.jpg 2048w\" sizes=\"auto, (max-width: 992px) 100vw, 992px\" data-has-transparency=\"false\" data-dominant-color=\"947781\" style=\"--dominant-color: #947781;\" \/><\/figure>\r\n                    <\/a>\r\n                    <div class=\"blog-loop-content\">\r\n                        <div class=\"entry-meta mb-3\">\r\n                            <div class=\"posted-on mb-2\">\r\n                                <time datetime=\"2022-07-15T08:56:30+02:00\">15. Juli 2022<\/time>\r\n                            <\/div>\r\n                            <div class=\"post-categories\">\r\n                                <a role=\"button\" href=\"\/de-DE\/blog\/bike-ratgeber\/\">Bike Ratgeber<\/a><a role=\"button\" href=\"\/de-DE\/blog\/e-bike-ratgeber\/\">E-Bike Ratgeber<\/a>                            <\/div>\r\n                        <\/div>\r\n                        <h4><a href=\"https:\/\/www.diamantrad.com\/de-DE\/blog\/so-planst-du-eine-radtour-warum-komoot-co-nur-die-halbe-miete-sind\/\">So planst du eine Radtour: Warum Komoot &#038; Co nur die halbe Miete sind<\/a><\/h4>\r\n                    <\/div>\r\n                <\/li>\r\n                            <li class=\"blog-loop-item mb-0\">\r\n                    <a class=\"post-thumbnail\" href=\"https:\/\/www.diamantrad.com\/de-DE\/blog\/fahrradinspektion-checkliste\/\" tabindex=\"-1\">\r\n                        <figure class=\"mb-3\"><img loading=\"lazy\" decoding=\"async\" width=\"992\" height=\"320\" src=\"https:\/\/www.diamantrad.com\/wp-content\/uploads\/2022\/02\/fahrradinspektion-wartung-titelbild-diamantrad-blog-1024x330.jpg\" class=\"img-fluid not-transparent wp-post-image\" alt=\"Fahrradinspektion: Wartung mit Checkliste\" srcset=\"https:\/\/www.diamantrad.com\/wp-content\/uploads\/2022\/02\/fahrradinspektion-wartung-titelbild-diamantrad-blog-1024x330.jpg 1024w, https:\/\/www.diamantrad.com\/wp-content\/uploads\/2022\/02\/fahrradinspektion-wartung-titelbild-diamantrad-blog-300x97.jpg 300w, https:\/\/www.diamantrad.com\/wp-content\/uploads\/2022\/02\/fahrradinspektion-wartung-titelbild-diamantrad-blog-768x247.jpg 768w, https:\/\/www.diamantrad.com\/wp-content\/uploads\/2022\/02\/fahrradinspektion-wartung-titelbild-diamantrad-blog-1536x495.jpg 1536w, https:\/\/www.diamantrad.com\/wp-content\/uploads\/2022\/02\/fahrradinspektion-wartung-titelbild-diamantrad-blog.avif 1903w\" sizes=\"auto, (max-width: 992px) 100vw, 992px\" data-has-transparency=\"false\" data-dominant-color=\"507e7f\" style=\"--dominant-color: #507e7f;\" \/><\/figure>\r\n                    <\/a>\r\n                    <div class=\"blog-loop-content\">\r\n                        <div class=\"entry-meta mb-3\">\r\n                            <div class=\"posted-on mb-2\">\r\n                                <time datetime=\"2022-02-14T16:13:41+01:00\">14. Feb. 2022<\/time>\r\n                            <\/div>\r\n                            <div class=\"post-categories\">\r\n                                <a role=\"button\" href=\"\/de-DE\/blog\/bike-ratgeber\/\">Bike Ratgeber<\/a>                            <\/div>\r\n                        <\/div>\r\n                        <h4><a href=\"https:\/\/www.diamantrad.com\/de-DE\/blog\/fahrradinspektion-checkliste\/\">Fahrradinspektion: Wartung mit Checkliste<\/a><\/h4>\r\n                    <\/div>\r\n                <\/li>\r\n                            <li class=\"blog-loop-item mb-0\">\r\n                    <a class=\"post-thumbnail\" href=\"https:\/\/www.diamantrad.com\/de-DE\/blog\/yoga-guide-fuer-radfahrer\/\" tabindex=\"-1\">\r\n                        <figure class=\"mb-3\"><img loading=\"lazy\" decoding=\"async\" width=\"992\" height=\"470\" src=\"https:\/\/www.diamantrad.com\/wp-content\/uploads\/2022\/05\/marcelclementi_diamantonlineyogaworkshop_footernew-1024x485.png\" class=\"img-fluid has-transparency wp-post-image\" alt=\"Yoga-Guide f\u00fcr Radfahrer\" srcset=\"https:\/\/www.diamantrad.com\/wp-content\/uploads\/2022\/05\/marcelclementi_diamantonlineyogaworkshop_footernew-1024x485.png 1024w, https:\/\/www.diamantrad.com\/wp-content\/uploads\/2022\/05\/marcelclementi_diamantonlineyogaworkshop_footernew-300x142.png 300w, https:\/\/www.diamantrad.com\/wp-content\/uploads\/2022\/05\/marcelclementi_diamantonlineyogaworkshop_footernew-768x364.png 768w, https:\/\/www.diamantrad.com\/wp-content\/uploads\/2022\/05\/marcelclementi_diamantonlineyogaworkshop_footernew-1536x728.png 1536w, https:\/\/www.diamantrad.com\/wp-content\/uploads\/2022\/05\/marcelclementi_diamantonlineyogaworkshop_footernew-png.avif 1903w\" sizes=\"auto, (max-width: 992px) 100vw, 992px\" data-has-transparency=\"true\" data-dominant-color=\"9b9078\" style=\"--dominant-color: #9b9078;\" \/><\/figure>\r\n                    <\/a>\r\n                    <div class=\"blog-loop-content\">\r\n                        <div class=\"entry-meta mb-3\">\r\n                            <div class=\"posted-on mb-2\">\r\n                                <time datetime=\"2021-12-03T17:40:24+01:00\">3. Dez. 2021<\/time>\r\n                            <\/div>\r\n                            <div class=\"post-categories\">\r\n                                <a role=\"button\" href=\"\/de-DE\/blog\/bike-ratgeber\/\">Bike Ratgeber<\/a>                            <\/div>\r\n                        <\/div>\r\n                        <h4><a href=\"https:\/\/www.diamantrad.com\/de-DE\/blog\/yoga-guide-fuer-radfahrer\/\">Yoga-Guide f\u00fcr Radfahrer<\/a><\/h4>\r\n                    <\/div>\r\n                <\/li>\r\n                            <li class=\"blog-loop-item mb-0\">\r\n                    <a class=\"post-thumbnail\" href=\"https:\/\/www.diamantrad.com\/de-DE\/blog\/fahrrad-streusalz-schaeden\/\" tabindex=\"-1\">\r\n                        <figure class=\"mb-3\"><img loading=\"lazy\" decoding=\"async\" width=\"992\" height=\"661\" src=\"https:\/\/www.diamantrad.com\/wp-content\/uploads\/2021\/12\/Hero_Blog_Streusalz-Schaeden-Fahrrad-schuetzen-1024x682.avif\" class=\"img-fluid not-transparent wp-post-image\" alt=\"So sch\u00fctzt du dein Fahrrad vor Streusalz-Sch\u00e4den\" srcset=\"https:\/\/www.diamantrad.com\/wp-content\/uploads\/2021\/12\/Hero_Blog_Streusalz-Schaeden-Fahrrad-schuetzen-1024x682.avif 1024w, https:\/\/www.diamantrad.com\/wp-content\/uploads\/2021\/12\/Hero_Blog_Streusalz-Schaeden-Fahrrad-schuetzen-300x200.avif 300w, https:\/\/www.diamantrad.com\/wp-content\/uploads\/2021\/12\/Hero_Blog_Streusalz-Schaeden-Fahrrad-schuetzen-768x511.avif 768w, https:\/\/www.diamantrad.com\/wp-content\/uploads\/2021\/12\/Hero_Blog_Streusalz-Schaeden-Fahrrad-schuetzen-1536x1022.avif 1536w, https:\/\/www.diamantrad.com\/wp-content\/uploads\/2021\/12\/Hero_Blog_Streusalz-Schaeden-Fahrrad-schuetzen-2048x1363.avif 2048w\" sizes=\"auto, (max-width: 992px) 100vw, 992px\" data-has-transparency=\"false\" data-dominant-color=\"907b83\" style=\"--dominant-color: #907b83;\" \/><\/figure>\r\n                    <\/a>\r\n                    <div class=\"blog-loop-content\">\r\n                        <div class=\"entry-meta mb-3\">\r\n                            <div class=\"posted-on mb-2\">\r\n                                <time datetime=\"2021-12-01T17:01:54+01:00\">1. Dez. 2021<\/time>\r\n                            <\/div>\r\n                            <div class=\"post-categories\">\r\n                                <a role=\"button\" href=\"\/de-DE\/blog\/bike-ratgeber\/\">Bike Ratgeber<\/a><a role=\"button\" href=\"\/de-DE\/blog\/e-bike-ratgeber\/\">E-Bike Ratgeber<\/a>                            <\/div>\r\n                        <\/div>\r\n                        <h4><a href=\"https:\/\/www.diamantrad.com\/de-DE\/blog\/fahrrad-streusalz-schaeden\/\">So sch\u00fctzt du dein Fahrrad vor Streusalz-Sch\u00e4den<\/a><\/h4>\r\n                    <\/div>\r\n                <\/li>\r\n                    <\/ul>\r\n\r\n                    <div class=\"pagination justify-content-center mt-5\">\r\n                <span aria-current=\"page\" class=\"page-numbers current\">1<\/span>\n<a class=\"page-numbers\" href=\"https:\/\/www.diamantrad.com\/de-DE\/wp-json\/wp\/v2\/pages\/37082\/page\/2\/\">2<\/a>\n<a class=\"page-numbers\" href=\"https:\/\/www.diamantrad.com\/de-DE\/wp-json\/wp\/v2\/pages\/37082\/page\/3\/\">3<\/a>\n<a class=\"page-numbers\" href=\"https:\/\/www.diamantrad.com\/de-DE\/wp-json\/wp\/v2\/pages\/37082\/page\/4\/\">4<\/a>\n<a class=\"next page-numbers\" href=\"https:\/\/www.diamantrad.com\/de-DE\/wp-json\/wp\/v2\/pages\/37082\/page\/2\/\"><svg width=\"20\" height=\"32\" viewBox=\"0 0 20 32\" fill=\"none\" class=\"pagination-next\" xmlns=\"http:\/\/www.w3.org\/2000\/svg\"><path d=\"M2.81787 3L15.833 16.0151L3.01507 28.8331\" stroke=\"#362F2D\" stroke-width=\"5\" stroke-linecap=\"round\"\/><\/svg><\/a>            <\/div>\r\n        \n\n<\/div>\r\n      <\/div>\r\n    <\/div>\r\n  <\/div>\r\n<\/div><\/div>","protected":false},"excerpt":{"rendered":"","protected":false},"author":10,"featured_media":0,"parent":11766,"menu_order":0,"comment_status":"closed","ping_status":"closed","template":"","meta":{"_acf_changed":false,"slim_seo":{"title":"Fahrrad vor Streusalz-Sch\u00e4den sch\u00fctzen | Diamantrad-Blog","description":"Fahrradpflege im Winter: Wie kann ich mein Rad vor Streusalz-Sch\u00e4den sch\u00fctzen? Wir geben Tipps rund um Schnee, Salz & Co."},"footnotes":""},"class_list":["post-37082","page","type-page","status-publish","hentry"],"acf":[],"_links":{"self":[{"href":"https:\/\/www.diamantrad.com\/de-DE\/wp-json\/wp\/v2\/pages\/37082","targetHints":{"allow":["GET"]}}],"collection":[{"href":"https:\/\/www.diamantrad.com\/de-DE\/wp-json\/wp\/v2\/pages"}],"about":[{"href":"https:\/\/www.diamantrad.com\/de-DE\/wp-json\/wp\/v2\/types\/page"}],"author":[{"embeddable":true,"href":"https:\/\/www.diamantrad.com\/de-DE\/wp-json\/wp\/v2\/users\/10"}],"replies":[{"embeddable":true,"href":"https:\/\/www.diamantrad.com\/de-DE\/wp-json\/wp\/v2\/comments?post=37082"}],"version-history":[{"count":0,"href":"https:\/\/www.diamantrad.com\/de-DE\/wp-json\/wp\/v2\/pages\/37082\/revisions"}],"up":[{"embeddable":true,"href":"https:\/\/www.diamantrad.com\/de-DE\/wp-json\/wp\/v2\/pages\/11766"}],"wp:attachment":[{"href":"https:\/\/www.diamantrad.com\/de-DE\/wp-json\/wp\/v2\/media?parent=37082"}],"curies":[{"name":"wp","href":"https:\/\/api.w.org\/{rel}","templated":true}]}}