{"id":37097,"date":"2025-03-04T17:25:07","date_gmt":"2025-03-04T16:25:07","guid":{"rendered":"https:\/\/dev.diamantrad.com\/?page_id=37097"},"modified":"2025-03-04T17:25:07","modified_gmt":"2025-03-04T16:25:07","slug":"stories","status":"publish","type":"page","link":"https:\/\/www.diamantrad.com\/de-DE\/blog\/stories\/","title":{"rendered":"Stories"},"content":{"rendered":"<div class=\"lazyblock-nncontainer-Z2bJS7k wp-block-lazyblock-nncontainer\"><div class=\"section-standard\">\r\n  <div class=\"container\" id=\"container-Z2bJS7k\">\r\n    <div class=\"row\">\r\n      <div class=\"col py-4 py-lg-5\">\r\n        <div class=\"lazyblock-inner-blocks\">\n                \r\n                <div class=\"blog-highlighted\">\r\n                    <div class=\"row g-5\">\r\n                        <div class=\"col-lg-6 mt-5\">\r\n                            <div class=\"entry-meta mb-4\">\r\n                                <div class=\"posted-on mb-2\">\r\n                                    <time datetime=\"2024-12-05T09:22:29+01:00\">5. Dez. 2024<\/time>\r\n                                <\/div>\r\n                                <div class=\"post-categories\">\r\n                                    <a role=\"button\" href=\"\/de-DE\/blog\/e-bike-ratgeber\/\">E-Bike Ratgeber<\/a><a role=\"button\" href=\"\/de-DE\/blog\/stories\/\">Stories<\/a>                                <\/div>\r\n                            <\/div>\r\n                            <h2><a href=\"https:\/\/www.diamantrad.com\/de-DE\/blog\/bikepacking-mit-kind-und-fahrradanhaenger-abenteuer-tipps-und-faq-fuer-eltern\/\">Bikepacking mit Kind und Fahrradanh\u00e4nger: Abenteuer, Tipps und FAQ f\u00fcr Eltern<\/a><\/h2>\r\n                            <p class=\"mb-0\">Abenteuerlust und Elternschaft \u2013 passt das zusammen? F\u00fcr viele scheint das unm\u00f6glich, doch Bikepacking mit Kind und Fahrradanh\u00e4nger beweist das Gegenteil: Auch mit Baby sind gro\u00dfe Abenteuer machbar! Vom ersten Tritt in die Pedale bis zur Alpen\u00fcberquerung \u2013 Annie zeigt, wie es geht. Zusammen mit Ana und ihren Kindern hat sie sich auf einem E-Bike [&hellip;]<\/p>\r\n                        <\/div>\r\n                        <div class=\"col-lg-6 mt-4 mt-lg-5\">\r\n                            <a class=\"post-thumbnail\" href=\"https:\/\/www.diamantrad.com\/de-DE\/blog\/bikepacking-mit-kind-und-fahrradanhaenger-abenteuer-tipps-und-faq-fuer-eltern\/\" tabindex=\"-1\">\r\n                                <figure class=\"mb-0\"><img loading=\"lazy\" decoding=\"async\" width=\"992\" height=\"661\" src=\"https:\/\/www.diamantrad.com\/wp-content\/uploads\/2024\/11\/Blog_Bikepacking-Baby_Hero-png-1024x682.jpg\" class=\"img-fluid not-transparent wp-post-image\" alt=\"Bikepacking mit Kind und Fahrradanh\u00e4nger: Abenteuer, Tipps und FAQ f\u00fcr Eltern\" srcset=\"https:\/\/www.diamantrad.com\/wp-content\/uploads\/2024\/11\/Blog_Bikepacking-Baby_Hero-png-1024x682.jpg 1024w, https:\/\/www.diamantrad.com\/wp-content\/uploads\/2024\/11\/Blog_Bikepacking-Baby_Hero-png-300x200.jpg 300w, https:\/\/www.diamantrad.com\/wp-content\/uploads\/2024\/11\/Blog_Bikepacking-Baby_Hero-png-768x512.jpg 768w, https:\/\/www.diamantrad.com\/wp-content\/uploads\/2024\/11\/Blog_Bikepacking-Baby_Hero-png-1536x1024.jpg 1536w, https:\/\/www.diamantrad.com\/wp-content\/uploads\/2024\/11\/Blog_Bikepacking-Baby_Hero-png.avif 1772w\" sizes=\"auto, (max-width: 992px) 100vw, 992px\" data-has-transparency=\"false\" data-dominant-color=\"8a948f\" style=\"--dominant-color: #8a948f;\" \/><\/figure>\r\n                            <\/a>\r\n                        <\/div>\r\n                    <\/div>\r\n                <\/div>\r\n\r\n                <hr \/>\r\n                <h3>Weitere Beitr\u00e4ge:<\/h3>\r\n                \r\n                <ul class=\"blog-filter mb-5\">\r\n                    <span>Filter<\/span>\r\n                    <li class=\"blog-filter-item blog-cat-all\">\r\n                        <a href=\"\/de-DE\/blog\/\">Alle<\/a>\r\n                    <\/li>\r\n                    <li class=\"blog-filter-item blog-cat-bike-ratgeber\"><a href=\"\/de-DE\/blog\/bike-ratgeber\/\">Bike Ratgeber<\/a><\/li><li class=\"blog-filter-item blog-cat-e-bike-ratgeber\"><a href=\"\/de-DE\/blog\/e-bike-ratgeber\/\">E-Bike Ratgeber<\/a><\/li><li class=\"blog-filter-item blog-cat-geschichte\"><a href=\"\/de-DE\/blog\/geschichte\/\">Geschichte<\/a><\/li><li class=\"blog-filter-item blog-cat-koepfchen-spricht\"><a href=\"\/de-DE\/blog\/koepfchen-spricht\/\">K\u00f6pfchen spricht<\/a><\/li><li class=\"blog-filter-item blog-cat-news\"><a href=\"\/de-DE\/blog\/news\/\">News<\/a><\/li><li class=\"blog-filter-item blog-cat-s-pedelec\"><a href=\"\/de-DE\/blog\/s-pedelec\/\">S-Pedelec<\/a><\/li><li class=\"blog-filter-item blog-cat-stories active\"><a href=\"\/de-DE\/blog\/stories\/\">Stories<\/a><\/li><li class=\"blog-filter-item blog-cat-tech\"><a href=\"\/de-DE\/blog\/tech\/\">Tech<\/a><\/li>                <\/ul>\r\n\r\n                    <ul class=\"blog-loop\">\r\n                            <li class=\"blog-loop-item mb-0\">\r\n                    <a class=\"post-thumbnail\" href=\"https:\/\/www.diamantrad.com\/de-DE\/blog\/mobilitaet-auf-dem-land-10-diamant-bikes-fuer-das-exile-media-hub-brandenburg\/\" tabindex=\"-1\">\r\n                        <figure class=\"mb-3\"><img loading=\"lazy\" decoding=\"async\" width=\"992\" height=\"662\" src=\"https:\/\/www.diamantrad.com\/wp-content\/uploads\/2024\/11\/Hero_Exile-Media-Hub_Diamant-Achat-1024x683.avif\" class=\"img-fluid not-transparent wp-post-image\" alt=\"Mobilit\u00e4t auf dem Land: 10 Diamant Bikes f\u00fcr das Exile Media Hub Brandenburg\" srcset=\"https:\/\/www.diamantrad.com\/wp-content\/uploads\/2024\/11\/Hero_Exile-Media-Hub_Diamant-Achat-1024x683.avif 1024w, https:\/\/www.diamantrad.com\/wp-content\/uploads\/2024\/11\/Hero_Exile-Media-Hub_Diamant-Achat-300x200.avif 300w, https:\/\/www.diamantrad.com\/wp-content\/uploads\/2024\/11\/Hero_Exile-Media-Hub_Diamant-Achat-768x512.avif 768w, https:\/\/www.diamantrad.com\/wp-content\/uploads\/2024\/11\/Hero_Exile-Media-Hub_Diamant-Achat-1536x1024.avif 1536w, https:\/\/www.diamantrad.com\/wp-content\/uploads\/2024\/11\/Hero_Exile-Media-Hub_Diamant-Achat-2048x1365.avif 2048w\" sizes=\"auto, (max-width: 992px) 100vw, 992px\" data-has-transparency=\"false\" data-dominant-color=\"598080\" style=\"--dominant-color: #598080;\" \/><\/figure>\r\n                    <\/a>\r\n                    <div class=\"blog-loop-content\">\r\n                        <div class=\"entry-meta mb-3\">\r\n                            <div class=\"posted-on mb-2\">\r\n                                <time datetime=\"2024-11-14T15:08:17+01:00\">14. Nov. 2024<\/time>\r\n                            <\/div>\r\n                            <div class=\"post-categories\">\r\n                                <a role=\"button\" href=\"\/de-DE\/blog\/stories\/\">Stories<\/a>                            <\/div>\r\n                        <\/div>\r\n                        <h4><a href=\"https:\/\/www.diamantrad.com\/de-DE\/blog\/mobilitaet-auf-dem-land-10-diamant-bikes-fuer-das-exile-media-hub-brandenburg\/\">Mobilit\u00e4t auf dem Land: 10 Diamant Bikes f\u00fcr das Exile Media Hub Brandenburg<\/a><\/h4>\r\n                    <\/div>\r\n                <\/li>\r\n                            <li class=\"blog-loop-item mb-0\">\r\n                    <a class=\"post-thumbnail\" href=\"https:\/\/www.diamantrad.com\/de-DE\/blog\/dj-anna-reusch-und-diamant-erfolgreicher-abschluss-einer-kreativen-partnerschaft\/\" tabindex=\"-1\">\r\n                        <figure class=\"mb-3\"><img loading=\"lazy\" decoding=\"async\" width=\"992\" height=\"463\" src=\"https:\/\/www.diamantrad.com\/wp-content\/uploads\/2024\/09\/blog_abschluss_anna-reusch_header-png-1024x478.jpg\" class=\"img-fluid not-transparent wp-post-image\" alt=\"DJ Anna Reusch und Diamant: Ein gelungenes Zusammenspiel von Musik und Bewegung\" srcset=\"https:\/\/www.diamantrad.com\/wp-content\/uploads\/2024\/09\/blog_abschluss_anna-reusch_header-png-1024x478.jpg 1024w, https:\/\/www.diamantrad.com\/wp-content\/uploads\/2024\/09\/blog_abschluss_anna-reusch_header-png-300x140.jpg 300w, https:\/\/www.diamantrad.com\/wp-content\/uploads\/2024\/09\/blog_abschluss_anna-reusch_header-png-768x358.jpg 768w, https:\/\/www.diamantrad.com\/wp-content\/uploads\/2024\/09\/blog_abschluss_anna-reusch_header-png.avif 1500w\" sizes=\"auto, (max-width: 992px) 100vw, 992px\" data-has-transparency=\"false\" data-dominant-color=\"635149\" style=\"--dominant-color: #635149;\" \/><\/figure>\r\n                    <\/a>\r\n                    <div class=\"blog-loop-content\">\r\n                        <div class=\"entry-meta mb-3\">\r\n                            <div class=\"posted-on mb-2\">\r\n                                <time datetime=\"2024-09-12T12:10:36+02:00\">12. Sep. 2024<\/time>\r\n                            <\/div>\r\n                            <div class=\"post-categories\">\r\n                                <a role=\"button\" href=\"\/de-DE\/blog\/stories\/\">Stories<\/a>                            <\/div>\r\n                        <\/div>\r\n                        <h4><a href=\"https:\/\/www.diamantrad.com\/de-DE\/blog\/dj-anna-reusch-und-diamant-erfolgreicher-abschluss-einer-kreativen-partnerschaft\/\">DJ Anna Reusch und Diamant: Ein gelungenes Zusammenspiel von Musik und Bewegung<\/a><\/h4>\r\n                    <\/div>\r\n                <\/li>\r\n                            <li class=\"blog-loop-item mb-0\">\r\n                    <a class=\"post-thumbnail\" href=\"https:\/\/www.diamantrad.com\/de-DE\/blog\/notizenvonunterwegs-satteln-um-eine-fahrradreise-ohne-kompass-aber-mit-viel-herz\/\" tabindex=\"-1\">\r\n                        <figure class=\"mb-3\"><img loading=\"lazy\" decoding=\"async\" width=\"992\" height=\"558\" src=\"https:\/\/www.diamantrad.com\/wp-content\/uploads\/2024\/08\/3-1024x576.avif\" class=\"img-fluid not-transparent wp-post-image\" alt=\"Notizenvonunterwegs satteln um: Eine Fahrradreise ohne Kompass, aber mit viel Herz\" srcset=\"https:\/\/www.diamantrad.com\/wp-content\/uploads\/2024\/08\/3-1024x576.avif 1024w, https:\/\/www.diamantrad.com\/wp-content\/uploads\/2024\/08\/3-300x169.avif 300w, https:\/\/www.diamantrad.com\/wp-content\/uploads\/2024\/08\/3-768x432.avif 768w, https:\/\/www.diamantrad.com\/wp-content\/uploads\/2024\/08\/3-1536x864.avif 1536w, https:\/\/www.diamantrad.com\/wp-content\/uploads\/2024\/08\/3-2048x1152.avif 2048w\" sizes=\"auto, (max-width: 992px) 100vw, 992px\" data-has-transparency=\"false\" data-dominant-color=\"79757c\" style=\"--dominant-color: #79757c;\" \/><\/figure>\r\n                    <\/a>\r\n                    <div class=\"blog-loop-content\">\r\n                        <div class=\"entry-meta mb-3\">\r\n                            <div class=\"posted-on mb-2\">\r\n                                <time datetime=\"2024-08-19T10:27:06+02:00\">19. Aug. 2024<\/time>\r\n                            <\/div>\r\n                            <div class=\"post-categories\">\r\n                                <a role=\"button\" href=\"\/de-DE\/blog\/stories\/\">Stories<\/a>                            <\/div>\r\n                        <\/div>\r\n                        <h4><a href=\"https:\/\/www.diamantrad.com\/de-DE\/blog\/notizenvonunterwegs-satteln-um-eine-fahrradreise-ohne-kompass-aber-mit-viel-herz\/\">Notizenvonunterwegs satteln um: Eine Fahrradreise ohne Kompass, aber mit viel Herz<\/a><\/h4>\r\n                    <\/div>\r\n                <\/li>\r\n                            <li class=\"blog-loop-item mb-0\">\r\n                    <a class=\"post-thumbnail\" href=\"https:\/\/www.diamantrad.com\/de-DE\/blog\/koepfchen-spricht-diamantrad-podcast-nr-10\/\" tabindex=\"-1\">\r\n                        <figure class=\"mb-3\"><img loading=\"lazy\" decoding=\"async\" width=\"992\" height=\"320\" src=\"https:\/\/www.diamantrad.com\/wp-content\/uploads\/2022\/09\/Podcast-Asset-Header-Blog-2-png-1024x330.jpg\" class=\"img-fluid not-transparent wp-post-image\" alt=\"K\u00f6pfchen spricht &#8211; Diamantrad Podcast Nr. 10\" srcset=\"https:\/\/www.diamantrad.com\/wp-content\/uploads\/2022\/09\/Podcast-Asset-Header-Blog-2-png-1024x330.jpg 1024w, https:\/\/www.diamantrad.com\/wp-content\/uploads\/2022\/09\/Podcast-Asset-Header-Blog-2-png-300x97.jpg 300w, https:\/\/www.diamantrad.com\/wp-content\/uploads\/2022\/09\/Podcast-Asset-Header-Blog-2-png-768x247.jpg 768w, https:\/\/www.diamantrad.com\/wp-content\/uploads\/2022\/09\/Podcast-Asset-Header-Blog-2-png-1536x494.jpg 1536w, https:\/\/www.diamantrad.com\/wp-content\/uploads\/2022\/09\/Podcast-Asset-Header-Blog-2-png.avif 1905w\" sizes=\"auto, (max-width: 992px) 100vw, 992px\" data-has-transparency=\"false\" data-dominant-color=\"171715\" style=\"--dominant-color: #171715;\" \/><\/figure>\r\n                    <\/a>\r\n                    <div class=\"blog-loop-content\">\r\n                        <div class=\"entry-meta mb-3\">\r\n                            <div class=\"posted-on mb-2\">\r\n                                <time datetime=\"2024-05-08T12:00:46+02:00\">8. Mai 2024<\/time>\r\n                            <\/div>\r\n                            <div class=\"post-categories\">\r\n                                <a role=\"button\" href=\"\/de-DE\/blog\/koepfchen-spricht\/\">K\u00f6pfchen spricht<\/a><a role=\"button\" href=\"\/de-DE\/blog\/stories\/\">Stories<\/a>                            <\/div>\r\n                        <\/div>\r\n                        <h4><a href=\"https:\/\/www.diamantrad.com\/de-DE\/blog\/koepfchen-spricht-diamantrad-podcast-nr-10\/\">K\u00f6pfchen spricht &#8211; Diamantrad Podcast Nr. 10<\/a><\/h4>\r\n                    <\/div>\r\n                <\/li>\r\n                            <li class=\"blog-loop-item mb-0\">\r\n                    <a class=\"post-thumbnail\" href=\"https:\/\/www.diamantrad.com\/de-DE\/blog\/auf-dem-fahrrad-durch-europa-tipps-und-top-routen-von-markus-hengler-fuer-ein-unvergessliches-fahrradabenteuer\/\" tabindex=\"-1\">\r\n                        <figure class=\"mb-3\"><img loading=\"lazy\" decoding=\"async\" width=\"992\" height=\"494\" src=\"https:\/\/www.diamantrad.com\/wp-content\/uploads\/2024\/01\/Blog-Markus-Hengler-mit-dem-Villiger-durch-Europa-Hero3-1024x510.jpg\" class=\"img-fluid not-transparent wp-post-image\" alt=\"Auf dem Fahrrad durch Europa: Tipps und Top-Routen von Markus Hengler f\u00fcr ein unvergessliches Fahrradabenteuer\" srcset=\"https:\/\/www.diamantrad.com\/wp-content\/uploads\/2024\/01\/Blog-Markus-Hengler-mit-dem-Villiger-durch-Europa-Hero3-1024x510.jpg 1024w, https:\/\/www.diamantrad.com\/wp-content\/uploads\/2024\/01\/Blog-Markus-Hengler-mit-dem-Villiger-durch-Europa-Hero3-300x149.jpg 300w, https:\/\/www.diamantrad.com\/wp-content\/uploads\/2024\/01\/Blog-Markus-Hengler-mit-dem-Villiger-durch-Europa-Hero3-768x382.jpg 768w, https:\/\/www.diamantrad.com\/wp-content\/uploads\/2024\/01\/Blog-Markus-Hengler-mit-dem-Villiger-durch-Europa-Hero3.avif 1406w\" sizes=\"auto, (max-width: 992px) 100vw, 992px\" data-has-transparency=\"false\" data-dominant-color=\"7c7e7b\" style=\"--dominant-color: #7c7e7b;\" \/><\/figure>\r\n                    <\/a>\r\n                    <div class=\"blog-loop-content\">\r\n                        <div class=\"entry-meta mb-3\">\r\n                            <div class=\"posted-on mb-2\">\r\n                                <time datetime=\"2024-01-29T08:52:37+01:00\">29. Jan. 2024<\/time>\r\n                            <\/div>\r\n                            <div class=\"post-categories\">\r\n                                <a role=\"button\" href=\"\/de-DE\/blog\/stories\/\">Stories<\/a>                            <\/div>\r\n                        <\/div>\r\n                        <h4><a href=\"https:\/\/www.diamantrad.com\/de-DE\/blog\/auf-dem-fahrrad-durch-europa-tipps-und-top-routen-von-markus-hengler-fuer-ein-unvergessliches-fahrradabenteuer\/\">Auf dem Fahrrad durch Europa: Tipps und Top-Routen von Markus Hengler f\u00fcr ein unvergessliches Fahrradabenteuer<\/a><\/h4>\r\n                    <\/div>\r\n                <\/li>\r\n                            <li class=\"blog-loop-item mb-0\">\r\n                    <a class=\"post-thumbnail\" href=\"https:\/\/www.diamantrad.com\/de-DE\/blog\/diamant-139-der-takt-der-blauen-stunde\/\" tabindex=\"-1\">\r\n                        <figure class=\"mb-3\"><img loading=\"lazy\" decoding=\"async\" width=\"992\" height=\"463\" src=\"https:\/\/www.diamantrad.com\/wp-content\/uploads\/2023\/12\/Lp-diamant-139-anna-reusch-hero-png-1024x478.jpg\" class=\"img-fluid not-transparent wp-post-image\" alt=\"Diamant 139 &#8211; Der Takt der blauen Stunde\" srcset=\"https:\/\/www.diamantrad.com\/wp-content\/uploads\/2023\/12\/Lp-diamant-139-anna-reusch-hero-png-1024x478.jpg 1024w, https:\/\/www.diamantrad.com\/wp-content\/uploads\/2023\/12\/Lp-diamant-139-anna-reusch-hero-png-300x140.jpg 300w, https:\/\/www.diamantrad.com\/wp-content\/uploads\/2023\/12\/Lp-diamant-139-anna-reusch-hero-png-768x358.jpg 768w, https:\/\/www.diamantrad.com\/wp-content\/uploads\/2023\/12\/Lp-diamant-139-anna-reusch-hero-png.avif 1500w\" sizes=\"auto, (max-width: 992px) 100vw, 992px\" data-has-transparency=\"false\" data-dominant-color=\"676966\" style=\"--dominant-color: #676966;\" \/><\/figure>\r\n                    <\/a>\r\n                    <div class=\"blog-loop-content\">\r\n                        <div class=\"entry-meta mb-3\">\r\n                            <div class=\"posted-on mb-2\">\r\n                                <time datetime=\"2024-01-11T15:33:30+01:00\">11. Jan. 2024<\/time>\r\n                            <\/div>\r\n                            <div class=\"post-categories\">\r\n                                <a role=\"button\" href=\"\/de-DE\/blog\/stories\/\">Stories<\/a>                            <\/div>\r\n                        <\/div>\r\n                        <h4><a href=\"https:\/\/www.diamantrad.com\/de-DE\/blog\/diamant-139-der-takt-der-blauen-stunde\/\">Diamant 139 &#8211; Der Takt der blauen Stunde<\/a><\/h4>\r\n                    <\/div>\r\n                <\/li>\r\n                            <li class=\"blog-loop-item mb-0\">\r\n                    <a class=\"post-thumbnail\" href=\"https:\/\/www.diamantrad.com\/de-DE\/blog\/gute-laune-techno-vom-ponyhof-so-gibt-anna-reusch-diamant-den-takt-vor\/\" tabindex=\"-1\">\r\n                        <figure class=\"mb-3\"><img loading=\"lazy\" decoding=\"async\" width=\"992\" height=\"463\" src=\"https:\/\/www.diamantrad.com\/wp-content\/uploads\/2023\/12\/Blog-anna-reusch-hero-1-png-1024x478.jpg\" class=\"img-fluid not-transparent wp-post-image\" alt=\"Gute-Laune-Techno vom Ponyhof: So gibt Anna Reusch Diamant den Takt vor\" srcset=\"https:\/\/www.diamantrad.com\/wp-content\/uploads\/2023\/12\/Blog-anna-reusch-hero-1-png-1024x478.jpg 1024w, https:\/\/www.diamantrad.com\/wp-content\/uploads\/2023\/12\/Blog-anna-reusch-hero-1-png-300x140.jpg 300w, https:\/\/www.diamantrad.com\/wp-content\/uploads\/2023\/12\/Blog-anna-reusch-hero-1-png-768x358.jpg 768w, https:\/\/www.diamantrad.com\/wp-content\/uploads\/2023\/12\/Blog-anna-reusch-hero-1-png.avif 1500w\" sizes=\"auto, (max-width: 992px) 100vw, 992px\" data-has-transparency=\"false\" data-dominant-color=\"6c706d\" style=\"--dominant-color: #6c706d;\" \/><\/figure>\r\n                    <\/a>\r\n                    <div class=\"blog-loop-content\">\r\n                        <div class=\"entry-meta mb-3\">\r\n                            <div class=\"posted-on mb-2\">\r\n                                <time datetime=\"2024-01-11T15:30:24+01:00\">11. Jan. 2024<\/time>\r\n                            <\/div>\r\n                            <div class=\"post-categories\">\r\n                                <a role=\"button\" href=\"\/de-DE\/blog\/stories\/\">Stories<\/a>                            <\/div>\r\n                        <\/div>\r\n                        <h4><a href=\"https:\/\/www.diamantrad.com\/de-DE\/blog\/gute-laune-techno-vom-ponyhof-so-gibt-anna-reusch-diamant-den-takt-vor\/\">Gute-Laune-Techno vom Ponyhof: So gibt Anna Reusch Diamant den Takt vor<\/a><\/h4>\r\n                    <\/div>\r\n                <\/li>\r\n                            <li class=\"blog-loop-item mb-0\">\r\n                    <a class=\"post-thumbnail\" href=\"https:\/\/www.diamantrad.com\/de-DE\/blog\/life-after-schrott-marion-meissner-ueber-ihre-herausforderungen-mit-dem-mobilen-wandel\/\" tabindex=\"-1\">\r\n                        <figure class=\"mb-3\"><img loading=\"lazy\" decoding=\"async\" width=\"950\" height=\"515\" src=\"https:\/\/www.diamantrad.com\/wp-content\/uploads\/2023\/08\/Startseite_Bllog_Life-after-Schrott-Anja-png.avif\" class=\"img-fluid not-transparent wp-post-image\" alt=\"Life after Schrott: Marion Mei\u00dfner \u00fcber ihre Herausforderungen mit dem mobilen Wandel\" srcset=\"https:\/\/www.diamantrad.com\/wp-content\/uploads\/2023\/08\/Startseite_Bllog_Life-after-Schrott-Anja-png.avif 950w, https:\/\/www.diamantrad.com\/wp-content\/uploads\/2023\/08\/Startseite_Bllog_Life-after-Schrott-Anja-png-300x163.jpg 300w, https:\/\/www.diamantrad.com\/wp-content\/uploads\/2023\/08\/Startseite_Bllog_Life-after-Schrott-Anja-png-768x416.jpg 768w\" sizes=\"auto, (max-width: 950px) 100vw, 950px\" data-has-transparency=\"false\" data-dominant-color=\"36130f\" style=\"--dominant-color: #36130f;\" \/><\/figure>\r\n                    <\/a>\r\n                    <div class=\"blog-loop-content\">\r\n                        <div class=\"entry-meta mb-3\">\r\n                            <div class=\"posted-on mb-2\">\r\n                                <time datetime=\"2023-10-30T15:13:16+01:00\">30. Okt. 2023<\/time>\r\n                            <\/div>\r\n                            <div class=\"post-categories\">\r\n                                <a role=\"button\" href=\"\/de-DE\/blog\/stories\/\">Stories<\/a>                            <\/div>\r\n                        <\/div>\r\n                        <h4><a href=\"https:\/\/www.diamantrad.com\/de-DE\/blog\/life-after-schrott-marion-meissner-ueber-ihre-herausforderungen-mit-dem-mobilen-wandel\/\">Life after Schrott: Marion Mei\u00dfner \u00fcber ihre Herausforderungen mit dem mobilen Wandel<\/a><\/h4>\r\n                    <\/div>\r\n                <\/li>\r\n                            <li class=\"blog-loop-item mb-0\">\r\n                    <a class=\"post-thumbnail\" href=\"https:\/\/www.diamantrad.com\/de-DE\/blog\/life-after-schrott-bjoern-boeink-auf-dem-weg-zu-einer-neuen-normalitaet\/\" tabindex=\"-1\">\r\n                        <figure class=\"mb-3\"><img loading=\"lazy\" decoding=\"async\" width=\"992\" height=\"320\" src=\"https:\/\/www.diamantrad.com\/wp-content\/uploads\/2022\/06\/220325-Blog-Header-Bild-V5-1024x330.jpg\" class=\"img-fluid not-transparent wp-post-image\" alt=\"Life after Schrott: Bj\u00f6rn B\u00f6ink auf dem Weg zu einer neuen Normalit\u00e4t\" srcset=\"https:\/\/www.diamantrad.com\/wp-content\/uploads\/2022\/06\/220325-Blog-Header-Bild-V5-1024x330.jpg 1024w, https:\/\/www.diamantrad.com\/wp-content\/uploads\/2022\/06\/220325-Blog-Header-Bild-V5-300x97.jpg 300w, https:\/\/www.diamantrad.com\/wp-content\/uploads\/2022\/06\/220325-Blog-Header-Bild-V5-768x247.jpg 768w, https:\/\/www.diamantrad.com\/wp-content\/uploads\/2022\/06\/220325-Blog-Header-Bild-V5.avif 1500w\" sizes=\"auto, (max-width: 992px) 100vw, 992px\" data-has-transparency=\"false\" data-dominant-color=\"1e7892\" style=\"--dominant-color: #1e7892;\" \/><\/figure>\r\n                    <\/a>\r\n                    <div class=\"blog-loop-content\">\r\n                        <div class=\"entry-meta mb-3\">\r\n                            <div class=\"posted-on mb-2\">\r\n                                <time datetime=\"2023-09-04T09:56:53+02:00\">4. Sep. 2023<\/time>\r\n                            <\/div>\r\n                            <div class=\"post-categories\">\r\n                                <a role=\"button\" href=\"\/de-DE\/blog\/stories\/\">Stories<\/a>                            <\/div>\r\n                        <\/div>\r\n                        <h4><a href=\"https:\/\/www.diamantrad.com\/de-DE\/blog\/life-after-schrott-bjoern-boeink-auf-dem-weg-zu-einer-neuen-normalitaet\/\">Life after Schrott: Bj\u00f6rn B\u00f6ink auf dem Weg zu einer neuen Normalit\u00e4t<\/a><\/h4>\r\n                    <\/div>\r\n                <\/li>\r\n                    <\/ul>\r\n\r\n                    <div class=\"pagination justify-content-center mt-5\">\r\n                <span aria-current=\"page\" class=\"page-numbers current\">1<\/span>\n<a class=\"page-numbers\" href=\"https:\/\/www.diamantrad.com\/de-DE\/wp-json\/wp\/v2\/pages\/37097\/page\/2\/\">2<\/a>\n<a class=\"page-numbers\" href=\"https:\/\/www.diamantrad.com\/de-DE\/wp-json\/wp\/v2\/pages\/37097\/page\/3\/\">3<\/a>\n<span class=\"page-numbers dots\">&hellip;<\/span>\n<a class=\"page-numbers\" href=\"https:\/\/www.diamantrad.com\/de-DE\/wp-json\/wp\/v2\/pages\/37097\/page\/6\/\">6<\/a>\n<a class=\"next page-numbers\" href=\"https:\/\/www.diamantrad.com\/de-DE\/wp-json\/wp\/v2\/pages\/37097\/page\/2\/\"><svg width=\"20\" height=\"32\" viewBox=\"0 0 20 32\" fill=\"none\" class=\"pagination-next\" xmlns=\"http:\/\/www.w3.org\/2000\/svg\"><path d=\"M2.81787 3L15.833 16.0151L3.01507 28.8331\" stroke=\"#362F2D\" stroke-width=\"5\" stroke-linecap=\"round\"\/><\/svg><\/a>            <\/div>\r\n        \n\n<\/div>\r\n      <\/div>\r\n    <\/div>\r\n  <\/div>\r\n<\/div><\/div>","protected":false},"excerpt":{"rendered":"","protected":false},"author":10,"featured_media":0,"parent":11766,"menu_order":0,"comment_status":"closed","ping_status":"closed","template":"","meta":{"_acf_changed":false,"slim_seo":{"title":"Bj\u00f6rn B\u00f6ink auf dem Weg zu einer neuen Normalit\u00e4t | Diamantrad","description":"Bj\u00f6rn B\u00f6ink hat sein Auto verschrotten lassen und ist auf ein E-Bike umgestiegen. In diesem Beitrag spricht er pers\u00f6nlich dar\u00fcber."},"footnotes":""},"class_list":["post-37097","page","type-page","status-publish","hentry"],"acf":[],"_links":{"self":[{"href":"https:\/\/www.diamantrad.com\/de-DE\/wp-json\/wp\/v2\/pages\/37097","targetHints":{"allow":["GET"]}}],"collection":[{"href":"https:\/\/www.diamantrad.com\/de-DE\/wp-json\/wp\/v2\/pages"}],"about":[{"href":"https:\/\/www.diamantrad.com\/de-DE\/wp-json\/wp\/v2\/types\/page"}],"author":[{"embeddable":true,"href":"https:\/\/www.diamantrad.com\/de-DE\/wp-json\/wp\/v2\/users\/10"}],"replies":[{"embeddable":true,"href":"https:\/\/www.diamantrad.com\/de-DE\/wp-json\/wp\/v2\/comments?post=37097"}],"version-history":[{"count":0,"href":"https:\/\/www.diamantrad.com\/de-DE\/wp-json\/wp\/v2\/pages\/37097\/revisions"}],"up":[{"embeddable":true,"href":"https:\/\/www.diamantrad.com\/de-DE\/wp-json\/wp\/v2\/pages\/11766"}],"wp:attachment":[{"href":"https:\/\/www.diamantrad.com\/de-DE\/wp-json\/wp\/v2\/media?parent=37097"}],"curies":[{"name":"wp","href":"https:\/\/api.w.org\/{rel}","templated":true}]}}