{"id":53260,"date":"2025-03-17T06:40:05","date_gmt":"2025-03-17T05:40:05","guid":{"rendered":"https:\/\/dev.diamantrad.com\/?page_id=53260"},"modified":"2025-10-16T14:42:28","modified_gmt":"2025-10-16T12:42:28","slug":"recalls-2","status":"publish","type":"page","link":"https:\/\/www.diamantrad.com\/de-DE\/recalls-2\/","title":{"rendered":"Recalls"},"content":{"rendered":"<div class=\"lazyblock-nncontainer-ZFXb2U wp-block-lazyblock-nncontainer\"><div class=\"section-secondary\">\r\n  <div class=\"container\" id=\"container-ZFXb2U\">\r\n    <div class=\"row\">\r\n      <div class=\"col py-4 py-lg-5\">\r\n        <div class=\"lazyblock-inner-blocks\">\n<div class=\"lazyblock-cover-text-1SC9Gp wp-block-lazyblock-cover-text\"><div class=\"covertext container py-5 d-flex flex-column colorscheme-light justify-content-center\" id=\"covertext-1SC9Gp\">\r\n  <div class=\"lazyblock-inner-blocks\">\n\n<h2 class=\"wp-block-heading\">R\u00fcckrufe<\/h2>\n\n<\/div>\r\n<\/div><\/div>\n<\/div>\r\n      <\/div>\r\n    <\/div>\r\n  <\/div>\r\n<\/div><\/div>\n\n<div class=\"lazyblock-nncontainer-Z64T8B wp-block-lazyblock-nncontainer\"><div class=\"section-standard\">\r\n  <div class=\"container\" id=\"container-Z64T8B\">\r\n    <div class=\"row\">\r\n      <div class=\"col py-4 py-lg-5\">\r\n        <div class=\"lazyblock-inner-blocks\">\n\n<p>Wir dokumentieren die Qualit\u00e4t unserer Bikes, denn auch uns passieren Fehler. Wenn wir strukturelle Sicherheitsprobleme feststellen, rufen wir die betroffenen Modelle zur Reparatur und\/oder zum Austausch zur\u00fcck.<\/p>\n\n\n\n<p>Alle R\u00fcckrufe findest du hier. Falls es ein Rad aus deinem Besitz betrifft, melde dich bitte bei deinem n\u00e4chsten Diamant H\u00e4ndler.<\/p>\n\n\n\n<h2 class=\"wp-block-heading\">2016<\/h2>\n\n\n\n<p><a href=\"https:\/\/www.diamantrad.com\/wp-content\/uploads\/2020\/07\/TK19_EU_Continental_Belt_Recall_Consumer_Notice_DE-DE.pdf\" title=\"TK19_EU_Continental_Belt_Recall_Consumer_Notice_DE-DE\">R\u00fcckr\u00fcfbenachrichtigung f\u00fcr Verbraucher \u2013 2016 Continental Riemenantrieb<\/a><\/p>\n\n<\/div>\r\n      <\/div>\r\n    <\/div>\r\n  <\/div>\r\n<\/div><\/div>\n\n\n<p><\/p>\n","protected":false},"excerpt":{"rendered":"","protected":false},"author":3,"featured_media":0,"parent":0,"menu_order":0,"comment_status":"closed","ping_status":"closed","template":"","meta":{"_acf_changed":false,"slim_seo":{"title":"R\u00fcckrufe von Diamant-Fahrr\u00e4dern & Sicherheitshinweise","description":"\u00dcbersicht \u00fcber aktuelle R\u00fcckrufe und Sicherheitshinweise von Diamant. Informiere dich jetzt."},"footnotes":""},"class_list":["post-53260","page","type-page","status-publish","hentry"],"acf":[],"_links":{"self":[{"href":"https:\/\/www.diamantrad.com\/de-DE\/wp-json\/wp\/v2\/pages\/53260","targetHints":{"allow":["GET"]}}],"collection":[{"href":"https:\/\/www.diamantrad.com\/de-DE\/wp-json\/wp\/v2\/pages"}],"about":[{"href":"https:\/\/www.diamantrad.com\/de-DE\/wp-json\/wp\/v2\/types\/page"}],"author":[{"embeddable":true,"href":"https:\/\/www.diamantrad.com\/de-DE\/wp-json\/wp\/v2\/users\/3"}],"replies":[{"embeddable":true,"href":"https:\/\/www.diamantrad.com\/de-DE\/wp-json\/wp\/v2\/comments?post=53260"}],"version-history":[{"count":1,"href":"https:\/\/www.diamantrad.com\/de-DE\/wp-json\/wp\/v2\/pages\/53260\/revisions"}],"predecessor-version":[{"id":69714,"href":"https:\/\/www.diamantrad.com\/de-DE\/wp-json\/wp\/v2\/pages\/53260\/revisions\/69714"}],"wp:attachment":[{"href":"https:\/\/www.diamantrad.com\/de-DE\/wp-json\/wp\/v2\/media?parent=53260"}],"curies":[{"name":"wp","href":"https:\/\/api.w.org\/{rel}","templated":true}]}}