{"id":61177,"date":"2025-04-02T10:47:51","date_gmt":"2025-04-02T08:47:51","guid":{"rendered":"https:\/\/www.diamantrad.com\/?page_id=61177"},"modified":"2025-10-16T15:15:50","modified_gmt":"2025-10-16T13:15:50","slug":"buy-online","status":"publish","type":"page","link":"https:\/\/www.diamantrad.com\/de-DE\/buy-online\/","title":{"rendered":"Buy online"},"content":{"rendered":"<div class=\"lazyblock-nncontainer-1KYHly wp-block-lazyblock-nncontainer\"><div class=\"section-secondary\">\r\n  <div class=\"container\" id=\"container-1KYHly\">\r\n    <div class=\"row\">\r\n      <div class=\"col py-4 py-lg-5\">\r\n        <div class=\"lazyblock-inner-blocks\">\n<div class=\"lazyblock-cover-text-Z12CcIR wp-block-lazyblock-cover-text\"><div class=\"covertext container py-5 d-flex flex-column colorscheme-light justify-content-center\" id=\"covertext-Z12CcIR\">\r\n  <div class=\"lazyblock-inner-blocks\">\n\n<h2 class=\"wp-block-heading\">Kauf dein Diamant-Rad online<\/h2>\n\n<\/div>\r\n<\/div><\/div>\n\n\n<div class=\"wp-block-buttons is-layout-flex wp-block-buttons-is-layout-flex\">\n<div class=\"wp-block-button\"><a role=\"button\" class=\"wp-block-button__link wp-element-button\" href=\"https:\/\/www.diamantrad.com\/de-DE\/buy-online#how-it-works\">So einfach geht&#8217;s<\/a><\/div>\n<\/div>\n\n<\/div>\r\n      <\/div>\r\n    <\/div>\r\n  <\/div>\r\n<\/div><\/div>\n\n<div class=\"lazyblock-nncontainer-ZtAog9 wp-block-lazyblock-nncontainer\"><div class=\"section-standard\">\r\n  <div class=\"container\" id=\"container-ZtAog9\">\r\n    <div class=\"row\">\r\n      <div class=\"col py-5 py-lg-6\">\r\n        <div class=\"lazyblock-inner-blocks\">\n<div class=\"wp-bootstrap-blocks-row row gx-5\">\n\t\n\n<div class=\"col-12 col-md-6\">\n\t\t\t\n\n<h2 class=\"wp-block-heading has-text-align-right\">Fahrrad kaufen online &#8211; aber einfach<\/h2>\n\n\t<\/div>\n\n\n\n<div class=\"col-12 col-md-6\">\n\t\t\t\n\n<p>Jetzt kannst du dein Fahrrad oder E-Bike von Diamant \u00fcber trekbikes.com auch ganz bequem von zuhause kaufen. Uns ist wichtig, dass du die richtige Entscheidung triffst. Wir erkl\u00e4ren dir deshalb kurz den Ablauf und zeigen dir alle Tools, auf die du dabei zur\u00fcckgreifen kannst.<\/p>\n\n\n\n<p>Schau zuerst auf den Lagerbestand deines lokalen Shops. Vielleicht ist dein Traumrad dort schon auf Lager! Und wenn nicht: Mit deinem Online-Kauf kannst du bei Diamant auch weiter deinen Shop unterst\u00fctzen. Sie sind dein Ansprechpartner f\u00fcr alle Anfragen hinsichtlich Service und Garantie. Und sie helfen dir gerne, dein Traumrad aufzubauen und mit einem Fitting oder Zubeh\u00f6r individuell auf dich abzustimmen.<\/p>\n\n\n\n<p>Du brauchst auch online menschliche Unterst\u00fctzung? Unser Customer Care-Team erreichst du von Montag bis Freitag unter 00800 8735 8735.<\/p>\n\n\n\n<div class=\"wp-block-buttons is-layout-flex wp-block-buttons-is-layout-flex\">\n<div class=\"wp-block-button\"><a role=\"button\" class=\"wp-block-button__link wp-element-button\" href=\"https:\/\/www.diamantrad.com\/de-DE\/contact\/\">Kontaktiere uns<\/a><\/div>\n<\/div>\n\n\t<\/div>\n\n<\/div>\n\n<\/div>\r\n      <\/div>\r\n    <\/div>\r\n  <\/div>\r\n<\/div><\/div>\n\n<div class=\"lazyblock-nncontainer-Z206L26 wp-block-lazyblock-nncontainer\"><div class=\"section-light\">\r\n  <div class=\"container\" id=\"container-Z206L26\">\r\n    <div class=\"row\">\r\n      <div class=\"col py-5 py-lg-6\">\r\n        <div class=\"lazyblock-inner-blocks\">\n<div class=\"wp-bootstrap-blocks-row row mb-0 gx-5\">\n\t\n\n<div class=\"col-12 col-md-3\">\n\t\t\t\n\n\n\n<h3 class=\"wp-block-heading has-text-align-center\">Sofort aufsteigen?<\/h3>\n\n\n\n<p class=\"has-text-align-center\">Vielleicht hat ein Shop in deiner N\u00e4he dein Diamant sogar vor Ort. Dann geht dein Kauf noch schneller als online.<\/p>\n\n\n\n<p class=\"has-text-align-center\"><a href=\"https:\/\/www.diamantrad.com\/de-DE\/store-finder\/\" title=\"Store Finder\">Jetzt lokal kaufen<\/a><\/p>\n\n\t<\/div>\n\n\n\n<div class=\"col-12 col-md-3\">\n\t\t\t\n\n\n\n<h3 class=\"wp-block-heading has-text-align-center\">Pers\u00f6nliche Beratung<\/h3>\n\n\n\n<p class=\"has-text-align-center\">Wir sind f\u00fcr dich da, wenn du Fragen hast oder Empfehlungen suchst. Ruf uns an &#8211; wir k\u00f6nnen dir sicher helfen.<\/p>\n\n\n\n<p class=\"has-text-align-center\"><a href=\"https:\/\/www.diamantrad.com\/de-DE\/contact\/\" title=\"Contact\">Lass dich beraten<\/a><\/p>\n\n\t<\/div>\n\n\n\n<div class=\"col-12 col-md-3\">\n\t\t\t\n\n\n\n<h3 class=\"wp-block-heading has-text-align-center\">Passt nicht? Gib&#8217;s zur\u00fcck!<\/h3>\n\n\n\n<p class=\"has-text-align-center\">Wenn&#8217;s nicht passt, dann ist das so. Innerhalb von 30 Tagen kannst du \u00fcber Trek Bikes dein Bike zur\u00fcckgeben.<\/p>\n\n\n\n<p class=\"has-text-align-center\"><a href=\"https:\/\/www.trekbikes.com\/de\/de_DE\/trek-returns\/\" title=\"\">Erfahre mehr<\/a><\/p>\n\n\t<\/div>\n\n\n\n<div class=\"col-12 col-md-3\">\n\t\t\t\n\n\n\n<h3 class=\"wp-block-heading has-text-align-center\">Mehr als 40 Jahre Garantie<\/h3>\n\n\n\n<p class=\"has-text-align-center\">Alle deine Diamant-R\u00e4der haben eine lebenslange Garantie auf Rahmen und Starrgabel. Fahr einfach sorgenfrei.<\/p>\n\n\n\n<p class=\"has-text-align-center\"><a href=\"https:\/\/www.diamantrad.com\/de-DE\/warranty\/\" title=\"Garantie\">Erfahre mehr<\/a><\/p>\n\n\t<\/div>\n\n<\/div>\n\n<\/div>\r\n      <\/div>\r\n    <\/div>\r\n  <\/div>\r\n<\/div><\/div>\n\n<div class=\"lazyblock-nncontainer-ZjxRBk wp-block-lazyblock-nncontainer\"><div class=\"section-standard\">\r\n  <div class=\"container\" id=\"container-ZjxRBk\">\r\n    <div class=\"row\">\r\n      <div class=\"col py-4 py-lg-5\">\r\n        <div class=\"lazyblock-inner-blocks\">\n\n<h2 class=\"wp-block-heading\" id=\"how-it-works\">So kaufst du dein Bike online<\/h2>\n\n\n\n<div style=\"height:20px\" aria-hidden=\"true\" class=\"wp-block-spacer\"><\/div>\n\n\n\n<h3 class=\"wp-block-heading\">Schritt 1: W\u00e4hle dein Rad<\/h3>\n\n\n\n<p>Diamant verkauft City- und Trekking\u00ae Bikes mit und ohne Motor. Welches unserer Modelle f\u00fcr dich optimal passt, ist eine pers\u00f6nliche Entscheidung. Lerne unser Sortimen kennen und nutze unsere intuitiven Filter, um dein eigenes Traumrad zu finden. Wenn du mehr lernen m\u00f6chtest \u00fcber unsere Bikes, dann sind unsere Infoseiten vielleicht spannend f\u00fcr dich. Hier stellen wir dir jede Plattform gr\u00fcndlich vor.<\/p>\n\n\n\n<div class=\"wp-block-buttons is-layout-flex wp-block-buttons-is-layout-flex\">\n<div class=\"wp-block-button\"><a role=\"button\" class=\"wp-block-button__link wp-element-button\" href=\"https:\/\/www.diamantrad.com\/de-DE\/bikes\/\">Entdecke das Sortiment<\/a><\/div>\n<\/div>\n\n\n\n<div style=\"height:20px\" aria-hidden=\"true\" class=\"wp-block-spacer\"><\/div>\n\n\n\n<h3 class=\"wp-block-heading\">Schritt 2: Finde deine Gr\u00f6\u00dfe<\/h3>\n\n\n\n<p>Jeder Mensch verdient ein Fahrrad, das passt und sich gut anf\u00fchlt \u2013 unabh\u00e4ngig vom K\u00f6rpertyp, vom Fahrstil oder von der Erfahrung. Deshalb bauen wir unsere Fahrr\u00e4der so, dass sie sich individuell abstimmen lassen.<\/p>\n\n\n\n<p>Auf jeder Bike-Seite findest du eine Tabelle mit unseren Empfehlungen, um f\u00fcr deine pers\u00f6nlichen K\u00f6rperma\u00dfe die korrekte Gr\u00f6\u00dfe zu finden. Daf\u00fcr brauchst du nur deine K\u00f6rpergr\u00f6\u00dfe sowie deine Schrittl\u00e4nge. (Barfu\u00df: Abstand vom Fu\u00dfboden bis in den Schritt.) Dein Geschlecht spielt keine Rolle.<\/p>\n\n\n\n<p>Wenn du zwischen zwei Gr\u00f6\u00dfen liegst und dir unsicher bist, empfehlen wir dir eine Testfahrt oder eine Beratung bei deinem H\u00e4ndler oder direkt bei uns 00800 8735 8735 (Mo-Fr, 8:30-17:30).<\/p>\n\n\n\n<div style=\"height:20px\" aria-hidden=\"true\" class=\"wp-block-spacer\"><\/div>\n\n\n\n<h3 class=\"wp-block-heading\">Schritt 3: Wechsle mit einem Klick auf trekbikes.com<\/h3>\n\n\n\n<p>Wenn du deine Entscheidung getroffen hast, klickst du auf den \u201eKaufen\u201c-Button. So gelangst du direkt zur richtigen Seite auf trekbikes.com. Das ist unser offizieller Online-Shop. Dort f\u00fcgst du das Rad in der richtigen Gr\u00f6\u00dfe und Farbe dem Einkaufskorb hinzu.<\/p>\n\n\n\n<div style=\"height:20px\" aria-hidden=\"true\" class=\"wp-block-spacer\"><\/div>\n\n\n\n<h3 class=\"wp-block-heading\">Schritt 4: W\u00e4hle deine Lieferoption<\/h3>\n\n\n\n<div style=\"height:20px\" aria-hidden=\"true\" class=\"wp-block-spacer\"><\/div>\n\n\n<div class=\"lazyblock-nncontainer-260Yi wp-block-lazyblock-nncontainer\"><div class=\"section-dark\">\r\n  <div class=\"container\" id=\"container-260Yi\">\r\n    <div class=\"row\">\r\n      <div class=\"col py-5 py-lg-6\">\r\n        <div class=\"lazyblock-inner-blocks\">\n<div class=\"wp-bootstrap-blocks-row row mb-0 gx-5\">\n\t\n\n<div class=\"col-12 col-md\">\n\t\t\t\n\n<h4 class=\"wp-block-heading has-text-align-center\">Im Gesch\u00e4ft abholen<\/h4>\n\n\n\n<p class=\"has-text-align-center\">Falls dein Bike bei deinem H\u00e4ndler bereits vor Ort ist, kannst du es innerhalb der \u00d6ffnungszeiten schon heute abholen. Falls nicht, k\u00fcmmern wir uns darum, es so schnell wie m\u00f6glich an dein gew\u00e4hltes Gesch\u00e4ft zu schicken. Dort hast du den vollen Service in Bezug auf Fitting und Zubeh\u00f6rkauf vor Ort.<\/p>\n\n\t<\/div>\n\n\n\n<div class=\"col-12 col-md\">\n\t\t\t\n\n<h4 class=\"wp-block-heading has-text-align-center\">Nachhause liefern lassen<\/h4>\n\n\n\n<p class=\"has-text-align-center\">So eine Fahrradbox ist recht gro\u00df, aber wenn das f\u00fcr dich und dein Treppenhaus kein Hindernis ist, dann lass dir dein Bike doch direkt nachhause schicken. Alles notwendige Werkzeug sowie eine Anleitung, wie du vorgehen musst, sind nat\u00fcrlich dabei.<\/p>\n\n\t<\/div>\n\n\n\n<div class=\"col-12 col-md\">\n\t\t\t\n\n<h4 class=\"wp-block-heading has-text-align-center\">Premium-Lieferung nachhause<\/h4>\n\n\n\n<p class=\"has-text-align-center\">Wenn dein H\u00e4ndler es anbietet, \u00fcbernimmt dieser die letzten Handgriffe und liefert das Rad dann absolut fertig an deine Haust\u00fcr. Und du musst nur noch aufsteigen.<\/p>\n\n\t<\/div>\n\n<\/div>\n\n<\/div>\r\n      <\/div>\r\n    <\/div>\r\n  <\/div>\r\n<\/div><\/div>\n\n\n<div style=\"height:40px\" aria-hidden=\"true\" class=\"wp-block-spacer\"><\/div>\n\n\n\n<h3 class=\"wp-block-heading\">Schritt 5: W\u00e4hle dein Zubeh\u00f6r<\/h3>\n\n\n\n<p>Ob\u2019s nun ein neuer Helm ist oder ein neues Schloss, ob du neue Taschen brauchst oder eine Trinkflaschenhalterung: trekbikes.com bietet dir viele Optionen, um deine Erlebnisse auf ein neues Niveau zu heben. Fahre sicherer, fahre komfortabler oder fahre cleverer \u2013 f\u00fcge dein Wunsch-Zubeh\u00f6r beim Kauf direkt deinem Warenkorb hinzu. Wenn du nicht findest, was du suchst, kannst du aber auch jederzeit auf die Beratung in unseren Stores zur\u00fcckgreifen. Fast alles geht, denn unsere Bikes haben wir spezifisch daf\u00fcr konstruiert, mit den g\u00e4ngigsten und besten Zubeh\u00f6rprodukten kompatibel zu sein.<\/p>\n\n\n\n<div class=\"wp-block-buttons is-layout-flex wp-block-buttons-is-layout-flex\">\n<div class=\"wp-block-button\"><a role=\"button\" class=\"wp-block-button__link wp-element-button\" href=\"https:\/\/www.trekbikes.com\/de\/de_DE\/equipment\/ausr%C3%BCstung-f%C3%BCr-pendlerr%C3%A4der\/c\/E454\/\">Entdecke Zubeh\u00f6r auf trekbikes.com<\/a><\/div>\n<\/div>\n\n\n\n<div style=\"height:20px\" aria-hidden=\"true\" class=\"wp-block-spacer\"><\/div>\n\n\n\n<h3 class=\"wp-block-heading\">Schritt 6: Registriere dein Bike<\/h3>\n\n\n\n<p>Dein Fahrrad registrierst du super einfach direkt auf unserer Webseite. Wir bieten dir diesen Service f\u00fcr deine Sicherheit. Wir speichern deine Daten im Zusammenhang mit deiner Seriennummer und k\u00f6nnen dich so \u00fcber wichtige Produktinformationen informieren. Wenn die Polizei einen Halter abfragt, k\u00f6nnen wir dich informieren, dass dein gestohlenes Rad gefunden wurde. Wenn du dein Diamant registrierst, fragen wir dich am Ende der Registrierung auch nach einer kurzen Bewertung. F\u00fcr die w\u00e4ren wir dir sehr dankbar.<\/p>\n\n\n\n<div class=\"wp-block-buttons is-layout-flex wp-block-buttons-is-layout-flex\">\n<div class=\"wp-block-button\"><a role=\"button\" class=\"wp-block-button__link wp-element-button\" href=\"https:\/\/www.diamantrad.com\/de-DE\/register-your-bike\/\">Hier kannst du das Bike registrieren<\/a><\/div>\n<\/div>\n\n\n\n<div style=\"height:20px\" aria-hidden=\"true\" class=\"wp-block-spacer\"><\/div>\n\n\n\n<h3 class=\"wp-block-heading\">Schritt 7: Baue dein Bike auf<\/h3>\n\n\n\n<p>Unsere Bikes verpacken wir so, dass du zuhause nur noch wenig aufbauen musst. Daf\u00fcr braucht es auch keine gro\u00dfe handwerkliche Erfahrung. Alles Werkzeug ist schon dabei und die Box kannst du auch als Montageunterlage verwenden. Wie es genau funktioniert? Eine Anleitung findest du auch als Online-Version auf unserer Seite f\u00fcr alle Handb\u00fccher. Wenn du dir nicht sicher bist, empfehlen wir dir die Premium-Lieferung nachhause oder das Abholen im Gesch\u00e4ft. Dann \u00fcbernimmt den Aufbau dein H\u00e4ndler.<\/p>\n\n\n\n<div class=\"wp-block-buttons is-layout-flex wp-block-buttons-is-layout-flex\">\n<div class=\"wp-block-button\"><a role=\"button\" class=\"wp-block-button__link wp-element-button\" href=\"https:\/\/www.diamantrad.com\/de-DE\/manuals\/\">Zu allen Handb\u00fcchern<\/a><\/div>\n<\/div>\n\n\n\n<div style=\"height:20px\" aria-hidden=\"true\" class=\"wp-block-spacer\"><\/div>\n\n\n\n<h3 class=\"wp-block-heading\">Schritt 8: Noch eine Kontrolle vor der Abfahrt<\/h3>\n\n\n\n<p>Zu deiner eigenen Sicherheit: Vor jeder Fahrt solltest du dein Bike einmal kontrollieren. Wir haben f\u00fcr dich ein Video vorbereitet, in dem wir dir das gr\u00fcndlich erkl\u00e4ren.<\/p>\n\n\n\n<figure class=\"wp-block-embed is-type-video is-provider-youtube wp-block-embed-youtube wp-embed-aspect-16-9 wp-has-aspect-ratio\"><div class=\"wp-block-embed__wrapper\">\n <div class=\"brlbs-cmpnt-container brlbs-cmpnt-content-blocker brlbs-cmpnt-with-individual-styles\" data-borlabs-cookie-content-blocker-id=\"youtube-content-blocker\" data-borlabs-cookie-content=\"PGlmcmFtZSB0aXRsZT0iUHJlLVJpZGUtQ2hlY2sgLSBLYXVmIGRlaW4gRGlhbWFudCBvbmxpbmUsIGZhaHIgZGVpbiBCaWtlIG9mZmxpbmUiIHdpZHRoPSI5OTIiIGhlaWdodD0iNTU4IiBzcmM9Imh0dHBzOi8vd3d3LnlvdXR1YmUtbm9jb29raWUuY29tL2VtYmVkL0xKOFlGdWNYSHNFP2ZlYXR1cmU9b2VtYmVkIiBmcmFtZWJvcmRlcj0iMCIgYWxsb3c9ImFjY2VsZXJvbWV0ZXI7IGF1dG9wbGF5OyBjbGlwYm9hcmQtd3JpdGU7IGVuY3J5cHRlZC1tZWRpYTsgZ3lyb3Njb3BlOyBwaWN0dXJlLWluLXBpY3R1cmU7IHdlYi1zaGFyZSIgcmVmZXJyZXJwb2xpY3k9InN0cmljdC1vcmlnaW4td2hlbi1jcm9zcy1vcmlnaW4iIGFsbG93ZnVsbHNjcmVlbj48L2lmcmFtZT4=\"><div class=\"brlbs-cmpnt-cb-preset-c brlbs-cmpnt-cb-youtube\"> <div class=\"brlbs-cmpnt-cb-thumbnail\" style=\"background-image: url('https:\/\/www.diamantrad.com\/wp-content\/uploads\/borlabs-cookie\/1\/yt_LJ8YFucXHsE_hqdefault.jpg')\"><\/div> <div class=\"brlbs-cmpnt-cb-main\"> <div class=\"brlbs-cmpnt-cb-play-button\"><\/div> <div class=\"brlbs-cmpnt-cb-content\"> <p class=\"brlbs-cmpnt-cb-description\">Sie sehen gerade einen Platzhalterinhalt von <strong>YouTube<\/strong>. Um auf den eigentlichen Inhalt zuzugreifen, klicken Sie auf die Schaltfl\u00e4che unten. Bitte beachten Sie, dass dabei Daten an Drittanbieter weitergegeben werden.<\/p> <a class=\"brlbs-cmpnt-cb-provider-toggle\" href=\"#\" data-borlabs-cookie-show-provider-information role=\"button\">Mehr Informationen<\/a> <\/div> <div class=\"brlbs-cmpnt-cb-buttons\"> <a class=\"brlbs-cmpnt-cb-btn\" href=\"#\" data-borlabs-cookie-unblock role=\"button\">Inhalt entsperren<\/a> <a class=\"brlbs-cmpnt-cb-btn\" href=\"#\" data-borlabs-cookie-accept-service role=\"button\" style=\"display: inherit\">Erforderlichen Service akzeptieren und Inhalte entsperren<\/a> <\/div> <\/div> <\/div><\/div>\n<\/div><\/figure>\n\n\n\n<div style=\"height:20px\" aria-hidden=\"true\" class=\"wp-block-spacer\"><\/div>\n\n\n\n<h2 class=\"wp-block-heading\">Es passt nicht?<\/h2>\n\n\n\n<p>Du hast dein Diamant online gekauft, aber es zwickt und zwackt und passt nicht so recht zu dir? In unseren R\u00fcckgabe- und Austausch-Richtlinien lernst du mehr \u00fcber deine M\u00f6glichkeiten, das Bike zur\u00fcckzugeben.<\/p>\n\n\n\n<div class=\"wp-block-buttons is-layout-flex wp-block-buttons-is-layout-flex\">\n<div class=\"wp-block-button\"><a role=\"button\" class=\"wp-block-button__link wp-element-button\" href=\"https:\/\/www.trekbikes.com\/de\/de_DE\/trek-returns\/\">Erfahre mehr<\/a><\/div>\n<\/div>\n\n<\/div>\r\n      <\/div>\r\n    <\/div>\r\n  <\/div>\r\n<\/div><\/div>","protected":false},"excerpt":{"rendered":"","protected":false},"author":3,"featured_media":0,"parent":0,"menu_order":0,"comment_status":"closed","ping_status":"closed","template":"","meta":{"_acf_changed":false,"slim_seo":{"title":"Online kaufen - Diamant\u2011Bikes bequem nachhause bestellen","description":"Kaufe Diamant\u2011Bikes online, bequem, sicher & mit Beratung. Finde dein Modell und bestelle es direkt nach Hause."},"footnotes":""},"class_list":["post-61177","page","type-page","status-publish","hentry"],"acf":[],"_links":{"self":[{"href":"https:\/\/www.diamantrad.com\/de-DE\/wp-json\/wp\/v2\/pages\/61177","targetHints":{"allow":["GET"]}}],"collection":[{"href":"https:\/\/www.diamantrad.com\/de-DE\/wp-json\/wp\/v2\/pages"}],"about":[{"href":"https:\/\/www.diamantrad.com\/de-DE\/wp-json\/wp\/v2\/types\/page"}],"author":[{"embeddable":true,"href":"https:\/\/www.diamantrad.com\/de-DE\/wp-json\/wp\/v2\/users\/3"}],"replies":[{"embeddable":true,"href":"https:\/\/www.diamantrad.com\/de-DE\/wp-json\/wp\/v2\/comments?post=61177"}],"version-history":[{"count":19,"href":"https:\/\/www.diamantrad.com\/de-DE\/wp-json\/wp\/v2\/pages\/61177\/revisions"}],"predecessor-version":[{"id":61296,"href":"https:\/\/www.diamantrad.com\/de-DE\/wp-json\/wp\/v2\/pages\/61177\/revisions\/61296"}],"wp:attachment":[{"href":"https:\/\/www.diamantrad.com\/de-DE\/wp-json\/wp\/v2\/media?parent=61177"}],"curies":[{"name":"wp","href":"https:\/\/api.w.org\/{rel}","templated":true}]}}