{"id":6189,"date":"2020-12-10T14:28:29","date_gmt":"2020-12-10T13:28:29","guid":{"rendered":"https:\/\/www.diamantrad.com\/?page_id=6189"},"modified":"2024-05-16T11:37:37","modified_gmt":"2024-05-16T09:37:37","slug":"ubari-kollektion","status":"publish","type":"page","link":"https:\/\/www.diamantrad.com\/de-DE\/bikes\/ubari-kollektion\/","title":{"rendered":"LP Ubari"},"content":{"rendered":"","protected":false},"excerpt":{"rendered":"","protected":false},"author":8,"featured_media":0,"parent":339,"menu_order":0,"comment_status":"closed","ping_status":"closed","template":"","meta":{"_acf_changed":false,"_crdt_document":"","slim_seo":{"title":"Diamant Ubari Trekking-Bikes \u00bb Touren-Fahrr\u00e4der f\u00fcr lange Strecken","description":"Diamant Ubari Trekking-Fahrr\u00e4der: aktiv nach vorne \u2713 lebenslange Garantie \u2713 Top-Ausstattung \u2713 SEHR GUT getestet \u25ba Mehr erfahren."},"footnotes":""},"class_list":["post-6189","page","type-page","status-publish","hentry"],"acf":[],"_links":{"self":[{"href":"https:\/\/www.diamantrad.com\/de-DE\/wp-json\/wp\/v2\/pages\/6189","targetHints":{"allow":["GET"]}}],"collection":[{"href":"https:\/\/www.diamantrad.com\/de-DE\/wp-json\/wp\/v2\/pages"}],"about":[{"href":"https:\/\/www.diamantrad.com\/de-DE\/wp-json\/wp\/v2\/types\/page"}],"author":[{"embeddable":true,"href":"https:\/\/www.diamantrad.com\/de-DE\/wp-json\/wp\/v2\/users\/8"}],"replies":[{"embeddable":true,"href":"https:\/\/www.diamantrad.com\/de-DE\/wp-json\/wp\/v2\/comments?post=6189"}],"version-history":[{"count":0,"href":"https:\/\/www.diamantrad.com\/de-DE\/wp-json\/wp\/v2\/pages\/6189\/revisions"}],"up":[{"embeddable":true,"href":"https:\/\/www.diamantrad.com\/de-DE\/wp-json\/wp\/v2\/pages\/339"}],"wp:attachment":[{"href":"https:\/\/www.diamantrad.com\/de-DE\/wp-json\/wp\/v2\/media?parent=6189"}],"curies":[{"name":"wp","href":"https:\/\/api.w.org\/{rel}","templated":true}]}}