{"id":68563,"date":"2025-09-22T13:12:50","date_gmt":"2025-09-22T11:12:50","guid":{"rendered":"https:\/\/www.diamantrad.com\/?page_id=68563"},"modified":"2025-10-09T14:30:05","modified_gmt":"2025-10-09T12:30:05","slug":"e-bike-im-herbst-kaufen-in-nrw","status":"publish","type":"page","link":"https:\/\/www.diamantrad.com\/de-DE\/e-bike-im-herbst-kaufen-in-nrw\/","title":{"rendered":"Suvea NRW-Herbstkampagne 2025"},"content":{"rendered":"\n<div class=\"wp-block-cover\"><img data-dominant-color=\"6f7889\" data-has-transparency=\"false\" loading=\"lazy\" decoding=\"async\" width=\"1620\" height=\"1080\" sizes=\"auto, (max-width: 1620px) 100vw, 1620px\" class=\"wp-block-cover__image-background wp-image-68567 size-full not-transparent\" alt=\"Diamant Suvea - das beste E-Bike f\u00fcr den Herbst\" src=\"https:\/\/www.diamantrad.com\/wp-content\/uploads\/2025\/09\/DI_25_Suvea_Lifestyle_67I0911_72dpi.avif\" style=\"--dominant-color: #6f7889; object-position:30% 0%\" data-object-fit=\"cover\" data-object-position=\"30% 0%\" srcset=\"https:\/\/www.diamantrad.com\/wp-content\/uploads\/2025\/09\/DI_25_Suvea_Lifestyle_67I0911_72dpi.avif 1620w, https:\/\/www.diamantrad.com\/wp-content\/uploads\/2025\/09\/DI_25_Suvea_Lifestyle_67I0911_72dpi-300x200.avif 300w, https:\/\/www.diamantrad.com\/wp-content\/uploads\/2025\/09\/DI_25_Suvea_Lifestyle_67I0911_72dpi-1024x683.avif 1024w, https:\/\/www.diamantrad.com\/wp-content\/uploads\/2025\/09\/DI_25_Suvea_Lifestyle_67I0911_72dpi-768x512.avif 768w, https:\/\/www.diamantrad.com\/wp-content\/uploads\/2025\/09\/DI_25_Suvea_Lifestyle_67I0911_72dpi-1536x1024.avif 1536w\" \/><span aria-hidden=\"true\" class=\"wp-block-cover__background has-background-dim\" style=\"background-color:#857b72\"><\/span><div class=\"wp-block-cover__inner-container is-layout-constrained wp-block-cover-is-layout-constrained\">\n<p class=\"has-text-align-center has-large-font-size\"><\/p>\n\n\n<div class=\"lazyblock-cover-text-23QHUH wp-block-lazyblock-cover-text\"><div class=\"covertext container py-5 d-flex flex-column colorscheme-light justify-content-center\" id=\"covertext-23QHUH\">\r\n  <div class=\"lazyblock-inner-blocks\">\n\n<h2 class=\"wp-block-heading\">Kauf dein E-Bike<br>stressfrei im Herbst<\/h2>\n\n\n\n<div class=\"wp-block-buttons is-layout-flex wp-block-buttons-is-layout-flex\">\n<div class=\"wp-block-button\"><a role=\"button\" class=\"wp-block-button__link wp-element-button\" href=\"#nrw-shops\">Direkt zu den Shops<\/a><\/div>\n<\/div>\n\n<\/div>\r\n<\/div><\/div><\/div><\/div>\n\n\n<div class=\"lazyblock-nncontainer-222KjK wp-block-lazyblock-nncontainer\"><div class=\"section-standard\">\r\n  <div class=\"container\" id=\"container-222KjK\">\r\n    <div class=\"row\">\r\n      <div class=\"col py-4 py-lg-5\">\r\n        <div class=\"lazyblock-inner-blocks\">\n<div class=\"wp-bootstrap-blocks-row row gx-5\">\n\t\n\n<div class=\"col-12 col-md-6\">\n\t\t\t\n\n<h3 class=\"wp-block-heading has-text-align-right\">Das E-SUV f\u00fcr den Herbst<\/h3>\n\n\t<\/div>\n\n\n\n<div class=\"col-12 col-md-6\">\n\t\t\t\n\n<p>Kalt ist es und dunkel und windig. Niemand f\u00e4hrt jetzt noch mit dem Rad. Au\u00dfer dort, wo es angeblich immer regnet, aber alle und jeder immer mit dem Rad unterwegs sind. Was die ein paar Kilometer flussabw\u00e4rts machen, das geht doch auch in NRW! Das Diamant Suvea ist das komfortable Gel\u00e4nderad f\u00fcr jede Jahreszeit. Und jetzt ist die ideale Zeit f\u00fcr deine Testfahrt, denn im Fahrradgesch\u00e4ft findest du im Herbst&#8230;<\/p>\n\n\t<\/div>\n\n<\/div>\n\n<\/div>\r\n      <\/div>\r\n    <\/div>\r\n  <\/div>\r\n<\/div><\/div>\n\n<div class=\"lazyblock-nncontainer-Z206L26 wp-block-lazyblock-nncontainer\"><div class=\"section-light\">\r\n  <div class=\"container\" id=\"container-Z206L26\">\r\n    <div class=\"row\">\r\n      <div class=\"col py-5 py-lg-6\">\r\n        <div class=\"lazyblock-inner-blocks\">\n<div class=\"wp-bootstrap-blocks-row row mb-0 gx-5\">\n\t\n\n<div class=\"col-12 col-md-3\">\n\t\t\t\n\n\n\n<h3 class=\"wp-block-heading has-text-align-center\">Mehr Zeit<br>f\u00fcr Beratung<\/h3>\n\n\n\n<p class=\"has-text-align-center\">Weniger Kundschaft, die um Beratung konkurriert. Stell ohne Scheu alle Fragen und lass dir das ganze Suvea erkl\u00e4ren.<\/p>\n\n\t<\/div>\n\n\n\n<div class=\"col-12 col-md-3\">\n\t\t\t\n\n\n\n<h3 class=\"wp-block-heading has-text-align-center\">Mehr Zeit<br>zum Testen<\/h3>\n\n\n\n<p class=\"has-text-align-center\">Kein Warten aufs Testrad. Kein Druck, es schnell wieder abgeben zu m\u00fcssen. Fahr Man\u00f6ver und teste unterschiedliche Setups.<\/p>\n\n\t<\/div>\n\n\n\n<div class=\"col-12 col-md-3\">\n\t\t\t\n\n\n\n<h3 class=\"wp-block-heading has-text-align-center\">Mehr Zeit<br>f\u00fcrs Fitting<\/h3>\n\n\n\n<p class=\"has-text-align-center\">Das Suvea l\u00e4sst sich perfekt individualisieren. Nutz die Gelegenheit, sitze bequemer und fahre ges\u00fcnder.<\/p>\n\n\t<\/div>\n\n\n\n<div class=\"col-12 col-md-3\">\n\t\t\t\n\n\n\n<h3 class=\"wp-block-heading has-text-align-center\">Du hast ja<br>auch mehr Zeit<\/h3>\n\n\n\n<p class=\"has-text-align-center\">Wenn du nicht noch zum Festival oder an den Strand musst, hast du doch selbst auch weniger Hektik beim Bike-Shopping.<\/p>\n\n\t<\/div>\n\n<\/div>\n\n<\/div>\r\n      <\/div>\r\n    <\/div>\r\n  <\/div>\r\n<\/div><\/div>\n\n<div class=\"lazyblock-nncontainer-ZxEBbL wp-block-lazyblock-nncontainer\"><div class=\"section-standard\">\r\n  <div class=\"container\" id=\"container-ZxEBbL\">\r\n    <div class=\"row\">\r\n      <div class=\"col py-4 py-lg-5\">\r\n        <div class=\"lazyblock-inner-blocks\">\n\n<figure class=\"wp-block-image size-full\"><img data-dominant-color=\"545452\" data-has-transparency=\"true\" style=\"--dominant-color: #545452;\" loading=\"lazy\" decoding=\"async\" width=\"1440\" height=\"1080\" sizes=\"auto, (max-width: 1440px) 100vw, 1440px\" src=\"https:\/\/www.diamantrad.com\/wp-content\/uploads\/2025\/04\/gif-suvea-startseite-2.gif\" alt=\"Diamant Suvea - Mit und ohne Accessorybar\" class=\"wp-image-61201 has-transparency\"\/><\/figure>\n\n<\/div>\r\n      <\/div>\r\n    <\/div>\r\n  <\/div>\r\n<\/div><\/div>\n\n<div class=\"lazyblock-nncontainer-1H4sHj wp-block-lazyblock-nncontainer\"><div class=\"section-dark\">\r\n  <div class=\"container\" id=\"container-1H4sHj\">\r\n    <div class=\"row\">\r\n      <div class=\"col py-4 py-lg-5\">\r\n        <div class=\"lazyblock-inner-blocks\">\n<div class=\"wp-bootstrap-blocks-row row\">\n\t\n\n<div class=\"col-12 col-md-6\">\n\t\t\t\n\n<h3 class=\"wp-block-heading\">Das beste E-Bike des Jahres kommt aus Sachsen<\/h3>\n\n\n\n<p>Ein Red Dot Design Award f\u00fcr das Konzept und ein Eurobike-Award f\u00fcr das Ergebnis: Das Diamant Suvea hat 2025 abger\u00e4umt. Probier selbst aus, warum dieses Rad so viele Experten begeistert. Auf den ersten Blick nur noch ein Tiefeinsteiger? Auf der ersten Fahrt ein brillantes Aha-Gef\u00fchl.<\/p>\n\n\n\n<div class=\"wp-block-buttons is-layout-flex wp-block-buttons-is-layout-flex\">\n<div class=\"wp-block-button\"><a role=\"button\" class=\"wp-block-button__link wp-element-button\" href=\"https:\/\/www.diamantrad.com\/de-DE\/bikes\/suvea-e-suv-hardtail\/\">Lerne mehr \u00fcber das Suvea<\/a><\/div>\n<\/div>\n\n\t<\/div>\n\n\n\n<div class=\"col-12 col-md-6\">\n\t\t\t\n\n<figure class=\"wp-block-image size-full is-resized\"><img data-dominant-color=\"4481a4\" data-has-transparency=\"false\" loading=\"lazy\" decoding=\"async\" width=\"2560\" height=\"1556\" sizes=\"auto, (max-width: 2560px) 100vw, 2560px\" src=\"https:\/\/www.diamantrad.com\/wp-content\/uploads\/2025\/07\/Suvea-Awards-DE-DE-3-scaled.avif\" alt=\"Suvea awards de de\" class=\"wp-image-64505 not-transparent\" style=\"--dominant-color: #4481a4; aspect-ratio:1.6452707915445148;width:440px;height:auto\" srcset=\"https:\/\/www.diamantrad.com\/wp-content\/uploads\/2025\/07\/Suvea-Awards-DE-DE-3-scaled.avif 2560w, https:\/\/www.diamantrad.com\/wp-content\/uploads\/2025\/07\/Suvea-Awards-DE-DE-3-300x182.avif 300w, https:\/\/www.diamantrad.com\/wp-content\/uploads\/2025\/07\/Suvea-Awards-DE-DE-3-1024x622.avif 1024w, https:\/\/www.diamantrad.com\/wp-content\/uploads\/2025\/07\/Suvea-Awards-DE-DE-3-768x467.avif 768w, https:\/\/www.diamantrad.com\/wp-content\/uploads\/2025\/07\/Suvea-Awards-DE-DE-3-1536x933.avif 1536w, https:\/\/www.diamantrad.com\/wp-content\/uploads\/2025\/07\/Suvea-Awards-DE-DE-3-2048x1245.avif 2048w\" \/><\/figure>\n\n\t<\/div>\n\n<\/div>\n\n<\/div>\r\n      <\/div>\r\n    <\/div>\r\n  <\/div>\r\n<\/div><\/div>\n\n<div class=\"lazyblock-nncontainer-Z59VSE wp-block-lazyblock-nncontainer\"><div class=\"section-standard\">\r\n  <div class=\"container\" id=\"container-Z59VSE\">\r\n    <div class=\"row\">\r\n      <div class=\"col py-4 py-lg-5\">\r\n        <div class=\"lazyblock-inner-blocks\">\n\n<h3 class=\"wp-block-heading\">Die wichtigsten Winter-Features<\/h3>\n\n\n<div class=\"lazyblock-features-2lzzzL wp-block-lazyblock-features\"><div class=\"features\" id=\"features-2lzzzL\">\r\n    <div class=\"feature card\" id=\"feature-2lzzzL-0\">\r\n      <figure class=\"mb-3\">\r\n        <img src=\"https:\/\/www.diamantrad.com\/wp-content\/uploads\/2025\/09\/DI_25_Suvea_Lifestyle_Detail_IMG_5510.avif\"\r\n          srcset=\"\r\n           https:\/\/www.diamantrad.com\/wp-content\/uploads\/2025\/09\/DI_25_Suvea_Lifestyle_Detail_IMG_5510-300x200.avif 300w, \r\n           https:\/\/www.diamantrad.com\/wp-content\/uploads\/2025\/09\/DI_25_Suvea_Lifestyle_Detail_IMG_5510-768x512.avif 768w, \r\n           https:\/\/www.diamantrad.com\/wp-content\/uploads\/2025\/09\/DI_25_Suvea_Lifestyle_Detail_IMG_5510-1024x683.avif 1024w, \r\n           https:\/\/www.diamantrad.com\/wp-content\/uploads\/2025\/09\/DI_25_Suvea_Lifestyle_Detail_IMG_5510-1536x1024.avif 1536w, \r\n          \r\n          https:\/\/www.diamantrad.com\/wp-content\/uploads\/2025\/09\/DI_25_Suvea_Lifestyle_Detail_IMG_5510.avif 2400w\"\r\n          sizes=\"(max-width: 768px) 100vw, (max-width: 1200px) 80vw, 2400px\"\r\n          alt=\"Di 25 suvea lifestyle detail img 5510\"\r\n          class=\"img-fluid\"\r\n          decoding=\"async\"\r\n        \/>\r\n      <\/figure>\r\n      <div class=\"card-body p-0\">\r\n        <h5 class=\"card-title text-uppercase\">Regenschirm dabei<\/h5>\r\n        <p class=\"card-content small mb-0\">F\u00fcr unser optionales, modulares Accessory Bar haben wir zuerst an Taschen gedacht. Aber du kannst nat\u00fcrlich auch einen Regenschirm dort befestigen.<\/p>\r\n      <\/div>\r\n    <\/div>\r\n    <div class=\"feature card\" id=\"feature-2lzzzL-1\">\r\n      <figure class=\"mb-3\">\r\n        <img src=\"https:\/\/www.diamantrad.com\/wp-content\/uploads\/2025\/09\/DI_25_Suvea_Lifestyle_Detail_IMG_6481.avif\"\r\n          srcset=\"\r\n           https:\/\/www.diamantrad.com\/wp-content\/uploads\/2025\/09\/DI_25_Suvea_Lifestyle_Detail_IMG_6481-300x200.avif 300w, \r\n           https:\/\/www.diamantrad.com\/wp-content\/uploads\/2025\/09\/DI_25_Suvea_Lifestyle_Detail_IMG_6481-768x512.avif 768w, \r\n           https:\/\/www.diamantrad.com\/wp-content\/uploads\/2025\/09\/DI_25_Suvea_Lifestyle_Detail_IMG_6481-1024x683.avif 1024w, \r\n           https:\/\/www.diamantrad.com\/wp-content\/uploads\/2025\/09\/DI_25_Suvea_Lifestyle_Detail_IMG_6481-1536x1024.avif 1536w, \r\n          \r\n          https:\/\/www.diamantrad.com\/wp-content\/uploads\/2025\/09\/DI_25_Suvea_Lifestyle_Detail_IMG_6481.avif 2400w\"\r\n          sizes=\"(max-width: 768px) 100vw, (max-width: 1200px) 80vw, 2400px\"\r\n          alt=\"Di 25 suvea lifestyle detail img 6481\"\r\n          class=\"img-fluid\"\r\n          decoding=\"async\"\r\n        \/>\r\n      <\/figure>\r\n      <div class=\"card-body p-0\">\r\n        <h5 class=\"card-title text-uppercase\">Lange Schutzbleche<\/h5>\r\n        <p class=\"card-content small mb-0\">Ein bisschen l\u00e4nger, ein bisschen breiter und mit Spritzschutzgummi: So werden Schuhe und Hose wirklich nicht nass. Es sei denn, du f\u00e4hrst mitten rein in die Ruhr.<\/p>\r\n      <\/div>\r\n    <\/div>\r\n    <div class=\"feature card\" id=\"feature-2lzzzL-2\">\r\n      <figure class=\"mb-3\">\r\n        <img src=\"https:\/\/www.diamantrad.com\/wp-content\/uploads\/2025\/09\/DI_25_Suvea_Lifestyle_Detail_IMG_5446.avif\"\r\n          srcset=\"\r\n           https:\/\/www.diamantrad.com\/wp-content\/uploads\/2025\/09\/DI_25_Suvea_Lifestyle_Detail_IMG_5446-300x200.avif 300w, \r\n           https:\/\/www.diamantrad.com\/wp-content\/uploads\/2025\/09\/DI_25_Suvea_Lifestyle_Detail_IMG_5446-768x512.avif 768w, \r\n           https:\/\/www.diamantrad.com\/wp-content\/uploads\/2025\/09\/DI_25_Suvea_Lifestyle_Detail_IMG_5446-1024x683.avif 1024w, \r\n           https:\/\/www.diamantrad.com\/wp-content\/uploads\/2025\/09\/DI_25_Suvea_Lifestyle_Detail_IMG_5446-1536x1024.avif 1536w, \r\n          \r\n          https:\/\/www.diamantrad.com\/wp-content\/uploads\/2025\/09\/DI_25_Suvea_Lifestyle_Detail_IMG_5446.avif 2400w\"\r\n          sizes=\"(max-width: 768px) 100vw, (max-width: 1200px) 80vw, 2400px\"\r\n          alt=\"Di 25 suvea lifestyle detail img 5446\"\r\n          class=\"img-fluid\"\r\n          decoding=\"async\"\r\n        \/>\r\n      <\/figure>\r\n      <div class=\"card-body p-0\">\r\n        <h5 class=\"card-title text-uppercase\">Reifen mit Griff<\/h5>\r\n        <p class=\"card-content small mb-0\">Breite Reifen f\u00e4hrst du mit weniger Luftdruck. Das ist komfortabel, aber erh\u00f6ht auch die Griffigkeit massiv &#8211; besonders dann, wenn es nass und rutschig wird, <\/p>\r\n      <\/div>\r\n    <\/div>\r\n    <div class=\"feature card\" id=\"feature-2lzzzL-3\">\r\n      <figure class=\"mb-3\">\r\n        <img src=\"https:\/\/www.diamantrad.com\/wp-content\/uploads\/2025\/09\/DI_25_Suvea_Lifestyle_Detail_IMG_5314.avif\"\r\n          srcset=\"\r\n           https:\/\/www.diamantrad.com\/wp-content\/uploads\/2025\/09\/DI_25_Suvea_Lifestyle_Detail_IMG_5314-300x200.avif 300w, \r\n           https:\/\/www.diamantrad.com\/wp-content\/uploads\/2025\/09\/DI_25_Suvea_Lifestyle_Detail_IMG_5314-768x512.avif 768w, \r\n           https:\/\/www.diamantrad.com\/wp-content\/uploads\/2025\/09\/DI_25_Suvea_Lifestyle_Detail_IMG_5314-1024x683.avif 1024w, \r\n           https:\/\/www.diamantrad.com\/wp-content\/uploads\/2025\/09\/DI_25_Suvea_Lifestyle_Detail_IMG_5314-1536x1024.avif 1536w, \r\n          \r\n          https:\/\/www.diamantrad.com\/wp-content\/uploads\/2025\/09\/DI_25_Suvea_Lifestyle_Detail_IMG_5314.avif 2400w\"\r\n          sizes=\"(max-width: 768px) 100vw, (max-width: 1200px) 80vw, 2400px\"\r\n          alt=\"Di 25 suvea lifestyle detail img 5314\"\r\n          class=\"img-fluid\"\r\n          decoding=\"async\"\r\n        \/>\r\n      <\/figure>\r\n      <div class=\"card-body p-0\">\r\n        <h5 class=\"card-title text-uppercase\">Sichtbar bleiben<\/h5>\r\n        <p class=\"card-content small mb-0\">Das Suvea kommt ab Werk Reifen mit Reflexstreifen f\u00fcr seitliche Sichtbarkeit, Scheinwerfer mit Always-On-Funktion, und R\u00fccklichter mit Bremslichtfunktion.<\/p>\r\n      <\/div>\r\n    <\/div>\r\n<\/div>\r\n<\/div>\n<\/div>\r\n      <\/div>\r\n    <\/div>\r\n  <\/div>\r\n<\/div><\/div>\n\n<div class=\"lazyblock-nncontainer-1QmjpC wp-block-lazyblock-nncontainer\"><div class=\"section-standard\">\r\n  <div class=\"container\" id=\"container-1QmjpC\">\r\n    <div class=\"row\">\r\n      <div class=\"col py-4 py-lg-5\">\r\n        <div class=\"lazyblock-inner-blocks\">\n\n<h3 class=\"wp-block-heading\">Deine Diamant-H\u00e4ndler in NRW<\/h3>\n\n\n\n<p>Diamant hat ein <strong>dichtes H\u00e4ndlernetzwerk<\/strong> in NRW. Du findest Diamant bei den gro\u00dfen Ketten wie <a href=\"https:\/\/littlejohnbikes.de\/suche?search=diamant%20suvea\" target=\"_blank\" rel=\"noopener\" title=\"\" aria-label=\"Opens external link in a new tab\">Little John Bikes<\/a> und <a href=\"https:\/\/www.lucky-bike.de\/index.php?cl=search&amp;zQuery=suvea\" title=\"\">Lucky Bike<\/a>, aber auch bei traditionellen Fahrradwerkst\u00e4tten wie dem <a href=\"http:\/\/www.fahrradfachmarkt.com\/\" title=\"\">Fahrradfachmarkt Schwerte<\/a> und modernen Boutiquen wie <a href=\"https:\/\/die-edelhelfer.de\/search-detail.htm?searchstr=suvea&amp;l4%24c51%24c2%24btn-search_ctrl=&amp;__VIEWSTATE=&amp;widget-search=1\" title=\"\">Edelhelfer<\/a> in D\u00fcsseldorf, Dortmund und Recklinghausen. In Soest bei <a href=\"https:\/\/radleben.com\/search?q=suvea\" title=\"\">Radleben<\/a>, in Bonn bei <a href=\"https:\/\/www.huebel-bonn.de\/suche.php?suchbegriff=suvea&amp;utf-8=%E2%9C%93\" title=\"\">Fahrrad H\u00fcbel<\/a>, in Aachen im <a href=\"https:\/\/www.trekbikes.com\/de\/de_DE\/retail\/aachen\/\" title=\"\">Trek Store<\/a>&#8230; \u00fcberall findest du das <strong>Suvea<\/strong> auch als <strong>Testrad<\/strong>.<\/p>\n\n\n\n<p>M\u00f6chtest du das Suvea zusammen mit vielen anderen Bikes testen? Dann empfehlen wir dir ein Gesch\u00e4ft mit mehr Auswahl. (Das Suvea wird dich auch dort beeindrucken.) M\u00f6chtest du lieber fokussiert nach deinem neuen E-Bike suchen? Kleinere Gesch\u00e4fte leben f\u00fcr Menschen wie dich. Wir achten darauf, konsequent mit <strong>Premium-Partnern<\/strong> zusammenzuarbeiten. Das garantiert dir gute Beratung, guten Service und <strong>eine gute Entscheidung.<\/strong><\/p>\n\n\n\n<p id=\"nrw-shops\">Damit du genau wei\u00dft, welches Bike du testen und kaufen kannst: In unserer H\u00e4ndlersuche kannst du f\u00fcr viele H\u00e4ndler den Bestand direkt abfragen.<\/p>\n\n<\/div>\r\n      <\/div>\r\n    <\/div>\r\n  <\/div>\r\n<\/div><\/div>\n\n\n<!-- LOCALLY.COM WIDGET EMBED CODE -->\n<div id=\"lcly-button-0\"\n   >\n  <a id=\"lcly-link-0\" href=\"https:\/\/brands.locally.com\" target=\"_blank\">\n    Gesch\u00e4ftsuche by Locally\n  <\/a>\n<\/div>\n<script id=\"lcly-script-0\" async><\/script>\n<script id=\"lcly-config-0\">\n  var lcly_config_0 = {\n    \"company_name\": \"Diamant\",\n    \"company_id\": \"164925\",\n    \"inline\": \"1\",\n    \"lang\": \"de-de\",\n    \"no_link\": \"1\"\n  };\n  var lcly_query_0 = Object.keys(lcly_config_0)\n  .reduce(function(a,k){a.push(encodeURIComponent(k) + '=' \n  + encodeURIComponent(lcly_config_0[k]));return a},[]).join('&');\n  var lcly_endpoint_0 = 'https:\/\/diamant.locally.com\/stores\/map.js?' + lcly_query_0;\n  document.getElementById('lcly-script-0').src = lcly_endpoint_0;\n<\/script>\n\n\n\n<div class=\"wp-block-cover is-light\"><img loading=\"lazy\" decoding=\"async\" width=\"2560\" height=\"1707\" sizes=\"auto, (max-width: 2560px) 100vw, 2560px\" class=\"wp-block-cover__image-background wp-image-58473 size-full\" alt=\"Di 25 suvea lifestyle\" src=\"https:\/\/www.diamantrad.com\/wp-content\/uploads\/2025\/03\/DI_25_Suvea_Lifestyle_67I6917_300dpi-2-scaled.avif\" data-object-fit=\"cover\" srcset=\"https:\/\/www.diamantrad.com\/wp-content\/uploads\/2025\/03\/DI_25_Suvea_Lifestyle_67I6917_300dpi-2-scaled.avif 2560w, https:\/\/www.diamantrad.com\/wp-content\/uploads\/2025\/03\/DI_25_Suvea_Lifestyle_67I6917_300dpi-2-300x200.avif 300w, https:\/\/www.diamantrad.com\/wp-content\/uploads\/2025\/03\/DI_25_Suvea_Lifestyle_67I6917_300dpi-2-1024x683.avif 1024w, https:\/\/www.diamantrad.com\/wp-content\/uploads\/2025\/03\/DI_25_Suvea_Lifestyle_67I6917_300dpi-2-768x512.avif 768w, https:\/\/www.diamantrad.com\/wp-content\/uploads\/2025\/03\/DI_25_Suvea_Lifestyle_67I6917_300dpi-2-1536x1024.avif 1536w, https:\/\/www.diamantrad.com\/wp-content\/uploads\/2025\/03\/DI_25_Suvea_Lifestyle_67I6917_300dpi-2-2048x1365.avif 2048w\" \/><span aria-hidden=\"true\" class=\"wp-block-cover__background has-background-dim-0 has-background-dim\"><\/span><div class=\"wp-block-cover__inner-container is-layout-constrained wp-block-cover-is-layout-constrained\">\n<p class=\"has-text-align-center has-large-font-size\"><\/p>\n\n\n<div class=\"lazyblock-cover-text-ZEgauz wp-block-lazyblock-cover-text\"><div class=\"covertext container py-5 d-flex flex-column colorscheme-light justify-content-center\" id=\"covertext-ZEgauz\">\r\n  <div class=\"lazyblock-inner-blocks\">\n\n<h3 class=\"wp-block-heading\">Von Rhein und Ruhr und Sauerland nach Holland auf den sch\u00f6nen Strand.<\/h3>\n\n<\/div>\r\n<\/div><\/div><\/div><\/div>\n","protected":false},"excerpt":{"rendered":"<p>Gesch\u00e4ftsuche by Locally<\/p>\n","protected":false},"author":3,"featured_media":0,"parent":0,"menu_order":0,"comment_status":"closed","ping_status":"closed","template":"","meta":{"_acf_changed":false,"slim_seo":{"title":"Jetzt E-Bike im Herbst kaufen - Das NRW-SUV - Diamant Suvea","description":"Finde deinen H\u00e4ndler f\u00fcr das Diamant Suvea in NRW. Nutze die Gelegenheit. Der Herbst eignet sich optimal f\u00fcr den Fahrradkauf. Weniger Menschen = Weniger Stress."},"footnotes":""},"class_list":["post-68563","page","type-page","status-publish","hentry"],"acf":[],"_links":{"self":[{"href":"https:\/\/www.diamantrad.com\/en-GB\/wp-json\/wp\/v2\/pages\/68563","targetHints":{"allow":["GET"]}}],"collection":[{"href":"https:\/\/www.diamantrad.com\/en-GB\/wp-json\/wp\/v2\/pages"}],"about":[{"href":"https:\/\/www.diamantrad.com\/en-GB\/wp-json\/wp\/v2\/types\/page"}],"author":[{"embeddable":true,"href":"https:\/\/www.diamantrad.com\/en-GB\/wp-json\/wp\/v2\/users\/3"}],"replies":[{"embeddable":true,"href":"https:\/\/www.diamantrad.com\/en-GB\/wp-json\/wp\/v2\/comments?post=68563"}],"version-history":[{"count":30,"href":"https:\/\/www.diamantrad.com\/en-GB\/wp-json\/wp\/v2\/pages\/68563\/revisions"}],"predecessor-version":[{"id":69486,"href":"https:\/\/www.diamantrad.com\/en-GB\/wp-json\/wp\/v2\/pages\/68563\/revisions\/69486"}],"wp:attachment":[{"href":"https:\/\/www.diamantrad.com\/en-GB\/wp-json\/wp\/v2\/media?parent=68563"}],"curies":[{"name":"wp","href":"https:\/\/api.w.org\/{rel}","templated":true}]}}