{"id":864,"date":"2020-07-01T20:08:45","date_gmt":"2020-07-01T18:08:45","guid":{"rendered":"http:\/\/localhost\/diamantrad\/?page_id=864"},"modified":"2025-08-14T17:04:35","modified_gmt":"2025-08-14T15:04:35","slug":"about-us","status":"publish","type":"page","link":"https:\/\/www.diamantrad.com\/de-DE\/about-us\/","title":{"rendered":"About us"},"content":{"rendered":"\n<div class=\"wp-block-cover is-light\"><img data-dominant-color=\"75807f\" data-has-transparency=\"false\" style=\"--dominant-color: #75807f;\" loading=\"lazy\" decoding=\"async\" width=\"1661\" height=\"932\" sizes=\"auto, (max-width: 1661px) 100vw, 1661px\" class=\"wp-block-cover__image-background wp-image-57524 size-full not-transparent\" alt=\"About us hero house of diamant\" src=\"https:\/\/www.diamantrad.com\/wp-content\/uploads\/2025\/03\/about-us-hero-house-of-diamant-png.avif\" data-object-fit=\"cover\" srcset=\"https:\/\/www.diamantrad.com\/wp-content\/uploads\/2025\/03\/about-us-hero-house-of-diamant-png.avif 1661w, https:\/\/www.diamantrad.com\/wp-content\/uploads\/2025\/03\/about-us-hero-house-of-diamant-300x168.avif 300w, https:\/\/www.diamantrad.com\/wp-content\/uploads\/2025\/03\/about-us-hero-house-of-diamant-1024x575.avif 1024w, https:\/\/www.diamantrad.com\/wp-content\/uploads\/2025\/03\/about-us-hero-house-of-diamant-768x431.avif 768w, https:\/\/www.diamantrad.com\/wp-content\/uploads\/2025\/03\/about-us-hero-house-of-diamant-1536x862.avif 1536w\" \/><span aria-hidden=\"true\" class=\"wp-block-cover__background has-background-dim\" style=\"background-color:#848687\"><\/span><div class=\"wp-block-cover__inner-container is-layout-constrained wp-block-cover-is-layout-constrained\"><div class=\"lazyblock-cover-text-2nxoOO wp-block-lazyblock-cover-text\"><div class=\"covertext container py-5 d-flex flex-column colorscheme-light justify-content-center\" id=\"covertext-2nxoOO\">\r\n  <div class=\"lazyblock-inner-blocks\">\n\n<h2 class=\"wp-block-heading\">Diamant<\/h2>\n\n\n\n<h3 class=\"wp-block-heading\">Bewegt seit 1885<\/h3>\n\n<\/div>\r\n<\/div><\/div><\/div><\/div>\n\n\n<div class=\"lazyblock-nncontainer-11zmep wp-block-lazyblock-nncontainer\"><div class=\"section-standard\">\r\n  <div class=\"container\" id=\"container-11zmep\">\r\n    <div class=\"row\">\r\n      <div class=\"col py-4 py-lg-5\">\r\n        <div class=\"lazyblock-inner-blocks\">\n<div class=\"wp-bootstrap-blocks-row row\">\n\t\n\n<div class=\"col-12 col-md-6\">\n\t\t\t\n\n<h2 class=\"wp-block-heading has-text-align-right\">Bewegung ist unser Fixpunkt<\/h2>\n\n\t<\/div>\n\n\n\n<div class=\"col-12 col-md-6\">\n\t\t\t\n\n<p class=\"wp-block-paragraph\">Seit 1885 gibt es die Diamantwerke. Wir sind der \u00e4lteste deutsche Fahrradhersteller. Diamant ist auch die einzige gro\u00dfe Fahrradmarke aus Ostdeutschland. Mit unseren Fahrr\u00e4dern k\u00f6nnen Menschen mehr erreichen. Mehr Mobilit\u00e4t. Mehr Orte. Mehr Aktivit\u00e4t. Mehr Gef\u00fchle. Mehr Qualit\u00e4t. Mehr Freiheit.<\/p>\n\n\n\n<p class=\"wp-block-paragraph\">Bewegung ist unser Fixpunkt. Die Zeit bewegt uns, aber wir bewegen auch selbst die Zeit und ihre Menschen. Wer Menschen bewegt, der begeistert sie. Wer Dinge bewegt, der l\u00f6st Ver\u00e4nderung aus. Und wer Gedanken bewegt, der leitet an. Und du? Fahr los. Beweg dich. Sei f\u00fcr jemanden das Gesicht f\u00fcr einen Wandel. Sei f\u00fcr jemanden wie ein Edelstein. Daf\u00fcr bauen wir unsere R\u00e4der. Einfach richtig gute R\u00e4der. Und wirklich: Das k\u00f6nnen wir noch ziemlich gut. Nicht \u00fcberzeugt? Teste uns!<\/p>\n\n\n\n<div class=\"wp-block-buttons is-content-justification-left is-layout-flex wp-container-core-buttons-is-layout-63375db1 wp-block-buttons-is-layout-flex\">\n<div class=\"wp-block-button mb-1\"><a role=\"button\" class=\"wp-block-button__link wp-element-button\" href=\"https:\/\/www.diamantrad.com\/de-DE\/why-diamant\/\">Warum Diamant fahren?<\/a><\/div>\n<\/div>\n\n\t<\/div>\n\n<\/div>\n\n<\/div>\r\n      <\/div>\r\n    <\/div>\r\n  <\/div>\r\n<\/div><\/div>\n\n\n<div class=\"wp-block-cover is-light\"><img data-dominant-color=\"b97f80\" data-has-transparency=\"false\" style=\"--dominant-color: #b97f80;\" loading=\"lazy\" decoding=\"async\" width=\"1620\" height=\"1080\" sizes=\"auto, (max-width: 1620px) 100vw, 1620px\" class=\"wp-block-cover__image-background wp-image-36273 size-full not-transparent\" alt=\"\" src=\"https:\/\/www.diamantrad.com\/wp-content\/uploads\/2025\/02\/aa41f2bf84a7f0e232bd45f9b6a7da38.avif\" data-object-fit=\"cover\" srcset=\"https:\/\/www.diamantrad.com\/wp-content\/uploads\/2025\/02\/aa41f2bf84a7f0e232bd45f9b6a7da38.avif 1620w, https:\/\/www.diamantrad.com\/wp-content\/uploads\/2025\/02\/aa41f2bf84a7f0e232bd45f9b6a7da38-300x200.avif 300w, https:\/\/www.diamantrad.com\/wp-content\/uploads\/2025\/02\/aa41f2bf84a7f0e232bd45f9b6a7da38-1024x683.avif 1024w, https:\/\/www.diamantrad.com\/wp-content\/uploads\/2025\/02\/aa41f2bf84a7f0e232bd45f9b6a7da38-768x512.avif 768w, https:\/\/www.diamantrad.com\/wp-content\/uploads\/2025\/02\/aa41f2bf84a7f0e232bd45f9b6a7da38-1536x1024.avif 1536w\" \/><span aria-hidden=\"true\" class=\"wp-block-cover__background has-background-dim-0 has-background-dim\" style=\"background-color:#c2c1c2\"><\/span><div class=\"wp-block-cover__inner-container is-layout-constrained wp-block-cover-is-layout-constrained\">\n<p class=\"has-text-align-center has-large-font-size wp-block-paragraph\"><\/p>\n<\/div><\/div>\n\n\n<div class=\"lazyblock-nncontainer-GWka wp-block-lazyblock-nncontainer\"><div class=\"section-standard\">\r\n  <div class=\"container\" id=\"container-GWka\">\r\n    <div class=\"row\">\r\n      <div class=\"col py-4 py-lg-5\">\r\n        <div class=\"lazyblock-inner-blocks\">\n\n<h2 class=\"wp-block-heading\">Heartmade in Hartmannsdorf<\/h2>\n\n\n\n<p class=\"wp-block-paragraph\">Wir sind mehr als 400 sehr normale, sehr bodenst\u00e4ndige Menschen. Eine Leidenschaft eint uns: Dass dein Diamant dich zum Strahlen bringt.<\/p>\n\n\n\n<p class=\"wp-block-paragraph\">Das sind wir. \u00dcber 400 sehr normale, sehr bodenst\u00e4ndige, sehr ehrliche Menschen. Die meisten von uns haben ihren Arbeitsplatz in Hartmannsdorf, einer kleinen Gemeinde nur einen Steinwurf entfernt von Chemnitz. Einige arbeiten hier seit mehr als 40 Jahren f\u00fcr Diamant. Andere werden nur kurz bei uns sein. Und die Wahrheit ist: Nicht alle von uns sind selbst leidenschaftliche Radfahrer. Aber wir alle haben eine gro\u00dfe Leidenschaft daf\u00fcr, dass du dich in dein Rad von Diamant verliebst. Das schenkt uns Zufriedenheit, Freude und Stolz.<\/p>\n\n\n\n<p class=\"wp-block-paragraph\">Und hast du gewusst? F\u00fcr eine Weile war Chemnitz mit mehreren gro\u00dfen Fahrradherstellern eines der deutschen Zentren f\u00fcr die deutsche Fahrradindustrie. Diamant ist immer noch da. Wir stehen f\u00fcr und entwickeln das Erbe unserer geliebten Heimat. Und selbst wenn an manchen Tagen die Arbeit auch nur eine Arbeit ist: Wir identifizieren uns mit unserer Aufgabe und unsere Fahrr\u00e4der sind das Abbild derer, die wir sind. Das ist dieser subtile, aber wichtige Schritt von \u00abhandmade\u00bb zu \u00abheartmade\u00bb.<\/p>\n\n<\/div>\r\n      <\/div>\r\n    <\/div>\r\n  <\/div>\r\n<\/div><\/div>\n\n\n<div class=\"wp-block-cover is-light\"><img data-dominant-color=\"797c88\" data-has-transparency=\"false\" loading=\"lazy\" decoding=\"async\" width=\"2560\" height=\"1707\" sizes=\"auto, (max-width: 2560px) 100vw, 2560px\" class=\"wp-block-cover__image-background wp-image-55530 size-full not-transparent\" alt=\"\" src=\"https:\/\/www.diamantrad.com\/wp-content\/uploads\/2025\/03\/diamant-about-us-heartmade-in-hartmansdorf-scaled.avif\" style=\"--dominant-color: #797c88; object-position:52% 0%\" data-object-fit=\"cover\" data-object-position=\"52% 0%\" srcset=\"https:\/\/www.diamantrad.com\/wp-content\/uploads\/2025\/03\/diamant-about-us-heartmade-in-hartmansdorf-scaled.avif 2560w, https:\/\/www.diamantrad.com\/wp-content\/uploads\/2025\/03\/diamant-about-us-heartmade-in-hartmansdorf-300x200.avif 300w, https:\/\/www.diamantrad.com\/wp-content\/uploads\/2025\/03\/diamant-about-us-heartmade-in-hartmansdorf-1024x683.avif 1024w, https:\/\/www.diamantrad.com\/wp-content\/uploads\/2025\/03\/diamant-about-us-heartmade-in-hartmansdorf-768x512.avif 768w, https:\/\/www.diamantrad.com\/wp-content\/uploads\/2025\/03\/diamant-about-us-heartmade-in-hartmansdorf-1536x1024.avif 1536w, https:\/\/www.diamantrad.com\/wp-content\/uploads\/2025\/03\/diamant-about-us-heartmade-in-hartmansdorf-2048x1365.avif 2048w\" \/><span aria-hidden=\"true\" class=\"wp-block-cover__background has-background-dim-0 has-background-dim\"><\/span><div class=\"wp-block-cover__inner-container is-layout-constrained wp-block-cover-is-layout-constrained\">\n<p class=\"has-text-align-center has-large-font-size wp-block-paragraph\"><\/p>\n<\/div><\/div>\n\n\n<div class=\"lazyblock-nncontainer-20KPQK wp-block-lazyblock-nncontainer\"><div class=\"section-standard\">\r\n  <div class=\"container\" id=\"container-20KPQK\">\r\n    <div class=\"row\">\r\n      <div class=\"col py-4 py-lg-5\">\r\n        <div class=\"lazyblock-inner-blocks\">\n\n<h2 class=\"wp-block-heading\">Wir sind menschlich deutsch<\/h2>\n\n\n\n<p class=\"wp-block-paragraph\">Qualit\u00e4t, Technologie und Ingenieurskunst \u2013 wir leben deutsche Tugenden. Aber mit menschlicher W\u00e4rme und Empathie, denn sie sind f\u00fcr dich und deine Bewegung da.<\/p>\n\n\n\n<p class=\"wp-block-paragraph\">\u201cMade in Germany\u201d steht f\u00fcr Qualit\u00e4t und Erfahrung, f\u00fcr Ingenieurskunst und Technologie. Nat\u00fcrlich m\u00f6chten wir auch diese Werte verk\u00f6rpern. Aber Bewegung ist f\u00fcr uns weit mehr als ein kaltes, technisches Konstrukt. Fahrr\u00e4der sind f\u00fcr Menschen \u2013 und Menschen haben Tr\u00e4ume. Sie m\u00f6chten Schw\u00e4che \u00fcberkommen, Krankheit oder fehlendes Selbstbewusstsein. Sie m\u00f6chten Freiheit erleben und ihre Ziele erreichen. Spezifikationen und Features m\u00fcssen daher mehr als purer Selbstzweck sein. Sie haben einen Grund: Sie bewegen die Menschen, die Dinge bewegen.<\/p>\n\n<\/div>\r\n      <\/div>\r\n    <\/div>\r\n  <\/div>\r\n<\/div><\/div>\n\n\n<div class=\"wp-block-cover is-light\"><img data-dominant-color=\"95807d\" data-has-transparency=\"false\" loading=\"lazy\" decoding=\"async\" width=\"1620\" height=\"1080\" sizes=\"auto, (max-width: 1620px) 100vw, 1620px\" class=\"wp-block-cover__image-background wp-image-55680 size-full not-transparent\" alt=\"\" src=\"https:\/\/www.diamantrad.com\/wp-content\/uploads\/2025\/03\/diamant-about-us-felix.avif\" style=\"--dominant-color: #95807d; object-position:50% 86%\" data-object-fit=\"cover\" data-object-position=\"50% 86%\" srcset=\"https:\/\/www.diamantrad.com\/wp-content\/uploads\/2025\/03\/diamant-about-us-felix.avif 1620w, https:\/\/www.diamantrad.com\/wp-content\/uploads\/2025\/03\/diamant-about-us-felix-300x200.avif 300w, https:\/\/www.diamantrad.com\/wp-content\/uploads\/2025\/03\/diamant-about-us-felix-1024x683.avif 1024w, https:\/\/www.diamantrad.com\/wp-content\/uploads\/2025\/03\/diamant-about-us-felix-768x512.avif 768w, https:\/\/www.diamantrad.com\/wp-content\/uploads\/2025\/03\/diamant-about-us-felix-1536x1024.avif 1536w\" \/><span aria-hidden=\"true\" class=\"wp-block-cover__background has-background-dim-0 has-background-dim\" style=\"background-color:#a3a5a4\"><\/span><div class=\"wp-block-cover__inner-container is-layout-constrained wp-block-cover-is-layout-constrained\">\n<p class=\"has-text-align-center has-large-font-size wp-block-paragraph\"><\/p>\n<\/div><\/div>\n\n\n<div class=\"lazyblock-nncontainer-E8J4g wp-block-lazyblock-nncontainer\"><div class=\"section-standard\">\r\n  <div class=\"container\" id=\"container-E8J4g\">\r\n    <div class=\"row\">\r\n      <div class=\"col py-4 py-lg-5\">\r\n        <div class=\"lazyblock-inner-blocks\">\n\n<h2 class=\"wp-block-heading\">Das coole Gesicht des anderen Deutschlands<\/h2>\n\n\n\n<p class=\"wp-block-paragraph\">Wir sind ostdeutsch. In unserer Biografie steckt das menschliche Streben nach Freiheit. Wir werden die Welt nicht \u00e4ndern. Aber wir k\u00f6nnen deine verbessern. Und es darf Spa\u00df machen.<\/p>\n\n\n\n<p class=\"wp-block-paragraph\">Unsere Geschichte geht \u00fcber unser Alter und eine Bilanz unserer Erfolge (und Misserfolge) hinaus. Wir sind ostdeutsch. Unsere eigene Biografie reflektiert die Geschichte unserer Heimat. Wir repr\u00e4sentieren den unaufhaltsamen menschlichen Drang nach Freiheit und nach dem Leben in einer besseren, weniger beschr\u00e4nkten Welt. Als wir noch innerhalb der Mauer lebten, haben wir Fahrr\u00e4der gebaut, um unseren Freiraum zu vergr\u00f6\u00dfern.<br><br>Heute geht es nicht mehr um physische Mauern, aber wir verschreiben uns immer noch dem Ziel, Hemmnisse und Beschr\u00e4nkungen einzurei\u00dfen. Eine andere Perspektive einzunehmen. Vorurteile zu brechen. Uns wieder in Bewegung zu bringen. Und dich. Nein, wir k\u00f6nnen nicht die Welt ver\u00e4ndern. Aber wir k\u00f6nnen dir in deiner Welt Komfort schenken. Und es darf Spa\u00df machen.<\/p>\n\n<\/div>\r\n      <\/div>\r\n    <\/div>\r\n  <\/div>\r\n<\/div><\/div>\n\n\n<div class=\"wp-block-cover is-light\"><img data-dominant-color=\"8b7986\" data-has-transparency=\"false\" loading=\"lazy\" decoding=\"async\" width=\"1024\" height=\"683\" sizes=\"auto, (max-width: 1024px) 100vw, 1024px\" class=\"wp-block-cover__image-background wp-image-55546 size-large not-transparent\" alt=\"\" src=\"https:\/\/www.diamantrad.com\/wp-content\/uploads\/2025\/03\/DI_25_Mahon_Lifestyle_67I0858_72dpi-1024x683.avif\" style=\"--dominant-color: #8b7986; object-position:81% 62%\" data-object-fit=\"cover\" data-object-position=\"81% 62%\" srcset=\"https:\/\/www.diamantrad.com\/wp-content\/uploads\/2025\/03\/DI_25_Mahon_Lifestyle_67I0858_72dpi-1024x683.avif 1024w, https:\/\/www.diamantrad.com\/wp-content\/uploads\/2025\/03\/DI_25_Mahon_Lifestyle_67I0858_72dpi-300x200.avif 300w, https:\/\/www.diamantrad.com\/wp-content\/uploads\/2025\/03\/DI_25_Mahon_Lifestyle_67I0858_72dpi-768x512.avif 768w, https:\/\/www.diamantrad.com\/wp-content\/uploads\/2025\/03\/DI_25_Mahon_Lifestyle_67I0858_72dpi-1536x1024.avif 1536w, https:\/\/www.diamantrad.com\/wp-content\/uploads\/2025\/03\/DI_25_Mahon_Lifestyle_67I0858_72dpi.avif 1587w\" \/><span aria-hidden=\"true\" class=\"wp-block-cover__background has-background-dim-0 has-background-dim\" style=\"background-color:#978e83\"><\/span><div class=\"wp-block-cover__inner-container is-layout-constrained wp-block-cover-is-layout-constrained\">\n<p class=\"has-text-align-center has-large-font-size wp-block-paragraph\"><\/p>\n<\/div><\/div>\n\n\n<div class=\"lazyblock-nncontainer-1VeDjm wp-block-lazyblock-nncontainer\"><div class=\"section-standard\">\r\n  <div class=\"container\" id=\"container-1VeDjm\">\r\n    <div class=\"row\">\r\n      <div class=\"col py-4 py-lg-5\">\r\n        <div class=\"lazyblock-inner-blocks\">\n\n<h2 class=\"wp-block-heading\">Marke mit Erbe statt Erbe einer Marke<\/h2>\n\n\n\n<p class=\"wp-block-paragraph\">Wir sind alt. Aber einfach nur alt sein, das reicht uns nicht. Wir haben nur deshalb Geschichte, weil wir hinter uns lassen, was vergangen ist.<\/p>\n\n\n\n<p class=\"wp-block-paragraph\">Wir haben die moderne Fahrradkette mit Doppelrollen erfunden. Mit Diamant fuhren die ersten deutschen Radfahrer, die das Gelbe Trikot der Tour de France trugen, und auch die ersten deutschen Weltmeister. Wir haben in den fr\u00fchen 90ern das zweite moderne E-Bike in Serienproduktion eingef\u00fchrt. Aber wir sind so, so viel mehr als nur ein Koffer voller historischer Notizen. Erbe ist statisch. Jedes Heute braucht neue Bewegung. Immer noch trauen wir uns, Konventionen in Frage zu stellen. Unser Verm\u00e4chtnis ist Entwicklung. Wir sind genauso jung wie alt.<br><br>Wir sind mehr als das Erbe einer Marke. Wir sind eine Marke mit Erbe.<\/p>\n\n\n\n<div class=\"wp-block-buttons is-content-justification-left is-layout-flex wp-container-core-buttons-is-layout-63375db1 wp-block-buttons-is-layout-flex\">\n<div class=\"wp-block-button\"><a role=\"button\" class=\"wp-block-button__link wp-element-button\" href=\"https:\/\/www.diamantrad.com\/de-DE\/history\/\">Unsere Geschichte im Detail<\/a><\/div>\n<\/div>\n\n<\/div>\r\n      <\/div>\r\n    <\/div>\r\n  <\/div>\r\n<\/div><\/div>","protected":false},"excerpt":{"rendered":"","protected":false},"author":8,"featured_media":0,"parent":0,"menu_order":0,"comment_status":"closed","ping_status":"closed","template":"","meta":{"_acf_changed":false,"_crdt_document":"","slim_seo":{"title":"Diamant - Heartmade in Hartmannsdorf - Die Kultmarke","description":"Entdecke das moderne, bodenst\u00e4ndige Gesicht von Deutschlands \u00e4ltester Fahrradmarke. Bewegung ist unser Fixpunkt. Freiheit ist unser Ziel."},"footnotes":""},"class_list":["post-864","page","type-page","status-publish","hentry"],"acf":[],"_links":{"self":[{"href":"https:\/\/www.diamantrad.com\/en-GB\/wp-json\/wp\/v2\/pages\/864","targetHints":{"allow":["GET"]}}],"collection":[{"href":"https:\/\/www.diamantrad.com\/en-GB\/wp-json\/wp\/v2\/pages"}],"about":[{"href":"https:\/\/www.diamantrad.com\/en-GB\/wp-json\/wp\/v2\/types\/page"}],"author":[{"embeddable":true,"href":"https:\/\/www.diamantrad.com\/en-GB\/wp-json\/wp\/v2\/users\/8"}],"replies":[{"embeddable":true,"href":"https:\/\/www.diamantrad.com\/en-GB\/wp-json\/wp\/v2\/comments?post=864"}],"version-history":[{"count":1,"href":"https:\/\/www.diamantrad.com\/en-GB\/wp-json\/wp\/v2\/pages\/864\/revisions"}],"predecessor-version":[{"id":59492,"href":"https:\/\/www.diamantrad.com\/en-GB\/wp-json\/wp\/v2\/pages\/864\/revisions\/59492"}],"wp:attachment":[{"href":"https:\/\/www.diamantrad.com\/en-GB\/wp-json\/wp\/v2\/media?parent=864"}],"curies":[{"name":"wp","href":"https:\/\/api.w.org\/{rel}","templated":true}]}}