{"id":56980,"date":"2025-03-23T18:19:44","date_gmt":"2025-03-23T17:19:44","guid":{"rendered":"https:\/\/dev.diamantrad.com\/?page_id=56980"},"modified":"2025-10-29T16:29:39","modified_gmt":"2025-10-29T15:29:39","slug":"imprint","status":"publish","type":"page","link":"https:\/\/www.diamantrad.com\/en-GB\/imprint\/","title":{"rendered":"Impressum"},"content":{"rendered":"<div class=\"lazyblock-nncontainer-Z2g4qQs wp-block-lazyblock-nncontainer\"><div class=\"section-secondary\">\r\n  <div class=\"container\" id=\"container-Z2g4qQs\">\r\n    <div class=\"row\">\r\n      <div class=\"col py-4 py-lg-5\">\r\n        <div class=\"lazyblock-inner-blocks\">\n<div class=\"lazyblock-cover-text-Z1rH0gv wp-block-lazyblock-cover-text\"><div class=\"covertext container py-5 d-flex flex-column colorscheme-light justify-content-center\" id=\"covertext-Z1rH0gv\">\r\n  <div class=\"lazyblock-inner-blocks\">\n\n<h2 class=\"wp-block-heading\">Imprint<\/h2>\n\n<\/div>\r\n<\/div><\/div>\n<\/div>\r\n      <\/div>\r\n    <\/div>\r\n  <\/div>\r\n<\/div><\/div>\n\n<div class=\"lazyblock-nncontainer-Z2c1cdc wp-block-lazyblock-nncontainer\"><div class=\"section-standard\">\r\n  <div class=\"container\" id=\"container-Z2c1cdc\">\r\n    <div class=\"row\">\r\n      <div class=\"col py-4 py-lg-5\">\r\n        <div class=\"lazyblock-inner-blocks\">\n\n<p><strong>Diamant Fahrradwerke GmbH<\/strong><br>Sch\u00f6naicher Stra\u00dfe 1<br>09232 Hartmannsdorf<br>Germany<\/p>\n\n\n\n<p>Contact for suppliers: 0049 3722 405 621<br>Contact for dealers: 01908 360140 (via Trek Bikes)<br>Contact for customers: Please use our&nbsp;<a href=\"https:\/\/www.diamantrad.com\/en-GB\/contact\/\" title=\"\">contact form<\/a><br>E-Mail:&nbsp;<a href=\"mailto:info@diamantrad.com\">info@diamantrad.com<\/a><\/p>\n\n\n\n<p>General manager: John Schuster<br>Commercial register: Handelsgerichter des Amtsgerichts Chemnitz, HRB 6093<br>VAT-ID: DE111665530<\/p>\n\n\n\n<p>Tax number: 222\/107\/00432<\/p>\n\n\n\n<p>Data protection officer: Phillip Herold<br>Contact for data protection issues:&nbsp;<a href=\"mailto:GDPR@trekbikes.com\">GDPR@trekbikes.com<\/a><\/p>\n\n\n\n<p>Supervisory authority: Der S\u00e4chsische Datenschutzbeauftragte, Kontor am Landtag, Devrientstra\u00dfe 1, 01067 Dresden, Germany<\/p>\n\n\n\n<p>Purpose of commercial activity: Handel mit sowie Herstellung und Vertrieb von Fahrr\u00e4dern, Fahrr\u00e4dern mit elektrobetriebener Motorunterst\u00fctzung, Fahrradersatzteilen und Fahrradzubeh\u00f6r<\/p>\n\n\n\n<p>Founding date of &#8220;Gebr\u00fcder Nevoigt, Reichenbrand \/ Chemnitz&#8221;: 1. Januar 1885<br>Founding date of Diamant Fahrradwerke GmbH as the ultimate legal successor: 31.10.1991<\/p>\n\n\n\n<h3 class=\"wp-block-heading\">Terms of use\/Disclaimer<\/h3>\n\n\n\n<p>1. Use of the website of Diamant Fahrradwerke GmbH is subject to the following terms and conditions, which are binding upon the user and Diamant Fahrradwerke GmbH as the service provider upon accessing the website or any part of the website. The website includes data and information of all kinds, which are protected by trademark and\/or copyright in favor of Diamant Fahrradwerke GmbH or, in individual cases, in favor of third parties. Therefore, it is not permitted to download, reproduce, and\/or distribute the website in whole or in part. Technically required reproduction for the purpose of browsing is allowed as long as these actions are not for economic purposes, as well as permanent reproduction for personal use.<\/p>\n\n\n\n<p>2. &nbsp;It is allowed to set a link to this website as long as it serves solely for reference purposes. Diamant Fahrradwerke GmbH reserves the right to revoke this permission. Framing of this website is not allowed.<\/p>\n\n\n\n<p>3. No warranty is provided for the accuracy and completeness of the information on the website. In particular, changes to the specifications of our bicycles, as well as colors and prices, are possible at any time without notice. References and links to third-party websites do not imply that Diamant Fahrradwerke GmbH endorses the content behind the reference or link. The content of third-party websites does not create any responsibility for Diamant Fahrradwerke GmbH for the data and information provided there. Diamant Fahrradwerke GmbH has no influence on the content behind the link. Therefore, Diamant Fahrradwerke GmbH is not liable for unlawful, incorrect, or incomplete content or for damages caused by the use of content behind the link.<\/p>\n\n<\/div>\r\n      <\/div>\r\n    <\/div>\r\n  <\/div>\r\n<\/div><\/div>","protected":false},"excerpt":{"rendered":"","protected":false},"author":3,"featured_media":0,"parent":0,"menu_order":0,"comment_status":"closed","ping_status":"closed","template":"","meta":{"_acf_changed":false,"slim_seo":{"title":"Imprint - Diamantrad.com","description":"Imprint of the diamond wheel website. All legal information, controller & contact at a glance."},"footnotes":""},"class_list":["post-56980","page","type-page","status-publish","hentry"],"acf":[],"_links":{"self":[{"href":"https:\/\/www.diamantrad.com\/en-GB\/wp-json\/wp\/v2\/pages\/56980","targetHints":{"allow":["GET"]}}],"collection":[{"href":"https:\/\/www.diamantrad.com\/en-GB\/wp-json\/wp\/v2\/pages"}],"about":[{"href":"https:\/\/www.diamantrad.com\/en-GB\/wp-json\/wp\/v2\/types\/page"}],"author":[{"embeddable":true,"href":"https:\/\/www.diamantrad.com\/en-GB\/wp-json\/wp\/v2\/users\/3"}],"replies":[{"embeddable":true,"href":"https:\/\/www.diamantrad.com\/en-GB\/wp-json\/wp\/v2\/comments?post=56980"}],"version-history":[{"count":1,"href":"https:\/\/www.diamantrad.com\/en-GB\/wp-json\/wp\/v2\/pages\/56980\/revisions"}],"predecessor-version":[{"id":69751,"href":"https:\/\/www.diamantrad.com\/en-GB\/wp-json\/wp\/v2\/pages\/56980\/revisions\/69751"}],"wp:attachment":[{"href":"https:\/\/www.diamantrad.com\/en-GB\/wp-json\/wp\/v2\/media?parent=56980"}],"curies":[{"name":"wp","href":"https:\/\/api.w.org\/{rel}","templated":true}]}}