{"id":66251,"date":"2025-08-18T19:43:01","date_gmt":"2025-08-18T17:43:01","guid":{"rendered":"https:\/\/www.diamantrad.com\/?page_id=66251"},"modified":"2025-10-29T16:29:46","modified_gmt":"2025-10-29T15:29:46","slug":"imprint","status":"publish","type":"page","link":"https:\/\/www.diamantrad.com\/fi-FI\/imprint\/","title":{"rendered":"Julkaisutiedot"},"content":{"rendered":"<div class=\"lazyblock-nncontainer-Z2g4qQs wp-block-lazyblock-nncontainer\"><div class=\"section-secondary\">\r\n  <div class=\"container\" id=\"container-Z2g4qQs\">\r\n    <div class=\"row\">\r\n      <div class=\"col py-4 py-lg-5\">\r\n        <div class=\"lazyblock-inner-blocks\">\n<div class=\"lazyblock-cover-text-Z1rH0gv wp-block-lazyblock-cover-text\"><div class=\"covertext container py-5 d-flex flex-column colorscheme-light justify-content-center\" id=\"covertext-Z1rH0gv\">\r\n  <div class=\"lazyblock-inner-blocks\">\n\n<h2 class=\"wp-block-heading\">Julkaisutiedot<\/h2>\n\n<\/div>\r\n<\/div><\/div>\n<\/div>\r\n      <\/div>\r\n    <\/div>\r\n  <\/div>\r\n<\/div><\/div>\n\n<div class=\"lazyblock-nncontainer-Z2c1cdc wp-block-lazyblock-nncontainer\"><div class=\"section-standard\">\r\n  <div class=\"container\" id=\"container-Z2c1cdc\">\r\n    <div class=\"row\">\r\n      <div class=\"col py-4 py-lg-5\">\r\n        <div class=\"lazyblock-inner-blocks\">\n\n<p><strong>Diamant Fahrradwerke GmbH<\/strong><br>Sch\u00f6naicher Stra\u00dfe 1<br>09232 Hartmannsdorf<br>Germany<\/p>\n\n\n\n<p>Toimittajien yhteystiedot: 0049 3722 405 621<br>Asiakkaiden yhteystiedot: K\u00e4yt\u00e4&nbsp;<a href=\"https:\/\/www.diamantrad.com\/fi-FI\/contact\/\" title=\"Contact\">yhteydenottolomakettamme<\/a><br>E-Mail:&nbsp;<a href=\"mailto:info@diamantrad.com\">info@diamantrad.com<\/a><\/p>\n\n\n\n<p>Toimitusjohtaja: John Schuster<br>Kaupparekisteri: Chemnitzin kaupparekisteri, HRB 6093<br>ALV-tunnus: DE111665530<\/p>\n\n\n\n<p>Verotunnus: 222\/107\/00432<\/p>\n\n\n\n<p>Tietosuojavastaava: Phillip Herold<br>Yhteyshenkil\u00f6 tietosuoja-asioissa:&nbsp;<a href=\"mailto:GDPR@trekbikes.com\">GDPR@trekbikes.com<\/a><\/p>\n\n\n\n<p>Valvontaviranomainen: Der S\u00e4chsische Datenschutzbeauftragte, Kontor am Landtag, Devrientstra\u00dfe 1, 01067 Dresden, Germany<\/p>\n\n\n\n<p>Kaupallisen toiminnan tarkoitus: Polkupy\u00f6rien, s\u00e4hk\u00f6avusteisten polkupy\u00f6rien, polkupy\u00f6r\u00e4n varaosien ja polkupy\u00f6r\u00e4n lis\u00e4varusteiden kauppa, valmistus ja jakelu<\/p>\n\n\n\n<p>&#8220;Gebr\u00fcder Nevoigt, Reichenbrand \/ Chemnitz&#8221; -yrityksen perustamisp\u00e4iv\u00e4: 1. tammikuuta 1885<br>Diamant Fahrradwerke GmbH:n perustamisp\u00e4iv\u00e4 lopullisena oikeudellisena seuraajana: 31.10.1991<\/p>\n\n\n\n<h3 class=\"wp-block-heading\">K\u00e4ytt\u00f6ehdot\/Vastuuvapauslauseke<\/h3>\n\n\n\n<p>1. Diamant Fahrradwerke GmbH:n verkkosivuston k\u00e4ytt\u00f6\u00e4 koskevat seuraavat ehdot, jotka ovat sitovia k\u00e4ytt\u00e4j\u00e4lle ja Diamant Fahrradwerke GmbH:lle palveluntarjoajana, kun k\u00e4ytt\u00e4j\u00e4 avaa verkkosivuston tai sen osan. Verkkosivusto sis\u00e4lt\u00e4\u00e4 kaikenlaisia tietoja ja informaatiota, jotka ovat Diamant Fahrradwerke GmbH:n tai yksitt\u00e4isiss\u00e4 tapauksissa kolmansien osapuolten tavaramerkkien ja\/tai tekij\u00e4noikeuksien suojaamia. Siksi verkkosivuston lataaminen, j\u00e4ljent\u00e4minen ja\/tai jakelu kokonaan tai osittain on kielletty. Teknisesti v\u00e4ltt\u00e4m\u00e4t\u00f6n kopiointi selaamista varten on sallittua, kunhan n\u00e4it\u00e4 toimia ei k\u00e4ytet\u00e4 taloudellisiin tarkoituksiin, samoin kuin pysyv\u00e4 kopiointi henkil\u00f6kohtaiseen k\u00e4ytt\u00f6\u00f6n.<\/p>\n\n\n\n<p>&nbsp;T\u00e4h\u00e4n verkkosivustoon on sallittua lis\u00e4t\u00e4 linkki, kunhan se on tarkoitettu yksinomaan viitteeksi. Diamant Fahrradwerke GmbH pid\u00e4tt\u00e4\u00e4 oikeuden peruuttaa t\u00e4m\u00e4n luvan. T\u00e4m\u00e4n verkkosivuston kehyst\u00e4minen ei ole sallittua.<\/p>\n\n\n\n<p>Verkkosivuston tietojen oikeellisuudesta ja t\u00e4ydellisyydest\u00e4 ei anneta takuuta. Erityisesti polkupy\u00f6riemme tekniset tiedot, v\u00e4rit ja hinnat voivat muuttua milloin tahansa ilman erillist\u00e4 ilmoitusta. Viittaukset ja linkit kolmansien osapuolten verkkosivustoille eiv\u00e4t tarkoita, ett\u00e4 Diamant Fahrradwerke GmbH hyv\u00e4ksyy viittauksen tai linkin takana olevan sis\u00e4ll\u00f6n. Kolmansien osapuolten verkkosivustojen sis\u00e4lt\u00f6 ei aiheuta Diamant Fahrradwerke GmbH:lle vastuuta siell\u00e4 esitetyist\u00e4 tiedoista. Diamant Fahrradwerke GmbH ei vaikuta linkin takana olevaan sis\u00e4lt\u00f6\u00f6n. Siksi Diamant Fahrradwerke GmbH ei ole vastuussa laittomasta, virheellisest\u00e4 tai puutteellisesta sis\u00e4ll\u00f6st\u00e4 tai linkin takana olevan sis\u00e4ll\u00f6n k\u00e4yt\u00f6st\u00e4 aiheutuneista vahingoista.<\/p>\n\n<\/div>\r\n      <\/div>\r\n    <\/div>\r\n  <\/div>\r\n<\/div><\/div>","protected":false},"excerpt":{"rendered":"","protected":false},"author":3,"featured_media":0,"parent":0,"menu_order":0,"comment_status":"closed","ping_status":"closed","template":"","meta":{"_acf_changed":false,"slim_seo":{"title":"Imprint - Diamantrad.com","description":"Diamond wheel -verkkosivuston julkaisu. Kaikki oikeudelliset tiedot, valvoja ja yhteystiedot yhdell\u00e4 silm\u00e4yksell\u00e4."},"footnotes":""},"class_list":["post-66251","page","type-page","status-publish","hentry"],"acf":[],"_links":{"self":[{"href":"https:\/\/www.diamantrad.com\/fi-FI\/wp-json\/wp\/v2\/pages\/66251","targetHints":{"allow":["GET"]}}],"collection":[{"href":"https:\/\/www.diamantrad.com\/fi-FI\/wp-json\/wp\/v2\/pages"}],"about":[{"href":"https:\/\/www.diamantrad.com\/fi-FI\/wp-json\/wp\/v2\/types\/page"}],"author":[{"embeddable":true,"href":"https:\/\/www.diamantrad.com\/fi-FI\/wp-json\/wp\/v2\/users\/3"}],"replies":[{"embeddable":true,"href":"https:\/\/www.diamantrad.com\/fi-FI\/wp-json\/wp\/v2\/comments?post=66251"}],"version-history":[{"count":5,"href":"https:\/\/www.diamantrad.com\/fi-FI\/wp-json\/wp\/v2\/pages\/66251\/revisions"}],"predecessor-version":[{"id":69752,"href":"https:\/\/www.diamantrad.com\/fi-FI\/wp-json\/wp\/v2\/pages\/66251\/revisions\/69752"}],"wp:attachment":[{"href":"https:\/\/www.diamantrad.com\/fi-FI\/wp-json\/wp\/v2\/media?parent=66251"}],"curies":[{"name":"wp","href":"https:\/\/api.w.org\/{rel}","templated":true}]}}