{"id":66265,"date":"2025-08-19T07:47:31","date_gmt":"2025-08-19T05:47:31","guid":{"rendered":"https:\/\/www.diamantrad.com\/?page_id=66265"},"modified":"2025-09-09T16:17:28","modified_gmt":"2025-09-09T14:17:28","slug":"garantie","status":"publish","type":"page","link":"https:\/\/www.diamantrad.com\/fi-FI\/garantie\/","title":{"rendered":"Takuu"},"content":{"rendered":"<div class=\"lazyblock-nncontainer-1sg3im wp-block-lazyblock-nncontainer\"><div class=\"section-secondary\">\r\n  <div class=\"container\" id=\"container-1sg3im\">\r\n    <div class=\"row\">\r\n      <div class=\"col py-4 py-lg-5\">\r\n        <div class=\"lazyblock-inner-blocks\">\n<div class=\"lazyblock-cover-text-ZtHcJA wp-block-lazyblock-cover-text\"><div class=\"covertext container py-5 d-flex flex-column colorscheme-light justify-content-center\" id=\"covertext-ZtHcJA\">\r\n  <div class=\"lazyblock-inner-blocks\">\n\n<h2 class=\"wp-block-heading\">Takuu<\/h2>\n\n<\/div>\r\n<\/div><\/div>\n<\/div>\r\n      <\/div>\r\n    <\/div>\r\n  <\/div>\r\n<\/div><\/div>\n\n<div class=\"lazyblock-nncontainer-ZqUuQF wp-block-lazyblock-nncontainer\"><div class=\"section-standard\">\r\n  <div class=\"container\" id=\"container-ZqUuQF\">\r\n    <div class=\"row\">\r\n      <div class=\"col py-4 py-lg-5\">\r\n        <div class=\"lazyblock-inner-blocks\">\n\n<p>My\u00f6nn\u00e4mme kaikille Diamant-rungoille ja j\u00e4ykille haarukoille elinik\u00e4isen takuun valmistus- ja materiaalivioista ostop\u00e4iv\u00e4st\u00e4 alkaen. Kaikille alkuper\u00e4isille osille joustohaarukkaa lukuun ottamatta Diamant my\u00f6nt\u00e4\u00e4 kahden vuoden takuun (tai kulloinkin voimassa olevan lakis\u00e4\u00e4teisen takuun) ostop\u00e4iv\u00e4st\u00e4 alkaen. Joustohaarukat ovat niiden valmistajien takuuehtojen alaisia. Maalille ja tarroille my\u00f6nnet\u00e4\u00e4n kahden vuoden takuu.<\/p>\n\n\n\n<p>Takuu rajoittuu nimenomaisesti viallisen rungon, haarukan tai osan korjaamiseen tai vaihtamiseen. Diamant p\u00e4\u00e4tt\u00e4\u00e4 yksin, tarjotaanko tuotteen korjaus, vaihto tai korvaus ilmaiseksi tai alennuksella. Takuu koskee yksinomaan alkuper\u00e4ist\u00e4 ostajaa, eik\u00e4 sit\u00e4 voi siirt\u00e4\u00e4 toiselle henkil\u00f6lle ennen hein\u00e4kuuta 2019 ostettujen Diamant-polkupy\u00f6rien osalta. Hein\u00e4kuun 2019 j\u00e4lkeen ostettujen polkupy\u00f6rien osalta, jos py\u00f6r\u00e4 myyd\u00e4\u00e4n edelleen kolmen ensimm\u00e4isen vuoden aikana, tarjoamme uudelle omistajalle enint\u00e4\u00e4n 3 vuoden runkotakuun alkuper\u00e4isest\u00e4 ostop\u00e4iv\u00e4st\u00e4.<\/p>\n\n\n\n<p>Ostosopimus on voimassa ostajan ja j\u00e4lleenmyyj\u00e4n v\u00e4lill\u00e4. Diamantin takuu t\u00e4ydent\u00e4\u00e4 j\u00e4lleenmyyj\u00e4n lakis\u00e4\u00e4teisi\u00e4 takuuvelvoitteita. Takuuvaatimukset Diamantia vastaan voidaan esitt\u00e4\u00e4 vain valtuutetun Diamant-j\u00e4lleenmyyj\u00e4n kautta. Alkuper\u00e4inen ostotodistus vaaditaan (laskun tai muun p\u00e4iv\u00e4m\u00e4\u00e4r\u00e4isen myyntiasiakirjan muodossa, josta k\u00e4y ilmi Diamant-polkupy\u00f6r\u00e4n runkonumero).<\/p>\n\n\n\n<p>Lis\u00e4tietoja takuukorvausvaatimusten k\u00e4sittelyst\u00e4 l\u00f6ytyy <a href=\"https:\/\/www.diamantrad.com\/fi-FI\/faq\/\" title=\"FAQ\">-palveluosiosta<\/a>.<\/p>\n\n\n\n<p>Takuu ei kata normaalista kulumisesta, virheist\u00e4, toimintah\u00e4iri\u00f6ist\u00e4 tai vioista johtuvia vahinkoja, jotka ovat seurausta v\u00e4\u00e4r\u00e4st\u00e4 k\u00e4yt\u00f6st\u00e4, huolimattomuudesta, virheellisest\u00e4 asennuksesta tai huollosta sek\u00e4 kolmannen osapuolen osien asentamisesta. Diamant ei ole vastuussa onnettomuuksista, v\u00e4lillisist\u00e4 vahingoista tai virheellisest\u00e4 k\u00e4sittelyst\u00e4 johtuvista vahingoista. Takuu ei kata osien korjaamisesta- tai vaihtamisesta aiheutuvia ty\u00f6kustannuksia. K\u00e4ytt\u00e4j\u00e4t ottavat vastuun henkil\u00f6vahingoista ja omaisuusvahingoista, jos polkupy\u00f6r\u00e4\u00e4 k\u00e4ytet\u00e4\u00e4n milloin tahansa temppuihin, muta-ajoon tai vastaaviin toimintoihin, joita ei pidet\u00e4 normaalina k\u00e4ytt\u00f6n\u00e4. T\u00e4llaisesta toiminnasta aiheutuneet vahingot ovat nimenomaisesti takuun ulkopuolella.<\/p>\n\n\n\n<p>N\u00e4m\u00e4 takuuehdot eiv\u00e4t koske ennen vuotta 2012 ostettuja polkupy\u00f6ri\u00e4. Ennen vuotta 2012 ostettujen polkupy\u00f6rien osalta asiakaspalvelutiimimme voi auttaa <a href=\"https:\/\/www.diamantrad.com\/fi-FI\/contact\/\" title=\"Contact\">yhteydenottolomakkeen<\/a> kautta tai <a href=\"https:\/\/www.diamantrad.com\/fi-FI\/store-finder\/\" title=\"Store Finder\">j\u00e4lleenmyyj\u00e4n<\/a> kautta oikeiden takuuehtojen soveltamisessa.<\/p>\n\n\n\n<p>T\u00e4m\u00e4 takuu antaa asiakkaille tiettyj\u00e4 oikeuksia, jotka voivat vaihdella maittain. T\u00e4m\u00e4 takuu ei vaikuta asiakkaiden lakis\u00e4\u00e4teisiin oikeuksiin.<\/p>\n\n\n\n<p>Tuotetiedoissa annetut tiedot \u2013 erityisesti polkupy\u00f6rien tekniset tiedot, mallit, mitat, suorituskyky ja painot \u2013 ovat likim\u00e4\u00e4r\u00e4isi\u00e4 ja eiv\u00e4t ole sitovia eiv\u00e4tk\u00e4 muodosta sopimukseen perustuvia takuita tai tarjouksia. Lis\u00e4ksi vahingonkorvausvaatimukset Diamantia vastaan laittomista teoista ovat poissuljettuja lain sallimissa rajoissa.<\/p>\n\n\n\n<p>Kaikki valokuvat, kuvat, v\u00e4rit, painot ja tekniset tiedot perustuvat uusimpiin tuotetietoihin, jotka olivat saatavilla julkaisun aikaan. Diamant pid\u00e4tt\u00e4\u00e4 oikeuden muuttaa v\u00e4rej\u00e4, materiaaleja, varusteita, teknisi\u00e4 tietoja ja malleja milloin tahansa ilman erillist\u00e4 ilmoitusta. N\u00e4ytetyist\u00e4 v\u00e4reist\u00e4 poikkeavat v\u00e4rit johtuvat teknisist\u00e4 tekij\u00f6ist\u00e4. Kuvissa voi olla varusteita, joita ei ole saatavilla. Tietyt mallit on esitetty lis\u00e4varusteilla.<\/p>\n\n<\/div>\r\n      <\/div>\r\n    <\/div>\r\n  <\/div>\r\n<\/div><\/div>","protected":false},"excerpt":{"rendered":"","protected":false},"author":3,"featured_media":0,"parent":0,"menu_order":0,"comment_status":"closed","ping_status":"closed","template":"","meta":{"_acf_changed":false,"slim_seo":{"title":"Takuu \u00b0 Diamantrad","description":""},"footnotes":""},"class_list":["post-66265","page","type-page","status-publish","hentry"],"acf":[],"_links":{"self":[{"href":"https:\/\/www.diamantrad.com\/en-GB\/wp-json\/wp\/v2\/pages\/66265","targetHints":{"allow":["GET"]}}],"collection":[{"href":"https:\/\/www.diamantrad.com\/en-GB\/wp-json\/wp\/v2\/pages"}],"about":[{"href":"https:\/\/www.diamantrad.com\/en-GB\/wp-json\/wp\/v2\/types\/page"}],"author":[{"embeddable":true,"href":"https:\/\/www.diamantrad.com\/en-GB\/wp-json\/wp\/v2\/users\/3"}],"replies":[{"embeddable":true,"href":"https:\/\/www.diamantrad.com\/en-GB\/wp-json\/wp\/v2\/comments?post=66265"}],"version-history":[{"count":7,"href":"https:\/\/www.diamantrad.com\/en-GB\/wp-json\/wp\/v2\/pages\/66265\/revisions"}],"predecessor-version":[{"id":68136,"href":"https:\/\/www.diamantrad.com\/en-GB\/wp-json\/wp\/v2\/pages\/66265\/revisions\/68136"}],"wp:attachment":[{"href":"https:\/\/www.diamantrad.com\/en-GB\/wp-json\/wp\/v2\/media?parent=66265"}],"curies":[{"name":"wp","href":"https:\/\/api.w.org\/{rel}","templated":true}]}}