{"id":66274,"date":"2025-08-19T10:24:34","date_gmt":"2025-08-19T08:24:34","guid":{"rendered":"https:\/\/www.diamantrad.com\/?page_id=66274"},"modified":"2025-09-09T16:17:33","modified_gmt":"2025-09-09T14:17:33","slug":"register-your-bike","status":"publish","type":"page","link":"https:\/\/www.diamantrad.com\/fi-FI\/register-your-bike\/","title":{"rendered":"Rekister\u00f6i py\u00f6r\u00e4si"},"content":{"rendered":"<div class=\"lazyblock-nncontainer-xSdON wp-block-lazyblock-nncontainer\"><div class=\"section-secondary\">\r\n  <div class=\"container\" id=\"container-xSdON\">\r\n    <div class=\"row\">\r\n      <div class=\"col py-4 py-lg-5\">\r\n        <div class=\"lazyblock-inner-blocks\">\n<div class=\"lazyblock-cover-text-OHNpf wp-block-lazyblock-cover-text\"><div class=\"covertext container py-5 d-flex flex-column colorscheme-light justify-content-center\" id=\"covertext-OHNpf\">\r\n  <div class=\"lazyblock-inner-blocks\">\n\n<h2 class=\"wp-block-heading\">Rekister\u00f6i py\u00f6r\u00e4si<\/h2>\n\n<\/div>\r\n<\/div><\/div>\n<\/div>\r\n      <\/div>\r\n    <\/div>\r\n  <\/div>\r\n<\/div><\/div>\n\n<div class=\"lazyblock-nncontainer-Z1SJvY3 mb-1 wp-block-lazyblock-nncontainer\"><div class=\"section-standard\">\r\n  <div class=\"container\" id=\"container-Z1SJvY3\">\r\n    <div class=\"row\">\r\n      <div class=\"col py-4 py-lg-5\">\r\n        <div class=\"lazyblock-inner-blocks\">\n\n<p>T\u00e4m\u00e4n verkkosivuston lomakkeella voit rekister\u00f6id\u00e4 Diamant-polkupy\u00f6r\u00e4n nopeasti ja helposti. Tietosi tallennetaan automaattisesti ja turvallisesti j\u00e4rjestelm\u00e4\u00e4mme. Saat vahvistusviestin antamaasi s\u00e4hk\u00f6postiosoitteeseen. Jos et ole saanut viesti\u00e4, tarkista my\u00f6s roskapostikansio. Jos et saa vahvistusta s\u00e4hk\u00f6postitse, voit k\u00e4ytt\u00e4\u00e4 yhteydenottolomaketta ja tarkistaa meilt\u00e4, onko py\u00f6r\u00e4si rekister\u00f6ity oikein.<\/p>\n\n\n\n<h2 class=\"wp-block-heading\">Py\u00f6r\u00e4n rekister\u00f6innin edut:<\/h2>\n\n\n\n<p>1. Rekister\u00f6im\u00e4ll\u00e4 polkupy\u00f6r\u00e4n tai s\u00e4hk\u00f6py\u00f6r\u00e4n, voimme ottaa sinuun suoraan yhteytt\u00e4 harvinaisissa tapauksissa, joissa <a href=\"https:\/\/www.diamantrad.com\/fi-FI\/recalls\/\" title=\"\">-tuote on palautettava<\/a>. Jos annat meille my\u00f6s suostumuksesi uutiskirjeiden l\u00e4hett\u00e4miseen, voimme pit\u00e4\u00e4 sinut ajan tasalla py\u00f6r\u00e4\u00e4si koskevista uusista ominaisuuksista.<\/p>\n\n\n\n<p>2. Kun poliisi l\u00f6yt\u00e4\u00e4 varastettuja polkupy\u00f6ri\u00e4, se voi tarkistaa meilt\u00e4 l\u00f6ydettyjen polkupy\u00f6rien rekister\u00f6idyt omistajat. Jos olet rekister\u00f6inyt py\u00f6r\u00e4si, voimme antaa osoitteesi poliisille, jotta he voivat palauttaa py\u00f6r\u00e4n sinulle.<\/p>\n\n\n\n<p>3. Lis\u00e4ksi k\u00e4yt\u00e4mme rekister\u00f6ityj\u00e4 tietojasi nopeaan takuuvaatimusten k\u00e4sittelyyn lakis\u00e4\u00e4teisen takuuajan p\u00e4\u00e4tytty\u00e4. Takuu ei kuitenkaan riipu py\u00f6r\u00e4n rekister\u00f6innist\u00e4, vaan ostotodistus riitt\u00e4\u00e4.<\/p>\n\n\n\n<p>T\u00e4yt\u00e4 lomake kokonaan ja napsauta &#8220;L\u00e4het\u00e4&#8221;. * -merkityt kent\u00e4t ovat pakollisia. Jos se ei ole mainittu kuitissasi: Rungon numero l\u00f6ytyy alaputken tarrasta. T\u00e4m\u00e4 numero alkaa kirjaimilla WTU.<\/p>\n\n<\/div>\r\n      <\/div>\r\n    <\/div>\r\n  <\/div>\r\n<\/div><\/div>\n\n<div class=\"lazyblock-nncontainer-1HMRfS wp-block-lazyblock-nncontainer\"><div class=\"section-light\">\r\n  <div class=\"container\" id=\"container-1HMRfS\">\r\n    <div class=\"row\">\r\n      <div class=\"col py-4 py-lg-5\">\r\n        <div class=\"lazyblock-inner-blocks\">\n\n<div class=\"wp-block-contact-form-7-contact-form-selector\">\n<div class=\"wpcf7 no-js\" id=\"wpcf7-f66273-o1\" lang=\"de-DE\" dir=\"ltr\" data-wpcf7-id=\"66273\">\n<div class=\"screen-reader-response\"><p role=\"status\" aria-live=\"polite\" aria-atomic=\"true\"><\/p> <ul><\/ul><\/div>\n<form action=\"\/fi-FI\/wp-json\/wp\/v2\/pages\/66274#wpcf7-f66273-o1\" method=\"post\" class=\"wpcf7-form init\" aria-label=\"Contact form\" novalidate=\"novalidate\" data-status=\"init\">\n<fieldset class=\"hidden-fields-container\"><input type=\"hidden\" name=\"_wpcf7\" value=\"66273\" \/><input type=\"hidden\" name=\"_wpcf7_version\" value=\"6.1.5\" \/><input type=\"hidden\" name=\"_wpcf7_locale\" value=\"de_DE\" \/><input type=\"hidden\" name=\"_wpcf7_unit_tag\" value=\"wpcf7-f66273-o1\" \/><input type=\"hidden\" name=\"_wpcf7_container_post\" value=\"0\" \/><input type=\"hidden\" name=\"_wpcf7_posted_data_hash\" value=\"\" \/>\n<\/fieldset>\n<div class=\"row\">\n\t<div class=\"col\">\n\t\t<h3>Kerro meille itsest\u00e4sis\n\t\t<\/h3>\n\t\t<div class=\"row mb-5\">\n\t\t\t<div class=\"col-md-6\">\n\t\t\t\t<p><label for=\"firstname\" class=\"screen-reader-text\">First name*<\/label><span class=\"wpcf7-form-control-wrap\" data-name=\"firstname\"><input size=\"40\" maxlength=\"400\" class=\"wpcf7-form-control wpcf7-text wpcf7-validates-as-required form-control\" aria-required=\"true\" aria-invalid=\"false\" placeholder=\"Etunimi*\" value=\"\" type=\"text\" name=\"firstname\" \/><\/span>\n\t\t\t\t<\/p>\n\t\t\t<\/div>\n\t\t\t<div class=\"col-md-6\">\n\t\t\t\t<p><label for=\"lastname\" class=\"screen-reader-text\">Last name*<\/label><span class=\"wpcf7-form-control-wrap\" data-name=\"lastname\"><input size=\"40\" maxlength=\"400\" class=\"wpcf7-form-control wpcf7-text wpcf7-validates-as-required form-control\" aria-required=\"true\" aria-invalid=\"false\" placeholder=\"Sukunumi*\" value=\"\" type=\"text\" name=\"lastname\" \/><\/span>\n\t\t\t\t<\/p>\n\t\t\t<\/div>\n\t\t\t<div class=\"col-md-6\">\n\t\t\t\t<p><label for=\"street\" class=\"screen-reader-text\">Street & Nr.<\/label><span class=\"wpcf7-form-control-wrap\" data-name=\"street\"><input size=\"40\" maxlength=\"400\" class=\"wpcf7-form-control wpcf7-text form-control\" aria-invalid=\"false\" placeholder=\"Katu ja numero\" value=\"\" type=\"text\" name=\"street\" \/><\/span>\n\t\t\t\t<\/p>\n\t\t\t<\/div>\n\t\t\t<div class=\"col-md-6\">\n\t\t\t\t<p><label for=\"location\" class=\"screen-reader-text\">Postcode & Place<\/label><span class=\"wpcf7-form-control-wrap\" data-name=\"location\"><input size=\"40\" maxlength=\"400\" class=\"wpcf7-form-control wpcf7-text form-control\" aria-invalid=\"false\" placeholder=\"Postinumero ja paikkakunta\" value=\"\" type=\"text\" name=\"location\" \/><\/span>\n\t\t\t\t<\/p>\n\t\t\t<\/div>\n\t\t\t<div class=\"col-md-6\">\n\t\t\t\t<p><label for=\"your-email\" class=\"screen-reader-text\">E-mail*<\/label><span class=\"wpcf7-form-control-wrap\" data-name=\"your-email\"><input size=\"40\" maxlength=\"400\" class=\"wpcf7-form-control wpcf7-email wpcf7-validates-as-required wpcf7-text wpcf7-validates-as-email form-control\" aria-required=\"true\" aria-invalid=\"false\" placeholder=\"S\u00e4hk\u00f6postiosoite\" value=\"\" type=\"email\" name=\"your-email\" \/><\/span>\n\t\t\t\t<\/p>\n\t\t\t<\/div>\n\t\t\t<div class=\"col-md-6\">\n\t\t\t\t<p><label for=\"phone\" class=\"screen-reader-text\">Phone number*<\/label><span class=\"wpcf7-form-control-wrap\" data-name=\"phone\"><input size=\"40\" maxlength=\"400\" class=\"wpcf7-form-control wpcf7-text wpcf7-validates-as-required form-control\" aria-required=\"true\" aria-invalid=\"false\" placeholder=\"Puhelinnumero\" value=\"\" type=\"text\" name=\"phone\" \/><\/span>\n\t\t\t\t<\/p>\n\t\t\t<\/div>\n\t\t<\/div>\n\t\t<h3>Kerro meille py\u00f6r\u00e4st\u00e4si\n\t\t<\/h3>\n\t\t<div class=\"row mb-5\">\n\t\t\t<div class=\"col-md-6\">\n\t\t\t\t<p><label for=\"bike\" class=\"screen-reader-text\">Model*<\/label><span class=\"wpcf7-form-control-wrap\" data-name=\"bike\"><input size=\"40\" maxlength=\"400\" class=\"wpcf7-form-control wpcf7-text wpcf7-validates-as-required form-control\" aria-required=\"true\" aria-invalid=\"false\" placeholder=\"Malli*\" value=\"\" type=\"text\" name=\"bike\" \/><\/span>\n\t\t\t\t<\/p>\n\t\t\t<\/div>\n\t\t\t<div class=\"col-md-6\">\n\t\t\t\t<p><label for=\"serialnumber\" class=\"screen-reader-text\">Frame number (WTU sticker)*<\/label><span class=\"wpcf7-form-control-wrap\" data-name=\"serialnumber\"><input size=\"40\" maxlength=\"400\" class=\"wpcf7-form-control wpcf7-text wpcf7-validates-as-required form-control\" aria-required=\"true\" aria-invalid=\"false\" placeholder=\"Rungon numero (WTU)*\" value=\"\" type=\"text\" name=\"serialnumber\" \/><\/span>\n\t\t\t\t<\/p>\n\t\t\t<\/div>\n\t\t\t<div class=\"col-md-6\">\n\t\t\t\t<p><label for=\"store\" class=\"screen-reader-text\">Store*<\/label><span class=\"wpcf7-form-control-wrap\" data-name=\"store\"><input size=\"40\" maxlength=\"400\" class=\"wpcf7-form-control wpcf7-text wpcf7-validates-as-required form-control\" aria-required=\"true\" aria-invalid=\"false\" placeholder=\"J\u00e4lleenmyyj\u00e4*\" value=\"\" type=\"text\" name=\"store\" \/><\/span>\n\t\t\t\t<\/p>\n\t\t\t<\/div>\n\t\t\t<div class=\"col-md-6\">\n\t\t\t\t<p><label for=\"purchasedate\" class=\"screen-reader-text\">Purchase date*<\/label><span class=\"wpcf7-form-control-wrap\" data-name=\"purchasedate\"><input class=\"wpcf7-form-control wpcf7-date wpcf7-validates-as-required wpcf7-validates-as-date form-control\" aria-required=\"true\" aria-invalid=\"false\" placeholder=\"Ostop\u00e4iv\u00e4\" value=\"\" type=\"date\" name=\"purchasedate\" \/><\/span>\n\t\t\t\t<\/p>\n\t\t\t<\/div>\n\t\t<\/div>\n\t\t<h3>Data privacy & newsletter\n\t\t<\/h3>\n\t\t<div class=\"row\">\n\t\t\t<div class=\"col\">\n\t\t\t\t<p><span class=\"wpcf7-form-control-wrap\" data-name=\"newsletter\"><span class=\"wpcf7-form-control wpcf7-checkbox wpcf7-exclusive-checkbox form-check\"><span class=\"wpcf7-list-item first last\"><label><input type=\"checkbox\" name=\"newsletter\" value=\"Haluan pysy\u00e4 ajan tasalla Diamant-uutisista ja Diamantin uusista tuotteista, joten annan suostumukseni s\u00e4hk\u00f6postiviestien l\u00e4hett\u00e4miseen.\" \/><span class=\"wpcf7-list-item-label\">Haluan pysy\u00e4 ajan tasalla Diamant-uutisista ja Diamantin uusista tuotteista, joten annan suostumukseni s\u00e4hk\u00f6postiviestien l\u00e4hett\u00e4miseen.<\/span><\/label><\/span><\/span><\/span><br \/>\n<span class=\"wpcf7-form-control-wrap\" data-name=\"dsgvo\"><span class=\"wpcf7-form-control wpcf7-acceptance\"><span class=\"wpcf7-list-item\"><label><input type=\"checkbox\" name=\"dsgvo\" value=\"1\" id=\"dsgvo-accept\" aria-invalid=\"false\" \/><span class=\"wpcf7-list-item-label\"><label for=\"dsgvo-accept\">L\u00e4hett\u00e4m\u00e4ll\u00e4 t\u00e4m\u00e4n lomakkeen hyv\u00e4ksyn tietosuojak\u00e4yt\u00e4nn\u00f6n<\/label><\/span><\/label><\/span><\/span><\/span>\n\t\t\t\t<\/p>\n\t\t\t\t<p><input class=\"wpcf7-form-control wpcf7-submit has-spinner btn-block btn btn-primary data-trustpilot\" type=\"submit\" value=\"L\u00e4het\u00e4\" \/>\n\t\t\t\t<\/p>\n\t\t\t<\/div>\n\t\t<\/div>\n\t<\/div>\n<\/div><div class=\"wpcf7-response-output\" aria-hidden=\"true\"><\/div>\n<\/form>\n<\/div>\n<\/div>\n\n<\/div>\r\n      <\/div>\r\n    <\/div>\r\n  <\/div>\r\n<\/div><\/div>","protected":false},"excerpt":{"rendered":"","protected":false},"author":3,"featured_media":0,"parent":0,"menu_order":0,"comment_status":"closed","ping_status":"closed","template":"","meta":{"_acf_changed":false,"slim_seo":{"title":"Rekister\u00f6i Diamant-py\u00f6r\u00e4si","description":"Rekister\u00f6i timanttipy\u00f6r\u00e4si nyt. Suojaa, l\u00f6yd\u00e4 ja turvaa takuu. Nopea ilmoittautuminen."},"footnotes":""},"class_list":["post-66274","page","type-page","status-publish","hentry"],"acf":[],"_links":{"self":[{"href":"https:\/\/www.diamantrad.com\/fi-FI\/wp-json\/wp\/v2\/pages\/66274","targetHints":{"allow":["GET"]}}],"collection":[{"href":"https:\/\/www.diamantrad.com\/fi-FI\/wp-json\/wp\/v2\/pages"}],"about":[{"href":"https:\/\/www.diamantrad.com\/fi-FI\/wp-json\/wp\/v2\/types\/page"}],"author":[{"embeddable":true,"href":"https:\/\/www.diamantrad.com\/fi-FI\/wp-json\/wp\/v2\/users\/3"}],"replies":[{"embeddable":true,"href":"https:\/\/www.diamantrad.com\/fi-FI\/wp-json\/wp\/v2\/comments?post=66274"}],"version-history":[{"count":3,"href":"https:\/\/www.diamantrad.com\/fi-FI\/wp-json\/wp\/v2\/pages\/66274\/revisions"}],"predecessor-version":[{"id":68137,"href":"https:\/\/www.diamantrad.com\/fi-FI\/wp-json\/wp\/v2\/pages\/66274\/revisions\/68137"}],"wp:attachment":[{"href":"https:\/\/www.diamantrad.com\/fi-FI\/wp-json\/wp\/v2\/media?parent=66274"}],"curies":[{"name":"wp","href":"https:\/\/api.w.org\/{rel}","templated":true}]}}