{"id":66304,"date":"2025-08-20T12:17:17","date_gmt":"2025-08-20T10:17:17","guid":{"rendered":"https:\/\/www.diamantrad.com\/?page_id=66304"},"modified":"2025-08-21T17:06:12","modified_gmt":"2025-08-21T15:06:12","slug":"about-us","status":"publish","type":"page","link":"https:\/\/www.diamantrad.com\/fi-FI\/about-us\/","title":{"rendered":"About us"},"content":{"rendered":"\n<div class=\"wp-block-cover is-light\"><img data-dominant-color=\"75807f\" data-has-transparency=\"false\" style=\"--dominant-color: #75807f;\" loading=\"lazy\" decoding=\"async\" width=\"1661\" height=\"932\" sizes=\"auto, (max-width: 1661px) 100vw, 1661px\" class=\"wp-block-cover__image-background wp-image-57524 size-full not-transparent\" alt=\"About us hero house of diamant\" src=\"https:\/\/www.diamantrad.com\/wp-content\/uploads\/2025\/03\/about-us-hero-house-of-diamant-png.avif\" data-object-fit=\"cover\" srcset=\"https:\/\/www.diamantrad.com\/wp-content\/uploads\/2025\/03\/about-us-hero-house-of-diamant-png.avif 1661w, https:\/\/www.diamantrad.com\/wp-content\/uploads\/2025\/03\/about-us-hero-house-of-diamant-300x168.avif 300w, https:\/\/www.diamantrad.com\/wp-content\/uploads\/2025\/03\/about-us-hero-house-of-diamant-1024x575.avif 1024w, https:\/\/www.diamantrad.com\/wp-content\/uploads\/2025\/03\/about-us-hero-house-of-diamant-768x431.avif 768w, https:\/\/www.diamantrad.com\/wp-content\/uploads\/2025\/03\/about-us-hero-house-of-diamant-1536x862.avif 1536w\" \/><span aria-hidden=\"true\" class=\"wp-block-cover__background has-background-dim\" style=\"background-color:#848687\"><\/span><div class=\"wp-block-cover__inner-container is-layout-constrained wp-block-cover-is-layout-constrained\"><div class=\"lazyblock-cover-text-2nxoOO wp-block-lazyblock-cover-text\"><div class=\"covertext container py-5 d-flex flex-column colorscheme-light justify-content-center\" id=\"covertext-2nxoOO\">\r\n  <div class=\"lazyblock-inner-blocks\">\n\n<h2 class=\"wp-block-heading\">Diamant<\/h2>\n\n\n\n<h3 class=\"wp-block-heading\"><strong>Liike on kiintopisteemme<\/strong><\/h3>\n\n<\/div>\r\n<\/div><\/div><\/div><\/div>\n\n\n<div class=\"lazyblock-nncontainer-11zmep wp-block-lazyblock-nncontainer\"><div class=\"section-standard\">\r\n  <div class=\"container\" id=\"container-11zmep\">\r\n    <div class=\"row\">\r\n      <div class=\"col py-4 py-lg-5\">\r\n        <div class=\"lazyblock-inner-blocks\">\n<div class=\"wp-bootstrap-blocks-row row\">\n\t\n\n<div class=\"col-12 col-md-6\">\n\t\t\t\n\n<h2 class=\"wp-block-heading has-text-align-right\">Bewegt seit 1885<\/h2>\n\n\t<\/div>\n\n\n\n<div class=\"col-12 col-md-6\">\n\t\t\t\n\n<p>Yrityksemme perustettiin vuonna 1885. Olemme Saksan vanhin polkupy\u00f6r\u00e4valmistaja. Diamant on my\u00f6s ainoa merkitt\u00e4v\u00e4 it\u00e4saksalainen polkupy\u00f6r\u00e4merkki. Py\u00f6r\u00e4mme antavat ihmisille mahdollisuuden kulkea pidemm\u00e4lle ja saavuttaa enemm\u00e4n. Lis\u00e4\u00e4 liikkuvuutta. Lis\u00e4\u00e4 paikkoja. Lis\u00e4\u00e4 tekemist\u00e4. Lis\u00e4\u00e4 tunteita. Lis\u00e4\u00e4 laatua. Lis\u00e4\u00e4 vapautta.<\/p>\n\n\n\n<p>Liike on l\u00e4ht\u00f6kohtamme. Aika liikuttaa meit\u00e4, ja me puolestamme liikutamme aikaa ja ihmisi\u00e4. Ihmisten liikuttaminen \u2013 se luo j\u00e4nnityst\u00e4. Esineiden liikuttaminen \u2013 se luo muutosta. Ajatusten liikuttaminen \u2013 se luo ohjausta.<\/p>\n\n\n\n<p>Ent\u00e4 sin\u00e4? L\u00e4hde ajamaan. L\u00e4hde liikkeelle. Ole inhimillisen muutoksen kasvot. Ole jonkun aarre. Sit\u00e4 varten rakennamme polkupy\u00f6ri\u00e4mme. Yksinkertaisesti eritt\u00e4in hyvi\u00e4 py\u00f6ri\u00e4, joissa yhdistyv\u00e4t ainutlaatuinen toiminnallisuus, hienostuneisuus, perinteikkyys ja edistyksellisyys. Ja rohkeasti sanottuna: Olemme py\u00f6rien rakentamisessa aika hyvi\u00e4. Etk\u00f6 ole vakuuttunut? Kokeile!<\/p>\n\n\n\n<div class=\"wp-block-buttons is-content-justification-left is-layout-flex wp-container-core-buttons-is-layout-fdcfc74e wp-block-buttons-is-layout-flex\">\n<div class=\"wp-block-button mb-1\"><a role=\"button\" class=\"wp-block-button__link wp-element-button\" href=\"https:\/\/www.diamantrad.com\/fi-FI\/why-diamant\/\"><strong>Miksi ajaa Diamantilla<\/strong><\/a><\/div>\n<\/div>\n\n\t<\/div>\n\n<\/div>\n\n<\/div>\r\n      <\/div>\r\n    <\/div>\r\n  <\/div>\r\n<\/div><\/div>\n\n\n<div class=\"wp-block-cover is-light\"><img data-dominant-color=\"b97f80\" data-has-transparency=\"false\" style=\"--dominant-color: #b97f80;\" loading=\"lazy\" decoding=\"async\" width=\"1620\" height=\"1080\" sizes=\"auto, (max-width: 1620px) 100vw, 1620px\" class=\"wp-block-cover__image-background wp-image-36273 size-full not-transparent\" alt=\"\" src=\"https:\/\/www.diamantrad.com\/wp-content\/uploads\/2025\/02\/aa41f2bf84a7f0e232bd45f9b6a7da38.avif\" data-object-fit=\"cover\" srcset=\"https:\/\/www.diamantrad.com\/wp-content\/uploads\/2025\/02\/aa41f2bf84a7f0e232bd45f9b6a7da38.avif 1620w, https:\/\/www.diamantrad.com\/wp-content\/uploads\/2025\/02\/aa41f2bf84a7f0e232bd45f9b6a7da38-300x200.avif 300w, https:\/\/www.diamantrad.com\/wp-content\/uploads\/2025\/02\/aa41f2bf84a7f0e232bd45f9b6a7da38-1024x683.avif 1024w, https:\/\/www.diamantrad.com\/wp-content\/uploads\/2025\/02\/aa41f2bf84a7f0e232bd45f9b6a7da38-768x512.avif 768w, https:\/\/www.diamantrad.com\/wp-content\/uploads\/2025\/02\/aa41f2bf84a7f0e232bd45f9b6a7da38-1536x1024.avif 1536w\" \/><span aria-hidden=\"true\" class=\"wp-block-cover__background has-background-dim-0 has-background-dim\" style=\"background-color:#c2c1c2\"><\/span><div class=\"wp-block-cover__inner-container is-layout-constrained wp-block-cover-is-layout-constrained\">\n<p class=\"has-text-align-center has-large-font-size\"><\/p>\n<\/div><\/div>\n\n\n<div class=\"lazyblock-nncontainer-GWka wp-block-lazyblock-nncontainer\"><div class=\"section-standard\">\r\n  <div class=\"container\" id=\"container-GWka\">\r\n    <div class=\"row\">\r\n      <div class=\"col py-4 py-lg-5\">\r\n        <div class=\"lazyblock-inner-blocks\">\n\n<h2 class=\"wp-block-heading\">Heartmade in Hartmannsdorf<\/h2>\n\n\n\n<p>Diamantilla ty\u00f6skentelee yli 400 hyvin tavallista, maanl\u00e4heist\u00e4 ihmist\u00e4. Jokainen ty\u00f6ntekij\u00e4mme ty\u00f6skentelee intohimoisesti sen eteen, ett\u00e4 Diamant saa sinut loistamaan ajon aikana.<\/p>\n\n\n\n<p>Se olemme me. Yli 400 hyvin normaalia, hyvin maanl\u00e4heist\u00e4 ja hyvin rehellist\u00e4 ihmist\u00e4, jotka ty\u00f6skentelev\u00e4t pieness\u00e4 kyl\u00e4ss\u00e4 kivenheiton p\u00e4\u00e4ss\u00e4 Chemnitzist\u00e4. Jotkut ovat ty\u00f6skennelleet kanssamme yli 40 vuotta. Jotkut ovat t\u00e4\u00e4ll\u00e4 vain lyhyen ajan. Totta puhuen, kaikki meist\u00e4 eiv\u00e4t ole intohimoisia py\u00f6r\u00e4ilij\u00f6it\u00e4. Mutta me kaikki haluamme, ett\u00e4 rakastut ajamaasi Diamant-py\u00f6r\u00e4\u00e4n. Se antaa meille tyydytyst\u00e4, iloa ja ylpeytt\u00e4. Tiesitk\u00f6 muuten t\u00e4t\u00e4? Chemnitz oli itse asiassa 1900-luvun alussa Saksan polkupy\u00f6r\u00e4teollisuuden keskus. Mutta kaikesta siit\u00e4 on j\u00e4ljell\u00e4 vain Diamant. Edustamme ja kehit\u00e4mme rakkaan kotimme perint\u00f6\u00e4. Joten, vaikka joinakin p\u00e4ivin\u00e4 kyseess\u00e4 on vain ty\u00f6paikka: Pohjimmiltamme samaistumme siihen, mit\u00e4 teemme, ja py\u00f6r\u00e4mme ovat l\u00e4hettil\u00e4it\u00e4, jotka kertovat siit\u00e4, keit\u00e4 olemme. T\u00e4m\u00e4n hienovaraisen, mutta sit\u00e4kin merkityksellisemm\u00e4n askeleen ottaminen tekee k\u00e4sintehdyst\u00e4 syd\u00e4mell\u00e4 tehty\u00e4.<\/p>\n\n<\/div>\r\n      <\/div>\r\n    <\/div>\r\n  <\/div>\r\n<\/div><\/div>\n\n\n<div class=\"wp-block-cover is-light\"><img data-dominant-color=\"797c88\" data-has-transparency=\"false\" loading=\"lazy\" decoding=\"async\" width=\"2560\" height=\"1707\" sizes=\"auto, (max-width: 2560px) 100vw, 2560px\" class=\"wp-block-cover__image-background wp-image-55530 size-full not-transparent\" alt=\"\" src=\"https:\/\/www.diamantrad.com\/wp-content\/uploads\/2025\/03\/diamant-about-us-heartmade-in-hartmansdorf-scaled.avif\" style=\"--dominant-color: #797c88; object-position:52% 0%\" data-object-fit=\"cover\" data-object-position=\"52% 0%\" srcset=\"https:\/\/www.diamantrad.com\/wp-content\/uploads\/2025\/03\/diamant-about-us-heartmade-in-hartmansdorf-scaled.avif 2560w, https:\/\/www.diamantrad.com\/wp-content\/uploads\/2025\/03\/diamant-about-us-heartmade-in-hartmansdorf-300x200.avif 300w, https:\/\/www.diamantrad.com\/wp-content\/uploads\/2025\/03\/diamant-about-us-heartmade-in-hartmansdorf-1024x683.avif 1024w, https:\/\/www.diamantrad.com\/wp-content\/uploads\/2025\/03\/diamant-about-us-heartmade-in-hartmansdorf-768x512.avif 768w, https:\/\/www.diamantrad.com\/wp-content\/uploads\/2025\/03\/diamant-about-us-heartmade-in-hartmansdorf-1536x1024.avif 1536w, https:\/\/www.diamantrad.com\/wp-content\/uploads\/2025\/03\/diamant-about-us-heartmade-in-hartmansdorf-2048x1365.avif 2048w\" \/><span aria-hidden=\"true\" class=\"wp-block-cover__background has-background-dim-0 has-background-dim\"><\/span><div class=\"wp-block-cover__inner-container is-layout-constrained wp-block-cover-is-layout-constrained\">\n<p class=\"has-text-align-center has-large-font-size\"><\/p>\n<\/div><\/div>\n\n\n<div class=\"lazyblock-nncontainer-20KPQK wp-block-lazyblock-nncontainer\"><div class=\"section-standard\">\r\n  <div class=\"container\" id=\"container-20KPQK\">\r\n    <div class=\"row\">\r\n      <div class=\"col py-4 py-lg-5\">\r\n        <div class=\"lazyblock-inner-blocks\">\n\n<h2 class=\"wp-block-heading\">Olemme saksalaisia, mutta ennen kaikkea ihmisi\u00e4<\/h2>\n\n\n\n<p>Laatu, teknologia, suunnittelu \u2013 meiss\u00e4 ilmentyv\u00e4t n\u00e4m\u00e4 saksalaiset arvot. Mutta me lis\u00e4\u00e4mme siihen kaikkeen inhimillisen l\u00e4mm\u00f6n ja empatian, jotta ne t\u00e4ytt\u00e4v\u00e4t tarkoituksensa: liikuttavat ihmisi\u00e4, jotka liikuttavat asioita.<\/p>\n\n\n\n<p>\u201dMade in Germany\u201d on synonyymi laadulle ja ammattitaidolle sek\u00e4 insin\u00f6\u00f6ritaidon ja teknologian huippuosaamiselle. Diamant haluaa tietysti my\u00f6s ilment\u00e4\u00e4 n\u00e4it\u00e4 arvoja. Mutta meille liike on paljon enemm\u00e4n kuin vain kylm\u00e4, tekninen k\u00e4site. Polkupy\u00f6r\u00e4t ovat ihmisille \u2013 ja ihmisill\u00e4 on unelmia. He haluavat voittaa heikkoutensa, sairautensa tai itseluottamuksen puutteensa. He haluavat kylpe\u00e4 vapaudessa ja saavuttaa tavoitteensa. Pelk\u00e4t tekniset tiedot ja ominaisuudet eiv\u00e4t siis saa olla itsess\u00e4\u00e4n p\u00e4\u00e4m\u00e4\u00e4r\u00e4. Ne ovat olemassa syyst\u00e4: kuljettaakseen ihmisi\u00e4, jotka kuljettavat tavaroita.<\/p>\n\n<\/div>\r\n      <\/div>\r\n    <\/div>\r\n  <\/div>\r\n<\/div><\/div>\n\n\n<div class=\"wp-block-cover is-light\"><img data-dominant-color=\"95807d\" data-has-transparency=\"false\" loading=\"lazy\" decoding=\"async\" width=\"1620\" height=\"1080\" sizes=\"auto, (max-width: 1620px) 100vw, 1620px\" class=\"wp-block-cover__image-background wp-image-55680 size-full not-transparent\" alt=\"\" src=\"https:\/\/www.diamantrad.com\/wp-content\/uploads\/2025\/03\/diamant-about-us-felix.avif\" style=\"--dominant-color: #95807d; object-position:50% 86%\" data-object-fit=\"cover\" data-object-position=\"50% 86%\" srcset=\"https:\/\/www.diamantrad.com\/wp-content\/uploads\/2025\/03\/diamant-about-us-felix.avif 1620w, https:\/\/www.diamantrad.com\/wp-content\/uploads\/2025\/03\/diamant-about-us-felix-300x200.avif 300w, https:\/\/www.diamantrad.com\/wp-content\/uploads\/2025\/03\/diamant-about-us-felix-1024x683.avif 1024w, https:\/\/www.diamantrad.com\/wp-content\/uploads\/2025\/03\/diamant-about-us-felix-768x512.avif 768w, https:\/\/www.diamantrad.com\/wp-content\/uploads\/2025\/03\/diamant-about-us-felix-1536x1024.avif 1536w\" \/><span aria-hidden=\"true\" class=\"wp-block-cover__background has-background-dim-0 has-background-dim\" style=\"background-color:#a3a5a4\"><\/span><div class=\"wp-block-cover__inner-container is-layout-constrained wp-block-cover-is-layout-constrained\">\n<p class=\"has-text-align-center has-large-font-size\"><\/p>\n<\/div><\/div>\n\n\n<div class=\"lazyblock-nncontainer-E8J4g wp-block-lazyblock-nncontainer\"><div class=\"section-standard\">\r\n  <div class=\"container\" id=\"container-E8J4g\">\r\n    <div class=\"row\">\r\n      <div class=\"col py-4 py-lg-5\">\r\n        <div class=\"lazyblock-inner-blocks\">\n\n<h2 class=\"wp-block-heading\">Toisen Saksan siistit kasvot<\/h2>\n\n\n\n<p>Olemme it\u00e4saksalaisia. El\u00e4m\u00e4kertamme on pitk\u00e4 tarina vapauden etsinn\u00e4st\u00e4. Emme ehk\u00e4 muuta maailmaa, mutta voimme ainakin tehd\u00e4 siit\u00e4 mukavamman. Ja samalla voimme pit\u00e4\u00e4 hauskaa.<\/p>\n\n\n\n<p>Meid\u00e4n tarinamme on muutakin kuin ik\u00e4mme ja saavutuksemme. Juuremme ovat It\u00e4-Saksassa. Siksi DNA:mme heijastaa ihmisen ikuista pyrkimyst\u00e4 vapauteen ja parempaan el\u00e4m\u00e4\u00e4n rajoituksia pursuavassa maailmassa. Rakensimme polkupy\u00f6ri\u00e4 laajentaaksemme vapaata tilaamme, kun olimme muurin rajoittamia.<\/p>\n\n\n\n<p>Sein\u00e4mme eiv\u00e4t ole en\u00e4\u00e4 fyysisi\u00e4, mutta olemme edelleen t\u00e4\u00e4ll\u00e4 murtamassa rajoituksia ja esteit\u00e4. Katsoaksemme asioita toisesta n\u00e4k\u00f6kulmasta. Murtaaksemme ennakkoluuloja. Saadaksemme meist\u00e4 jokaisen j\u00e4lleen liikkumaan. Ja sin\u00e4. Ei, emme voi muuttaa maailmaa. Mutta voimme tehd\u00e4 ainakin sinun maailmastasi mukavamman. Ja samalla voimme pit\u00e4\u00e4 hauskaa.<\/p>\n\n<\/div>\r\n      <\/div>\r\n    <\/div>\r\n  <\/div>\r\n<\/div><\/div>\n\n\n<div class=\"wp-block-cover is-light\"><img data-dominant-color=\"8b7986\" data-has-transparency=\"false\" loading=\"lazy\" decoding=\"async\" width=\"1024\" height=\"683\" sizes=\"auto, (max-width: 1024px) 100vw, 1024px\" class=\"wp-block-cover__image-background wp-image-55546 size-large not-transparent\" alt=\"\" src=\"https:\/\/www.diamantrad.com\/wp-content\/uploads\/2025\/03\/DI_25_Mahon_Lifestyle_67I0858_72dpi-1024x683.avif\" style=\"--dominant-color: #8b7986; object-position:81% 62%\" data-object-fit=\"cover\" data-object-position=\"81% 62%\" srcset=\"https:\/\/www.diamantrad.com\/wp-content\/uploads\/2025\/03\/DI_25_Mahon_Lifestyle_67I0858_72dpi-1024x683.avif 1024w, https:\/\/www.diamantrad.com\/wp-content\/uploads\/2025\/03\/DI_25_Mahon_Lifestyle_67I0858_72dpi-300x200.avif 300w, https:\/\/www.diamantrad.com\/wp-content\/uploads\/2025\/03\/DI_25_Mahon_Lifestyle_67I0858_72dpi-768x512.avif 768w, https:\/\/www.diamantrad.com\/wp-content\/uploads\/2025\/03\/DI_25_Mahon_Lifestyle_67I0858_72dpi-1536x1024.avif 1536w, https:\/\/www.diamantrad.com\/wp-content\/uploads\/2025\/03\/DI_25_Mahon_Lifestyle_67I0858_72dpi.avif 1587w\" \/><span aria-hidden=\"true\" class=\"wp-block-cover__background has-background-dim-0 has-background-dim\" style=\"background-color:#978e83\"><\/span><div class=\"wp-block-cover__inner-container is-layout-constrained wp-block-cover-is-layout-constrained\">\n<p class=\"has-text-align-center has-large-font-size\"><\/p>\n<\/div><\/div>\n\n\n<div class=\"lazyblock-nncontainer-1VeDjm wp-block-lazyblock-nncontainer\"><div class=\"section-standard\">\r\n  <div class=\"container\" id=\"container-1VeDjm\">\r\n    <div class=\"row\">\r\n      <div class=\"col py-4 py-lg-5\">\r\n        <div class=\"lazyblock-inner-blocks\">\n\n<h2 class=\"wp-block-heading\">Perinteik\u00e4s br\u00e4ndi, ei br\u00e4ndin perint\u00f6<\/h2>\n\n\n\n<p>Yrityksemme on vanha. Moderni polkupy\u00f6rien kaksoisrullaketju on meid\u00e4n keksint\u00f6mme. Pitk\u00e4ik\u00e4isyys ei ole kuitenkaan arvo itsess\u00e4\u00e4n, jos ei ole tarjota sen lis\u00e4ksi mit\u00e4\u00e4n muuta. Pitk\u00e4 historiamme yrityksen\u00e4 on sen ansiota, ett\u00e4 olemme aina olleet moderneja.<\/p>\n\n\n\n<p>Olemme vanha saksalainen br\u00e4ndi. Moderni polkupy\u00f6rien kaksoisrullaketju on meid\u00e4n keksint\u00f6mme. Ensimm\u00e4iset saksalaiset py\u00f6r\u00e4ilij\u00e4t, jotka pukeutuivat keltaiseen ajopaitaan ja tulivat maailmanmestareiksi, ajoivat Diamantilla. Lis\u00e4ksi otimme 1990-luvun alussa sarjatuotantoon kaikkien aikojen toisen modernin s\u00e4hk\u00f6py\u00f6r\u00e4n. Mutta perint\u00f6 pysyy paikallaan. Nykyhetki tarvitsee liikett\u00e4. Ja me olemme paljon, paljon enemm\u00e4n kuin vain vanha br\u00e4ndi, jolta l\u00f6ytyy matkalaukku t\u00e4ynn\u00e4 historiallisia anekdootteja. Pitk\u00e4 historiamme yrityksen\u00e4 on sen ansiota, ett\u00e4 olemme aina olleet moderneja. Kun menneisyytemme oli viel\u00e4 nykyisyytt\u00e4mme, l\u00e4hdimme vastaamaan tuon ajan haasteisiin. Olemme yht\u00e4 nuoria kuin vanhojakin. Ja kehitys on perint\u00f6mme. Uskallamme edelleen rikkoa omia tuttuja kaavojamme.<\/p>\n\n\n\n<p>Olemme enemm\u00e4n kuin br\u00e4ndin perint\u00f6. Olemme perinteik\u00e4s br\u00e4ndi.<\/p>\n\n\n\n<div class=\"wp-block-buttons is-content-justification-left is-layout-flex wp-container-core-buttons-is-layout-fdcfc74e wp-block-buttons-is-layout-flex\">\n<div class=\"wp-block-button\"><a role=\"button\" class=\"wp-block-button__link wp-element-button\" href=\"https:\/\/www.diamantrad.com\/fi-FI\/history\/\"><strong>Historiamme yksityiskohtaisesti<\/strong><\/a><\/div>\n<\/div>\n\n<\/div>\r\n      <\/div>\r\n    <\/div>\r\n  <\/div>\r\n<\/div><\/div>","protected":false},"excerpt":{"rendered":"","protected":false},"author":3,"featured_media":0,"parent":0,"menu_order":0,"comment_status":"closed","ping_status":"closed","template":"","meta":{"_acf_changed":false,"slim_seo":{"title":"Diamant - Heartmade in Hartmannsdorf - saksalainen kulttimerkki","description":"Tutustu Saksan vanhimman polkupy\u00f6r\u00e4merkin moderniin ja maanl\u00e4heiseen puoleen. Liike on keskipisteess\u00e4mme. Vapaus on tavoitteemme."},"footnotes":""},"class_list":["post-66304","page","type-page","status-publish","hentry"],"acf":[],"_links":{"self":[{"href":"https:\/\/www.diamantrad.com\/fi-FI\/wp-json\/wp\/v2\/pages\/66304","targetHints":{"allow":["GET"]}}],"collection":[{"href":"https:\/\/www.diamantrad.com\/fi-FI\/wp-json\/wp\/v2\/pages"}],"about":[{"href":"https:\/\/www.diamantrad.com\/fi-FI\/wp-json\/wp\/v2\/types\/page"}],"author":[{"embeddable":true,"href":"https:\/\/www.diamantrad.com\/fi-FI\/wp-json\/wp\/v2\/users\/3"}],"replies":[{"embeddable":true,"href":"https:\/\/www.diamantrad.com\/fi-FI\/wp-json\/wp\/v2\/comments?post=66304"}],"version-history":[{"count":3,"href":"https:\/\/www.diamantrad.com\/fi-FI\/wp-json\/wp\/v2\/pages\/66304\/revisions"}],"predecessor-version":[{"id":66528,"href":"https:\/\/www.diamantrad.com\/fi-FI\/wp-json\/wp\/v2\/pages\/66304\/revisions\/66528"}],"wp:attachment":[{"href":"https:\/\/www.diamantrad.com\/fi-FI\/wp-json\/wp\/v2\/media?parent=66304"}],"curies":[{"name":"wp","href":"https:\/\/api.w.org\/{rel}","templated":true}]}}