{"id":66322,"date":"2025-08-20T16:05:10","date_gmt":"2025-08-20T14:05:10","guid":{"rendered":"https:\/\/www.diamantrad.com\/?page_id=66322"},"modified":"2025-08-22T10:59:06","modified_gmt":"2025-08-22T08:59:06","slug":"why-diamant","status":"publish","type":"page","link":"https:\/\/www.diamantrad.com\/fi-FI\/why-diamant\/","title":{"rendered":"Why Diamant"},"content":{"rendered":"\n<div class=\"wp-block-cover is-light\"><video class=\"wp-block-cover__video-background intrinsic-ignore\" autoplay muted loop playsinline src=\"https:\/\/www.diamantrad.com\/wp-content\/uploads\/2025\/03\/diamant-mahon-loop-1.mp4\" data-object-fit=\"cover\"><\/video><span aria-hidden=\"true\" class=\"wp-block-cover__background has-background-dim\" style=\"background-color:#FFF\"><\/span><div class=\"wp-block-cover__inner-container is-layout-constrained wp-block-cover-is-layout-constrained\">\n<p class=\"has-text-align-center has-large-font-size\"><\/p>\n\n\n<div class=\"lazyblock-cover-text-Z1KcJ7o wp-block-lazyblock-cover-text\"><div class=\"covertext container py-5 d-flex flex-column colorscheme-dark justify-content-center\" id=\"covertext-Z1KcJ7o\">\r\n  <div class=\"lazyblock-inner-blocks\">\n\n<h2 class=\"wp-block-heading\">Miksi Diamant?<\/h2>\n\n<\/div>\r\n<\/div><\/div><\/div><\/div>\n\n\n<div class=\"lazyblock-nncontainer-2clmBO wp-block-lazyblock-nncontainer\"><div class=\"section-standard\">\r\n  <div class=\"container\" id=\"container-2clmBO\">\r\n    <div class=\"row\">\r\n      <div class=\"col py-4 py-lg-5\">\r\n        <div class=\"lazyblock-inner-blocks\">\n\n<h2 class=\"wp-block-heading\">Ride ahead. Ride a head.<\/h2>\n\n\n\n<p>Kuten kaikki polkupy\u00f6r\u00e4merkit, my\u00f6s me pyrimme luomaan innovatiivisia tuotteita. Meill\u00e4 on patentteja ja olemme luoneet ensimm\u00e4isen\u00e4 monia alan innovaatioista. Mutta innovaatio tarkoittaa sit\u00e4, ett\u00e4 tuotteet kehittyv\u00e4t merkityksellisesti paremmiksi versioiksi itsest\u00e4\u00e4n. Emme seuraa jokaista nopeaa trendi\u00e4 vain siksi, ett\u00e4 voisimme lis\u00e4t\u00e4 uusimman ja \u00e4lykk\u00e4imm\u00e4n osan uusimpaan py\u00f6r\u00e4\u00e4mme. Tavoitteenamme on valmistaa py\u00f6ri\u00e4, jotka toimivat kest\u00e4v\u00e4sti paremmin<\/p>\n\n\n\n<p>Kerromme seuraavaksi innovaatiokeskeisest\u00e4 toimintatavastamme.<\/p>\n\n<\/div>\r\n      <\/div>\r\n    <\/div>\r\n  <\/div>\r\n<\/div><\/div>\n\n<div class=\"lazyblock-nncontainer-ZLKGXX wp-block-lazyblock-nncontainer\"><div class=\"section-standard\">\r\n  <div class=\"container\" id=\"container-ZLKGXX\">\r\n    <div class=\"row\">\r\n      <div class=\"col py-4 py-lg-5\">\r\n        <div class=\"lazyblock-inner-blocks\">\n\n<h2 class=\"wp-block-heading\">Clever Tech: Viisaus p\u00e4ihitt\u00e4\u00e4 nokkeluuden.<\/h2>\n\n\n\n<p>Kehit\u00e4mme omaa runkoteknologiaamme ja teemme tarkkaan harkittuja ja tietoisia p\u00e4\u00e4t\u00f6ksi\u00e4 siit\u00e4, miten polkupy\u00f6riemme tulisi toimia \u2013 ei vain t\u00e4n\u00e4\u00e4n, vaan my\u00f6s ensi viikolla, ensi vuonna ja kymmenen vuoden kuluttua. Ensi viikolla l\u00e4hdet py\u00f6r\u00e4retkelle. Ensi vuonna haluat toisenlaisen ohjaustangon. Ja kymmenen vuoden kuluttua etsit viel\u00e4kin sopivia varaosia, kun alkuper\u00e4isi\u00e4 osia ei ehk\u00e4 en\u00e4\u00e4 ole saatavilla.<\/p>\n\n\n\n<ul class=\"wp-block-list\">\n<li>Jonkin aikaa teimme samoja virheit\u00e4 kuin monet muut valmistajat. Nyky\u00e4\u00e4n suunnittelemme rungot kest\u00e4vyytt\u00e4 ja muunneltavuutta silm\u00e4ll\u00e4 pit\u00e4en.<\/li>\n\n\n\n<li>V\u00e4hemm\u00e4n suljetun py\u00f6r\u00e4nosaekosysteemin suunnittelua. Enemm\u00e4n avoimuutta.<\/li>\n\n\n\n<li>V\u00e4hemm\u00e4n monimutkaisuutta. Enemm\u00e4n toiminnallisuutta.<\/li>\n\n\n\n<li>Paikallisen py\u00f6r\u00e4mekaanikkosi pit\u00e4isi pysty\u00e4 korjaamaan seuraava py\u00f6r\u00e4si helpommin ja intuitiivisemmin kuin edellinen py\u00f6r\u00e4si.<\/li>\n\n\n\n<li>Vakiovarusteiden varaosia pit\u00e4isi l\u00f6yty\u00e4 mist\u00e4 tahansa.<\/li>\n\n\n\n<li>Vakiintuneimpien varustemerkkien keskeisimpien osien tulisi sopia optimaalisesti useimmissa k\u00e4ytt\u00f6tapauksissa.<\/li>\n<\/ul>\n\n\n\n<p>Ehk\u00e4 odotat viel\u00e4 vuoden, kaksi tai kolme uusinta s\u00e4hk\u00f6py\u00f6r\u00e4n moottoria tai uusinta hienoa ominaisuutta. Ehk\u00e4 odotat jotakin teknologiaa, jota emme edes koskaan tule tarjoamaan. Emme matki jokaista trendi\u00e4. Niit\u00e4 on muutenkin niin valtavasti. Sen sijaan haluamme, ett\u00e4 voit olla aina varma, ett\u00e4 joku on miettinyt asiat huolellisesti, kun meilt\u00e4 on tulossa jotain uutta. Sit\u00e4 meille tarkoittaa viisas py\u00f6r\u00e4: Yksinkertaisesti eritt\u00e4in hyv\u00e4 py\u00f6r\u00e4.<\/p>\n\n\n\n<div class=\"wp-block-buttons is-layout-flex wp-block-buttons-is-layout-flex\">\n<div class=\"wp-block-button\"><a role=\"button\" class=\"wp-block-button__link wp-element-button\" href=\"https:\/\/www.diamantrad.com\/fi-FI\/bikes\/\">L\u00f6yd\u00e4 eritt\u00e4in hyv\u00e4 py\u00f6r\u00e4si<\/a><\/div>\n<\/div>\n\n<\/div>\r\n      <\/div>\r\n    <\/div>\r\n  <\/div>\r\n<\/div><\/div>\n\n<div class=\"lazyblock-nncontainer-Z12OzA8 wp-block-lazyblock-nncontainer\"><div class=\"section-standard\">\r\n  <div class=\"container\" id=\"container-Z12OzA8\">\r\n    <div class=\"row\">\r\n      <div class=\"col py-4 py-lg-5\">\r\n        <div class=\"lazyblock-inner-blocks\">\n\n<h2 class=\"wp-block-heading\"><strong>Vuodesta 1885 l\u00e4htien \u2013 br\u00e4ndi, johon voit luottaa<\/strong><\/h2>\n\n\n\n<p>Polkupy\u00f6r\u00e4alalla tai muualla vain harvat br\u00e4ndit ovat olleet olemassa yht\u00e4 pitk\u00e4\u00e4n kuin me \u2013 140 vuotta! Emme ehk\u00e4 ole hipsteribr\u00e4ndi, mutta<\/p>\n\n\n\n<ul class=\"wp-block-list\">\n<li>kerta toisensa j\u00e4lkeen sijoitumme kolmen tai viiden parhaan joukkoon, kun ihmisilt\u00e4 kysyt\u00e4\u00e4n, mit\u00e4 br\u00e4ndi\u00e4 he arvostavat eniten laadun, reiluuden ja hinta-laatusuhteen osalta, ja<\/li>\n\n\n\n<li>meid\u00e4t tunnetaan luotettavuudesta, sitoutumisesta ymp\u00e4rist\u00f6n kest\u00e4vyyteen ja asiakastyytyv\u00e4isyyteen.<\/li>\n<\/ul>\n\n\n\n<p>140 vuoden j\u00e4lkeen luottamusta ei en\u00e4\u00e4 vain anneta \u2013 se ansaitaan. Yli vuosisadan ajan olemme ottaneet haasteen pit\u00e4\u00e4 nime\u00e4mme yll\u00e4. Joskus meillekin sattuu virheit\u00e4 \u2013 se on vain inhimillist\u00e4 ja rehellist\u00e4. Mutta kun niin k\u00e4y, olemme intohimoisia korjaamaan asian.<\/p>\n\n\n\n<div class=\"wp-block-buttons is-layout-flex wp-block-buttons-is-layout-flex\">\n<div class=\"wp-block-button\"><a role=\"button\" class=\"wp-block-button__link wp-element-button\" href=\"https:\/\/www.diamantrad.com\/fi-FI\/tests-awards\/\">Katso, mit\u00e4 muut sanovat<\/a><\/div>\n<\/div>\n\n<\/div>\r\n      <\/div>\r\n    <\/div>\r\n  <\/div>\r\n<\/div><\/div>\n\n<div class=\"lazyblock-nncontainer-Z206L26 wp-block-lazyblock-nncontainer\"><div class=\"section-light\">\r\n  <div class=\"container\" id=\"container-Z206L26\">\r\n    <div class=\"row\">\r\n      <div class=\"col py-5 py-lg-6\">\r\n        <div class=\"lazyblock-inner-blocks\">\n<div class=\"wp-bootstrap-blocks-row row mb-0 gx-5\">\n\t\n\n<div class=\"col-12 col-md-3\">\n\t\t\t\n<div class=\"wp-block-image mb-3\">\n<figure class=\"aligncenter size-full is-resized\"><img loading=\"lazy\" decoding=\"async\" width=\"117\" height=\"117\" sizes=\"auto, (max-width: 117px) 100vw, 117px\" src=\"https:\/\/www.diamantrad.com\/wp-content\/uploads\/2025\/02\/icon-handgefertigt.svg\" alt=\"Icon Handgefertigt\" class=\"wp-image-36204\" style=\"object-fit:cover;width:100px;height:100px\"\/><\/figure>\n<\/div>\n\n\n<h3 class=\"wp-block-heading has-text-align-center\"><strong>K\u00e4sintehty Saksassa<\/strong><\/h3>\n\n\n\n<p class=\"has-text-align-center\">Olet hankkimassa polkupy\u00f6r\u00e4\u00e4, joka on koottu ensisijaisella tehtaallamme Hartmannsdorfissa.<\/p>\n\n\t<\/div>\n\n\n\n<div class=\"col-12 col-md-3\">\n\t\t\t\n<div class=\"wp-block-image mb-3\">\n<figure class=\"aligncenter size-full is-resized\"><img loading=\"lazy\" decoding=\"async\" width=\"117\" height=\"117\" sizes=\"auto, (max-width: 117px) 100vw, 117px\" src=\"https:\/\/www.diamantrad.com\/wp-content\/uploads\/2025\/02\/icon-design.svg\" alt=\"Icon Design\" class=\"wp-image-36214\" style=\"object-fit:cover;width:100px;height:100px\"\/><\/figure>\n<\/div>\n\n\n<h3 class=\"wp-block-heading has-text-align-center\"><strong>Erinomaista designia<\/strong><\/h3>\n\n\n\n<p class=\"has-text-align-center\">Suunnittelemme polkupy\u00f6r\u00e4mme kiinnitt\u00e4en huomiota yksityiskohtiin. Py\u00f6r\u00e4si on voittanut muotoilupalkintoja.<\/p>\n\n\t<\/div>\n\n\n\n<div class=\"col-12 col-md-3\">\n\t\t\t\n<div class=\"wp-block-image mb-3\">\n<figure class=\"aligncenter size-full is-resized\"><img loading=\"lazy\" decoding=\"async\" width=\"117\" height=\"117\" sizes=\"auto, (max-width: 117px) 100vw, 117px\" src=\"https:\/\/www.diamantrad.com\/wp-content\/uploads\/2025\/02\/icon-haendler.svg\" alt=\"Icon Haendler\" class=\"wp-image-36224\" style=\"object-fit:cover;width:100px;height:100px\"\/><\/figure>\n<\/div>\n\n\n<h3 class=\"wp-block-heading has-text-align-center\"><strong>Kokeneet j\u00e4lleenmyyj\u00e4t<\/strong><\/h3>\n\n\n\n<p class=\"has-text-align-center\">Saat henkil\u00f6kohtaista neuvontaa py\u00f6r\u00e4\u00e4si hankkiessa. Jos jokin menee vikaan, kokeneet mekaanikot korjaavat py\u00f6r\u00e4si.<\/p>\n\n\t<\/div>\n\n\n\n<div class=\"col-12 col-md-3\">\n\t\t\t\n<div class=\"wp-block-image mb-3\">\n<figure class=\"aligncenter size-full is-resized\"><img loading=\"lazy\" decoding=\"async\" width=\"117\" height=\"133\" sizes=\"auto, (max-width: 117px) 100vw, 117px\" src=\"https:\/\/www.diamantrad.com\/wp-content\/uploads\/2025\/02\/icon-garantie.svg\" alt=\"Icon Garantie\" class=\"wp-image-36234\" style=\"object-fit:cover;width:100px;height:100px\"\/><\/figure>\n<\/div>\n\n\n<h3 class=\"wp-block-heading has-text-align-center\"><strong>Yli 40 vuoden takuu<\/strong><\/h3>\n\n\n\n<p class=\"has-text-align-center\">Py\u00f6r\u00e4si rungon tulisi kest\u00e4\u00e4 elini\u00e4n \u2013 aivan kuten timantti. Toivotamme teille pitk\u00e4\u00e4 ik\u00e4\u00e4 yhdess\u00e4.<\/p>\n\n\t<\/div>\n\n<\/div>\n\n<\/div>\r\n      <\/div>\r\n    <\/div>\r\n  <\/div>\r\n<\/div><\/div>","protected":false},"excerpt":{"rendered":"","protected":false},"author":3,"featured_media":0,"parent":0,"menu_order":0,"comment_status":"closed","ping_status":"closed","template":"","meta":{"_acf_changed":false,"slim_seo":{"title":"Diamant \u2013 Ratsasta p\u00e4\u00e4ll\u00e4. Ratsasta edelt\u00e4. Yksinkertaisesti todella hyvi\u00e4 py\u00f6ri\u00e4.","description":"Ota selv\u00e4\u00e4, miksi Diamant on edustanut laatua ja intohimoa vuodesta 1885: Innovaatio, perinteet ja muotoilu yhdistyv\u00e4t jokaisessa py\u00f6r\u00e4ss\u00e4. Ilman riski\u00e4. Tutustu timanttiin nyt."},"footnotes":""},"class_list":["post-66322","page","type-page","status-publish","hentry"],"acf":[],"_links":{"self":[{"href":"https:\/\/www.diamantrad.com\/en-GB\/wp-json\/wp\/v2\/pages\/66322","targetHints":{"allow":["GET"]}}],"collection":[{"href":"https:\/\/www.diamantrad.com\/en-GB\/wp-json\/wp\/v2\/pages"}],"about":[{"href":"https:\/\/www.diamantrad.com\/en-GB\/wp-json\/wp\/v2\/types\/page"}],"author":[{"embeddable":true,"href":"https:\/\/www.diamantrad.com\/en-GB\/wp-json\/wp\/v2\/users\/3"}],"replies":[{"embeddable":true,"href":"https:\/\/www.diamantrad.com\/en-GB\/wp-json\/wp\/v2\/comments?post=66322"}],"version-history":[{"count":3,"href":"https:\/\/www.diamantrad.com\/en-GB\/wp-json\/wp\/v2\/pages\/66322\/revisions"}],"predecessor-version":[{"id":66582,"href":"https:\/\/www.diamantrad.com\/en-GB\/wp-json\/wp\/v2\/pages\/66322\/revisions\/66582"}],"wp:attachment":[{"href":"https:\/\/www.diamantrad.com\/en-GB\/wp-json\/wp\/v2\/media?parent=66322"}],"curies":[{"name":"wp","href":"https:\/\/api.w.org\/{rel}","templated":true}]}}