{"id":66610,"date":"2025-08-26T11:18:21","date_gmt":"2025-08-26T09:18:21","guid":{"rendered":"https:\/\/www.diamantrad.com\/?page_id=66610"},"modified":"2025-08-26T11:18:22","modified_gmt":"2025-08-26T09:18:22","slug":"tests-awards","status":"publish","type":"page","link":"https:\/\/www.diamantrad.com\/fi-FI\/tests-awards\/","title":{"rendered":"Tests &amp; Awards"},"content":{"rendered":"\n<div class=\"wp-block-cover is-light\"><video class=\"wp-block-cover__video-background intrinsic-ignore\" autoplay muted loop playsinline src=\"https:\/\/www.diamantrad.com\/wp-content\/uploads\/2025\/03\/diamant-testsawards.mp4\" data-object-fit=\"cover\" preload=\"metadata\"><\/video><span aria-hidden=\"true\" class=\"wp-block-cover__background has-background-dim\" style=\"background-color:#FFF\"><\/span><div class=\"wp-block-cover__inner-container is-layout-constrained wp-block-cover-is-layout-constrained\">\n<p class=\"has-text-align-center has-large-font-size\"><\/p>\n\n\n<div class=\"lazyblock-cover-text-19iqvX wp-block-lazyblock-cover-text\"><div class=\"covertext container py-5 d-flex flex-column colorscheme-light justify-content-center\" id=\"covertext-19iqvX\">\r\n  <div class=\"lazyblock-inner-blocks\">\n\n<h2 class=\"wp-block-heading\"><strong>Testit &amp; Palkinnot<\/strong><\/h2>\n\n\n\n<h3 class=\"wp-block-heading\"><strong>Kuinka hyvi\u00e4 Diamant-py\u00f6r\u00e4t ovat<\/strong><\/h3>\n\n<\/div>\r\n<\/div><\/div><\/div><\/div>\n\n\n<div class=\"lazyblock-nncontainer-1plOtb wp-block-lazyblock-nncontainer\"><div class=\"section-standard\">\r\n  <div class=\"container\" id=\"container-1plOtb\">\r\n    <div class=\"row\">\r\n      <div class=\"col py-4 py-lg-5\">\r\n        <div class=\"lazyblock-inner-blocks\">\n\n<p>Alla kokoamme yksitt\u00e4isi\u00e4 ja vertailutestej\u00e4 Diamant-py\u00f6rist\u00e4 mallivuodesta 2023 alkaen, jotka ovat edelleen valikoimassamme \u2013 joko muuttumattomina tai vain v\u00e4h\u00e4isesti mukautettuina testien merkityksellisyyden s\u00e4ilytt\u00e4miseksi. Listaamme my\u00f6s palkinnot, joita Diamant-mallit tai itse Diamant-br\u00e4ndi ovat saaneet. Alempana l\u00f6yd\u00e4t avoimuuslausuman, jossa kerromme, miten osallistumme testeihin, kantamme maksettuihin testeihin ja miten p\u00e4\u00e4t\u00e4mme, mitk\u00e4 py\u00f6r\u00e4t toimitamme testeihin.<\/p>\n\n<\/div>\r\n      <\/div>\r\n    <\/div>\r\n  <\/div>\r\n<\/div><\/div>\n\n\n\n<div class=\"lazyblock-nncontainer-1xBmWs wp-block-lazyblock-nncontainer\"><div class=\"section-standard\">\r\n  <div class=\"container\" id=\"container-1xBmWs\">\r\n    <div class=\"row\">\r\n      <div class=\"col py-4 py-lg-5\">\r\n        <div class=\"lazyblock-inner-blocks\">\n\n<h2 class=\"wp-block-heading\"><strong><strong>Testitulokset Diamant-py\u00f6rille<\/strong><\/strong><\/h2>\n\n\n\n<p><em>Jos taulukko ei n\u00e4y, sinun on ehk\u00e4 otettava sis\u00e4ll\u00f6n lataus uudelleen k\u00e4ytt\u00f6\u00f6n. N\u00e4yt\u00e4mme t\u00e4m\u00e4n taulukon englanniksi. Kerro meille, jos haluat, ett\u00e4 k\u00e4\u00e4nn\u00e4mme t\u00e4m\u00e4n widgetin my\u00f6s.<\/em><\/p>\n\n\n\n <div class=\"brlbs-cmpnt-container brlbs-cmpnt-content-blocker brlbs-cmpnt-with-individual-styles\" data-borlabs-cookie-content-blocker-id=\"default\" data-borlabs-cookie-content=\"PGlmcmFtZSB0aXRsZT0iVGVzdCByZXN1bHRzIGZvciBEaWFtYW50IiBhcmlhLWxhYmVsPSJUYWJlbGxlIiBpZD0iZGF0YXdyYXBwZXItY2hhcnQtWDFrMHYiIHNyYz0iaHR0cHM6Ly9kYXRhd3JhcHBlci5kd2Nkbi5uZXQvWDFrMHYvMi8iIHNjcm9sbGluZz0ibm8iIGZyYW1lYm9yZGVyPSIwIiBzdHlsZT0id2lkdGg6IDA7IG1pbi13aWR0aDogMTAwJSAhaW1wb3J0YW50OyBib3JkZXI6IG5vbmU7IiBoZWlnaHQ9IjI0NiIgZGF0YS1leHRlcm5hbD0iMSI+PC9pZnJhbWU+\"><div class=\"brlbs-cmpnt-cb-preset-a\"> <p class=\"brlbs-cmpnt-cb-description\">You are currently viewing a placeholder content from <strong>Default<\/strong>. To access the actual content, click the button below. Please note that doing so will share data with third-party providers.<\/p> <div class=\"brlbs-cmpnt-cb-buttons\"> <a class=\"brlbs-cmpnt-cb-btn\" href=\"#\" data-borlabs-cookie-unblock role=\"button\">Unblock content<\/a> <a class=\"brlbs-cmpnt-cb-btn\" href=\"#\" data-borlabs-cookie-accept-service role=\"button\" style=\"display: none\">Accept required service and unblock content<\/a> <\/div> <a class=\"brlbs-cmpnt-cb-provider-toggle\" href=\"#\" data-borlabs-cookie-show-provider-information role=\"button\">More Information<\/a> <\/div><\/div><script type=\"text\/javascript\">!function(){\"use strict\";window.addEventListener(\"message\",(function(a){if(void 0!==a.data[\"datawrapper-height\"]){var e=document.querySelectorAll(\"iframe\");for(var t in a.data[\"datawrapper-height\"])for(var r,i=0;r=e[i];i++)if(r.contentWindow===a.source){var d=a.data[\"datawrapper-height\"][t]+\"px\";r.style.height=d}}}))}();\n<\/script>\n\n<\/div>\r\n      <\/div>\r\n    <\/div>\r\n  <\/div>\r\n<\/div><\/div>\n\n<div class=\"lazyblock-nncontainer-Z1xrgtx wp-block-lazyblock-nncontainer\"><div class=\"section-standard\">\r\n  <div class=\"container\" id=\"container-Z1xrgtx\">\r\n    <div class=\"row\">\r\n      <div class=\"col py-4 py-lg-5\">\r\n        <div class=\"lazyblock-inner-blocks\">\n\n<h2 class=\"wp-block-heading\"><strong><strong>Palkinnot Diamantille<\/strong><\/strong><\/h2>\n\n\n\n<p><em>Jos taulukko ei n\u00e4y, sinun on ehk\u00e4 otettava sis\u00e4ll\u00f6n lataus uudelleen k\u00e4ytt\u00f6\u00f6n. N\u00e4yt\u00e4mme t\u00e4m\u00e4n taulukon englanniksi. Kerro meille, jos haluat, ett\u00e4 k\u00e4\u00e4nn\u00e4mme t\u00e4m\u00e4n widgetin my\u00f6s.<\/em><\/p>\n\n\n\n <div class=\"brlbs-cmpnt-container brlbs-cmpnt-content-blocker brlbs-cmpnt-with-individual-styles\" data-borlabs-cookie-content-blocker-id=\"default\" data-borlabs-cookie-content=\"PGlmcmFtZSB0aXRsZT0iQXdhcmRzIGZvciBEaWFtYW50IiBhcmlhLWxhYmVsPSJUYWJsZSIgaWQ9ImRhdGF3cmFwcGVyLWNoYXJ0LWJsTEVzIiBzcmM9Imh0dHBzOi8vZGF0YXdyYXBwZXIuZHdjZG4ubmV0L2JsTEVzLzEvIiBzY3JvbGxpbmc9Im5vIiBmcmFtZWJvcmRlcj0iMCIgc3R5bGU9IndpZHRoOiAwOyBtaW4td2lkdGg6IDEwMCUgIWltcG9ydGFudDsgYm9yZGVyOiBub25lOyIgaGVpZ2h0PSIxMzY2IiBkYXRhLWV4dGVybmFsPSIxIj48L2lmcmFtZT4=\"><div class=\"brlbs-cmpnt-cb-preset-a\"> <p class=\"brlbs-cmpnt-cb-description\">You are currently viewing a placeholder content from <strong>Default<\/strong>. To access the actual content, click the button below. Please note that doing so will share data with third-party providers.<\/p> <div class=\"brlbs-cmpnt-cb-buttons\"> <a class=\"brlbs-cmpnt-cb-btn\" href=\"#\" data-borlabs-cookie-unblock role=\"button\">Unblock content<\/a> <a class=\"brlbs-cmpnt-cb-btn\" href=\"#\" data-borlabs-cookie-accept-service role=\"button\" style=\"display: none\">Accept required service and unblock content<\/a> <\/div> <a class=\"brlbs-cmpnt-cb-provider-toggle\" href=\"#\" data-borlabs-cookie-show-provider-information role=\"button\">More Information<\/a> <\/div><\/div><script type=\"text\/javascript\">!function(){\"use strict\";window.addEventListener(\"message\",(function(a){if(void 0!==a.data[\"datawrapper-height\"]){var e=document.querySelectorAll(\"iframe\");for(var t in a.data[\"datawrapper-height\"])for(var r,i=0;r=e[i];i++)if(r.contentWindow===a.source){var d=a.data[\"datawrapper-height\"][t]+\"px\";r.style.height=d}}}))}();\n<\/script>\n\n<\/div>\r\n      <\/div>\r\n    <\/div>\r\n  <\/div>\r\n<\/div><\/div>\n\n<div class=\"lazyblock-nncontainer-Z1KjLJq wp-block-lazyblock-nncontainer\"><div class=\"section-standard\">\r\n  <div class=\"container\" id=\"container-Z1KjLJq\">\r\n    <div class=\"row\">\r\n      <div class=\"col py-4 py-lg-5\">\r\n        <div class=\"lazyblock-inner-blocks\">\n\n<h2 class=\"wp-block-heading\"><strong><strong>Avoimuuslausuma<\/strong><\/strong><\/h2>\n\n\n\n<p>Paras kokemus on oma kokemuksesi. Uuden py\u00f6r\u00e4si pit\u00e4isi olla hauska ajaa. Siksi mik\u00e4\u00e4n testi ei ole yht\u00e4 hyv\u00e4 kuin oma koeajosi. Ammattimaiset testit voivat kuitenkin auttaa alkuvalinnassa ja antaa hy\u00f6dyllist\u00e4 ohjausta.<\/p>\n\n\n\n<p>Diamant osallistuu s\u00e4\u00e4nn\u00f6llisesti alan lehtien tekemiin testeihin. Olemme laatineet sis\u00e4isi\u00e4 s\u00e4\u00e4nt\u00f6j\u00e4 varmistaaksemme, ett\u00e4 n\u00e4m\u00e4 testit sujuvat mahdollisimman hyvin. Avoimuus on meille t\u00e4rke\u00e4\u00e4, joten jaamme n\u00e4m\u00e4 s\u00e4\u00e4nn\u00f6t kanssasi t\u00e4ss\u00e4.<\/p>\n\n\n\n<h3 class=\"wp-block-heading\"><strong><strong>Etu uusille malleille ja Pro-versioille<\/strong><\/strong><\/h3>\n\n\n\n<p>Tavoitteemme on, ett\u00e4 jokainen uusi mallisarja osallistuu v\u00e4hint\u00e4\u00e4n yhteen vertailutestiin ensimm\u00e4isen\u00e4 vuonna. Toisena vuonna keskitymme yksitt\u00e4isiin testeihin. Kolmantena vuonna toimitamme mallisarjan testiin vain poikkeustapauksissa. Emme tied\u00e4 etuk\u00e4teen, mitk\u00e4 kilpailijat my\u00f6s toimittavat py\u00f6ri\u00e4 vertailutesteihin. Mahdollisuuksien mukaan toimitamme testipy\u00f6r\u00e4n parhaiten varustellussa versiossa.<\/p>\n\n\n\n<h3 class=\"wp-block-heading\"><strong><strong>Kattelemme laboratoriokustannukset<\/strong><\/strong><\/h3>\n\n\n\n<p>Jotkut alan lehdet tekev\u00e4t laajoja laboratoriotestej\u00e4 py\u00f6rille k\u00e4ytt\u00e4en ulkopuolisia laitoksia, kuten DEKRA Stuttgartissa tai Velotech Schweinfurtissa. Joissain tapauksissa me, valmistajana, katamme n\u00e4m\u00e4 laboratoriokustannukset. Toisinaan maksamme my\u00f6s julkaisemismaksuja lis\u00e4testeist\u00e4 lisenssimaksujen muodossa testisinetin n\u00e4ytt\u00e4mist\u00e4 varten. Olemme eritt\u00e4in kriittisi\u00e4 t\u00e4t\u00e4 k\u00e4yt\u00e4nt\u00f6\u00e4 kohtaan, koska se voi vaarantaa testitulosten koetun riippumattomuuden. Siksi varmistamme, ett\u00e4 osallistumme vain menetelm\u00e4llisesti p\u00e4teviin testeihin, jotka p\u00e4tev\u00e4t ammattilaiset suorittavat. Mieluummin luovumme julkisuudesta kuin vaarannamme rehellisyytemme. Kaikki testit, jotka sis\u00e4lt\u00e4v\u00e4t taloudellisia panoksia, on selv\u00e4sti merkitty testikatsaukseemme.<\/p>\n\n\n\n<h3 class=\"wp-block-heading\"><strong><strong>Toimitamme py\u00f6r\u00e4t vakio tuotantokokoonpanossa<\/strong><\/strong><\/h3>\n\n\n\n<p>Stiftung Warentest ostaa testituotteensa avoimilta markkinoilta est\u00e4\u00e4kseen valmistajia l\u00e4hett\u00e4m\u00e4st\u00e4 erityisesti valmisteltuja malleja. Diamant toimittaa aina mallit vakio tuotantokokoonpanossa muille lehdille ja varmistaa, ett\u00e4 jokainen py\u00f6r\u00e4 tarkistetaan j\u00e4lleenmyyj\u00e4n toimesta ennen toimitusta. Kuvauspy\u00f6r\u00e4t rakennetaan samalla tuotantolinjalla kuin v\u00e4hitt\u00e4ismyynnin py\u00f6r\u00e4t.<\/p>\n\n\n\n<h3 class=\"wp-block-heading\"><strong><strong>K\u00e4yt\u00e4mme testipy\u00f6ri\u00e4 uudelleen<\/strong><\/strong><\/h3>\n\n\n\n<p>Monia py\u00f6ri\u00e4 k\u00e4ytet\u00e4\u00e4n useissa testeiss\u00e4, mutta yht\u00e4k\u00e4\u00e4n py\u00f6r\u00e4\u00e4 ei l\u00e4hetet\u00e4 kahteen laboratoriotestiin, jos molemmat sis\u00e4lt\u00e4v\u00e4t kest\u00e4vyystestej\u00e4. Jos aikaisemmista testeist\u00e4 on j\u00e4\u00e4nyt n\u00e4kyvi\u00e4 j\u00e4lki\u00e4, ilmoitamme n\u00e4ist\u00e4 naarmuista seuraaville testaajille.<\/p>\n\n\n\n<h3 class=\"wp-block-heading\"><strong><strong>Testipy\u00f6r\u00e4t ovat aina lainapy\u00f6ri\u00e4<\/strong><\/strong><\/h3>\n\n\n\n<p>Testeihin, joihin toimitamme py\u00f6r\u00e4n aktiivisesti, k\u00e4yt\u00e4mme aina lainapy\u00f6ri\u00e4. N\u00e4m\u00e4 py\u00f6r\u00e4t pysyv\u00e4t meid\u00e4n omaisuutenamme ja otamme ne takaisin testien j\u00e4lkeen.<\/p>\n\n<\/div>\r\n      <\/div>\r\n    <\/div>\r\n  <\/div>\r\n<\/div><\/div>","protected":false},"excerpt":{"rendered":"","protected":false},"author":3,"featured_media":0,"parent":0,"menu_order":0,"comment_status":"closed","ping_status":"closed","template":"","meta":{"_acf_changed":false,"slim_seo":{"title":"Testit ja palkinnot \u2013 Diamant Bikes arvioitu ja palkittu","description":"L\u00f6yd\u00e4 testej\u00e4 ja arvosteluja nykyisest\u00e4 Diamant Bikes -valikoimasta. Katso, miten Diamant vertautuu muihin py\u00f6riin. Opi, miten erotumme paremmilla py\u00f6rill\u00e4."},"footnotes":""},"class_list":["post-66610","page","type-page","status-publish","hentry"],"acf":[],"_links":{"self":[{"href":"https:\/\/www.diamantrad.com\/fi-FI\/wp-json\/wp\/v2\/pages\/66610","targetHints":{"allow":["GET"]}}],"collection":[{"href":"https:\/\/www.diamantrad.com\/fi-FI\/wp-json\/wp\/v2\/pages"}],"about":[{"href":"https:\/\/www.diamantrad.com\/fi-FI\/wp-json\/wp\/v2\/types\/page"}],"author":[{"embeddable":true,"href":"https:\/\/www.diamantrad.com\/fi-FI\/wp-json\/wp\/v2\/users\/3"}],"replies":[{"embeddable":true,"href":"https:\/\/www.diamantrad.com\/fi-FI\/wp-json\/wp\/v2\/comments?post=66610"}],"version-history":[{"count":1,"href":"https:\/\/www.diamantrad.com\/fi-FI\/wp-json\/wp\/v2\/pages\/66610\/revisions"}],"predecessor-version":[{"id":66614,"href":"https:\/\/www.diamantrad.com\/fi-FI\/wp-json\/wp\/v2\/pages\/66610\/revisions\/66614"}],"wp:attachment":[{"href":"https:\/\/www.diamantrad.com\/fi-FI\/wp-json\/wp\/v2\/media?parent=66610"}],"curies":[{"name":"wp","href":"https:\/\/api.w.org\/{rel}","templated":true}]}}