{"id":67381,"date":"2025-08-28T12:08:07","date_gmt":"2025-08-28T10:08:07","guid":{"rendered":"https:\/\/www.diamantrad.com\/?page_id=67381"},"modified":"2025-12-06T21:08:40","modified_gmt":"2025-12-06T20:08:40","slug":"manuals","status":"publish","type":"page","link":"https:\/\/www.diamantrad.com\/fi-FI\/manuals\/","title":{"rendered":"Manuals"},"content":{"rendered":"<div class=\"lazyblock-nncontainer-Z2rVcnO wp-block-lazyblock-nncontainer\"><div class=\"section-secondary\">\r\n  <div class=\"container\" id=\"container-Z2rVcnO\">\r\n    <div class=\"row\">\r\n      <div class=\"col py-4 py-lg-5\">\r\n        <div class=\"lazyblock-inner-blocks\">\n<div class=\"lazyblock-cover-text-2t1jAG wp-block-lazyblock-cover-text\"><div class=\"covertext container py-5 d-flex flex-column colorscheme-light justify-content-center\" id=\"covertext-2t1jAG\">\r\n  <div class=\"lazyblock-inner-blocks\">\n\n<h2 class=\"wp-block-heading\">K\u00e4ytt\u00f6oppaat<\/h2>\n\n<\/div>\r\n<\/div><\/div>\n<\/div>\r\n      <\/div>\r\n    <\/div>\r\n  <\/div>\r\n<\/div><\/div>\n\n<div class=\"lazyblock-nncontainer-29kcwo wp-block-lazyblock-nncontainer\"><div class=\"section-standard\">\r\n  <div class=\"container\" id=\"container-29kcwo\">\r\n    <div class=\"row\">\r\n      <div class=\"col py-4 py-lg-5\">\r\n        <div class=\"lazyblock-inner-blocks\">\n\n<p>K\u00e4ytt\u00f6oppaissamme on t\u00e4rkeit\u00e4 tietoja py\u00f6r\u00e4st\u00e4si, kuten ohjeet ensimm\u00e4iseen k\u00e4ytt\u00f6\u00f6nottoon, turvallisuusohjeet ja takuun kattamat k\u00e4ytt\u00f6tarkoitukset. Tallenna k\u00e4ytt\u00f6ohje laitteellesi ja tutustu polkupy\u00f6r\u00e4\u00e4si.<\/p>\n\n\n\n<p>Tarvitset k\u00e4ytt\u00f6ohjeet py\u00f6r\u00e4n valmistusvuodelta. Valmistusvuosi voi olla eri kuin vuosi, jona ostit py\u00f6r\u00e4n. Jos olet ep\u00e4varma oikeasta vuodesta, ota yhteytt\u00e4 <a href=\"https:\/\/www.diamantrad.com\/fi-FI\/contact\/\" title=\"Contact\">asiakaspalvelutiimiimme<\/a>. He voivat tunnistaa py\u00f6r\u00e4n oikean valmistusvuoden sen sarjanumerosta. Sarjanumero l\u00f6ytyy tarrasta alarungosta. Se alkaa kirjaimilla WTU.<\/p>\n\n\n\n<div class=\"wp-block-cover is-light pb-5\"><img data-dominant-color=\"757885\" data-has-transparency=\"false\" style=\"--dominant-color: #757885;\" loading=\"lazy\" decoding=\"async\" width=\"1024\" height=\"427\" sizes=\"auto, (max-width: 1024px) 100vw, 1024px\" class=\"wp-block-cover__image-background wp-image-28335 size-large not-transparent\" alt=\"Header radregistrierung wtu nummer\" src=\"https:\/\/www.diamantrad.com\/wp-content\/uploads\/2023\/06\/Header_Radregistrierung_WTU-Nummer-1024x427.jpg\" data-object-fit=\"cover\" srcset=\"https:\/\/www.diamantrad.com\/wp-content\/uploads\/2023\/06\/Header_Radregistrierung_WTU-Nummer-1024x427.jpg 1024w, https:\/\/www.diamantrad.com\/wp-content\/uploads\/2023\/06\/Header_Radregistrierung_WTU-Nummer-300x125.jpg 300w, https:\/\/www.diamantrad.com\/wp-content\/uploads\/2023\/06\/Header_Radregistrierung_WTU-Nummer-768x320.jpg 768w, https:\/\/www.diamantrad.com\/wp-content\/uploads\/2023\/06\/Header_Radregistrierung_WTU-Nummer-1536x640.jpg 1536w, https:\/\/www.diamantrad.com\/wp-content\/uploads\/2023\/06\/Header_Radregistrierung_WTU-Nummer.avif 1920w\" \/><span aria-hidden=\"true\" class=\"wp-block-cover__background has-background-dim\" style=\"background-color:#867f79\"><\/span><div class=\"wp-block-cover__inner-container is-layout-constrained wp-block-cover-is-layout-constrained\">\n<p class=\"has-text-align-center has-large-font-size\"><\/p>\n<\/div><\/div>\n\n\n\n<p><\/p>\n\n\n<div class=\"lazyblock-accordion-o5lBy wp-block-lazyblock-accordion\"><div id=\"accordion-o5lBy\" class=\"accordion accordion-flush mb-5\">  \r\n    <div class=\"accordion-item\">\r\n      <h2 class=\"mb-0 accordion-header\" id=\"heading-o5lBy-0\">\r\n        <button class=\"accordion-button collapsed\" type=\"button\" data-bs-toggle=\"collapse\" data-bs-target=\"#collapse-o5lBy-0\" aria-expanded=\"false\" aria-controls=\"collapse-o5lBy-0\">\r\n          Alkuper\u00e4inen k\u00e4ytt\u00f6ohje ja ohjekirja (2025)\r\n        <\/button>\r\n      <\/h2>\r\n      <div id=\"collapse-o5lBy-0\" class=\"accordion-collapse collapse\" aria-labelledby=\"heading-o5lBy-0\" data-bs-parent=\"#accordion-o5lBy\">\r\n        <div class=\"accordion-body\"><p>T\u00e4m\u00e4 k\u00e4ytt\u00f6ohje sis\u00e4lt\u00e4\u00e4 t\u00e4rkeit\u00e4 tietoja py\u00f6r\u00e4st\u00e4si, sen valmistelusta ajoa varten, turvaohjeista ja takuun kattamista k\u00e4ytt\u00f6tilanteista.<\/p>\n<p><a href=\"https:\/\/www.diamantrad.com\/wp-content\/uploads\/2025\/09\/DIAMANT_2026_ORIGINALE_INSTRUKTIONER_DA_online.pdf\">Diamant Owner&#8217;s manual Dansk<\/a><a href=\"https:\/\/www.diamantrad.com\/wp-content\/uploads\/2025\/01\/DIAMANT_2025_ORIGINALBETRIEBSANLEITUNG_DE_DE_online.pdf\"><br \/><\/a><a href=\"https:\/\/www.diamantrad.com\/wp-content\/uploads\/2025\/09\/DIAMANT_2026_ORIGINALBETRIEBSANLEITUNG_DE_online.pdf\">Diamant Owner&#8217;s manual Deutsch<\/a><a href=\"https:\/\/www.diamantrad.com\/wp-content\/uploads\/2025\/01\/DIAMANT_2025_ORIGINALBETRIEBSANLEITUNG_DE_DE_online.pdf\"><br \/><\/a><a href=\"https:\/\/www.diamantrad.com\/wp-content\/uploads\/2025\/09\/DIAMANT_2026_OWNERS_MANUAL_EN_online.pdf\">Diamant Owner&#8217;s manual English<\/a><a href=\"https:\/\/www.diamantrad.com\/wp-content\/uploads\/2025\/01\/DIAMANT_2025_ORIGINALBETRIEBSANLEITUNG_DE_DE_online.pdf\"><br \/><\/a><a href=\"https:\/\/www.diamantrad.com\/wp-content\/uploads\/2025\/09\/DIAMANT_2026_MANUEL_DU_PROPRIETAIRE_FR_online.pdf\">Diamant Owner&#8217;s manual Francais<\/a><a href=\"https:\/\/www.diamantrad.com\/wp-content\/uploads\/2025\/01\/DIAMANT_2025_ORIGINALBETRIEBSANLEITUNG_DE_DE_online.pdf\"><br \/><\/a><a href=\"https:\/\/www.diamantrad.com\/wp-content\/uploads\/2025\/09\/DIAMANT_2026_MANUAL_UTENTE_IT_online.pdf\">Diamant Owner&#8217;s manual Italiano<\/a><br \/><a href=\"https:\/\/www.diamantrad.com\/wp-content\/uploads\/2025\/09\/DIAMANT_2026_BEDIENINGSHANDLEIDING_NL_online-1.pdf\">Diamant Owner&#8217;s manual Nederlands<\/a><a href=\"https:\/\/www.diamantrad.com\/wp-content\/uploads\/2025\/01\/DIAMANT_2025_ORIGINALBETRIEBSANLEITUNG_DE_DE_online.pdf\"><br \/><\/a><a href=\"https:\/\/www.diamantrad.com\/wp-content\/uploads\/2025\/09\/DIAMANT_2026_INSTRUKCJA-OBSLUGI_PL_online.pdf\">Diamant Owner&#8217;s manual Polski<\/a><a href=\"https:\/\/www.diamantrad.com\/wp-content\/uploads\/2025\/01\/DIAMANT_2025_ORIGINALBETRIEBSANLEITUNG_DE_DE_online.pdf\"><br \/><\/a><a href=\"https:\/\/www.diamantrad.com\/wp-content\/uploads\/2025\/09\/DIAMANT_2026_OMISTAJAN_KAeSIKIRJA_FI_online.pdf\">Diamant Owner&#8217;s manual Suomi<\/a><br \/><a href=\"https:\/\/www.diamantrad.com\/wp-content\/uploads\/2025\/09\/DIAMANT_2026_CYKELHANDBOK_SV_online-1.pdf\">Diamant Owner&#8217;s manual Sverige<\/a><\/p><\/div>\r\n      <\/div>\r\n    <\/div>\r\n    <div class=\"accordion-item\">\r\n      <h2 class=\"mb-0 accordion-header\" id=\"heading-o5lBy-1\">\r\n        <button class=\"accordion-button collapsed\" type=\"button\" data-bs-toggle=\"collapse\" data-bs-target=\"#collapse-o5lBy-1\" aria-expanded=\"false\" aria-controls=\"collapse-o5lBy-1\">\r\n          Bosch Systems \u2013 S\u00e4hk\u00f6py\u00f6rien pikaoppaat (vuosimallia 2023 ja uudempia)\r\n        <\/button>\r\n      <\/h2>\r\n      <div id=\"collapse-o5lBy-1\" class=\"accordion-collapse collapse\" aria-labelledby=\"heading-o5lBy-1\" data-bs-parent=\"#accordion-o5lBy\">\r\n        <div class=\"accordion-body\"><p>Bosch-moottorilla varustettujen s\u00e4hk\u00f6py\u00f6rien osalta kannattaa my\u00f6s kiinnitt\u00e4\u00e4 huomiota viralliseen pikaoppaaseen.<\/p>\n<p>&nbsp;<\/p>\n<p><a href=\"https:\/\/www.diamantrad.com\/wp-content\/uploads\/2025\/09\/Bosch_QSG_LEDRemotePurion200_5315838-5315839_DA-DK_2023-06-14.pdf\">Bosch Systems E-Bike Quick Start Guide &#8211; LED Remote &amp; Purion 200 &#8211; DA<\/a><br \/><a href=\"https:\/\/www.diamantrad.com\/wp-content\/uploads\/2025\/09\/QSG_LEDRem_Kiox300-500_Int100_5315840-5315841_DA.pdf\">Bosch Systems E-Bike Quick Start Guide &#8211; LED Remote &amp; Kiox 300-500 &amp; Intuvia 100 &#8211; DA<\/a><\/p>\n<p><a href=\"https:\/\/www.diamantrad.com\/wp-content\/uploads\/2025\/10\/Bosch_QSG_LEDRemotePurion200_5315838-5315839_DE-DE_2023-06-13.pdf\">Bosch Systems E-Bike Quick Start Guide &#8211; LED Remote &amp; Purion 200 &#8211; DE<\/a><br \/><a href=\"https:\/\/www.diamantrad.com\/wp-content\/uploads\/2025\/10\/Bosch_QSG_LEDRemoteKiox300Kiox500Intuvia100_5315840-5315841_DE-DE_2023-06-13.pdf\">Bosch Systems E-Bike Quick Start Guide &#8211; LED Remote &amp; Kiox 300-500 &amp; Intuvia 100 &#8211; DE<\/a><\/p>\n<p><a href=\"https:\/\/www.diamantrad.com\/wp-content\/uploads\/2025\/10\/Bosch_QSG_LEDRemotePurion200_5315838-5315839_EN-GB_2023-06-13.pdf\">Bosch Systems E-Bike Quick Start Guide &#8211; LED Remote &amp; Purion 200 &#8211; EN<\/a><br \/><a href=\"https:\/\/www.diamantrad.com\/wp-content\/uploads\/2025\/10\/Bosch_QSG_LEDRemoteKiox300Kiox500Intuvia100_5315840-5315841_EN-GB_2023-06-13.pdf\">Bosch Systems E-Bike Quick Start Guide &#8211; LED Remote &amp; Kiox 300-500 &amp; Intuvia 100 &#8211; EN<\/a><\/p>\n<p><a href=\"https:\/\/www.diamantrad.com\/wp-content\/uploads\/2025\/09\/Bosch_QSG_LEDRemotePurion200_5315838-5315839_FI-FI_2023-06-13.pdf\">Bosch Systems E-Bike Quick Start Guide &#8211; LED Remote &amp; Purion 200 &#8211; FI<\/a><br \/><a href=\"https:\/\/www.diamantrad.com\/wp-content\/uploads\/2025\/09\/QSG_LEDRem_Kiox300-500_Int100_5315840-5315841_FI.pdf\">Bosch Systems E-Bike Quick Start Guide &#8211; LED Remote &amp; Kiox 300-500 &amp; Intuvia 100 &#8211; FI<\/a><\/p>\n<p><a href=\"https:\/\/www.diamantrad.com\/wp-content\/uploads\/2025\/10\/Bosch_QSG_LEDRemotePurion200_5315838-5315839_FR-FR_2023-06-13.pdf\">Bosch Systems E-Bike Quick Start Guide &#8211; LED Remote &amp; Purion 200 &#8211; FR<\/a><br \/><a href=\"https:\/\/www.diamantrad.com\/wp-content\/uploads\/2025\/10\/Bosch_QSG_LEDRemoteKiox300Kiox500Intuvia100_5315840-5315841_FR-FR_2023-06-13.pdf\">Bosch Systems E-Bike Quick Start Guide &#8211; LED Remote &amp; Kiox 300-500 &amp; Intuvia 100 &#8211; FR<\/a><\/p>\n<p><a href=\"https:\/\/www.diamantrad.com\/wp-content\/uploads\/2025\/10\/Bosch_QSG_LEDRemotePurion200_5315838-5315839_IT-IT_2023-06-13.pdf\">Bosch Systems E-Bike Quick Start Guide &#8211; LED Remote &amp; Purion 200 &#8211; IT<\/a><br \/><a href=\"https:\/\/www.diamantrad.com\/wp-content\/uploads\/2025\/10\/Bosch_QSG_LEDRemoteKiox300Kiox500Intuvia100_5315840-5315841_IT-IT_2023-06-13.pdf\">Bosch Systems E-Bike Quick Start Guide &#8211; LED Remote &amp; Kiox 300-500 &amp; Intuvia 100 &#8211; IT<\/a><\/p>\n<p><a href=\"https:\/\/www.diamantrad.com\/wp-content\/uploads\/2025\/10\/Bosch_QSG_LEDRemotePurion200_5315838-5315839_NL-BE_2023-06-13.pdf\">Bosch Systems E-Bike Quick Start Guide &#8211; LED Remote &amp; Purion 200 &#8211; NL<\/a><br \/><a href=\"https:\/\/www.diamantrad.com\/wp-content\/uploads\/2025\/10\/Bosch_QSG_LEDRemoteKiox300Kiox500Intuvia100_5315840-5315841_NL-BE_2023-06-13.pdf\">Bosch Systems E-Bike Quick Start Guide &#8211; LED Remote &amp; Kiox 300-500 &amp; Intuvia 100 &#8211; NL<\/a><\/p>\n<p><a href=\"https:\/\/www.diamantrad.com\/wp-content\/uploads\/2025\/10\/Bosch_QSG_LEDRemotePurion200_5315838-5315839_PL-PL_2023-06-13.pdf\">Bosch Systems E-Bike Quick Start Guide &#8211; LED Remote &amp; Purion 200 &#8211; PL<\/a><br \/><a href=\"https:\/\/www.diamantrad.com\/wp-content\/uploads\/2025\/10\/Bosch_QSG_LEDRemoteKiox300Kiox500Intuvia100_5315840-5315841_PL-PL_2023-06-13.pdf\">Bosch Systems E-Bike Quick Start Guide &#8211; LED Remote &amp; Kiox 300-500 &amp; Intuvia 100 &#8211; PL<\/a><\/p>\n<p><a href=\"https:\/\/www.diamantrad.com\/wp-content\/uploads\/2025\/09\/Bosch_QSG_LEDRemotePurion200_5315838-5315839_SV-SE_2023-06-14.pdf\">Bosch Systems E-Bike Quick Start Guide &#8211; LED Remote &amp; Purion 200 &#8211; SE<\/a><br \/><a href=\"https:\/\/www.diamantrad.com\/wp-content\/uploads\/2025\/09\/QSG_LEDRem_Kiox300-500_Int100_5315840-5315841_SV.pdf\">Bosch Systems E-Bike Quick Start Guide &#8211; LED Remote &amp; Kiox 300-500 &amp; Intuvia 100 &#8211; SE<\/a><\/p><\/div>\r\n      <\/div>\r\n    <\/div>\r\n    <div class=\"accordion-item\">\r\n      <h2 class=\"mb-0 accordion-header\" id=\"heading-o5lBy-2\">\r\n        <button class=\"accordion-button collapsed\" type=\"button\" data-bs-toggle=\"collapse\" data-bs-target=\"#collapse-o5lBy-2\" aria-expanded=\"false\" aria-controls=\"collapse-o5lBy-2\">\r\n          Bosch Systems &#8211; The Smart System &#8211; Kattava k\u00e4ytt\u00f6ohje (2025)\r\n        <\/button>\r\n      <\/h2>\r\n      <div id=\"collapse-o5lBy-2\" class=\"accordion-collapse collapse\" aria-labelledby=\"heading-o5lBy-2\" data-bs-parent=\"#accordion-o5lBy\">\r\n        <div class=\"accordion-body\"><p>T\u00e4m\u00e4 k\u00e4ytt\u00f6ohje selitt\u00e4\u00e4 yksityiskohtaisesti koko Bosch Smart Systemin Diamant-s\u00e4hk\u00f6py\u00f6r\u00e4\u00e4si varten.<\/p>\n<p><a href=\"https:\/\/www.diamantrad.com\/wp-content\/uploads\/2025\/09\/DT26_Bosch_The_Smart_System_DA_25-45kmh_Rev1_Sept_2025_online_small.pdf\">Bosch &#8211; The Smart System &#8211; 25 &amp; 45 km\/h &#8211; Comprehensive Manual &#8211; DA<\/a><br \/><a href=\"https:\/\/www.diamantrad.com\/wp-content\/uploads\/2025\/09\/DT26_Bosch_The_Smart_System_DE_25_45kmh_Rev1_Sept_2025_online_small.pdf\">Bosch &#8211; The Smart System &#8211; 25 &amp; 45 km\/h &#8211; Comprehensive Manual &#8211; DE<\/a><br \/><a href=\"https:\/\/www.diamantrad.com\/wp-content\/uploads\/2025\/09\/DT26_Bosch_The_Smart_System_EN_25_45kmh_Rev1_Sept_2025_online_small.pdf\">Bosch &#8211; The Smart System &#8211; 25 &amp; 45 km\/h &#8211; Comprehensive Manual &#8211; EN<\/a><br \/><a href=\"https:\/\/www.diamantrad.com\/wp-content\/uploads\/2025\/09\/DT26_Bosch_The_Smart_System_FI_25-45kmh_Rev1_Sept_2025_online_small.pdf\">Bosch &#8211; The Smart System &#8211; 25 &amp; 45 km\/h &#8211; Comprehensive Manual &#8211; FI<\/a><br \/><a href=\"https:\/\/www.diamantrad.com\/wp-content\/uploads\/2025\/09\/DT26_Bosch_The_Smart_System_FR_25_45kmh_Rev1_Sept_2025_online_small.pdf\">Bosch &#8211; The Smart System &#8211; 25 &amp; 45 km\/h &#8211; Comprehensive Manual &#8211; FR<\/a><br \/><a href=\"https:\/\/www.diamantrad.com\/wp-content\/uploads\/2025\/09\/DT26_Bosch_The_Smart_System_IT_25-45kmh_Rev1_Sept-2025_online_small.pdf\">Bosch &#8211; The Smart System &#8211; 25 &amp; 45 km\/h &#8211; Comprehensive Manual &#8211; IT<\/a><br \/><a href=\"https:\/\/www.diamantrad.com\/wp-content\/uploads\/2025\/09\/DT26_Bosch_The_Smart_System_NL_25_45kmh_Rev1_Sept_2025_online_small.pdf\">Bosch &#8211; The Smart System &#8211; 25 &amp; 45 km\/h &#8211; Comprehensive Manual &#8211; NL<\/a><br \/><a href=\"https:\/\/www.diamantrad.com\/wp-content\/uploads\/2025\/09\/DT26_Bosch_The_Smart_System_PL_25-45kmh_Rev1_Sept_2025_online_small.pdf\">Bosch &#8211; The Smart System &#8211; 25 &amp; 45 km\/h &#8211; Comprehensive Manual &#8211; PL<\/a><br \/><a href=\"https:\/\/www.diamantrad.com\/wp-content\/uploads\/2025\/09\/DT26_Bosch_The_Smart_System_SV_25-45kmh_Rev1_Sept-2025_online_small.pdf\">Bosch &#8211; The Smart System &#8211; 25 &amp; 45 km\/h &#8211; Comprehensive Manual &#8211; SV<\/a><\/p><\/div>\r\n      <\/div>\r\n    <\/div>\r\n<\/div><\/div>\n\n\n<h2 class=\"wp-block-heading\">J\u00e4lleenmyyjille tarkoitetut huolto-oppaat (mallivuodesta 2025 alkaen)<\/h2>\n\n\n\n<p>N\u00e4m\u00e4 k\u00e4ytt\u00f6oppaat sis\u00e4lt\u00e4v\u00e4t r\u00e4j\u00e4ytyskuvia, teknisi\u00e4 tietoja, ohjeita, osanumeroita ja hy\u00f6dyllisi\u00e4 huoltovinkkej\u00e4 valtuutetuille huoltokeskuksille. Ne eiv\u00e4t kata kaikkia komponentteja, vaan vain ne, joille tarvitaan mallikohtaisia \u200b\u200bohjeita.<\/p>\n\n\n<div class=\"lazyblock-accordion-Z2G54c wp-block-lazyblock-accordion\"><div id=\"accordion-Z2G54c\" class=\"accordion accordion-flush mb-5\">  \r\n    <div class=\"accordion-item\">\r\n      <h2 class=\"mb-0 accordion-header\" id=\"heading-Z2G54c-0\">\r\n        <button class=\"accordion-button collapsed\" type=\"button\" data-bs-toggle=\"collapse\" data-bs-target=\"#collapse-Z2G54c-0\" aria-expanded=\"false\" aria-controls=\"collapse-Z2G54c-0\">\r\n          Diamant Mahon &amp; Nhoma\r\n        <\/button>\r\n      <\/h2>\r\n      <div id=\"collapse-Z2G54c-0\" class=\"accordion-collapse collapse\" aria-labelledby=\"heading-Z2G54c-0\" data-bs-parent=\"#accordion-Z2G54c\">\r\n        <div class=\"accordion-body\"><p><a href=\"https:\/\/www.diamantrad.com\/wp-content\/uploads\/2025\/12\/Mahon-Nhoma_2025_ServiceManual_DE-DE_2025-4-25.pdf\">Diamant Mahon &amp; Nhoma &#8211; Service Manual &#8211; DE<\/a><br \/><a href=\"https:\/\/www.diamantrad.com\/wp-content\/uploads\/2025\/12\/Mahon-Nhoma_2025_ServiceManual_EN-US_2025-4-25.pdf\">Diamant Mahon &amp; Nhoma &#8211; Service Manual &#8211; EN<\/a><br \/><a href=\"https:\/\/www.diamantrad.com\/wp-content\/uploads\/2025\/12\/Mahon-Nhoma_2025_ServiceManual_FR-FR_2025-4-25.pdf\">Diamant Mahon &amp; Nhoma &#8211; Service Manual &#8211; FR<\/a><br \/><a href=\"https:\/\/www.diamantrad.com\/wp-content\/uploads\/2025\/12\/Mahon-Nhoma_2025_ServiceManual_NL-NL_2025-4-25.pdf\">Diamant Mahon &amp; Nhoma &#8211; Service Manual &#8211; NL<\/a><br \/><a href=\"https:\/\/www.diamantrad.com\/wp-content\/uploads\/2025\/12\/Mahon-Nhoma_2025_ServiceManual_PL-PL_2025-4-25.pdf\">Diamant Mahon &amp; Nhoma &#8211; Service Manual &#8211; PL<\/a><\/p><\/div>\r\n      <\/div>\r\n    <\/div>\r\n    <div class=\"accordion-item\">\r\n      <h2 class=\"mb-0 accordion-header\" id=\"heading-Z2G54c-1\">\r\n        <button class=\"accordion-button collapsed\" type=\"button\" data-bs-toggle=\"collapse\" data-bs-target=\"#collapse-Z2G54c-1\" aria-expanded=\"false\" aria-controls=\"collapse-Z2G54c-1\">\r\n          Diamant Suvea\r\n        <\/button>\r\n      <\/h2>\r\n      <div id=\"collapse-Z2G54c-1\" class=\"accordion-collapse collapse\" aria-labelledby=\"heading-Z2G54c-1\" data-bs-parent=\"#accordion-Z2G54c\">\r\n        <div class=\"accordion-body\"><p><a href=\"https:\/\/www.diamantrad.com\/wp-content\/uploads\/2025\/12\/Suvea_2025_ServiceManual_DE-DE_2025-8-29.pdf\">Diamant Suvea &#8211; Service Manual &#8211; DE<\/a><br \/><a href=\"https:\/\/www.diamantrad.com\/wp-content\/uploads\/2025\/12\/Suvea_2025_ServiceManual_EN-GB_2025-8-29.pdf\">Diamant Suvea &#8211; Service Manual &#8211; EN<\/a><br \/><a href=\"https:\/\/www.diamantrad.com\/wp-content\/uploads\/2025\/12\/Suvea_2025_ServiceManual_FR-FR_2025-8-29.pdf\">Diamant Suvea &#8211; Service Manual &#8211; FR<\/a><br \/><a href=\"https:\/\/www.diamantrad.com\/wp-content\/uploads\/2025\/12\/Suvea_2025_ServiceManual_NL-NL_2025-8-29.pdf\">Diamant Suvea &#8211; Service Manual &#8211; NL<\/a><br \/><a href=\"https:\/\/www.diamantrad.com\/wp-content\/uploads\/2025\/12\/Suvea_2025_ServiceManual_PL-PL_2025-8-29.pdf\">Diamant Suvea &#8211; Service Manual &#8211; PL<\/a><\/p><\/div>\r\n      <\/div>\r\n    <\/div>\r\n    <div class=\"accordion-item\">\r\n      <h2 class=\"mb-0 accordion-header\" id=\"heading-Z2G54c-2\">\r\n        <button class=\"accordion-button collapsed\" type=\"button\" data-bs-toggle=\"collapse\" data-bs-target=\"#collapse-Z2G54c-2\" aria-expanded=\"false\" aria-controls=\"collapse-Z2G54c-2\">\r\n          Diamant Zing\r\n        <\/button>\r\n      <\/h2>\r\n      <div id=\"collapse-Z2G54c-2\" class=\"accordion-collapse collapse\" aria-labelledby=\"heading-Z2G54c-2\" data-bs-parent=\"#accordion-Z2G54c\">\r\n        <div class=\"accordion-body\"><p><a href=\"https:\/\/www.diamantrad.com\/wp-content\/uploads\/2025\/12\/ZingLightweight_Gen3_ServiceManual_DA-DK_2025-7-8.pdf\">Diamant Zing &#8211; Service Manual &#8211; DA<\/a><br \/><a href=\"https:\/\/www.diamantrad.com\/wp-content\/uploads\/2025\/12\/ZingLightweight_Gen3_ServiceManual_DE-DE_2025-7-8.pdf\">Diamant Zing &#8211; Service Manual &#8211; DE<\/a><br \/><a href=\"https:\/\/www.diamantrad.com\/wp-content\/uploads\/2025\/12\/ZingLightweight_Gen3_ServiceManual_EN-GB_2025-7-8.pdf\">Diamant Zing &#8211; Service Manual &#8211; EN<\/a><br \/><a href=\"https:\/\/www.diamantrad.com\/wp-content\/uploads\/2025\/12\/ZingLightweight_Gen3_ServiceManual_FI-FI_2025-7-8.pdf\">Diamant Zing &#8211; Service Manual &#8211; FI<\/a><br \/><a href=\"https:\/\/www.diamantrad.com\/wp-content\/uploads\/2025\/12\/ZingLightweight_Gen3_ServiceManual_FR-FR_2025-7-8.pdf\">Diamant Zing &#8211; Service Manual &#8211; FR<\/a><br \/><a href=\"https:\/\/www.diamantrad.com\/wp-content\/uploads\/2025\/12\/ZingLightweight_Gen3_ServiceManual_NL-NL_2025-7-8.pdf\">Diamant Zing &#8211; Service Manual &#8211; NL<\/a><br \/><a href=\"https:\/\/www.diamantrad.com\/wp-content\/uploads\/2025\/12\/ZingLightweight_Gen3_ServiceManual_PL-PL_2025-7-8.pdf\">Diamant Zing &#8211; Service Manual &#8211; PL<\/a><br \/><a href=\"https:\/\/www.diamantrad.com\/wp-content\/uploads\/2025\/12\/ZingLightweight_Gen3_ServiceManual_SV-SE_2025-7-8.pdf\">Diamant Zing &#8211; Service Manual &#8211; SE<\/a><\/p><\/div>\r\n      <\/div>\r\n    <\/div>\r\n<\/div><\/div>\n<\/div>\r\n      <\/div>\r\n    <\/div>\r\n  <\/div>\r\n<\/div><\/div>\n\n\n<p><\/p>\n","protected":false},"excerpt":{"rendered":"","protected":false},"author":3,"featured_media":0,"parent":0,"menu_order":0,"comment_status":"closed","ping_status":"closed","template":"","meta":{"_acf_changed":false,"slim_seo":{"title":"Diamantin k\u00e4sikirjat ja k\u00e4ytt\u00f6ohjeet","description":"Lataa nyt Diamant-py\u00f6r\u00e4si k\u00e4ytt\u00f6ohjeet ja k\u00e4ytt\u00f6ohjeet monilla kielill\u00e4, selke\u00e4t, digitaaliset ja aina saatavilla."},"footnotes":""},"class_list":["post-67381","page","type-page","status-publish","hentry"],"acf":[],"_links":{"self":[{"href":"https:\/\/www.diamantrad.com\/fi-FI\/wp-json\/wp\/v2\/pages\/67381","targetHints":{"allow":["GET"]}}],"collection":[{"href":"https:\/\/www.diamantrad.com\/fi-FI\/wp-json\/wp\/v2\/pages"}],"about":[{"href":"https:\/\/www.diamantrad.com\/fi-FI\/wp-json\/wp\/v2\/types\/page"}],"author":[{"embeddable":true,"href":"https:\/\/www.diamantrad.com\/fi-FI\/wp-json\/wp\/v2\/users\/3"}],"replies":[{"embeddable":true,"href":"https:\/\/www.diamantrad.com\/fi-FI\/wp-json\/wp\/v2\/comments?post=67381"}],"version-history":[{"count":9,"href":"https:\/\/www.diamantrad.com\/fi-FI\/wp-json\/wp\/v2\/pages\/67381\/revisions"}],"predecessor-version":[{"id":71126,"href":"https:\/\/www.diamantrad.com\/fi-FI\/wp-json\/wp\/v2\/pages\/67381\/revisions\/71126"}],"wp:attachment":[{"href":"https:\/\/www.diamantrad.com\/fi-FI\/wp-json\/wp\/v2\/media?parent=67381"}],"curies":[{"name":"wp","href":"https:\/\/api.w.org\/{rel}","templated":true}]}}