{"id":67889,"date":"2025-09-04T14:12:07","date_gmt":"2025-09-04T12:12:07","guid":{"rendered":"https:\/\/www.diamantrad.com\/?page_id=67889"},"modified":"2025-09-04T14:12:07","modified_gmt":"2025-09-04T12:12:07","slug":"news","status":"publish","type":"page","link":"https:\/\/www.diamantrad.com\/fi-FI\/blog\/news\/","title":{"rendered":"News"},"content":{"rendered":"<div class=\"lazyblock-nncontainer-Z2bJS7k wp-block-lazyblock-nncontainer\"><div class=\"section-standard\">\r\n  <div class=\"container\" id=\"container-Z2bJS7k\">\r\n    <div class=\"row\">\r\n      <div class=\"col py-4 py-lg-5\">\r\n        <div class=\"lazyblock-inner-blocks\">\n                \r\n                <div class=\"blog-highlighted\">\r\n                    <div class=\"row g-5\">\r\n                        <div class=\"col-lg-6 mt-5\">\r\n                            <div class=\"entry-meta mb-4\">\r\n                                <div class=\"posted-on mb-2\">\r\n                                    <time datetime=\"2025-08-28T08:37:31+02:00\">28. Aug 2025<\/time>\r\n                                <\/div>\r\n                                <div class=\"post-categories\">\r\n                                    <a role=\"button\" href=\"\/fi-FI\/blog\/news\/\">News<\/a>                                <\/div>\r\n                            <\/div>\r\n                            <h2><a href=\"https:\/\/www.diamantrad.com\/fi-FI\/blog\/sustainability-with-low-impact-aluminum\/\">Diamant edustaa kest\u00e4v\u00e4\u00e4 kehityst\u00e4: iso askel k\u00e4ytt\u00e4jen v\u00e4h\u00e4isten ymp\u00e4rist\u00f6vaikutusten alumiinia<\/a><\/h2>\r\n                            <p class=\"mb-0\">Lue t\u00e4st\u00e4 artikkelista, kuinka Diamant ja Trek v\u00e4hent\u00e4v\u00e4t py\u00f6r\u00e4nvalmistuksen p\u00e4\u00e4st\u00f6j\u00e4 jopa 70 % v\u00e4h\u00e4vaikutteisella alumiinilla.<\/p>\r\n                        <\/div>\r\n                        <div class=\"col-lg-6 mt-4 mt-lg-5\">\r\n                            <a class=\"post-thumbnail\" href=\"https:\/\/www.diamantrad.com\/fi-FI\/blog\/sustainability-with-low-impact-aluminum\/\" tabindex=\"-1\">\r\n                                <figure class=\"mb-0\"><img loading=\"lazy\" decoding=\"async\" width=\"992\" height=\"662\" src=\"https:\/\/www.diamantrad.com\/wp-content\/uploads\/2024\/12\/DI_24_Zing_Trip_Lifestyle_67I4578_300dpi-1024x683.avif\" class=\"img-fluid not-transparent wp-post-image\" alt=\"Diamant edustaa kest\u00e4v\u00e4\u00e4 kehityst\u00e4: iso askel k\u00e4ytt\u00e4jen v\u00e4h\u00e4isten ymp\u00e4rist\u00f6vaikutusten alumiinia\" srcset=\"https:\/\/www.diamantrad.com\/wp-content\/uploads\/2024\/12\/DI_24_Zing_Trip_Lifestyle_67I4578_300dpi-1024x683.avif 1024w, https:\/\/www.diamantrad.com\/wp-content\/uploads\/2024\/12\/DI_24_Zing_Trip_Lifestyle_67I4578_300dpi-300x200.avif 300w, https:\/\/www.diamantrad.com\/wp-content\/uploads\/2024\/12\/DI_24_Zing_Trip_Lifestyle_67I4578_300dpi-768x512.avif 768w, https:\/\/www.diamantrad.com\/wp-content\/uploads\/2024\/12\/DI_24_Zing_Trip_Lifestyle_67I4578_300dpi-1536x1024.avif 1536w, https:\/\/www.diamantrad.com\/wp-content\/uploads\/2024\/12\/DI_24_Zing_Trip_Lifestyle_67I4578_300dpi-2048x1365.avif 2048w\" sizes=\"auto, (max-width: 992px) 100vw, 992px\" data-has-transparency=\"false\" data-dominant-color=\"b47a81\" style=\"--dominant-color: #b47a81;\" \/><\/figure>\r\n                            <\/a>\r\n                        <\/div>\r\n                    <\/div>\r\n                <\/div>\r\n\r\n                <hr \/>\r\n                <h3>Lis\u00e4\u00e4 artikkeleita:<\/h3>\r\n                \r\n                <ul class=\"blog-filter mb-5\">\r\n                    <span>Filter<\/span>\r\n                    <li class=\"blog-filter-item blog-cat-all\">\r\n                        <a href=\"\/fi-FI\/blog\/\">Kaikki<\/a>\r\n                    <\/li>\r\n                    <li class=\"blog-filter-item blog-cat-historia\"><a href=\"\/fi-FI\/blog\/historia\/\">Historia<\/a><\/li><li class=\"blog-filter-item blog-cat-news active\"><a href=\"\/fi-FI\/blog\/news\/\">News<\/a><\/li><li class=\"blog-filter-item blog-cat-pyoraopas\"><a href=\"\/fi-FI\/blog\/pyoraopas\/\">Py\u00f6r\u00e4opas<\/a><\/li><li class=\"blog-filter-item blog-cat-s-pedelec\"><a href=\"\/fi-FI\/blog\/s-pedelec\/\">S-Pedelec<\/a><\/li><li class=\"blog-filter-item blog-cat-sahkopyoraopas\"><a href=\"\/fi-FI\/blog\/sahkopyoraopas\/\">S\u00e4hk\u00f6py\u00f6r\u00e4opas<\/a><\/li><li class=\"blog-filter-item blog-cat-stories\"><a href=\"\/fi-FI\/blog\/stories\/\">Stories<\/a><\/li><li class=\"blog-filter-item blog-cat-tech\"><a href=\"\/fi-FI\/blog\/tech\/\">Tech<\/a><\/li>                <\/ul>\r\n\r\n            <p class=\"alert alert-warning no-posts-message mt-4\">T\u00e4ss\u00e4 kategoriassa ei ole t\u00e4ll\u00e4 hetkell\u00e4 artikkeleita.<\/p>\n\n<\/div>\r\n      <\/div>\r\n    <\/div>\r\n  <\/div>\r\n<\/div><\/div>","protected":false},"excerpt":{"rendered":"","protected":false},"author":10,"featured_media":0,"parent":67177,"menu_order":0,"comment_status":"closed","ping_status":"closed","template":"","meta":{"_acf_changed":false,"_crdt_document":"","slim_seo":{"title":"Kest\u00e4v\u00e4 kehitys Diamant: v\u00e4h\u00e4vaikutteinen alumiini","description":"Lue t\u00e4st\u00e4 artikkelista, kuinka Diamant ja Trek v\u00e4hent\u00e4v\u00e4t py\u00f6r\u00e4nvalmistuksen p\u00e4\u00e4st\u00f6j\u00e4 jopa 70 % v\u00e4h\u00e4vaikutteisella alumiinilla."},"footnotes":""},"class_list":["post-67889","page","type-page","status-publish","hentry"],"acf":[],"_links":{"self":[{"href":"https:\/\/www.diamantrad.com\/fi-FI\/wp-json\/wp\/v2\/pages\/67889","targetHints":{"allow":["GET"]}}],"collection":[{"href":"https:\/\/www.diamantrad.com\/fi-FI\/wp-json\/wp\/v2\/pages"}],"about":[{"href":"https:\/\/www.diamantrad.com\/fi-FI\/wp-json\/wp\/v2\/types\/page"}],"author":[{"embeddable":true,"href":"https:\/\/www.diamantrad.com\/fi-FI\/wp-json\/wp\/v2\/users\/10"}],"replies":[{"embeddable":true,"href":"https:\/\/www.diamantrad.com\/fi-FI\/wp-json\/wp\/v2\/comments?post=67889"}],"version-history":[{"count":1,"href":"https:\/\/www.diamantrad.com\/fi-FI\/wp-json\/wp\/v2\/pages\/67889\/revisions"}],"predecessor-version":[{"id":67892,"href":"https:\/\/www.diamantrad.com\/fi-FI\/wp-json\/wp\/v2\/pages\/67889\/revisions\/67892"}],"up":[{"embeddable":true,"href":"https:\/\/www.diamantrad.com\/fi-FI\/wp-json\/wp\/v2\/pages\/67177"}],"wp:attachment":[{"href":"https:\/\/www.diamantrad.com\/fi-FI\/wp-json\/wp\/v2\/media?parent=67889"}],"curies":[{"name":"wp","href":"https:\/\/api.w.org\/{rel}","templated":true}]}}