{"id":67897,"date":"2025-09-04T14:37:00","date_gmt":"2025-09-04T12:37:00","guid":{"rendered":"https:\/\/www.diamantrad.com\/?page_id=67897"},"modified":"2025-09-04T14:37:01","modified_gmt":"2025-09-04T12:37:01","slug":"historia","status":"publish","type":"page","link":"https:\/\/www.diamantrad.com\/fi-FI\/blog\/historia\/","title":{"rendered":"Historia"},"content":{"rendered":"<div class=\"lazyblock-nncontainer-Z2bJS7k wp-block-lazyblock-nncontainer\"><div class=\"section-standard\">\r\n  <div class=\"container\" id=\"container-Z2bJS7k\">\r\n    <div class=\"row\">\r\n      <div class=\"col py-4 py-lg-5\">\r\n        <div class=\"lazyblock-inner-blocks\">\n                \r\n                <div class=\"blog-highlighted\">\r\n                    <div class=\"row g-5\">\r\n                        <div class=\"col-lg-6 mt-5\">\r\n                            <div class=\"entry-meta mb-4\">\r\n                                <div class=\"posted-on mb-2\">\r\n                                    <time datetime=\"2025-09-02T14:17:32+02:00\">2. Sep 2025<\/time>\r\n                                <\/div>\r\n                                <div class=\"post-categories\">\r\n                                    <a role=\"button\" href=\"\/fi-FI\/blog\/historia\/\">Historia<\/a>                                <\/div>\r\n                            <\/div>\r\n                            <h2><a href=\"https:\/\/www.diamantrad.com\/fi-FI\/blog\/road-bike-diamant-67\/\">Diamant Maantiepy\u00f6r\u00e4 67, my\u00f6s Ammattipy\u00f6r\u00e4ilij\u00e4malli<\/a><\/h2>\r\n                            <p class=\"mb-0\">Tutustu Diamant 67:n kiehtovuuteen: Katsaus legendaariseen kilpapy\u00f6r\u00e4\u00e4n, joka rakennettiin juuri ennen vuoden 1936 olympialaisia.<\/p>\r\n                        <\/div>\r\n                        <div class=\"col-lg-6 mt-4 mt-lg-5\">\r\n                            <a class=\"post-thumbnail\" href=\"https:\/\/www.diamantrad.com\/fi-FI\/blog\/road-bike-diamant-67\/\" tabindex=\"-1\">\r\n                                <figure class=\"mb-0\"><img loading=\"lazy\" decoding=\"async\" width=\"992\" height=\"610\" src=\"https:\/\/www.diamantrad.com\/wp-content\/uploads\/2025\/09\/Blog-Diamant-67-Studiobild-Sattelrohr-Emblem-png-1024x630.jpg\" class=\"img-fluid not-transparent wp-post-image\" alt=\"Diamant Maantiepy\u00f6r\u00e4 67, my\u00f6s Ammattipy\u00f6r\u00e4ilij\u00e4malli\" srcset=\"https:\/\/www.diamantrad.com\/wp-content\/uploads\/2025\/09\/Blog-Diamant-67-Studiobild-Sattelrohr-Emblem-png-1024x630.jpg 1024w, https:\/\/www.diamantrad.com\/wp-content\/uploads\/2025\/09\/Blog-Diamant-67-Studiobild-Sattelrohr-Emblem-png-300x184.jpg 300w, https:\/\/www.diamantrad.com\/wp-content\/uploads\/2025\/09\/Blog-Diamant-67-Studiobild-Sattelrohr-Emblem-png-768x472.jpg 768w, https:\/\/www.diamantrad.com\/wp-content\/uploads\/2025\/09\/Blog-Diamant-67-Studiobild-Sattelrohr-Emblem-png.avif 1106w\" sizes=\"auto, (max-width: 992px) 100vw, 992px\" data-has-transparency=\"false\" data-dominant-color=\"cbd5de\" style=\"--dominant-color: #cbd5de;\" \/><\/figure>\r\n                            <\/a>\r\n                        <\/div>\r\n                    <\/div>\r\n                <\/div>\r\n\r\n                <hr \/>\r\n                <h3>Lis\u00e4\u00e4 artikkeleita:<\/h3>\r\n                \r\n                <ul class=\"blog-filter mb-5\">\r\n                    <span>Filter<\/span>\r\n                    <li class=\"blog-filter-item blog-cat-all\">\r\n                        <a href=\"\/fi-FI\/blog\/\">Kaikki<\/a>\r\n                    <\/li>\r\n                    <li class=\"blog-filter-item blog-cat-historia active\"><a href=\"\/fi-FI\/blog\/historia\/\">Historia<\/a><\/li><li class=\"blog-filter-item blog-cat-news\"><a href=\"\/fi-FI\/blog\/news\/\">News<\/a><\/li><li class=\"blog-filter-item blog-cat-pyoraopas\"><a href=\"\/fi-FI\/blog\/pyoraopas\/\">Py\u00f6r\u00e4opas<\/a><\/li><li class=\"blog-filter-item blog-cat-s-pedelec\"><a href=\"\/fi-FI\/blog\/s-pedelec\/\">S-Pedelec<\/a><\/li><li class=\"blog-filter-item blog-cat-sahkopyoraopas\"><a href=\"\/fi-FI\/blog\/sahkopyoraopas\/\">S\u00e4hk\u00f6py\u00f6r\u00e4opas<\/a><\/li><li class=\"blog-filter-item blog-cat-stories\"><a href=\"\/fi-FI\/blog\/stories\/\">Stories<\/a><\/li><li class=\"blog-filter-item blog-cat-tech\"><a href=\"\/fi-FI\/blog\/tech\/\">Tech<\/a><\/li>                <\/ul>\r\n\r\n                    <ul class=\"blog-loop\">\r\n                            <li class=\"blog-loop-item mb-0\">\r\n                    <a class=\"post-thumbnail\" href=\"https:\/\/www.diamantrad.com\/fi-FI\/blog\/diamant-handy-bike\/\" tabindex=\"-1\">\r\n                        <figure class=\"mb-3\"><img loading=\"lazy\" decoding=\"async\" width=\"992\" height=\"662\" src=\"https:\/\/www.diamantrad.com\/wp-content\/uploads\/2025\/08\/Diamant-Handy-Bike-Faltrad-png-1024x683.jpg\" class=\"img-fluid not-transparent wp-post-image\" alt=\"Diamant Handy Bike: vankka 26-tuumainen taitettava py\u00f6r\u00e4\" srcset=\"https:\/\/www.diamantrad.com\/wp-content\/uploads\/2025\/08\/Diamant-Handy-Bike-Faltrad-png-1024x683.jpg 1024w, https:\/\/www.diamantrad.com\/wp-content\/uploads\/2025\/08\/Diamant-Handy-Bike-Faltrad-png-300x200.jpg 300w, https:\/\/www.diamantrad.com\/wp-content\/uploads\/2025\/08\/Diamant-Handy-Bike-Faltrad-png-768x512.jpg 768w, https:\/\/www.diamantrad.com\/wp-content\/uploads\/2025\/08\/Diamant-Handy-Bike-Faltrad-png-1536x1024.jpg 1536w, https:\/\/www.diamantrad.com\/wp-content\/uploads\/2025\/08\/Diamant-Handy-Bike-Faltrad-png-2048x1365.jpg 2048w\" sizes=\"auto, (max-width: 992px) 100vw, 992px\" data-has-transparency=\"false\" data-dominant-color=\"c5d2ca\" style=\"--dominant-color: #c5d2ca;\" \/><\/figure>\r\n                    <\/a>\r\n                    <div class=\"blog-loop-content\">\r\n                        <div class=\"entry-meta mb-3\">\r\n                            <div class=\"posted-on mb-2\">\r\n                                <time datetime=\"2025-08-28T16:49:58+02:00\">28. Aug 2025<\/time>\r\n                            <\/div>\r\n                            <div class=\"post-categories\">\r\n                                <a role=\"button\" href=\"\/fi-FI\/blog\/historia\/\">Historia<\/a>                            <\/div>\r\n                        <\/div>\r\n                        <h4><a href=\"https:\/\/www.diamantrad.com\/fi-FI\/blog\/diamant-handy-bike\/\">Diamant Handy Bike: vankka 26-tuumainen taitettava py\u00f6r\u00e4<\/a><\/h4>\r\n                    <\/div>\r\n                <\/li>\r\n                            <li class=\"blog-loop-item mb-0\">\r\n                    <a class=\"post-thumbnail\" href=\"https:\/\/www.diamantrad.com\/fi-FI\/blog\/diamant-tourensportrad\/\" tabindex=\"-1\">\r\n                        <figure class=\"mb-3\"><img loading=\"lazy\" decoding=\"async\" width=\"992\" height=\"744\" src=\"https:\/\/www.diamantrad.com\/wp-content\/uploads\/2025\/08\/Diamant-Tourensportrad-1024x768.jpg\" class=\"img-fluid not-transparent wp-post-image\" alt=\"60-luvun urheiluretkipy\u00f6r\u00e4 Diamant 35 102 ja 35 154\" srcset=\"https:\/\/www.diamantrad.com\/wp-content\/uploads\/2025\/08\/Diamant-Tourensportrad-1024x768.jpg 1024w, https:\/\/www.diamantrad.com\/wp-content\/uploads\/2025\/08\/Diamant-Tourensportrad-300x225.jpg 300w, https:\/\/www.diamantrad.com\/wp-content\/uploads\/2025\/08\/Diamant-Tourensportrad-768x576.jpg 768w, https:\/\/www.diamantrad.com\/wp-content\/uploads\/2025\/08\/Diamant-Tourensportrad-1536x1152.jpg 1536w, https:\/\/www.diamantrad.com\/wp-content\/uploads\/2025\/08\/Diamant-Tourensportrad-2048x1536.jpg 2048w\" sizes=\"auto, (max-width: 992px) 100vw, 992px\" data-has-transparency=\"false\" data-dominant-color=\"6d6c69\" style=\"--dominant-color: #6d6c69;\" \/><\/figure>\r\n                    <\/a>\r\n                    <div class=\"blog-loop-content\">\r\n                        <div class=\"entry-meta mb-3\">\r\n                            <div class=\"posted-on mb-2\">\r\n                                <time datetime=\"2025-08-28T15:49:15+02:00\">28. Aug 2025<\/time>\r\n                            <\/div>\r\n                            <div class=\"post-categories\">\r\n                                <a role=\"button\" href=\"\/fi-FI\/blog\/historia\/\">Historia<\/a>                            <\/div>\r\n                        <\/div>\r\n                        <h4><a href=\"https:\/\/www.diamantrad.com\/fi-FI\/blog\/diamant-tourensportrad\/\">60-luvun urheiluretkipy\u00f6r\u00e4 Diamant 35 102 ja 35 154<\/a><\/h4>\r\n                    <\/div>\r\n                <\/li>\r\n                            <li class=\"blog-loop-item mb-0\">\r\n                    <a class=\"post-thumbnail\" href=\"https:\/\/www.diamantrad.com\/fi-FI\/blog\/diamant-city-blitz\/\" tabindex=\"-1\">\r\n                        <figure class=\"mb-3\"><img loading=\"lazy\" decoding=\"async\" width=\"879\" height=\"659\" src=\"https:\/\/www.diamantrad.com\/wp-content\/uploads\/2025\/08\/Diamant_City-Blitz_Akku_Blog.avif\" class=\"img-fluid not-transparent wp-post-image\" alt=\"Diamant City Blitz \u2013 toinen saksalainen s\u00e4hk\u00f6py\u00f6r\u00e4\" srcset=\"https:\/\/www.diamantrad.com\/wp-content\/uploads\/2025\/08\/Diamant_City-Blitz_Akku_Blog.avif 879w, https:\/\/www.diamantrad.com\/wp-content\/uploads\/2025\/08\/Diamant_City-Blitz_Akku_Blog-300x225.jpg 300w, https:\/\/www.diamantrad.com\/wp-content\/uploads\/2025\/08\/Diamant_City-Blitz_Akku_Blog-768x576.jpg 768w\" sizes=\"auto, (max-width: 879px) 100vw, 879px\" data-has-transparency=\"false\" data-dominant-color=\"b4b4c4\" style=\"--dominant-color: #b4b4c4;\" \/><\/figure>\r\n                    <\/a>\r\n                    <div class=\"blog-loop-content\">\r\n                        <div class=\"entry-meta mb-3\">\r\n                            <div class=\"posted-on mb-2\">\r\n                                <time datetime=\"2025-08-28T15:11:26+02:00\">28. Aug 2025<\/time>\r\n                            <\/div>\r\n                            <div class=\"post-categories\">\r\n                                <a role=\"button\" href=\"\/fi-FI\/blog\/historia\/\">Historia<\/a>                            <\/div>\r\n                        <\/div>\r\n                        <h4><a href=\"https:\/\/www.diamantrad.com\/fi-FI\/blog\/diamant-city-blitz\/\">Diamant City Blitz \u2013 toinen saksalainen s\u00e4hk\u00f6py\u00f6r\u00e4<\/a><\/h4>\r\n                    <\/div>\r\n                <\/li>\r\n                            <li class=\"blog-loop-item mb-0\">\r\n                    <a class=\"post-thumbnail\" href=\"https:\/\/www.diamantrad.com\/fi-FI\/blog\/the-legendary-diamant-167\/\" tabindex=\"-1\">\r\n                        <figure class=\"mb-3\"><img loading=\"lazy\" decoding=\"async\" width=\"992\" height=\"662\" src=\"https:\/\/www.diamantrad.com\/wp-content\/uploads\/2023\/09\/Blog_Diamant167_Lenker_Taeve-Schur-1024x683.png\" class=\"img-fluid has-transparency wp-post-image\" alt=\"Legendaaarinen Diamant 167\" srcset=\"https:\/\/www.diamantrad.com\/wp-content\/uploads\/2023\/09\/Blog_Diamant167_Lenker_Taeve-Schur-1024x683.png 1024w, https:\/\/www.diamantrad.com\/wp-content\/uploads\/2023\/09\/Blog_Diamant167_Lenker_Taeve-Schur-300x200.png 300w, https:\/\/www.diamantrad.com\/wp-content\/uploads\/2023\/09\/Blog_Diamant167_Lenker_Taeve-Schur-768x512.png 768w, https:\/\/www.diamantrad.com\/wp-content\/uploads\/2023\/09\/Blog_Diamant167_Lenker_Taeve-Schur-1536x1024.png 1536w, https:\/\/www.diamantrad.com\/wp-content\/uploads\/2023\/09\/Blog_Diamant167_Lenker_Taeve-Schur-png.avif 1728w\" sizes=\"auto, (max-width: 992px) 100vw, 992px\" data-has-transparency=\"true\" data-dominant-color=\"ccd4dc\" style=\"--dominant-color: #ccd4dc;\" \/><\/figure>\r\n                    <\/a>\r\n                    <div class=\"blog-loop-content\">\r\n                        <div class=\"entry-meta mb-3\">\r\n                            <div class=\"posted-on mb-2\">\r\n                                <time datetime=\"2025-08-28T14:40:20+02:00\">28. Aug 2025<\/time>\r\n                            <\/div>\r\n                            <div class=\"post-categories\">\r\n                                <a role=\"button\" href=\"\/fi-FI\/blog\/historia\/\">Historia<\/a>                            <\/div>\r\n                        <\/div>\r\n                        <h4><a href=\"https:\/\/www.diamantrad.com\/fi-FI\/blog\/the-legendary-diamant-167\/\">Legendaaarinen Diamant 167<\/a><\/h4>\r\n                    <\/div>\r\n                <\/li>\r\n                    <\/ul>\r\n\r\n                    <div class=\"pagination justify-content-center mt-5\">\r\n                            <\/div>\r\n        \n\n<\/div>\r\n      <\/div>\r\n    <\/div>\r\n  <\/div>\r\n<\/div><\/div>","protected":false},"excerpt":{"rendered":"","protected":false},"author":10,"featured_media":0,"parent":67177,"menu_order":0,"comment_status":"closed","ping_status":"closed","template":"","meta":{"_acf_changed":false,"slim_seo":{"title":"Legendaaarinen Diamant 167","description":"Aiemmin maantiepy\u00f6r\u00e4, nyky\u00e4\u00e4n kulttiesine ja museoesine. Diamant-malli 167 inspiroi edelleen monia py\u00f6r\u00e4ilyst\u00e4 kiinnostuneita."},"footnotes":""},"class_list":["post-67897","page","type-page","status-publish","hentry"],"acf":[],"_links":{"self":[{"href":"https:\/\/www.diamantrad.com\/fi-FI\/wp-json\/wp\/v2\/pages\/67897","targetHints":{"allow":["GET"]}}],"collection":[{"href":"https:\/\/www.diamantrad.com\/fi-FI\/wp-json\/wp\/v2\/pages"}],"about":[{"href":"https:\/\/www.diamantrad.com\/fi-FI\/wp-json\/wp\/v2\/types\/page"}],"author":[{"embeddable":true,"href":"https:\/\/www.diamantrad.com\/fi-FI\/wp-json\/wp\/v2\/users\/10"}],"replies":[{"embeddable":true,"href":"https:\/\/www.diamantrad.com\/fi-FI\/wp-json\/wp\/v2\/comments?post=67897"}],"version-history":[{"count":1,"href":"https:\/\/www.diamantrad.com\/fi-FI\/wp-json\/wp\/v2\/pages\/67897\/revisions"}],"predecessor-version":[{"id":67900,"href":"https:\/\/www.diamantrad.com\/fi-FI\/wp-json\/wp\/v2\/pages\/67897\/revisions\/67900"}],"up":[{"embeddable":true,"href":"https:\/\/www.diamantrad.com\/fi-FI\/wp-json\/wp\/v2\/pages\/67177"}],"wp:attachment":[{"href":"https:\/\/www.diamantrad.com\/fi-FI\/wp-json\/wp\/v2\/media?parent=67897"}],"curies":[{"name":"wp","href":"https:\/\/api.w.org\/{rel}","templated":true}]}}