{"id":67903,"date":"2025-09-04T14:52:26","date_gmt":"2025-09-04T12:52:26","guid":{"rendered":"https:\/\/www.diamantrad.com\/?page_id=67903"},"modified":"2025-09-04T14:52:27","modified_gmt":"2025-09-04T12:52:27","slug":"pyoraopas","status":"publish","type":"page","link":"https:\/\/www.diamantrad.com\/fi-FI\/blog\/pyoraopas\/","title":{"rendered":"Py\u00f6r\u00e4opas"},"content":{"rendered":"<div class=\"lazyblock-nncontainer-Z2bJS7k wp-block-lazyblock-nncontainer\"><div class=\"section-standard\">\r\n  <div class=\"container\" id=\"container-Z2bJS7k\">\r\n    <div class=\"row\">\r\n      <div class=\"col py-4 py-lg-5\">\r\n        <div class=\"lazyblock-inner-blocks\">\n<p class=\"alert alert-warning no-posts-message mt-4\">T\u00e4ss\u00e4 kategoriassa ei ole t\u00e4ll\u00e4 hetkell\u00e4 artikkeleita.<\/p>\n\n<\/div>\r\n      <\/div>\r\n    <\/div>\r\n  <\/div>\r\n<\/div><\/div>","protected":false},"excerpt":{"rendered":"","protected":false},"author":10,"featured_media":0,"parent":67177,"menu_order":0,"comment_status":"closed","ping_status":"closed","template":"","meta":{"_acf_changed":false,"slim_seo":{"title":"Py\u00f6r\u00e4opas \u00b0 Diamantrad","description":""},"footnotes":""},"class_list":["post-67903","page","type-page","status-publish","hentry"],"acf":[],"_links":{"self":[{"href":"https:\/\/www.diamantrad.com\/fi-FI\/wp-json\/wp\/v2\/pages\/67903","targetHints":{"allow":["GET"]}}],"collection":[{"href":"https:\/\/www.diamantrad.com\/fi-FI\/wp-json\/wp\/v2\/pages"}],"about":[{"href":"https:\/\/www.diamantrad.com\/fi-FI\/wp-json\/wp\/v2\/types\/page"}],"author":[{"embeddable":true,"href":"https:\/\/www.diamantrad.com\/fi-FI\/wp-json\/wp\/v2\/users\/10"}],"replies":[{"embeddable":true,"href":"https:\/\/www.diamantrad.com\/fi-FI\/wp-json\/wp\/v2\/comments?post=67903"}],"version-history":[{"count":1,"href":"https:\/\/www.diamantrad.com\/fi-FI\/wp-json\/wp\/v2\/pages\/67903\/revisions"}],"predecessor-version":[{"id":67906,"href":"https:\/\/www.diamantrad.com\/fi-FI\/wp-json\/wp\/v2\/pages\/67903\/revisions\/67906"}],"up":[{"embeddable":true,"href":"https:\/\/www.diamantrad.com\/fi-FI\/wp-json\/wp\/v2\/pages\/67177"}],"wp:attachment":[{"href":"https:\/\/www.diamantrad.com\/fi-FI\/wp-json\/wp\/v2\/media?parent=67903"}],"curies":[{"name":"wp","href":"https:\/\/api.w.org\/{rel}","templated":true}]}}