{"id":57063,"date":"2025-03-23T21:42:31","date_gmt":"2025-03-23T20:42:31","guid":{"rendered":"https:\/\/dev.diamantrad.com\/?page_id=57063"},"modified":"2025-03-31T15:55:13","modified_gmt":"2025-03-31T13:55:13","slug":"store-finder","status":"publish","type":"page","link":"https:\/\/www.diamantrad.com\/fr-BE\/store-finder\/","title":{"rendered":"Store Finder"},"content":{"rendered":"\n<!-- LOCALLY.COM WIDGET EMBED CODE -->\n<div id=\"lcly-button-0\"\n   >\n  <a id=\"lcly-link-0\" href=\"https:\/\/brands.locally.com\" target=\"_blank\">\n    Gesch\u00e4ftsuche by Locally\n  <\/a>\n<\/div>\n<script id=\"lcly-script-0\" async><\/script>\n<script id=\"lcly-config-0\">\n  var lcly_config_0 = {\n    \"company_name\": \"Diamant\",\n    \"company_id\": \"164925\",\n    \"inline\": \"1\",\n    \"lang\": \"fr-be\",\n    \"no_link\": \"1\"\n  };\n  var lcly_query_0 = Object.keys(lcly_config_0)\n  .reduce(function(a,k){a.push(encodeURIComponent(k) + '=' \n  + encodeURIComponent(lcly_config_0[k]));return a},[]).join('&');\n  var lcly_endpoint_0 = 'https:\/\/diamant.locally.com\/stores\/map.js?' + lcly_query_0;\n  document.getElementById('lcly-script-0').src = lcly_endpoint_0;\n<\/script>\n\n\n\n\n<div class=\"lazyblock-nncontainer-Z1dYpTQ wp-block-lazyblock-nncontainer\"><div class=\"section-standard\">\r\n  <div class=\"container\" id=\"container-Z1dYpTQ\">\r\n    <div class=\"row\">\r\n      <div class=\"col py-4 py-lg-5\">\r\n        <div class=\"lazyblock-inner-blocks\">\n\n<p>Quel magasin de cycles travaille avec Diamant pr\u00e8s de chez vous&nbsp;? O\u00f9 trouver le v\u00e9lo Diamant de vos r\u00eaves pr\u00eat \u00e0 rouler&nbsp;? Les revendeurs participants indiquent leur inventaire directement dans notre outil de recherche. Vous pouvez m\u00eame r\u00e9server votre v\u00e9lo ou l\u2019acheter directement en ligne.<\/p>\n\n\n\n<p>Diamant travaille avec plus de 500&nbsp;partenaires d\u2019exp\u00e9rience dans de nombreux pays europ\u00e9ens. Vous retrouvez des v\u00e9los Diamant dans les plus grandes cha\u00eenes de magasins comme chez de nombreux revendeurs ind\u00e9pendants pr\u00e8s de chez vous. Quel que soit le service que vous recherchez, vous pourrez en b\u00e9n\u00e9ficier. Nous formons nos partenaires pour qu\u2019ils soient en mesure de vous proposer les conseils qu\u2019il vous faut lors de l\u2019achat de votre prochain v\u00e9lo.<\/p>\n\n<\/div>\r\n      <\/div>\r\n    <\/div>\r\n  <\/div>\r\n<\/div><\/div>","protected":false},"excerpt":{"rendered":"<p>Gesch\u00e4ftsuche by Locally<\/p>\n","protected":false},"author":3,"featured_media":0,"parent":0,"menu_order":0,"comment_status":"closed","ping_status":"closed","template":"","meta":{"_acf_changed":false,"slim_seo":{"title":"Trouvez un concessionnaire - des magasins de v\u00e9los avec Diamant pr\u00e8s de chez vous","description":"Trouvez une boutique Diamant dans votre r\u00e9gion. R\u00e9servez un essai. Essayer nos v\u00e9los, nous informer, faire un achat."},"footnotes":""},"class_list":["post-57063","page","type-page","status-publish","hentry"],"acf":[],"_links":{"self":[{"href":"https:\/\/www.diamantrad.com\/en-GB\/wp-json\/wp\/v2\/pages\/57063","targetHints":{"allow":["GET"]}}],"collection":[{"href":"https:\/\/www.diamantrad.com\/en-GB\/wp-json\/wp\/v2\/pages"}],"about":[{"href":"https:\/\/www.diamantrad.com\/en-GB\/wp-json\/wp\/v2\/types\/page"}],"author":[{"embeddable":true,"href":"https:\/\/www.diamantrad.com\/en-GB\/wp-json\/wp\/v2\/users\/3"}],"replies":[{"embeddable":true,"href":"https:\/\/www.diamantrad.com\/en-GB\/wp-json\/wp\/v2\/comments?post=57063"}],"version-history":[{"count":4,"href":"https:\/\/www.diamantrad.com\/en-GB\/wp-json\/wp\/v2\/pages\/57063\/revisions"}],"predecessor-version":[{"id":61130,"href":"https:\/\/www.diamantrad.com\/en-GB\/wp-json\/wp\/v2\/pages\/57063\/revisions\/61130"}],"wp:attachment":[{"href":"https:\/\/www.diamantrad.com\/en-GB\/wp-json\/wp\/v2\/media?parent=57063"}],"curies":[{"name":"wp","href":"https:\/\/api.w.org\/{rel}","templated":true}]}}