{"id":59671,"date":"2025-03-26T11:27:04","date_gmt":"2025-03-26T10:27:04","guid":{"rendered":"https:\/\/dev.diamantrad.com\/?page_id=59671"},"modified":"2025-03-26T14:53:51","modified_gmt":"2025-03-26T13:53:51","slug":"newsletter","status":"publish","type":"page","link":"https:\/\/www.diamantrad.com\/fr-BE\/newsletter\/","title":{"rendered":"Newsletter"},"content":{"rendered":"<div class=\"lazyblock-nncontainer-ZlxAo3 wp-block-lazyblock-nncontainer\"><div class=\"section-secondary\">\r\n  <div class=\"container\" id=\"container-ZlxAo3\">\r\n    <div class=\"row\">\r\n      <div class=\"col py-4 py-lg-5\">\r\n        <div class=\"lazyblock-inner-blocks\">\n<div class=\"lazyblock-cover-text-Z1DbXpS wp-block-lazyblock-cover-text\"><div class=\"covertext container py-5 d-flex flex-column colorscheme-light justify-content-center\" id=\"covertext-Z1DbXpS\">\r\n  <div class=\"lazyblock-inner-blocks\">\n\n<h2 class=\"wp-block-heading\">Le newsletter de Diamant<\/h2>\n\n<\/div>\r\n<\/div><\/div>\n<\/div>\r\n      <\/div>\r\n    <\/div>\r\n  <\/div>\r\n<\/div><\/div>\n\n<div class=\"lazyblock-nncontainer-10yUyM wp-block-lazyblock-nncontainer\"><div class=\"section-standard\">\r\n  <div class=\"container\" id=\"container-10yUyM\">\r\n    <div class=\"row\">\r\n      <div class=\"col py-4 py-lg-5\">\r\n        <div class=\"lazyblock-inner-blocks\">\n\n<p class=\"wp-block-paragraph\">Voici ce que contient notre newsletter :<\/p>\n\n\n\n<ul class=\"wp-block-list\">\n<li>Nous te pr\u00e9sentons de nouveaux v\u00e9los et leurs capacit\u00e9s.<\/li>\n\n\n\n<li>Tu ne manqueras aucune offre sp\u00e9ciale ni promotion.<\/li>\n\n\n\n<li>D\u00e9couvre de nouvelles histoires et des conseils utiles de nos experts.<\/li>\n\n\n\n<li>Reste inform\u00e9 des \u00e9v\u00e9nements Diamant \u2013 peut-\u00eatre m\u00eame pr\u00e8s de chez toi.<\/li>\n\n\n\n<li>Sois le premier \u00e0 entendre parler de jeux-concours passionnants.<\/li>\n<\/ul>\n\n\n\n<p class=\"wp-block-paragraph\">Nous travaillons constamment \u00e0 am\u00e9liorer notre newsletter. Ton retour est toujours le bienvenu.<\/p>\n\n\n\n<p class=\"wp-block-paragraph\">Et maintenant\u2026 tu t\u2019inscris ? Parce que\u2026 pourquoi pas ?<\/p>\n\n<\/div>\r\n      <\/div>\r\n    <\/div>\r\n  <\/div>\r\n<\/div><\/div>","protected":false},"excerpt":{"rendered":"","protected":false},"author":3,"featured_media":0,"parent":0,"menu_order":0,"comment_status":"closed","ping_status":"closed","template":"","meta":{"_acf_changed":false,"_crdt_document":"","slim_seo":{"title":"Bulletin cycliste de Diamant","description":"La newsletter Diamant Bicycle & E-Bike \u25ba Actualit\u00e9s, histoires et offres de la part du plus grand fabricant de v\u00e9los de l\u2019univers. Inscrivez-vous d\u00e8s maintenant !"},"footnotes":""},"class_list":["post-59671","page","type-page","status-publish","hentry"],"acf":[],"_links":{"self":[{"href":"https:\/\/www.diamantrad.com\/en-GB\/wp-json\/wp\/v2\/pages\/59671","targetHints":{"allow":["GET"]}}],"collection":[{"href":"https:\/\/www.diamantrad.com\/en-GB\/wp-json\/wp\/v2\/pages"}],"about":[{"href":"https:\/\/www.diamantrad.com\/en-GB\/wp-json\/wp\/v2\/types\/page"}],"author":[{"embeddable":true,"href":"https:\/\/www.diamantrad.com\/en-GB\/wp-json\/wp\/v2\/users\/3"}],"replies":[{"embeddable":true,"href":"https:\/\/www.diamantrad.com\/en-GB\/wp-json\/wp\/v2\/comments?post=59671"}],"version-history":[{"count":2,"href":"https:\/\/www.diamantrad.com\/en-GB\/wp-json\/wp\/v2\/pages\/59671\/revisions"}],"predecessor-version":[{"id":60108,"href":"https:\/\/www.diamantrad.com\/en-GB\/wp-json\/wp\/v2\/pages\/59671\/revisions\/60108"}],"wp:attachment":[{"href":"https:\/\/www.diamantrad.com\/en-GB\/wp-json\/wp\/v2\/media?parent=59671"}],"curies":[{"name":"wp","href":"https:\/\/api.w.org\/{rel}","templated":true}]}}