{"id":20265,"date":"2021-12-20T12:14:10","date_gmt":"2021-12-20T11:14:10","guid":{"rendered":"https:\/\/www.diamantrad.com\/startseite-neu-22\/"},"modified":"2026-04-02T09:07:30","modified_gmt":"2026-04-02T07:07:30","slug":"page-daccueil","status":"publish","type":"page","link":"https:\/\/www.diamantrad.com\/fr-CH\/page-daccueil\/","title":{"rendered":"Startseite"},"content":{"rendered":"\n\n\n<div class=\"wp-block-cover is-light\"><img data-dominant-color=\"918983\" data-has-transparency=\"true\" decoding=\"async\" sizes=\"(max-width: 2560px) 100vw, 2560px\" class=\"wp-block-cover__image-background wp-image-74390 size-full has-transparency\" alt=\"Nhoma Plus Hero New\" src=\"https:\/\/www.diamantrad.com\/wp-content\/uploads\/2026\/03\/Nhoma-Plus-Hero-New-png.avif\" style=\"--dominant-color: #918983; object-position:50% 42%\" data-object-fit=\"cover\" data-object-position=\"50% 42%\"\/><span aria-hidden=\"true\" class=\"wp-block-cover__background has-color-primary-hover-background-color has-background-dim-20 has-background-dim\"><\/span><div class=\"wp-block-cover__inner-container is-layout-constrained wp-block-cover-is-layout-constrained\"><div class=\"lazyblock-cover-text-Z2mibGN wp-block-lazyblock-cover-text\"><div class=\"covertext container py-5 d-flex flex-column colorscheme-light justify-content-center\" id=\"covertext-Z2mibGN\">\r\n  <div class=\"lazyblock-inner-blocks\">\n\n<h2 class=\"wp-block-heading\">Gravel = Nhoma<\/h2>\n\n\n\n<h4 class=\"wp-block-heading\">Nouveaut\u00e9 en versions Plus et Pro<\/h4>\n\n\n\n<div class=\"wp-block-buttons is-layout-flex wp-block-buttons-is-layout-flex\">\n<div class=\"wp-block-button\"><a role=\"button\" class=\"wp-block-button__link wp-element-button\" href=\"https:\/\/www.diamantrad.com\/fr-CH\/bikes\/nhoma-equipped-gravel-bike\/\">D\u00e9couvrez les v\u00e9los<\/a><\/div>\n<\/div>\n\n<\/div>\r\n<\/div><\/div><\/div><\/div>\n\n\n<div class=\"lazyblock-nncontainer-ZtAog9 wp-block-lazyblock-nncontainer\"><div class=\"section-standard\">\r\n  <div class=\"container\" id=\"container-ZtAog9\">\r\n    <div class=\"row\">\r\n      <div class=\"col py-5 py-lg-6\">\r\n        <div class=\"lazyblock-inner-blocks\">\n<div class=\"wp-bootstrap-blocks-row row gx-5\">\n\t\n\n<div class=\"col-12 col-md-6\">\n\t\t\t\n\n<h2 class=\"wp-block-heading has-text-align-right\">Quand mobilit\u00e9 rime avec libert\u00e9<\/h2>\n\n\t<\/div>\n\n\n\n<div class=\"col-12 col-md-6\">\n\t\t\t\n\n<p>Nous sommes le plus ancien fabricant de v\u00e9los d&#8217;Allemagne. Aujourd&#8217;hui encore, nous assemblons chaque Diamant chez nous, \u00e0 Hartmannsdorf. Nous construisons tout simplement de tr\u00e8s bons v\u00e9los. Et vous savez qu&#8217;ils en valent la peine. C&#8217;est ce que disent les gens qui roulent avec. Notre sp\u00e9cialit\u00e9, ce sont les v\u00e9los qui restent des v\u00e9los et les v\u00e9los \u00e9lectriques qui vous t&#8217;\u00e9lectrisent sans vous surcharger. Ou tout simplement : il s&#8217;agit toujours pour nous de v\u00e9los qui vous permettent d&#8217;avoir du temps libre. C&#8217;est ainsi que vous ferez bouger votre monde &#8211; \u00e0 v\u00e9lo.<\/p>\n\n\t<\/div>\n\n<\/div>\n\n\n\n<!-- TrustBox widget - Micro Combo --> <div class=\"trustpilot-widget\" data-locale=\"fr-CH\" data-template-id=\"5419b6ffb0d04a076446a9af\" data-businessunit-id=\"5fbbd12169124d000198e8fa\" data-style-height=\"20px\" data-style-width=\"100%\">   <a href=\"https:\/\/fr.trustpilot.com\/review\/diamantrad.com\" target=\"_blank\" rel=\"noopener\" aria-label=\"Opens external link in a new tab\">Trustpilot<\/a> <\/div> <!-- End TrustBox widget -->\n\n<\/div>\r\n      <\/div>\r\n    <\/div>\r\n  <\/div>\r\n<\/div><\/div>\n\n<div class=\"lazyblock-nncontainer-1db9NA wp-block-lazyblock-nncontainer\"><div class=\"section-light\">\r\n  <div class=\"container\" id=\"container-1db9NA\">\r\n    <div class=\"row\">\r\n      <div class=\"col py-4 py-lg-5\">\r\n        <div class=\"lazyblock-inner-blocks\">\n<div class=\"wp-bootstrap-blocks-row row\">\n\t\n\n<div class=\"col-12 col-md-6\">\n\t\t\t\n\n<figure class=\"wp-block-image size-full\"><img loading=\"lazy\" decoding=\"async\" width=\"1440\" height=\"1080\" sizes=\"auto, (max-width: 1440px) 100vw, 1440px\" src=\"https:\/\/www.diamantrad.com\/wp-content\/uploads\/2025\/07\/Suvea-Bikeansicht-3.gif\" alt=\"Suvea Red Dot Award\" class=\"wp-image-64729\"\/><\/figure>\n\n\t<\/div>\n\n\n\n<div class=\"col-12 col-md-6\">\n\t\t\t\n\n<h2 class=\"wp-block-heading\">Le v\u00e9lo audacieux pour rouler mieux<\/h2>\n\n\n\n<p>Le Suvea est un E-SUV moderne dot\u00e9 d&#8217;une foule de technologies intelligentes. Accessory Bar en option.<\/p>\n\n\n\n<div class=\"wp-block-buttons is-layout-flex wp-block-buttons-is-layout-flex\">\n<div class=\"wp-block-button\"><a role=\"button\" class=\"wp-block-button__link wp-element-button\" href=\"https:\/\/www.diamantrad.com\/fr-CH\/bikes\/suvea-e-suv-hardtail\/\" target=\"_blank\" rel=\"noreferrer noopener\" aria-label=\"Opens external link in a new tab\">Le Suvea<\/a><\/div>\n<\/div>\n\n\n\n\t<\/div>\n\n<\/div>\n\n<\/div>\r\n      <\/div>\r\n    <\/div>\r\n  <\/div>\r\n<\/div><\/div>\n\n<div class=\"lazyblock-nncontainer-241VHr wp-block-lazyblock-nncontainer\"><div class=\"section-standard\">\r\n  <div class=\"container\" id=\"container-241VHr\">\r\n    <div class=\"row\">\r\n      <div class=\"col py-5 py-lg-6 spaltentausch\">\r\n        <div class=\"lazyblock-inner-blocks\">\n<div class=\"wp-bootstrap-blocks-row row gx-5\">\n\t\n\n<div class=\"col-12 col-md-6\">\n\t\t\t\n\n<h2 class=\"wp-block-heading has-text-align-right\">Roulez avec style.<br>Partez \u00e0 l\u2019aventure.<br>Explorez le monde.<\/h2>\n\n\n\n<p class=\"has-text-align-right\">Le Mahon est la plateforme de v\u00e9lo pour tous ceux qui cherchent un v\u00e9lo utilitaire.<\/p>\n\n\n\n<div class=\"wp-block-buttons is-content-justification-right is-layout-flex wp-container-core-buttons-is-layout-765c4724 wp-block-buttons-is-layout-flex\">\n<div class=\"wp-block-button\"><a role=\"button\" class=\"wp-block-button__link wp-element-button\" href=\"https:\/\/www.diamantrad.com\/fr-CH\/bikes\/mahon-acoustic-suv\/\" target=\"_blank\" rel=\"noreferrer noopener\" aria-label=\"Opens external link in a new tab\">Le Mahon<\/a><\/div>\n<\/div>\n\n\n\n\t<\/div>\n\n\n\n<div class=\"col-12 col-md-6\">\n\t\t\t\n\n<figure class=\"wp-block-image size-large\"><img decoding=\"async\" src=\"https:\/\/media.trekbikes.com\/image\/upload\/MahonStylePlusMS-25-49637-B-Primary\" alt=\"\"\/><\/figure>\n\n\t<\/div>\n\n<\/div>\n\n<\/div>\r\n      <\/div>\r\n    <\/div>\r\n  <\/div>\r\n<\/div><\/div>\n\n\n<div class=\"wp-block-cover is-light\"><video class=\"wp-block-cover__video-background intrinsic-ignore\" autoplay muted loop playsinline src=\"https:\/\/www.diamantrad.com\/wp-content\/uploads\/2025\/05\/20250520_140_Diamant_Launch_Startseite.mp4\" data-object-fit=\"cover\"><\/video><span aria-hidden=\"true\" class=\"wp-block-cover__background has-color-gray-light-background-color has-background-dim-20 has-background-dim\"><\/span><div class=\"wp-block-cover__inner-container is-layout-constrained wp-block-cover-is-layout-constrained\"><div class=\"lazyblock-cover-text-Z1uGd9n wp-block-lazyblock-cover-text\"><div class=\"covertext container py-5 d-flex flex-column colorscheme-light justify-content-center\" id=\"covertext-Z1uGd9n\">\r\n  <div class=\"lazyblock-inner-blocks\">\n\n<h1 class=\"wp-block-heading\">Diamant 140<\/h1>\n\n\n\n<div class=\"wp-block-buttons is-layout-flex wp-block-buttons-is-layout-flex\">\n<div class=\"wp-block-button\"><a role=\"button\" class=\"wp-block-button__link wp-element-button\" href=\"https:\/\/www.diamantrad.com\/fr-CH\/140-our-movement-is-free-time\/\" target=\"_blank\" rel=\"noreferrer noopener\" aria-label=\"Opens external link in a new tab\">D\u00e9couvrez le 140 !<\/a><\/div>\n<\/div>\n\n<\/div>\r\n<\/div><\/div><\/div><\/div>\n\n\n\n\n<div class=\"lazyblock-nncontainer-Z1OHLyn wp-block-lazyblock-nncontainer\"><div class=\"section-light\">\r\n  <div class=\"container\" id=\"container-Z1OHLyn\">\r\n    <div class=\"row\">\r\n      <div class=\"col py-4 py-lg-5\">\r\n        <div class=\"lazyblock-inner-blocks\">\n<div class=\"wp-bootstrap-blocks-row row\">\n\t\n\n<div class=\"col-12 col-md-6\">\n\t\t\t\n\n<figure class=\"wp-block-image size-large\"><img decoding=\"async\" src=\"https:\/\/media.trekbikes.com\/image\/upload\/ZingTripPlusMS800wh-25-48277-A-Primary\" alt=\"\"\/><\/figure>\n\n\t<\/div>\n\n\n\n<div class=\"col-12 col-md-6\">\n\t\t\t\n\n<h2 class=\"wp-block-heading\">Le meilleur rapport poids performance prix<\/h2>\n\n\n\n<p>Aucun autre v\u00e9lo \u00e9lectrique de randonn\u00e9e avec moteur CX n&#8217;est aussi l\u00e9ger et abordable que le Zing Gen 3.<\/p>\n\n\n\n<div class=\"wp-block-buttons is-layout-flex wp-block-buttons-is-layout-flex\">\n<div class=\"wp-block-button\"><a role=\"button\" class=\"wp-block-button__link wp-element-button\" href=\"https:\/\/www.diamantrad.com\/fr-CH\/bikes\/zing-full-power-light-e-bike\/\" target=\"_blank\" rel=\"noreferrer noopener\" aria-label=\"Opens external link in a new tab\">Le Zing<\/a><\/div>\n<\/div>\n\n\n\n\t<\/div>\n\n<\/div>\n\n<\/div>\r\n      <\/div>\r\n    <\/div>\r\n  <\/div>\r\n<\/div><\/div>\n\n<div class=\"lazyblock-nncontainer-1aDRBb wp-block-lazyblock-nncontainer\"><div class=\"section-standard\">\r\n  <div class=\"container\" id=\"container-1aDRBb\">\r\n    <div class=\"row\">\r\n      <div class=\"col py-4 py-lg-5 spaltentausch\">\r\n        <div class=\"lazyblock-inner-blocks\">\n<div class=\"wp-bootstrap-blocks-row row\">\n\t\n\n<div class=\"col-12 col-md-6\">\n\t\t\t\n\n<h2 class=\"wp-block-heading has-text-align-right\">Je veux rouler libre<\/h2>\n\n\n\n<p class=\"has-text-align-right\">Les mod\u00e8les Nhoma sont v\u00e9lo de gravel \u00e9quip\u00e9 de premi\u00e8re classe.<\/p>\n\n\n\n<div class=\"wp-block-buttons is-content-justification-right is-layout-flex wp-container-core-buttons-is-layout-765c4724 wp-block-buttons-is-layout-flex\">\n<div class=\"wp-block-button\"><a role=\"button\" class=\"wp-block-button__link wp-element-button\" href=\"https:\/\/www.diamantrad.com\/fr-CH\/bikes\/nhoma-equipped-gravel-bike\/\" target=\"_blank\" rel=\"noreferrer noopener\" aria-label=\"Opens external link in a new tab\">Le Nhoma<\/a><\/div>\n<\/div>\n\n\n\n\t<\/div>\n\n\n\n<div class=\"col-12 col-md-6\">\n\t\t\t\n\n<figure class=\"wp-block-image size-large\"><img decoding=\"async\" src=\"https:\/\/media.trekbikes.com\/image\/upload\/NhomaSO-25-49648-A-Primary\" alt=\"\"\/><\/figure>\n\n\t<\/div>\n\n<\/div>\n\n<\/div>\r\n      <\/div>\r\n    <\/div>\r\n  <\/div>\r\n<\/div><\/div>\n\n<div class=\"lazyblock-nncontainer-Z206L26 wp-block-lazyblock-nncontainer\"><div class=\"section-light\">\r\n  <div class=\"container\" id=\"container-Z206L26\">\r\n    <div class=\"row\">\r\n      <div class=\"col py-5 py-lg-6\">\r\n        <div class=\"lazyblock-inner-blocks\">\n<div class=\"wp-bootstrap-blocks-row row mb-0 gx-5\">\n\t\n\n<div class=\"col-12 col-md-3\">\n\t\t\t\n<div class=\"wp-block-image mb-3\">\n<figure class=\"aligncenter size-full is-resized\"><img loading=\"lazy\" decoding=\"async\" width=\"117\" height=\"117\" sizes=\"auto, (max-width: 117px) 100vw, 117px\" src=\"https:\/\/www.diamantrad.com\/wp-content\/uploads\/2025\/02\/icon-handgefertigt.svg\" alt=\"Icon Handgefertigt\" class=\"wp-image-36204\" style=\"object-fit:cover;width:100px;height:100px\"\/><\/figure>\n<\/div>\n\n\n<h3 class=\"wp-block-heading has-text-align-center\">Fait \u00e0 la main en Allemagne<\/h3>\n\n\n\n<p class=\"has-text-align-center\">Vous achetez un v\u00e9lo qui a \u00e9t\u00e9 assembl\u00e9 dans notre usine principale \u00e0 Hartmannsdorf.<\/p>\n\n\t<\/div>\n\n\n\n<div class=\"col-12 col-md-3\">\n\t\t\t\n<div class=\"wp-block-image mb-3\">\n<figure class=\"aligncenter size-full is-resized\"><img loading=\"lazy\" decoding=\"async\" width=\"117\" height=\"117\" sizes=\"auto, (max-width: 117px) 100vw, 117px\" src=\"https:\/\/www.diamantrad.com\/wp-content\/uploads\/2025\/02\/icon-design.svg\" alt=\"Icon Design\" class=\"wp-image-36214\" style=\"object-fit:cover;width:100px;height:100px\"\/><\/figure>\n<\/div>\n\n\n<h3 class=\"wp-block-heading has-text-align-center\">L&#8217;excellence du design<\/h3>\n\n\n\n<p class=\"has-text-align-center\">Nous concevons nos v\u00e9los avec l&#8217;amour du d\u00e9tail. Votre v\u00e9lo a gagn\u00e9 des prix de design.<\/p>\n\n\t<\/div>\n\n\n\n<div class=\"col-12 col-md-3\">\n\t\t\t\n<div class=\"wp-block-image mb-3\">\n<figure class=\"aligncenter size-full is-resized\"><img loading=\"lazy\" decoding=\"async\" width=\"117\" height=\"117\" sizes=\"auto, (max-width: 117px) 100vw, 117px\" src=\"https:\/\/www.diamantrad.com\/wp-content\/uploads\/2025\/02\/icon-haendler.svg\" alt=\"Icon Haendler\" class=\"wp-image-36224\" style=\"object-fit:cover;width:100px;height:100px\"\/><\/figure>\n<\/div>\n\n\n<h3 class=\"wp-block-heading has-text-align-center\">Des revendeurs exp\u00e9riment\u00e9s<\/h3>\n\n\n\n<p class=\"has-text-align-center\">Lors de l&#8217;achat, Vous recevez des conseils personnalis\u00e9s. En cas de probl\u00e8me, des m\u00e9caniciens exp\u00e9riment\u00e9s r\u00e9parent votre v\u00e9lo.<\/p>\n\n\t<\/div>\n\n\n\n<div class=\"col-12 col-md-3\">\n\t\t\t\n<div class=\"wp-block-image mb-3\">\n<figure class=\"aligncenter size-full is-resized\"><img loading=\"lazy\" decoding=\"async\" width=\"117\" height=\"133\" sizes=\"auto, (max-width: 117px) 100vw, 117px\" src=\"https:\/\/www.diamantrad.com\/wp-content\/uploads\/2025\/02\/icon-garantie.svg\" alt=\"Icon Garantie\" class=\"wp-image-36234\" style=\"object-fit:cover;width:100px;height:100px\"\/><\/figure>\n<\/div>\n\n\n<h3 class=\"wp-block-heading has-text-align-center\">Plus de 40 ans de garantie<\/h3>\n\n\n\n<p class=\"has-text-align-center\">Votre cadre doit durer toute votre vie &#8211; tout comme un diamant. Nous vous souhaitons une longue vie.<\/p>\n\n\t<\/div>\n\n<\/div>\n\n<\/div>\r\n      <\/div>\r\n    <\/div>\r\n  <\/div>\r\n<\/div><\/div>\n\n\n<div class=\"wp-block-cover\"><img data-dominant-color=\"6b7a82\" data-has-transparency=\"false\" loading=\"lazy\" decoding=\"async\" width=\"1920\" height=\"1280\" sizes=\"auto, (max-width: 1920px) 100vw, 1920px\" class=\"wp-block-cover__image-background wp-image-55769 size-full not-transparent\" alt=\"Di 25 suvea lifestyle detail img 6520new\" src=\"https:\/\/www.diamantrad.com\/wp-content\/uploads\/2025\/03\/DI_25_Suvea_Lifestyle_Detail_IMG_6520new-png.avif\" style=\"--dominant-color: #6b7a82; object-position:69% 61%\" data-object-fit=\"cover\" data-object-position=\"69% 61%\" srcset=\"https:\/\/www.diamantrad.com\/wp-content\/uploads\/2025\/03\/DI_25_Suvea_Lifestyle_Detail_IMG_6520new-png.avif 1920w, https:\/\/www.diamantrad.com\/wp-content\/uploads\/2025\/03\/DI_25_Suvea_Lifestyle_Detail_IMG_6520new-300x200.avif 300w, https:\/\/www.diamantrad.com\/wp-content\/uploads\/2025\/03\/DI_25_Suvea_Lifestyle_Detail_IMG_6520new-1024x683.avif 1024w, https:\/\/www.diamantrad.com\/wp-content\/uploads\/2025\/03\/DI_25_Suvea_Lifestyle_Detail_IMG_6520new-768x512.avif 768w, https:\/\/www.diamantrad.com\/wp-content\/uploads\/2025\/03\/DI_25_Suvea_Lifestyle_Detail_IMG_6520new-1536x1024.avif 1536w\" \/><span aria-hidden=\"true\" class=\"wp-block-cover__background has-background-dim-0 has-background-dim\"><\/span><div class=\"wp-block-cover__inner-container is-layout-constrained wp-block-cover-is-layout-constrained\"><div class=\"lazyblock-cover-text-ZtuexN wp-block-lazyblock-cover-text\"><div class=\"covertext container py-5 d-flex flex-column colorscheme-light justify-content-center\" id=\"covertext-ZtuexN\">\r\n  <div class=\"lazyblock-inner-blocks\">\n\n<h3 class=\"wp-block-heading has-text-align-left\">Plus de puissance, plus d&#8217;autonomie !<\/h3>\n\n\n\n<h5 class=\"wp-block-heading has-text-align-left\">D\u00e9couvrez tout ce que vous devez savoir sur les batteries de v\u00e9los \u00e9lectriques &#8211; du bon entretien \u00e0 la performance maximale.<\/h5>\n\n\n\n<div class=\"wp-block-buttons is-content-justification-left is-layout-flex wp-container-core-buttons-is-layout-fdcfc74e wp-block-buttons-is-layout-flex\">\n<div class=\"wp-block-button\"><a role=\"button\" class=\"wp-block-button__link wp-element-button\" href=\"https:\/\/www.diamantrad.com\/fr-CH\/blog\/e-bike-battery-faq\/\" target=\"_blank\" rel=\"noreferrer noopener\" aria-label=\"Opens external link in a new tab\">En savoir plus<\/a><\/div>\n<\/div>\n\n<\/div>\r\n<\/div><\/div><\/div><\/div>\n\n\n\n<div class=\"wp-block-cover is-light\"><video class=\"wp-block-cover__video-background intrinsic-ignore\" autoplay muted loop playsinline src=\"https:\/\/www.diamantrad.com\/wp-content\/uploads\/2026\/02\/diamant-historic-trailer-1020px-compressed.mp4\" data-object-fit=\"cover\"><\/video><span aria-hidden=\"true\" class=\"wp-block-cover__background has-background-dim-0 has-background-dim\"><\/span><div class=\"wp-block-cover__inner-container is-layout-constrained wp-block-cover-is-layout-constrained\"><div class=\"lazyblock-cover-text-t0wqw wp-block-lazyblock-cover-text\"><div class=\"covertext container py-5 d-flex flex-column colorscheme-light justify-content-center\" id=\"covertext-t0wqw\">\r\n  <div class=\"lazyblock-inner-blocks\">\n\n<h3 class=\"wp-block-heading has-text-align-left\">Le plus ancien fabricant de v\u00e9los d&#8217;Allemagne<\/h3>\n\n\n\n<p class=\"has-text-align-left h5\">Le v\u00e9lo par excellence \u00e0 une \u00e9poque<br>Aujourd&#8217;hui, objet culte et pi\u00e8ce de mus\u00e9e<\/p>\n\n\n\n<div class=\"wp-block-buttons is-content-justification-left is-layout-flex wp-container-core-buttons-is-layout-fdcfc74e wp-block-buttons-is-layout-flex\">\n<div class=\"wp-block-button\"><a role=\"button\" class=\"wp-block-button__link wp-element-button\" href=\"https:\/\/www.diamantrad.com\/fr-CH\/history\/\" target=\"_blank\" rel=\"noreferrer noopener\" aria-label=\"Opens external link in a new tab\">En savoir plus<\/a><\/div>\n<\/div>\n\n<\/div>\r\n<\/div><\/div><\/div><\/div>\n\n\n","protected":false},"excerpt":{"rendered":"<p>Procure-toi un vrai bon v\u00e9lo pour la ville, les randonn\u00e9es et l&#8217;aventure ! \u2713 Garantie \u00e0 vie \u2713 Excellence du design \u2713 Fabriqu\u00e9 \u00e0 la main \u00e0 Hartmannsdorf.<\/p>\n","protected":false},"author":8,"featured_media":55912,"parent":0,"menu_order":0,"comment_status":"closed","ping_status":"closed","template":"","meta":{"_acf_changed":false,"slim_seo":{"title":"Diamantrad - Premium v\u00e9los \u00e9lectriques & v\u00e9los","description":"Procure-toi un vrai bon v\u00e9lo pour la ville, les randonn\u00e9es et l'aventure ! \u2713 Garantie \u00e0 vie \u2713 Excellence du design \u2713 Fabriqu\u00e9 \u00e0 la main \u00e0 Hartmannsdorf."},"footnotes":""},"class_list":["post-20265","page","type-page","status-publish","has-post-thumbnail","hentry"],"acf":[],"_links":{"self":[{"href":"https:\/\/www.diamantrad.com\/en-GB\/wp-json\/wp\/v2\/pages\/20265","targetHints":{"allow":["GET"]}}],"collection":[{"href":"https:\/\/www.diamantrad.com\/en-GB\/wp-json\/wp\/v2\/pages"}],"about":[{"href":"https:\/\/www.diamantrad.com\/en-GB\/wp-json\/wp\/v2\/types\/page"}],"author":[{"embeddable":true,"href":"https:\/\/www.diamantrad.com\/en-GB\/wp-json\/wp\/v2\/users\/8"}],"replies":[{"embeddable":true,"href":"https:\/\/www.diamantrad.com\/en-GB\/wp-json\/wp\/v2\/comments?post=20265"}],"version-history":[{"count":58,"href":"https:\/\/www.diamantrad.com\/en-GB\/wp-json\/wp\/v2\/pages\/20265\/revisions"}],"predecessor-version":[{"id":75118,"href":"https:\/\/www.diamantrad.com\/en-GB\/wp-json\/wp\/v2\/pages\/20265\/revisions\/75118"}],"wp:featuredmedia":[{"embeddable":true,"href":"https:\/\/www.diamantrad.com\/en-GB\/wp-json\/wp\/v2\/media\/55912"}],"wp:attachment":[{"href":"https:\/\/www.diamantrad.com\/en-GB\/wp-json\/wp\/v2\/media?parent=20265"}],"curies":[{"name":"wp","href":"https:\/\/api.w.org\/{rel}","templated":true}]}}